{"id":29270,"date":"2024-06-10T14:49:03","date_gmt":"2024-06-10T12:49:03","guid":{"rendered":"https:\/\/www.maddalena.it\/?post_type=product&#038;p=29270"},"modified":"2025-11-19T12:00:49","modified_gmt":"2025-11-19T11:00:49","slug":"k-bulk","status":"publish","type":"product","link":"https:\/\/www.maddalena.it\/fr\/produit\/k-bulk\/","title":{"rendered":"K-BULK"},"content":{"rendered":"<p>K-BULK est le capteur de d\u00e9bit ultrasonique con\u00e7u pour la mesure pr\u00e9cise de l\u2019\u00e9nergie thermique dans les installations centralis\u00e9es de chauffage et de refroidissement. L\u2019\u00e9l\u00e9ment de mesure, sans pi\u00e8ces mobiles, assure une fiabilit\u00e9 \u00e0 long terme m\u00eame dans des conditions d\u2019exploitation difficiles. Le corps m\u00e9tallique avec protection IP68 int\u00e8gre une \u00e9lectronique aliment\u00e9e par batterie (dur\u00e9e de vie 10+1 ans), permettant l\u2019installation dans des environnements humides ou contraignants. Gr\u00e2ce aux deux trajectoires ultrasoniques et \u00e0 la compatibilit\u00e9 avec les calculateurs Maddalena KS3C et les sondes KPTEG, K-BULK garantit une pr\u00e9cision maximale et une interop\u00e9rabilit\u00e9 totale dans les syst\u00e8mes de comptage direct.<\/p>\n","protected":false},"excerpt":{"rendered":"<p>COMPTEUR \u00c0 ULTRASONS<\/p>\n","protected":false},"featured_media":28529,"menu_order":42,"template":"","meta":{"_acf_changed":false,"_lmt_disableupdate":"no","_lmt_disable":""},"product_category":[89],"class_list":["post-29270","product","type-product","status-publish","has-post-thumbnail","hentry","product_category-compteurs-separe"],"acf":[],"yoast_head":"<!-- This site is optimized with the Yoast SEO plugin v27.3 - https:\/\/yoast.com\/product\/yoast-seo-wordpress\/ -->\n<title>K-BULK - COMPTEUR \u00c0 ULTRASONS<\/title>\n<meta name=\"description\" content=\"K-BULK est le capteur de d\u00e9bit ultrasonique con\u00e7u pour la mesure pr\u00e9cise de l\u2019\u00e9nergie thermique dans les installations centralis\u00e9es de chauffage et de re\" \/>\n<meta name=\"robots\" content=\"index, follow, max-snippet:-1, max-image-preview:large, max-video-preview:-1\" \/>\n<link rel=\"canonical\" href=\"https:\/\/www.maddalena.it\/fr\/produit\/k-bulk\/\" \/>\n<meta property=\"og:locale\" content=\"fr_FR\" \/>\n<meta property=\"og:type\" content=\"article\" \/>\n<meta property=\"og:title\" content=\"K-BULK - COMPTEUR \u00c0 ULTRASONS\" \/>\n<meta property=\"og:description\" content=\"K-BULK est le capteur de d\u00e9bit ultrasonique con\u00e7u pour la mesure pr\u00e9cise de l\u2019\u00e9nergie thermique dans les installations centralis\u00e9es de chauffage et de re\" \/>\n<meta property=\"og:url\" content=\"https:\/\/www.maddalena.it\/fr\/produit\/k-bulk\/\" \/>\n<meta property=\"og:site_name\" content=\"Maddalena S.p.A.\" \/>\n<meta property=\"article:modified_time\" content=\"2025-11-19T11:00:49+00:00\" \/>\n<meta property=\"og:image\" content=\"https:\/\/www.maddalena.it\/wp-content\/uploads\/catalog-image\/k-bulk.png\" \/>\n\t<meta property=\"og:image:width\" content=\"520\" \/>\n\t<meta property=\"og:image:height\" content=\"584\" \/>\n\t<meta property=\"og:image:type\" content=\"image\/png\" \/>\n<meta name=\"twitter:card\" content=\"summary_large_image\" \/>\n<meta name=\"twitter:label1\" content=\"Dur\u00e9e de lecture estim\u00e9e\" \/>\n\t<meta name=\"twitter:data1\" content=\"1 minute\" \/>\n<script type=\"application\/ld+json\" class=\"yoast-schema-graph\">{\"@context\":\"https:\\\/\\\/schema.org\",\"@graph\":[{\"@type\":\"WebPage\",\"@id\":\"https:\\\/\\\/www.maddalena.it\\\/fr\\\/produit\\\/k-bulk\\\/\",\"url\":\"https:\\\/\\\/www.maddalena.it\\\/fr\\\/produit\\\/k-bulk\\\/\",\"name\":\"K-BULK - COMPTEUR \u00c0 ULTRASONS\",\"isPartOf\":{\"@id\":\"https:\\\/\\\/www.maddalena.it\\\/fr\\\/#website\"},\"primaryImageOfPage\":{\"@id\":\"https:\\\/\\\/www.maddalena.it\\\/fr\\\/produit\\\/k-bulk\\\/#primaryimage\"},\"image\":{\"@id\":\"https:\\\/\\\/www.maddalena.it\\\/fr\\\/produit\\\/k-bulk\\\/#primaryimage\"},\"thumbnailUrl\":\"https:\\\/\\\/www.maddalena.it\\\/wp-content\\\/uploads\\\/catalog-image\\\/k-bulk.png\",\"datePublished\":\"2024-06-10T12:49:03+00:00\",\"dateModified\":\"2025-11-19T11:00:49+00:00\",\"description\":\"K-BULK est le capteur de d\u00e9bit ultrasonique con\u00e7u pour la mesure pr\u00e9cise de l\u2019\u00e9nergie thermique dans les installations centralis\u00e9es de chauffage et de re\",\"breadcrumb\":{\"@id\":\"https:\\\/\\\/www.maddalena.it\\\/fr\\\/produit\\\/k-bulk\\\/#breadcrumb\"},\"inLanguage\":\"fr-FR\",\"potentialAction\":[{\"@type\":\"ReadAction\",\"target\":[\"https:\\\/\\\/www.maddalena.it\\\/fr\\\/produit\\\/k-bulk\\\/\"]}]},{\"@type\":\"ImageObject\",\"inLanguage\":\"fr-FR\",\"@id\":\"https:\\\/\\\/www.maddalena.it\\\/fr\\\/produit\\\/k-bulk\\\/#primaryimage\",\"url\":\"https:\\\/\\\/www.maddalena.it\\\/wp-content\\\/uploads\\\/catalog-image\\\/k-bulk.png\",\"contentUrl\":\"https:\\\/\\\/www.maddalena.it\\\/wp-content\\\/uploads\\\/catalog-image\\\/k-bulk.png\",\"width\":520,\"height\":584,\"caption\":\"Separato\"},{\"@type\":\"BreadcrumbList\",\"@id\":\"https:\\\/\\\/www.maddalena.it\\\/fr\\\/produit\\\/k-bulk\\\/#breadcrumb\",\"itemListElement\":[{\"@type\":\"ListItem\",\"position\":1,\"name\":\"Home\",\"item\":\"https:\\\/\\\/www.maddalena.it\\\/fr\\\/\"},{\"@type\":\"ListItem\",\"position\":2,\"name\":\"Produits\",\"item\":\"https:\\\/\\\/www.maddalena.it\\\/fr\\\/produit\\\/\"},{\"@type\":\"ListItem\",\"position\":3,\"name\":\"\u00c9nergie thermique\",\"item\":\"https:\\\/\\\/www.maddalena.it\\\/fr\\\/produits\\\/energie-thermique\\\/\"},{\"@type\":\"ListItem\",\"position\":4,\"name\":\"S\u00e9par\u00e9\",\"item\":\"https:\\\/\\\/www.maddalena.it\\\/fr\\\/produits\\\/compteurs-separe\\\/\"},{\"@type\":\"ListItem\",\"position\":5,\"name\":\"K-BULK\"}]},{\"@type\":\"WebSite\",\"@id\":\"https:\\\/\\\/www.maddalena.it\\\/fr\\\/#website\",\"url\":\"https:\\\/\\\/www.maddalena.it\\\/fr\\\/\",\"name\":\"Maddalena S.p.A.\",\"description\":\"Metering Expertise\",\"publisher\":{\"@id\":\"https:\\\/\\\/www.maddalena.it\\\/fr\\\/#organization\"},\"potentialAction\":[{\"@type\":\"SearchAction\",\"target\":{\"@type\":\"EntryPoint\",\"urlTemplate\":\"https:\\\/\\\/www.maddalena.it\\\/fr\\\/?s={search_term_string}\"},\"query-input\":{\"@type\":\"PropertyValueSpecification\",\"valueRequired\":true,\"valueName\":\"search_term_string\"}}],\"inLanguage\":\"fr-FR\"},{\"@type\":\"Organization\",\"@id\":\"https:\\\/\\\/www.maddalena.it\\\/fr\\\/#organization\",\"name\":\"Maddalena S.p.A.\",\"url\":\"https:\\\/\\\/www.maddalena.it\\\/fr\\\/\",\"logo\":{\"@type\":\"ImageObject\",\"inLanguage\":\"fr-FR\",\"@id\":\"https:\\\/\\\/www.maddalena.it\\\/fr\\\/#\\\/schema\\\/logo\\\/image\\\/\",\"url\":\"https:\\\/\\\/www.maddalena.it\\\/wp-content\\\/uploads\\\/2022\\\/04\\\/logo.svg\",\"contentUrl\":\"https:\\\/\\\/www.maddalena.it\\\/wp-content\\\/uploads\\\/2022\\\/04\\\/logo.svg\",\"caption\":\"Maddalena S.p.A.\"},\"image\":{\"@id\":\"https:\\\/\\\/www.maddalena.it\\\/fr\\\/#\\\/schema\\\/logo\\\/image\\\/\"}}]}<\/script>\n<!-- \/ Yoast SEO plugin. -->","yoast_head_json":{"title":"K-BULK - COMPTEUR \u00c0 ULTRASONS","description":"K-BULK est le capteur de d\u00e9bit ultrasonique con\u00e7u pour la mesure pr\u00e9cise de l\u2019\u00e9nergie thermique dans les installations centralis\u00e9es de chauffage et de re","robots":{"index":"index","follow":"follow","max-snippet":"max-snippet:-1","max-image-preview":"max-image-preview:large","max-video-preview":"max-video-preview:-1"},"canonical":"https:\/\/www.maddalena.it\/fr\/produit\/k-bulk\/","og_locale":"fr_FR","og_type":"article","og_title":"K-BULK - COMPTEUR \u00c0 ULTRASONS","og_description":"K-BULK est le capteur de d\u00e9bit ultrasonique con\u00e7u pour la mesure pr\u00e9cise de l\u2019\u00e9nergie thermique dans les installations centralis\u00e9es de chauffage et de re","og_url":"https:\/\/www.maddalena.it\/fr\/produit\/k-bulk\/","og_site_name":"Maddalena S.p.A.","article_modified_time":"2025-11-19T11:00:49+00:00","og_image":[{"width":520,"height":584,"url":"https:\/\/www.maddalena.it\/wp-content\/uploads\/catalog-image\/k-bulk.png","type":"image\/png"}],"twitter_card":"summary_large_image","twitter_misc":{"Dur\u00e9e de lecture estim\u00e9e":"1 minute"},"schema":{"@context":"https:\/\/schema.org","@graph":[{"@type":"WebPage","@id":"https:\/\/www.maddalena.it\/fr\/produit\/k-bulk\/","url":"https:\/\/www.maddalena.it\/fr\/produit\/k-bulk\/","name":"K-BULK - COMPTEUR \u00c0 ULTRASONS","isPartOf":{"@id":"https:\/\/www.maddalena.it\/fr\/#website"},"primaryImageOfPage":{"@id":"https:\/\/www.maddalena.it\/fr\/produit\/k-bulk\/#primaryimage"},"image":{"@id":"https:\/\/www.maddalena.it\/fr\/produit\/k-bulk\/#primaryimage"},"thumbnailUrl":"https:\/\/www.maddalena.it\/wp-content\/uploads\/catalog-image\/k-bulk.png","datePublished":"2024-06-10T12:49:03+00:00","dateModified":"2025-11-19T11:00:49+00:00","description":"K-BULK est le capteur de d\u00e9bit ultrasonique con\u00e7u pour la mesure pr\u00e9cise de l\u2019\u00e9nergie thermique dans les installations centralis\u00e9es de chauffage et de re","breadcrumb":{"@id":"https:\/\/www.maddalena.it\/fr\/produit\/k-bulk\/#breadcrumb"},"inLanguage":"fr-FR","potentialAction":[{"@type":"ReadAction","target":["https:\/\/www.maddalena.it\/fr\/produit\/k-bulk\/"]}]},{"@type":"ImageObject","inLanguage":"fr-FR","@id":"https:\/\/www.maddalena.it\/fr\/produit\/k-bulk\/#primaryimage","url":"https:\/\/www.maddalena.it\/wp-content\/uploads\/catalog-image\/k-bulk.png","contentUrl":"https:\/\/www.maddalena.it\/wp-content\/uploads\/catalog-image\/k-bulk.png","width":520,"height":584,"caption":"Separato"},{"@type":"BreadcrumbList","@id":"https:\/\/www.maddalena.it\/fr\/produit\/k-bulk\/#breadcrumb","itemListElement":[{"@type":"ListItem","position":1,"name":"Home","item":"https:\/\/www.maddalena.it\/fr\/"},{"@type":"ListItem","position":2,"name":"Produits","item":"https:\/\/www.maddalena.it\/fr\/produit\/"},{"@type":"ListItem","position":3,"name":"\u00c9nergie thermique","item":"https:\/\/www.maddalena.it\/fr\/produits\/energie-thermique\/"},{"@type":"ListItem","position":4,"name":"S\u00e9par\u00e9","item":"https:\/\/www.maddalena.it\/fr\/produits\/compteurs-separe\/"},{"@type":"ListItem","position":5,"name":"K-BULK"}]},{"@type":"WebSite","@id":"https:\/\/www.maddalena.it\/fr\/#website","url":"https:\/\/www.maddalena.it\/fr\/","name":"Maddalena S.p.A.","description":"Metering Expertise","publisher":{"@id":"https:\/\/www.maddalena.it\/fr\/#organization"},"potentialAction":[{"@type":"SearchAction","target":{"@type":"EntryPoint","urlTemplate":"https:\/\/www.maddalena.it\/fr\/?s={search_term_string}"},"query-input":{"@type":"PropertyValueSpecification","valueRequired":true,"valueName":"search_term_string"}}],"inLanguage":"fr-FR"},{"@type":"Organization","@id":"https:\/\/www.maddalena.it\/fr\/#organization","name":"Maddalena S.p.A.","url":"https:\/\/www.maddalena.it\/fr\/","logo":{"@type":"ImageObject","inLanguage":"fr-FR","@id":"https:\/\/www.maddalena.it\/fr\/#\/schema\/logo\/image\/","url":"https:\/\/www.maddalena.it\/wp-content\/uploads\/2022\/04\/logo.svg","contentUrl":"https:\/\/www.maddalena.it\/wp-content\/uploads\/2022\/04\/logo.svg","caption":"Maddalena S.p.A."},"image":{"@id":"https:\/\/www.maddalena.it\/fr\/#\/schema\/logo\/image\/"}}]}},"_links":{"self":[{"href":"https:\/\/www.maddalena.it\/fr\/wp-json\/wp\/v2\/product\/29270","targetHints":{"allow":["GET"]}}],"collection":[{"href":"https:\/\/www.maddalena.it\/fr\/wp-json\/wp\/v2\/product"}],"about":[{"href":"https:\/\/www.maddalena.it\/fr\/wp-json\/wp\/v2\/types\/product"}],"wp:featuredmedia":[{"embeddable":true,"href":"https:\/\/www.maddalena.it\/fr\/wp-json\/wp\/v2\/media\/28529"}],"wp:attachment":[{"href":"https:\/\/www.maddalena.it\/fr\/wp-json\/wp\/v2\/media?parent=29270"}],"wp:term":[{"taxonomy":"product_category","embeddable":true,"href":"https:\/\/www.maddalena.it\/fr\/wp-json\/wp\/v2\/product_category?post=29270"}],"curies":[{"name":"wp","href":"https:\/\/api.w.org\/{rel}","templated":true}]}}