{"id":29010,"date":"2024-05-30T08:05:40","date_gmt":"2024-05-30T06:05:40","guid":{"rendered":"https:\/\/www.maddalena.it\/?post_type=product&#038;p=29010"},"modified":"2025-07-14T15:01:15","modified_gmt":"2025-07-14T13:01:15","slug":"electo-sj-2","status":"publish","type":"product","link":"https:\/\/www.maddalena.it\/fr\/produit\/electo-sj-2\/","title":{"rendered":"ELECTO SJ"},"content":{"rendered":"<p>ElecTo SJ est un compteur \u00e0 jet unique qui offre la communication de donn\u00e9es int\u00e9gr\u00e9e gr\u00e2ce \u00e0 l\u2019innovante horlogerie \u00e9lectronique radio multiprotocole. Cette variante est con\u00e7ue tant pour les applications r\u00e9sidentielles \u00e0 l\u2019int\u00e9rieur que pour les applications \u00e0 l\u2019ext\u00e9rieur et est disponible pour l\u2019eau froide et l\u2019eau chaude. L\u2019afficheur LCD simplifie le relev\u00e9 des donn\u00e9es et rend disponibles des informations suppl\u00e9mentaires aux utilisateurs et aux gestionnaires. Gr\u00e2ce \u00e0 la double communication wM-Bus et LoRaWan, il offre la flexibilit\u00e9 maximale dans la communication des donn\u00e9es sur courte et longue distance avec une possibilit\u00e9 de relev\u00e9 \u00e0 l\u2019aide de syst\u00e8mes mobiles et fixes.<\/p>\n","protected":false},"excerpt":{"rendered":"<p>COMPTEUR \u00c0 JET UNIQUE \u00c9LECTRONIQUE MULTIPROTOCOLE<\/p>\n","protected":false},"featured_media":29001,"menu_order":3,"template":"","meta":{"_acf_changed":false,"_lmt_disableupdate":"no","_lmt_disable":""},"product_category":[73],"class_list":["post-29010","product","type-product","status-publish","has-post-thumbnail","hentry","product_category-electo-fr"],"acf":[],"yoast_head":"<!-- This site is optimized with the Yoast SEO plugin v27.5 - https:\/\/yoast.com\/product\/yoast-seo-wordpress\/ -->\n<title>ELECTO SJ - COMPTEUR \u00c0 JET UNIQUE \u00c9LECTRONIQUE MULTIPROTOCOLE<\/title>\n<meta name=\"description\" content=\"ElecTo SJ est un compteur \u00e0 jet unique qui offre la communication de donn\u00e9es int\u00e9gr\u00e9e gr\u00e2ce \u00e0 l\u2019innovante horlogerie \u00e9lectronique radio multiprotocole.\" \/>\n<meta name=\"robots\" content=\"index, follow, max-snippet:-1, max-image-preview:large, max-video-preview:-1\" \/>\n<link rel=\"canonical\" href=\"https:\/\/www.maddalena.it\/fr\/produit\/electo-sj-2\/\" \/>\n<meta property=\"og:locale\" content=\"fr_FR\" \/>\n<meta property=\"og:type\" content=\"article\" \/>\n<meta property=\"og:title\" content=\"ELECTO SJ - COMPTEUR \u00c0 JET UNIQUE \u00c9LECTRONIQUE MULTIPROTOCOLE\" \/>\n<meta property=\"og:description\" content=\"ElecTo SJ est un compteur \u00e0 jet unique qui offre la communication de donn\u00e9es int\u00e9gr\u00e9e gr\u00e2ce \u00e0 l\u2019innovante horlogerie \u00e9lectronique radio multiprotocole.\" \/>\n<meta property=\"og:url\" content=\"https:\/\/www.maddalena.it\/fr\/produit\/electo-sj-2\/\" \/>\n<meta property=\"og:site_name\" content=\"Maddalena S.p.A.\" \/>\n<meta property=\"article:modified_time\" content=\"2025-07-14T13:01:15+00:00\" \/>\n<meta property=\"og:image\" content=\"https:\/\/www.maddalena.it\/wp-content\/uploads\/catalog-image\/electo-sj-multi-3q.png\" \/>\n\t<meta property=\"og:image:width\" content=\"1600\" \/>\n\t<meta property=\"og:image:height\" content=\"1600\" \/>\n\t<meta property=\"og:image:type\" content=\"image\/png\" \/>\n<meta name=\"twitter:card\" content=\"summary_large_image\" \/>\n<meta name=\"twitter:label1\" content=\"Dur\u00e9e de lecture estim\u00e9e\" \/>\n\t<meta name=\"twitter:data1\" content=\"1 minute\" \/>\n<script type=\"application\/ld+json\" class=\"yoast-schema-graph\">{\"@context\":\"https:\\\/\\\/schema.org\",\"@graph\":[{\"@type\":\"WebPage\",\"@id\":\"https:\\\/\\\/www.maddalena.it\\\/fr\\\/produit\\\/electo-sj-2\\\/\",\"url\":\"https:\\\/\\\/www.maddalena.it\\\/fr\\\/produit\\\/electo-sj-2\\\/\",\"name\":\"ELECTO SJ - COMPTEUR \u00c0 JET UNIQUE \u00c9LECTRONIQUE MULTIPROTOCOLE\",\"isPartOf\":{\"@id\":\"https:\\\/\\\/www.maddalena.it\\\/fr\\\/#website\"},\"primaryImageOfPage\":{\"@id\":\"https:\\\/\\\/www.maddalena.it\\\/fr\\\/produit\\\/electo-sj-2\\\/#primaryimage\"},\"image\":{\"@id\":\"https:\\\/\\\/www.maddalena.it\\\/fr\\\/produit\\\/electo-sj-2\\\/#primaryimage\"},\"thumbnailUrl\":\"https:\\\/\\\/www.maddalena.it\\\/wp-content\\\/uploads\\\/catalog-image\\\/electo-sj-multi-3q.png\",\"datePublished\":\"2024-05-30T06:05:40+00:00\",\"dateModified\":\"2025-07-14T13:01:15+00:00\",\"description\":\"ElecTo SJ est un compteur \u00e0 jet unique qui offre la communication de donn\u00e9es int\u00e9gr\u00e9e gr\u00e2ce \u00e0 l\u2019innovante horlogerie \u00e9lectronique radio multiprotocole.\",\"breadcrumb\":{\"@id\":\"https:\\\/\\\/www.maddalena.it\\\/fr\\\/produit\\\/electo-sj-2\\\/#breadcrumb\"},\"inLanguage\":\"fr-FR\",\"potentialAction\":[{\"@type\":\"ReadAction\",\"target\":[\"https:\\\/\\\/www.maddalena.it\\\/fr\\\/produit\\\/electo-sj-2\\\/\"]}]},{\"@type\":\"ImageObject\",\"inLanguage\":\"fr-FR\",\"@id\":\"https:\\\/\\\/www.maddalena.it\\\/fr\\\/produit\\\/electo-sj-2\\\/#primaryimage\",\"url\":\"https:\\\/\\\/www.maddalena.it\\\/wp-content\\\/uploads\\\/catalog-image\\\/electo-sj-multi-3q.png\",\"contentUrl\":\"https:\\\/\\\/www.maddalena.it\\\/wp-content\\\/uploads\\\/catalog-image\\\/electo-sj-multi-3q.png\",\"width\":1600,\"height\":1600,\"caption\":\"ElecTo\"},{\"@type\":\"BreadcrumbList\",\"@id\":\"https:\\\/\\\/www.maddalena.it\\\/fr\\\/produit\\\/electo-sj-2\\\/#breadcrumb\",\"itemListElement\":[{\"@type\":\"ListItem\",\"position\":1,\"name\":\"Home\",\"item\":\"https:\\\/\\\/www.maddalena.it\\\/fr\\\/\"},{\"@type\":\"ListItem\",\"position\":2,\"name\":\"Produits\",\"item\":\"https:\\\/\\\/www.maddalena.it\\\/fr\\\/produit\\\/\"},{\"@type\":\"ListItem\",\"position\":3,\"name\":\"Eau\",\"item\":\"https:\\\/\\\/www.maddalena.it\\\/fr\\\/produits\\\/eau\\\/\"},{\"@type\":\"ListItem\",\"position\":4,\"name\":\"ElecTo\",\"item\":\"https:\\\/\\\/www.maddalena.it\\\/fr\\\/produits\\\/electo-fr\\\/\"},{\"@type\":\"ListItem\",\"position\":5,\"name\":\"ELECTO SJ\"}]},{\"@type\":\"WebSite\",\"@id\":\"https:\\\/\\\/www.maddalena.it\\\/fr\\\/#website\",\"url\":\"https:\\\/\\\/www.maddalena.it\\\/fr\\\/\",\"name\":\"Maddalena S.p.A.\",\"description\":\"Metering Expertise\",\"publisher\":{\"@id\":\"https:\\\/\\\/www.maddalena.it\\\/fr\\\/#organization\"},\"potentialAction\":[{\"@type\":\"SearchAction\",\"target\":{\"@type\":\"EntryPoint\",\"urlTemplate\":\"https:\\\/\\\/www.maddalena.it\\\/fr\\\/?s={search_term_string}\"},\"query-input\":{\"@type\":\"PropertyValueSpecification\",\"valueRequired\":true,\"valueName\":\"search_term_string\"}}],\"inLanguage\":\"fr-FR\"},{\"@type\":\"Organization\",\"@id\":\"https:\\\/\\\/www.maddalena.it\\\/fr\\\/#organization\",\"name\":\"Maddalena S.p.A.\",\"url\":\"https:\\\/\\\/www.maddalena.it\\\/fr\\\/\",\"logo\":{\"@type\":\"ImageObject\",\"inLanguage\":\"fr-FR\",\"@id\":\"https:\\\/\\\/www.maddalena.it\\\/fr\\\/#\\\/schema\\\/logo\\\/image\\\/\",\"url\":\"https:\\\/\\\/www.maddalena.it\\\/wp-content\\\/uploads\\\/2022\\\/04\\\/logo.svg\",\"contentUrl\":\"https:\\\/\\\/www.maddalena.it\\\/wp-content\\\/uploads\\\/2022\\\/04\\\/logo.svg\",\"caption\":\"Maddalena S.p.A.\"},\"image\":{\"@id\":\"https:\\\/\\\/www.maddalena.it\\\/fr\\\/#\\\/schema\\\/logo\\\/image\\\/\"}}]}<\/script>\n<!-- \/ Yoast SEO plugin. -->","yoast_head_json":{"title":"ELECTO SJ - COMPTEUR \u00c0 JET UNIQUE \u00c9LECTRONIQUE MULTIPROTOCOLE","description":"ElecTo SJ est un compteur \u00e0 jet unique qui offre la communication de donn\u00e9es int\u00e9gr\u00e9e gr\u00e2ce \u00e0 l\u2019innovante horlogerie \u00e9lectronique radio multiprotocole.","robots":{"index":"index","follow":"follow","max-snippet":"max-snippet:-1","max-image-preview":"max-image-preview:large","max-video-preview":"max-video-preview:-1"},"canonical":"https:\/\/www.maddalena.it\/fr\/produit\/electo-sj-2\/","og_locale":"fr_FR","og_type":"article","og_title":"ELECTO SJ - COMPTEUR \u00c0 JET UNIQUE \u00c9LECTRONIQUE MULTIPROTOCOLE","og_description":"ElecTo SJ est un compteur \u00e0 jet unique qui offre la communication de donn\u00e9es int\u00e9gr\u00e9e gr\u00e2ce \u00e0 l\u2019innovante horlogerie \u00e9lectronique radio multiprotocole.","og_url":"https:\/\/www.maddalena.it\/fr\/produit\/electo-sj-2\/","og_site_name":"Maddalena S.p.A.","article_modified_time":"2025-07-14T13:01:15+00:00","og_image":[{"width":1600,"height":1600,"url":"https:\/\/www.maddalena.it\/wp-content\/uploads\/catalog-image\/electo-sj-multi-3q.png","type":"image\/png"}],"twitter_card":"summary_large_image","twitter_misc":{"Dur\u00e9e de lecture estim\u00e9e":"1 minute"},"schema":{"@context":"https:\/\/schema.org","@graph":[{"@type":"WebPage","@id":"https:\/\/www.maddalena.it\/fr\/produit\/electo-sj-2\/","url":"https:\/\/www.maddalena.it\/fr\/produit\/electo-sj-2\/","name":"ELECTO SJ - COMPTEUR \u00c0 JET UNIQUE \u00c9LECTRONIQUE MULTIPROTOCOLE","isPartOf":{"@id":"https:\/\/www.maddalena.it\/fr\/#website"},"primaryImageOfPage":{"@id":"https:\/\/www.maddalena.it\/fr\/produit\/electo-sj-2\/#primaryimage"},"image":{"@id":"https:\/\/www.maddalena.it\/fr\/produit\/electo-sj-2\/#primaryimage"},"thumbnailUrl":"https:\/\/www.maddalena.it\/wp-content\/uploads\/catalog-image\/electo-sj-multi-3q.png","datePublished":"2024-05-30T06:05:40+00:00","dateModified":"2025-07-14T13:01:15+00:00","description":"ElecTo SJ est un compteur \u00e0 jet unique qui offre la communication de donn\u00e9es int\u00e9gr\u00e9e gr\u00e2ce \u00e0 l\u2019innovante horlogerie \u00e9lectronique radio multiprotocole.","breadcrumb":{"@id":"https:\/\/www.maddalena.it\/fr\/produit\/electo-sj-2\/#breadcrumb"},"inLanguage":"fr-FR","potentialAction":[{"@type":"ReadAction","target":["https:\/\/www.maddalena.it\/fr\/produit\/electo-sj-2\/"]}]},{"@type":"ImageObject","inLanguage":"fr-FR","@id":"https:\/\/www.maddalena.it\/fr\/produit\/electo-sj-2\/#primaryimage","url":"https:\/\/www.maddalena.it\/wp-content\/uploads\/catalog-image\/electo-sj-multi-3q.png","contentUrl":"https:\/\/www.maddalena.it\/wp-content\/uploads\/catalog-image\/electo-sj-multi-3q.png","width":1600,"height":1600,"caption":"ElecTo"},{"@type":"BreadcrumbList","@id":"https:\/\/www.maddalena.it\/fr\/produit\/electo-sj-2\/#breadcrumb","itemListElement":[{"@type":"ListItem","position":1,"name":"Home","item":"https:\/\/www.maddalena.it\/fr\/"},{"@type":"ListItem","position":2,"name":"Produits","item":"https:\/\/www.maddalena.it\/fr\/produit\/"},{"@type":"ListItem","position":3,"name":"Eau","item":"https:\/\/www.maddalena.it\/fr\/produits\/eau\/"},{"@type":"ListItem","position":4,"name":"ElecTo","item":"https:\/\/www.maddalena.it\/fr\/produits\/electo-fr\/"},{"@type":"ListItem","position":5,"name":"ELECTO SJ"}]},{"@type":"WebSite","@id":"https:\/\/www.maddalena.it\/fr\/#website","url":"https:\/\/www.maddalena.it\/fr\/","name":"Maddalena S.p.A.","description":"Metering Expertise","publisher":{"@id":"https:\/\/www.maddalena.it\/fr\/#organization"},"potentialAction":[{"@type":"SearchAction","target":{"@type":"EntryPoint","urlTemplate":"https:\/\/www.maddalena.it\/fr\/?s={search_term_string}"},"query-input":{"@type":"PropertyValueSpecification","valueRequired":true,"valueName":"search_term_string"}}],"inLanguage":"fr-FR"},{"@type":"Organization","@id":"https:\/\/www.maddalena.it\/fr\/#organization","name":"Maddalena S.p.A.","url":"https:\/\/www.maddalena.it\/fr\/","logo":{"@type":"ImageObject","inLanguage":"fr-FR","@id":"https:\/\/www.maddalena.it\/fr\/#\/schema\/logo\/image\/","url":"https:\/\/www.maddalena.it\/wp-content\/uploads\/2022\/04\/logo.svg","contentUrl":"https:\/\/www.maddalena.it\/wp-content\/uploads\/2022\/04\/logo.svg","caption":"Maddalena S.p.A."},"image":{"@id":"https:\/\/www.maddalena.it\/fr\/#\/schema\/logo\/image\/"}}]}},"_links":{"self":[{"href":"https:\/\/www.maddalena.it\/fr\/wp-json\/wp\/v2\/product\/29010","targetHints":{"allow":["GET"]}}],"collection":[{"href":"https:\/\/www.maddalena.it\/fr\/wp-json\/wp\/v2\/product"}],"about":[{"href":"https:\/\/www.maddalena.it\/fr\/wp-json\/wp\/v2\/types\/product"}],"wp:featuredmedia":[{"embeddable":true,"href":"https:\/\/www.maddalena.it\/fr\/wp-json\/wp\/v2\/media\/29001"}],"wp:attachment":[{"href":"https:\/\/www.maddalena.it\/fr\/wp-json\/wp\/v2\/media?parent=29010"}],"wp:term":[{"taxonomy":"product_category","embeddable":true,"href":"https:\/\/www.maddalena.it\/fr\/wp-json\/wp\/v2\/product_category?post=29010"}],"curies":[{"name":"wp","href":"https:\/\/api.w.org\/{rel}","templated":true}]}}