{"id":26986,"date":"2023-10-03T13:00:07","date_gmt":"2023-10-03T11:00:07","guid":{"rendered":"https:\/\/www.maddalena.it\/?post_type=product&#038;p=26986"},"modified":"2025-12-16T12:00:28","modified_gmt":"2025-12-16T11:00:28","slug":"mgrid","status":"publish","type":"product","link":"https:\/\/www.maddalena.it\/fr\/produit\/mgrid\/","title":{"rendered":"MGRID"},"content":{"rendered":"<p>MGrid est la plateforme IoT web de Maddalena d\u00e9velopp\u00e9e tant pour les besoins du gestionnaire du service d\u2019eau que pour la comptabilisation de l\u2019eau et de l\u2019\u00e9nergie thermique. Accessible \u00e0 partir de n\u2019importe quel navigateur Internet, elle offre des fonctions pour garantir les cycles de facturation et faciliter le contr\u00f4le et le d\u00e9veloppement de la technologie de collecte des donn\u00e9es. MGrid permet de v\u00e9rifier en temps r\u00e9el chaque \u00e9l\u00e9ment du syst\u00e8me, du dispositif \u00e0 l\u2019infrastructure du r\u00e9seau, et repr\u00e9sente une aide valable pour la d\u00e9tection des \u00e9ventuelles fuites dans le r\u00e9seau gr\u00e2ce \u00e0 la repr\u00e9sentation cartographique des informations collect\u00e9es. L\u2019interface est structur\u00e9e en modules avec diff\u00e9rentes fonctions sp\u00e9cifiques pour l\u2019acquisition de donn\u00e9es (Mobile ou Fixe). Elle permet par ailleurs l\u2019int\u00e9gration avec des syst\u00e8mes ERP tiers.<\/p>\n","protected":false},"excerpt":{"rendered":"<p>SMART WATER METERING PORTAL<\/p>\n","protected":false},"featured_media":26982,"menu_order":51,"template":"","meta":{"_acf_changed":true,"_lmt_disableupdate":"no","_lmt_disable":""},"product_category":[113,117],"class_list":["post-26986","product","type-product","status-publish","has-post-thumbnail","hentry","product_category-lecture-fixe","product_category-lecture-mobile"],"acf":[],"yoast_head":"<!-- This site is optimized with the Yoast SEO plugin v27.5 - https:\/\/yoast.com\/product\/yoast-seo-wordpress\/ -->\n<title>MGRID - SMART WATER METERING PORTAL<\/title>\n<meta name=\"description\" content=\"MGrid est la plateforme IoT web de Maddalena d\u00e9velopp\u00e9e tant pour les besoins du gestionnaire du service d\u2019eau que pour la comptabilisation de l\u2019eau et de\" \/>\n<meta name=\"robots\" content=\"index, follow, max-snippet:-1, max-image-preview:large, max-video-preview:-1\" \/>\n<link rel=\"canonical\" href=\"https:\/\/www.maddalena.it\/fr\/produit\/mgrid\/\" \/>\n<meta property=\"og:locale\" content=\"fr_FR\" \/>\n<meta property=\"og:type\" content=\"article\" \/>\n<meta property=\"og:title\" content=\"MGRID - SMART WATER METERING PORTAL\" \/>\n<meta property=\"og:description\" content=\"MGrid est la plateforme IoT web de Maddalena d\u00e9velopp\u00e9e tant pour les besoins du gestionnaire du service d\u2019eau que pour la comptabilisation de l\u2019eau et de\" \/>\n<meta property=\"og:url\" content=\"https:\/\/www.maddalena.it\/fr\/produit\/mgrid\/\" \/>\n<meta property=\"og:site_name\" content=\"Maddalena S.p.A.\" \/>\n<meta property=\"article:modified_time\" content=\"2025-12-16T11:00:28+00:00\" \/>\n<meta property=\"og:image\" content=\"https:\/\/www.maddalena.it\/wp-content\/uploads\/catalog-image\/mgrid.png\" \/>\n\t<meta property=\"og:image:width\" content=\"511\" \/>\n\t<meta property=\"og:image:height\" content=\"506\" \/>\n\t<meta property=\"og:image:type\" content=\"image\/png\" \/>\n<meta name=\"twitter:card\" content=\"summary_large_image\" \/>\n<meta name=\"twitter:label1\" content=\"Dur\u00e9e de lecture estim\u00e9e\" \/>\n\t<meta name=\"twitter:data1\" content=\"1 minute\" \/>\n<script type=\"application\/ld+json\" class=\"yoast-schema-graph\">{\"@context\":\"https:\\\/\\\/schema.org\",\"@graph\":[{\"@type\":\"WebPage\",\"@id\":\"https:\\\/\\\/www.maddalena.it\\\/fr\\\/produit\\\/mgrid\\\/\",\"url\":\"https:\\\/\\\/www.maddalena.it\\\/fr\\\/produit\\\/mgrid\\\/\",\"name\":\"MGRID - SMART WATER METERING PORTAL\",\"isPartOf\":{\"@id\":\"https:\\\/\\\/www.maddalena.it\\\/fr\\\/#website\"},\"primaryImageOfPage\":{\"@id\":\"https:\\\/\\\/www.maddalena.it\\\/fr\\\/produit\\\/mgrid\\\/#primaryimage\"},\"image\":{\"@id\":\"https:\\\/\\\/www.maddalena.it\\\/fr\\\/produit\\\/mgrid\\\/#primaryimage\"},\"thumbnailUrl\":\"https:\\\/\\\/www.maddalena.it\\\/wp-content\\\/uploads\\\/catalog-image\\\/mgrid.png\",\"datePublished\":\"2023-10-03T11:00:07+00:00\",\"dateModified\":\"2025-12-16T11:00:28+00:00\",\"description\":\"MGrid est la plateforme IoT web de Maddalena d\u00e9velopp\u00e9e tant pour les besoins du gestionnaire du service d\u2019eau que pour la comptabilisation de l\u2019eau et de\",\"breadcrumb\":{\"@id\":\"https:\\\/\\\/www.maddalena.it\\\/fr\\\/produit\\\/mgrid\\\/#breadcrumb\"},\"inLanguage\":\"fr-FR\",\"potentialAction\":[{\"@type\":\"ReadAction\",\"target\":[\"https:\\\/\\\/www.maddalena.it\\\/fr\\\/produit\\\/mgrid\\\/\"]}]},{\"@type\":\"ImageObject\",\"inLanguage\":\"fr-FR\",\"@id\":\"https:\\\/\\\/www.maddalena.it\\\/fr\\\/produit\\\/mgrid\\\/#primaryimage\",\"url\":\"https:\\\/\\\/www.maddalena.it\\\/wp-content\\\/uploads\\\/catalog-image\\\/mgrid.png\",\"contentUrl\":\"https:\\\/\\\/www.maddalena.it\\\/wp-content\\\/uploads\\\/catalog-image\\\/mgrid.png\",\"width\":511,\"height\":506,\"caption\":\"Lettura mobile,Lettura fissa\"},{\"@type\":\"BreadcrumbList\",\"@id\":\"https:\\\/\\\/www.maddalena.it\\\/fr\\\/produit\\\/mgrid\\\/#breadcrumb\",\"itemListElement\":[{\"@type\":\"ListItem\",\"position\":1,\"name\":\"Home\",\"item\":\"https:\\\/\\\/www.maddalena.it\\\/fr\\\/\"},{\"@type\":\"ListItem\",\"position\":2,\"name\":\"Produits\",\"item\":\"https:\\\/\\\/www.maddalena.it\\\/fr\\\/produit\\\/\"},{\"@type\":\"ListItem\",\"position\":3,\"name\":\"Syst\u00e8mes\",\"item\":\"https:\\\/\\\/www.maddalena.it\\\/fr\\\/produits\\\/systemes\\\/\"},{\"@type\":\"ListItem\",\"position\":4,\"name\":\"Lecture fixe\",\"item\":\"https:\\\/\\\/www.maddalena.it\\\/fr\\\/produits\\\/lecture-fixe\\\/\"},{\"@type\":\"ListItem\",\"position\":5,\"name\":\"MGRID\"}]},{\"@type\":\"WebSite\",\"@id\":\"https:\\\/\\\/www.maddalena.it\\\/fr\\\/#website\",\"url\":\"https:\\\/\\\/www.maddalena.it\\\/fr\\\/\",\"name\":\"Maddalena S.p.A.\",\"description\":\"Metering Expertise\",\"publisher\":{\"@id\":\"https:\\\/\\\/www.maddalena.it\\\/fr\\\/#organization\"},\"potentialAction\":[{\"@type\":\"SearchAction\",\"target\":{\"@type\":\"EntryPoint\",\"urlTemplate\":\"https:\\\/\\\/www.maddalena.it\\\/fr\\\/?s={search_term_string}\"},\"query-input\":{\"@type\":\"PropertyValueSpecification\",\"valueRequired\":true,\"valueName\":\"search_term_string\"}}],\"inLanguage\":\"fr-FR\"},{\"@type\":\"Organization\",\"@id\":\"https:\\\/\\\/www.maddalena.it\\\/fr\\\/#organization\",\"name\":\"Maddalena S.p.A.\",\"url\":\"https:\\\/\\\/www.maddalena.it\\\/fr\\\/\",\"logo\":{\"@type\":\"ImageObject\",\"inLanguage\":\"fr-FR\",\"@id\":\"https:\\\/\\\/www.maddalena.it\\\/fr\\\/#\\\/schema\\\/logo\\\/image\\\/\",\"url\":\"https:\\\/\\\/www.maddalena.it\\\/wp-content\\\/uploads\\\/2022\\\/04\\\/logo.svg\",\"contentUrl\":\"https:\\\/\\\/www.maddalena.it\\\/wp-content\\\/uploads\\\/2022\\\/04\\\/logo.svg\",\"caption\":\"Maddalena S.p.A.\"},\"image\":{\"@id\":\"https:\\\/\\\/www.maddalena.it\\\/fr\\\/#\\\/schema\\\/logo\\\/image\\\/\"}}]}<\/script>\n<!-- \/ Yoast SEO plugin. -->","yoast_head_json":{"title":"MGRID - SMART WATER METERING PORTAL","description":"MGrid est la plateforme IoT web de Maddalena d\u00e9velopp\u00e9e tant pour les besoins du gestionnaire du service d\u2019eau que pour la comptabilisation de l\u2019eau et de","robots":{"index":"index","follow":"follow","max-snippet":"max-snippet:-1","max-image-preview":"max-image-preview:large","max-video-preview":"max-video-preview:-1"},"canonical":"https:\/\/www.maddalena.it\/fr\/produit\/mgrid\/","og_locale":"fr_FR","og_type":"article","og_title":"MGRID - SMART WATER METERING PORTAL","og_description":"MGrid est la plateforme IoT web de Maddalena d\u00e9velopp\u00e9e tant pour les besoins du gestionnaire du service d\u2019eau que pour la comptabilisation de l\u2019eau et de","og_url":"https:\/\/www.maddalena.it\/fr\/produit\/mgrid\/","og_site_name":"Maddalena S.p.A.","article_modified_time":"2025-12-16T11:00:28+00:00","og_image":[{"width":511,"height":506,"url":"https:\/\/www.maddalena.it\/wp-content\/uploads\/catalog-image\/mgrid.png","type":"image\/png"}],"twitter_card":"summary_large_image","twitter_misc":{"Dur\u00e9e de lecture estim\u00e9e":"1 minute"},"schema":{"@context":"https:\/\/schema.org","@graph":[{"@type":"WebPage","@id":"https:\/\/www.maddalena.it\/fr\/produit\/mgrid\/","url":"https:\/\/www.maddalena.it\/fr\/produit\/mgrid\/","name":"MGRID - SMART WATER METERING PORTAL","isPartOf":{"@id":"https:\/\/www.maddalena.it\/fr\/#website"},"primaryImageOfPage":{"@id":"https:\/\/www.maddalena.it\/fr\/produit\/mgrid\/#primaryimage"},"image":{"@id":"https:\/\/www.maddalena.it\/fr\/produit\/mgrid\/#primaryimage"},"thumbnailUrl":"https:\/\/www.maddalena.it\/wp-content\/uploads\/catalog-image\/mgrid.png","datePublished":"2023-10-03T11:00:07+00:00","dateModified":"2025-12-16T11:00:28+00:00","description":"MGrid est la plateforme IoT web de Maddalena d\u00e9velopp\u00e9e tant pour les besoins du gestionnaire du service d\u2019eau que pour la comptabilisation de l\u2019eau et de","breadcrumb":{"@id":"https:\/\/www.maddalena.it\/fr\/produit\/mgrid\/#breadcrumb"},"inLanguage":"fr-FR","potentialAction":[{"@type":"ReadAction","target":["https:\/\/www.maddalena.it\/fr\/produit\/mgrid\/"]}]},{"@type":"ImageObject","inLanguage":"fr-FR","@id":"https:\/\/www.maddalena.it\/fr\/produit\/mgrid\/#primaryimage","url":"https:\/\/www.maddalena.it\/wp-content\/uploads\/catalog-image\/mgrid.png","contentUrl":"https:\/\/www.maddalena.it\/wp-content\/uploads\/catalog-image\/mgrid.png","width":511,"height":506,"caption":"Lettura mobile,Lettura fissa"},{"@type":"BreadcrumbList","@id":"https:\/\/www.maddalena.it\/fr\/produit\/mgrid\/#breadcrumb","itemListElement":[{"@type":"ListItem","position":1,"name":"Home","item":"https:\/\/www.maddalena.it\/fr\/"},{"@type":"ListItem","position":2,"name":"Produits","item":"https:\/\/www.maddalena.it\/fr\/produit\/"},{"@type":"ListItem","position":3,"name":"Syst\u00e8mes","item":"https:\/\/www.maddalena.it\/fr\/produits\/systemes\/"},{"@type":"ListItem","position":4,"name":"Lecture fixe","item":"https:\/\/www.maddalena.it\/fr\/produits\/lecture-fixe\/"},{"@type":"ListItem","position":5,"name":"MGRID"}]},{"@type":"WebSite","@id":"https:\/\/www.maddalena.it\/fr\/#website","url":"https:\/\/www.maddalena.it\/fr\/","name":"Maddalena S.p.A.","description":"Metering Expertise","publisher":{"@id":"https:\/\/www.maddalena.it\/fr\/#organization"},"potentialAction":[{"@type":"SearchAction","target":{"@type":"EntryPoint","urlTemplate":"https:\/\/www.maddalena.it\/fr\/?s={search_term_string}"},"query-input":{"@type":"PropertyValueSpecification","valueRequired":true,"valueName":"search_term_string"}}],"inLanguage":"fr-FR"},{"@type":"Organization","@id":"https:\/\/www.maddalena.it\/fr\/#organization","name":"Maddalena S.p.A.","url":"https:\/\/www.maddalena.it\/fr\/","logo":{"@type":"ImageObject","inLanguage":"fr-FR","@id":"https:\/\/www.maddalena.it\/fr\/#\/schema\/logo\/image\/","url":"https:\/\/www.maddalena.it\/wp-content\/uploads\/2022\/04\/logo.svg","contentUrl":"https:\/\/www.maddalena.it\/wp-content\/uploads\/2022\/04\/logo.svg","caption":"Maddalena S.p.A."},"image":{"@id":"https:\/\/www.maddalena.it\/fr\/#\/schema\/logo\/image\/"}}]}},"_links":{"self":[{"href":"https:\/\/www.maddalena.it\/fr\/wp-json\/wp\/v2\/product\/26986","targetHints":{"allow":["GET"]}}],"collection":[{"href":"https:\/\/www.maddalena.it\/fr\/wp-json\/wp\/v2\/product"}],"about":[{"href":"https:\/\/www.maddalena.it\/fr\/wp-json\/wp\/v2\/types\/product"}],"wp:featuredmedia":[{"embeddable":true,"href":"https:\/\/www.maddalena.it\/fr\/wp-json\/wp\/v2\/media\/26982"}],"wp:attachment":[{"href":"https:\/\/www.maddalena.it\/fr\/wp-json\/wp\/v2\/media?parent=26986"}],"wp:term":[{"taxonomy":"product_category","embeddable":true,"href":"https:\/\/www.maddalena.it\/fr\/wp-json\/wp\/v2\/product_category?post=26986"}],"curies":[{"name":"wp","href":"https:\/\/api.w.org\/{rel}","templated":true}]}}