{"id":22355,"date":"2022-11-07T09:58:15","date_gmt":"2022-11-07T08:58:15","guid":{"rendered":"https:\/\/www.maddalena.it\/?post_type=product&#038;p=22355"},"modified":"2025-07-14T17:00:37","modified_gmt":"2025-07-14T15:00:37","slug":"electo-mvm-c","status":"publish","type":"product","link":"https:\/\/www.maddalena.it\/fr\/produit\/electo-mvm-c\/","title":{"rendered":"ELECTO MVM + C"},"content":{"rendered":"<p>ElecTo MVM + C est un compteur d\u2019eau sanitaire \u00e0 piston rotatif, \u00e9quip\u00e9 de l\u2019innovante horlogerie radio \u00e9lectronique multiprotocole. Le corps en composite est robuste, durable, adapt\u00e9 aux environnements et aux typologies d\u2019installation typiques du monde utility. Le bas d\u00e9bit de d\u00e9marrage et la large plage de mesure permettent une excellente comptabilisation de la consommation. Le grand afficheur LCD en simplifie la lecture et rend disponibles des informations suppl\u00e9mentaires pour les utilisateurs et les g\u00e9rants de r\u00e9seaux. ElecTo MVM + C offre la flexibilit\u00e9 maximale dans la communication des donn\u00e9es sur courte et longue distance avec une possibilit\u00e9 de relev\u00e9 \u00e0 l\u2019aide de syst\u00e8mes mobiles et fixes.<\/p>\n","protected":false},"excerpt":{"rendered":"<p>COMPTEUR VOLUM\u00c9TRIQUE \u00c9LECTRONIQUE<\/p>\n","protected":false},"featured_media":22172,"menu_order":11,"template":"","meta":{"_acf_changed":false,"_lmt_disableupdate":"no","_lmt_disable":""},"product_category":[73],"class_list":["post-22355","product","type-product","status-publish","has-post-thumbnail","hentry","product_category-electo-fr"],"acf":[],"yoast_head":"<!-- This site is optimized with the Yoast SEO plugin v27.5 - https:\/\/yoast.com\/product\/yoast-seo-wordpress\/ -->\n<title>ELECTO MVM + C - COMPTEUR VOLUM\u00c9TRIQUE \u00c9LECTRONIQUE<\/title>\n<meta name=\"description\" content=\"ElecTo MVM + C est un compteur d\u2019eau sanitaire \u00e0 piston rotatif, \u00e9quip\u00e9 de l\u2019innovante horlogerie radio \u00e9lectronique multiprotocole. Le corps en composi\" \/>\n<meta name=\"robots\" content=\"index, follow, max-snippet:-1, max-image-preview:large, max-video-preview:-1\" \/>\n<link rel=\"canonical\" href=\"https:\/\/www.maddalena.it\/fr\/produit\/electo-mvm-c\/\" \/>\n<meta property=\"og:locale\" content=\"fr_FR\" \/>\n<meta property=\"og:type\" content=\"article\" \/>\n<meta property=\"og:title\" content=\"ELECTO MVM + C - COMPTEUR VOLUM\u00c9TRIQUE \u00c9LECTRONIQUE\" \/>\n<meta property=\"og:description\" content=\"ElecTo MVM + C est un compteur d\u2019eau sanitaire \u00e0 piston rotatif, \u00e9quip\u00e9 de l\u2019innovante horlogerie radio \u00e9lectronique multiprotocole. Le corps en composi\" \/>\n<meta property=\"og:url\" content=\"https:\/\/www.maddalena.it\/fr\/produit\/electo-mvm-c\/\" \/>\n<meta property=\"og:site_name\" content=\"Maddalena S.p.A.\" \/>\n<meta property=\"article:modified_time\" content=\"2025-07-14T15:00:37+00:00\" \/>\n<meta property=\"og:image\" content=\"https:\/\/www.maddalena.it\/wp-content\/uploads\/catalog-image\/electo-mvm-plusc-3q.jpg\" \/>\n\t<meta property=\"og:image:width\" content=\"1600\" \/>\n\t<meta property=\"og:image:height\" content=\"1200\" \/>\n\t<meta property=\"og:image:type\" content=\"image\/jpeg\" \/>\n<meta name=\"twitter:card\" content=\"summary_large_image\" \/>\n<meta name=\"twitter:label1\" content=\"Dur\u00e9e de lecture estim\u00e9e\" \/>\n\t<meta name=\"twitter:data1\" content=\"1 minute\" \/>\n<script type=\"application\/ld+json\" class=\"yoast-schema-graph\">{\"@context\":\"https:\\\/\\\/schema.org\",\"@graph\":[{\"@type\":\"WebPage\",\"@id\":\"https:\\\/\\\/www.maddalena.it\\\/fr\\\/produit\\\/electo-mvm-c\\\/\",\"url\":\"https:\\\/\\\/www.maddalena.it\\\/fr\\\/produit\\\/electo-mvm-c\\\/\",\"name\":\"ELECTO MVM + C - COMPTEUR VOLUM\u00c9TRIQUE \u00c9LECTRONIQUE\",\"isPartOf\":{\"@id\":\"https:\\\/\\\/www.maddalena.it\\\/fr\\\/#website\"},\"primaryImageOfPage\":{\"@id\":\"https:\\\/\\\/www.maddalena.it\\\/fr\\\/produit\\\/electo-mvm-c\\\/#primaryimage\"},\"image\":{\"@id\":\"https:\\\/\\\/www.maddalena.it\\\/fr\\\/produit\\\/electo-mvm-c\\\/#primaryimage\"},\"thumbnailUrl\":\"https:\\\/\\\/www.maddalena.it\\\/wp-content\\\/uploads\\\/catalog-image\\\/electo-mvm-plusc-3q.jpg\",\"datePublished\":\"2022-11-07T08:58:15+00:00\",\"dateModified\":\"2025-07-14T15:00:37+00:00\",\"description\":\"ElecTo MVM + C est un compteur d\u2019eau sanitaire \u00e0 piston rotatif, \u00e9quip\u00e9 de l\u2019innovante horlogerie radio \u00e9lectronique multiprotocole. Le corps en composi\",\"breadcrumb\":{\"@id\":\"https:\\\/\\\/www.maddalena.it\\\/fr\\\/produit\\\/electo-mvm-c\\\/#breadcrumb\"},\"inLanguage\":\"fr-FR\",\"potentialAction\":[{\"@type\":\"ReadAction\",\"target\":[\"https:\\\/\\\/www.maddalena.it\\\/fr\\\/produit\\\/electo-mvm-c\\\/\"]}]},{\"@type\":\"ImageObject\",\"inLanguage\":\"fr-FR\",\"@id\":\"https:\\\/\\\/www.maddalena.it\\\/fr\\\/produit\\\/electo-mvm-c\\\/#primaryimage\",\"url\":\"https:\\\/\\\/www.maddalena.it\\\/wp-content\\\/uploads\\\/catalog-image\\\/electo-mvm-plusc-3q.jpg\",\"contentUrl\":\"https:\\\/\\\/www.maddalena.it\\\/wp-content\\\/uploads\\\/catalog-image\\\/electo-mvm-plusc-3q.jpg\",\"width\":1600,\"height\":1200,\"caption\":\"ElecTo\"},{\"@type\":\"BreadcrumbList\",\"@id\":\"https:\\\/\\\/www.maddalena.it\\\/fr\\\/produit\\\/electo-mvm-c\\\/#breadcrumb\",\"itemListElement\":[{\"@type\":\"ListItem\",\"position\":1,\"name\":\"Home\",\"item\":\"https:\\\/\\\/www.maddalena.it\\\/fr\\\/\"},{\"@type\":\"ListItem\",\"position\":2,\"name\":\"Produits\",\"item\":\"https:\\\/\\\/www.maddalena.it\\\/fr\\\/produit\\\/\"},{\"@type\":\"ListItem\",\"position\":3,\"name\":\"Eau\",\"item\":\"https:\\\/\\\/www.maddalena.it\\\/fr\\\/produits\\\/eau\\\/\"},{\"@type\":\"ListItem\",\"position\":4,\"name\":\"ElecTo\",\"item\":\"https:\\\/\\\/www.maddalena.it\\\/fr\\\/produits\\\/electo-fr\\\/\"},{\"@type\":\"ListItem\",\"position\":5,\"name\":\"ELECTO MVM + C\"}]},{\"@type\":\"WebSite\",\"@id\":\"https:\\\/\\\/www.maddalena.it\\\/fr\\\/#website\",\"url\":\"https:\\\/\\\/www.maddalena.it\\\/fr\\\/\",\"name\":\"Maddalena S.p.A.\",\"description\":\"Metering Expertise\",\"publisher\":{\"@id\":\"https:\\\/\\\/www.maddalena.it\\\/fr\\\/#organization\"},\"potentialAction\":[{\"@type\":\"SearchAction\",\"target\":{\"@type\":\"EntryPoint\",\"urlTemplate\":\"https:\\\/\\\/www.maddalena.it\\\/fr\\\/?s={search_term_string}\"},\"query-input\":{\"@type\":\"PropertyValueSpecification\",\"valueRequired\":true,\"valueName\":\"search_term_string\"}}],\"inLanguage\":\"fr-FR\"},{\"@type\":\"Organization\",\"@id\":\"https:\\\/\\\/www.maddalena.it\\\/fr\\\/#organization\",\"name\":\"Maddalena S.p.A.\",\"url\":\"https:\\\/\\\/www.maddalena.it\\\/fr\\\/\",\"logo\":{\"@type\":\"ImageObject\",\"inLanguage\":\"fr-FR\",\"@id\":\"https:\\\/\\\/www.maddalena.it\\\/fr\\\/#\\\/schema\\\/logo\\\/image\\\/\",\"url\":\"https:\\\/\\\/www.maddalena.it\\\/wp-content\\\/uploads\\\/2022\\\/04\\\/logo.svg\",\"contentUrl\":\"https:\\\/\\\/www.maddalena.it\\\/wp-content\\\/uploads\\\/2022\\\/04\\\/logo.svg\",\"caption\":\"Maddalena S.p.A.\"},\"image\":{\"@id\":\"https:\\\/\\\/www.maddalena.it\\\/fr\\\/#\\\/schema\\\/logo\\\/image\\\/\"}}]}<\/script>\n<!-- \/ Yoast SEO plugin. -->","yoast_head_json":{"title":"ELECTO MVM + C - COMPTEUR VOLUM\u00c9TRIQUE \u00c9LECTRONIQUE","description":"ElecTo MVM + C est un compteur d\u2019eau sanitaire \u00e0 piston rotatif, \u00e9quip\u00e9 de l\u2019innovante horlogerie radio \u00e9lectronique multiprotocole. Le corps en composi","robots":{"index":"index","follow":"follow","max-snippet":"max-snippet:-1","max-image-preview":"max-image-preview:large","max-video-preview":"max-video-preview:-1"},"canonical":"https:\/\/www.maddalena.it\/fr\/produit\/electo-mvm-c\/","og_locale":"fr_FR","og_type":"article","og_title":"ELECTO MVM + C - COMPTEUR VOLUM\u00c9TRIQUE \u00c9LECTRONIQUE","og_description":"ElecTo MVM + C est un compteur d\u2019eau sanitaire \u00e0 piston rotatif, \u00e9quip\u00e9 de l\u2019innovante horlogerie radio \u00e9lectronique multiprotocole. Le corps en composi","og_url":"https:\/\/www.maddalena.it\/fr\/produit\/electo-mvm-c\/","og_site_name":"Maddalena S.p.A.","article_modified_time":"2025-07-14T15:00:37+00:00","og_image":[{"width":1600,"height":1200,"url":"https:\/\/www.maddalena.it\/wp-content\/uploads\/catalog-image\/electo-mvm-plusc-3q.jpg","type":"image\/jpeg"}],"twitter_card":"summary_large_image","twitter_misc":{"Dur\u00e9e de lecture estim\u00e9e":"1 minute"},"schema":{"@context":"https:\/\/schema.org","@graph":[{"@type":"WebPage","@id":"https:\/\/www.maddalena.it\/fr\/produit\/electo-mvm-c\/","url":"https:\/\/www.maddalena.it\/fr\/produit\/electo-mvm-c\/","name":"ELECTO MVM + C - COMPTEUR VOLUM\u00c9TRIQUE \u00c9LECTRONIQUE","isPartOf":{"@id":"https:\/\/www.maddalena.it\/fr\/#website"},"primaryImageOfPage":{"@id":"https:\/\/www.maddalena.it\/fr\/produit\/electo-mvm-c\/#primaryimage"},"image":{"@id":"https:\/\/www.maddalena.it\/fr\/produit\/electo-mvm-c\/#primaryimage"},"thumbnailUrl":"https:\/\/www.maddalena.it\/wp-content\/uploads\/catalog-image\/electo-mvm-plusc-3q.jpg","datePublished":"2022-11-07T08:58:15+00:00","dateModified":"2025-07-14T15:00:37+00:00","description":"ElecTo MVM + C est un compteur d\u2019eau sanitaire \u00e0 piston rotatif, \u00e9quip\u00e9 de l\u2019innovante horlogerie radio \u00e9lectronique multiprotocole. Le corps en composi","breadcrumb":{"@id":"https:\/\/www.maddalena.it\/fr\/produit\/electo-mvm-c\/#breadcrumb"},"inLanguage":"fr-FR","potentialAction":[{"@type":"ReadAction","target":["https:\/\/www.maddalena.it\/fr\/produit\/electo-mvm-c\/"]}]},{"@type":"ImageObject","inLanguage":"fr-FR","@id":"https:\/\/www.maddalena.it\/fr\/produit\/electo-mvm-c\/#primaryimage","url":"https:\/\/www.maddalena.it\/wp-content\/uploads\/catalog-image\/electo-mvm-plusc-3q.jpg","contentUrl":"https:\/\/www.maddalena.it\/wp-content\/uploads\/catalog-image\/electo-mvm-plusc-3q.jpg","width":1600,"height":1200,"caption":"ElecTo"},{"@type":"BreadcrumbList","@id":"https:\/\/www.maddalena.it\/fr\/produit\/electo-mvm-c\/#breadcrumb","itemListElement":[{"@type":"ListItem","position":1,"name":"Home","item":"https:\/\/www.maddalena.it\/fr\/"},{"@type":"ListItem","position":2,"name":"Produits","item":"https:\/\/www.maddalena.it\/fr\/produit\/"},{"@type":"ListItem","position":3,"name":"Eau","item":"https:\/\/www.maddalena.it\/fr\/produits\/eau\/"},{"@type":"ListItem","position":4,"name":"ElecTo","item":"https:\/\/www.maddalena.it\/fr\/produits\/electo-fr\/"},{"@type":"ListItem","position":5,"name":"ELECTO MVM + C"}]},{"@type":"WebSite","@id":"https:\/\/www.maddalena.it\/fr\/#website","url":"https:\/\/www.maddalena.it\/fr\/","name":"Maddalena S.p.A.","description":"Metering Expertise","publisher":{"@id":"https:\/\/www.maddalena.it\/fr\/#organization"},"potentialAction":[{"@type":"SearchAction","target":{"@type":"EntryPoint","urlTemplate":"https:\/\/www.maddalena.it\/fr\/?s={search_term_string}"},"query-input":{"@type":"PropertyValueSpecification","valueRequired":true,"valueName":"search_term_string"}}],"inLanguage":"fr-FR"},{"@type":"Organization","@id":"https:\/\/www.maddalena.it\/fr\/#organization","name":"Maddalena S.p.A.","url":"https:\/\/www.maddalena.it\/fr\/","logo":{"@type":"ImageObject","inLanguage":"fr-FR","@id":"https:\/\/www.maddalena.it\/fr\/#\/schema\/logo\/image\/","url":"https:\/\/www.maddalena.it\/wp-content\/uploads\/2022\/04\/logo.svg","contentUrl":"https:\/\/www.maddalena.it\/wp-content\/uploads\/2022\/04\/logo.svg","caption":"Maddalena S.p.A."},"image":{"@id":"https:\/\/www.maddalena.it\/fr\/#\/schema\/logo\/image\/"}}]}},"_links":{"self":[{"href":"https:\/\/www.maddalena.it\/fr\/wp-json\/wp\/v2\/product\/22355","targetHints":{"allow":["GET"]}}],"collection":[{"href":"https:\/\/www.maddalena.it\/fr\/wp-json\/wp\/v2\/product"}],"about":[{"href":"https:\/\/www.maddalena.it\/fr\/wp-json\/wp\/v2\/types\/product"}],"wp:featuredmedia":[{"embeddable":true,"href":"https:\/\/www.maddalena.it\/fr\/wp-json\/wp\/v2\/media\/22172"}],"wp:attachment":[{"href":"https:\/\/www.maddalena.it\/fr\/wp-json\/wp\/v2\/media?parent=22355"}],"wp:term":[{"taxonomy":"product_category","embeddable":true,"href":"https:\/\/www.maddalena.it\/fr\/wp-json\/wp\/v2\/product_category?post=22355"}],"curies":[{"name":"wp","href":"https:\/\/api.w.org\/{rel}","templated":true}]}}