{"id":18596,"date":"2022-08-03T14:29:07","date_gmt":"2022-08-03T12:29:07","guid":{"rendered":"http:\/\/www.maddalena.it\/?post_type=product&#038;p=18596"},"modified":"2023-09-26T23:00:22","modified_gmt":"2023-09-26T21:00:22","slug":"smart-kit-level-converter","status":"publish","type":"product","link":"https:\/\/www.maddalena.it\/fr\/produit\/smart-kit-level-converter\/","title":{"rendered":"SMART KIT &#8211; LEVEL CONVERTER"},"content":{"rendered":"<p>Level converter M-Bus compatible avec le datalogger RTU EVO. Disponible dans les deux tailles de 60 et 250 dispositifs M-Bus filaires. Peut \u00eatre utilis\u00e9 comme master ou comme r\u00e9p\u00e9titeur pour l\u2019extension d\u2019un r\u00e9seau existant. Disponible uniquement dans la version avec alimentation externe.<\/p>\n","protected":false},"excerpt":{"rendered":"<p>LEVEL CONVERTER M-BUS<\/p>\n","protected":false},"featured_media":2208,"menu_order":54,"template":"","meta":{"_acf_changed":false,"_lmt_disableupdate":"","_lmt_disable":""},"product_category":[113],"class_list":["post-18596","product","type-product","status-publish","has-post-thumbnail","hentry","product_category-lecture-fixe"],"acf":[],"yoast_head":"<!-- This site is optimized with the Yoast SEO plugin v27.5 - https:\/\/yoast.com\/product\/yoast-seo-wordpress\/ -->\n<title>SMART KIT - LEVEL CONVERTER - LEVEL CONVERTER M-BUS<\/title>\n<meta name=\"description\" content=\"Level converter M-Bus compatible avec le datalogger RTU EVO. Disponible dans les deux tailles de 60 et 250 dispositifs M-Bus filaires. Peut \u00eatre utilis\u00e9 comme\" \/>\n<meta name=\"robots\" content=\"index, follow, max-snippet:-1, max-image-preview:large, max-video-preview:-1\" \/>\n<link rel=\"canonical\" href=\"https:\/\/www.maddalena.it\/fr\/produit\/smart-kit-level-converter\/\" \/>\n<meta property=\"og:locale\" content=\"fr_FR\" \/>\n<meta property=\"og:type\" content=\"article\" \/>\n<meta property=\"og:title\" content=\"SMART KIT - LEVEL CONVERTER - LEVEL CONVERTER M-BUS\" \/>\n<meta property=\"og:description\" content=\"Level converter M-Bus compatible avec le datalogger RTU EVO. Disponible dans les deux tailles de 60 et 250 dispositifs M-Bus filaires. Peut \u00eatre utilis\u00e9 comme\" \/>\n<meta property=\"og:url\" content=\"https:\/\/www.maddalena.it\/fr\/produit\/smart-kit-level-converter\/\" \/>\n<meta property=\"og:site_name\" content=\"Maddalena S.p.A.\" \/>\n<meta property=\"article:modified_time\" content=\"2023-09-26T21:00:22+00:00\" \/>\n<meta property=\"og:image\" content=\"https:\/\/www.maddalena.it\/wp-content\/uploads\/catalog-image\/levelconverter-250-z.png\" \/>\n\t<meta property=\"og:image:width\" content=\"1600\" \/>\n\t<meta property=\"og:image:height\" content=\"1068\" \/>\n\t<meta property=\"og:image:type\" content=\"image\/png\" \/>\n<meta name=\"twitter:card\" content=\"summary_large_image\" \/>\n<script type=\"application\/ld+json\" class=\"yoast-schema-graph\">{\"@context\":\"https:\\\/\\\/schema.org\",\"@graph\":[{\"@type\":\"WebPage\",\"@id\":\"https:\\\/\\\/www.maddalena.it\\\/fr\\\/produit\\\/smart-kit-level-converter\\\/\",\"url\":\"https:\\\/\\\/www.maddalena.it\\\/fr\\\/produit\\\/smart-kit-level-converter\\\/\",\"name\":\"SMART KIT - LEVEL CONVERTER - LEVEL CONVERTER M-BUS\",\"isPartOf\":{\"@id\":\"https:\\\/\\\/www.maddalena.it\\\/fr\\\/#website\"},\"primaryImageOfPage\":{\"@id\":\"https:\\\/\\\/www.maddalena.it\\\/fr\\\/produit\\\/smart-kit-level-converter\\\/#primaryimage\"},\"image\":{\"@id\":\"https:\\\/\\\/www.maddalena.it\\\/fr\\\/produit\\\/smart-kit-level-converter\\\/#primaryimage\"},\"thumbnailUrl\":\"https:\\\/\\\/www.maddalena.it\\\/wp-content\\\/uploads\\\/catalog-image\\\/levelconverter-250-z.png\",\"datePublished\":\"2022-08-03T12:29:07+00:00\",\"dateModified\":\"2023-09-26T21:00:22+00:00\",\"description\":\"Level converter M-Bus compatible avec le datalogger RTU EVO. Disponible dans les deux tailles de 60 et 250 dispositifs M-Bus filaires. Peut \u00eatre utilis\u00e9 comme\",\"breadcrumb\":{\"@id\":\"https:\\\/\\\/www.maddalena.it\\\/fr\\\/produit\\\/smart-kit-level-converter\\\/#breadcrumb\"},\"inLanguage\":\"fr-FR\",\"potentialAction\":[{\"@type\":\"ReadAction\",\"target\":[\"https:\\\/\\\/www.maddalena.it\\\/fr\\\/produit\\\/smart-kit-level-converter\\\/\"]}]},{\"@type\":\"ImageObject\",\"inLanguage\":\"fr-FR\",\"@id\":\"https:\\\/\\\/www.maddalena.it\\\/fr\\\/produit\\\/smart-kit-level-converter\\\/#primaryimage\",\"url\":\"https:\\\/\\\/www.maddalena.it\\\/wp-content\\\/uploads\\\/catalog-image\\\/levelconverter-250-z.png\",\"contentUrl\":\"https:\\\/\\\/www.maddalena.it\\\/wp-content\\\/uploads\\\/catalog-image\\\/levelconverter-250-z.png\",\"width\":1600,\"height\":1068},{\"@type\":\"BreadcrumbList\",\"@id\":\"https:\\\/\\\/www.maddalena.it\\\/fr\\\/produit\\\/smart-kit-level-converter\\\/#breadcrumb\",\"itemListElement\":[{\"@type\":\"ListItem\",\"position\":1,\"name\":\"Home\",\"item\":\"https:\\\/\\\/www.maddalena.it\\\/fr\\\/\"},{\"@type\":\"ListItem\",\"position\":2,\"name\":\"Produits\",\"item\":\"https:\\\/\\\/www.maddalena.it\\\/fr\\\/produit\\\/\"},{\"@type\":\"ListItem\",\"position\":3,\"name\":\"Syst\u00e8mes\",\"item\":\"https:\\\/\\\/www.maddalena.it\\\/fr\\\/produits\\\/systemes\\\/\"},{\"@type\":\"ListItem\",\"position\":4,\"name\":\"Lecture fixe\",\"item\":\"https:\\\/\\\/www.maddalena.it\\\/fr\\\/produits\\\/lecture-fixe\\\/\"},{\"@type\":\"ListItem\",\"position\":5,\"name\":\"SMART KIT &#8211; LEVEL CONVERTER\"}]},{\"@type\":\"WebSite\",\"@id\":\"https:\\\/\\\/www.maddalena.it\\\/fr\\\/#website\",\"url\":\"https:\\\/\\\/www.maddalena.it\\\/fr\\\/\",\"name\":\"Maddalena S.p.A.\",\"description\":\"Metering Expertise\",\"publisher\":{\"@id\":\"https:\\\/\\\/www.maddalena.it\\\/fr\\\/#organization\"},\"potentialAction\":[{\"@type\":\"SearchAction\",\"target\":{\"@type\":\"EntryPoint\",\"urlTemplate\":\"https:\\\/\\\/www.maddalena.it\\\/fr\\\/?s={search_term_string}\"},\"query-input\":{\"@type\":\"PropertyValueSpecification\",\"valueRequired\":true,\"valueName\":\"search_term_string\"}}],\"inLanguage\":\"fr-FR\"},{\"@type\":\"Organization\",\"@id\":\"https:\\\/\\\/www.maddalena.it\\\/fr\\\/#organization\",\"name\":\"Maddalena S.p.A.\",\"url\":\"https:\\\/\\\/www.maddalena.it\\\/fr\\\/\",\"logo\":{\"@type\":\"ImageObject\",\"inLanguage\":\"fr-FR\",\"@id\":\"https:\\\/\\\/www.maddalena.it\\\/fr\\\/#\\\/schema\\\/logo\\\/image\\\/\",\"url\":\"https:\\\/\\\/www.maddalena.it\\\/wp-content\\\/uploads\\\/2022\\\/04\\\/logo.svg\",\"contentUrl\":\"https:\\\/\\\/www.maddalena.it\\\/wp-content\\\/uploads\\\/2022\\\/04\\\/logo.svg\",\"caption\":\"Maddalena S.p.A.\"},\"image\":{\"@id\":\"https:\\\/\\\/www.maddalena.it\\\/fr\\\/#\\\/schema\\\/logo\\\/image\\\/\"}}]}<\/script>\n<!-- \/ Yoast SEO plugin. -->","yoast_head_json":{"title":"SMART KIT - LEVEL CONVERTER - LEVEL CONVERTER M-BUS","description":"Level converter M-Bus compatible avec le datalogger RTU EVO. Disponible dans les deux tailles de 60 et 250 dispositifs M-Bus filaires. Peut \u00eatre utilis\u00e9 comme","robots":{"index":"index","follow":"follow","max-snippet":"max-snippet:-1","max-image-preview":"max-image-preview:large","max-video-preview":"max-video-preview:-1"},"canonical":"https:\/\/www.maddalena.it\/fr\/produit\/smart-kit-level-converter\/","og_locale":"fr_FR","og_type":"article","og_title":"SMART KIT - LEVEL CONVERTER - LEVEL CONVERTER M-BUS","og_description":"Level converter M-Bus compatible avec le datalogger RTU EVO. Disponible dans les deux tailles de 60 et 250 dispositifs M-Bus filaires. Peut \u00eatre utilis\u00e9 comme","og_url":"https:\/\/www.maddalena.it\/fr\/produit\/smart-kit-level-converter\/","og_site_name":"Maddalena S.p.A.","article_modified_time":"2023-09-26T21:00:22+00:00","og_image":[{"width":1600,"height":1068,"url":"https:\/\/www.maddalena.it\/wp-content\/uploads\/catalog-image\/levelconverter-250-z.png","type":"image\/png"}],"twitter_card":"summary_large_image","schema":{"@context":"https:\/\/schema.org","@graph":[{"@type":"WebPage","@id":"https:\/\/www.maddalena.it\/fr\/produit\/smart-kit-level-converter\/","url":"https:\/\/www.maddalena.it\/fr\/produit\/smart-kit-level-converter\/","name":"SMART KIT - LEVEL CONVERTER - LEVEL CONVERTER M-BUS","isPartOf":{"@id":"https:\/\/www.maddalena.it\/fr\/#website"},"primaryImageOfPage":{"@id":"https:\/\/www.maddalena.it\/fr\/produit\/smart-kit-level-converter\/#primaryimage"},"image":{"@id":"https:\/\/www.maddalena.it\/fr\/produit\/smart-kit-level-converter\/#primaryimage"},"thumbnailUrl":"https:\/\/www.maddalena.it\/wp-content\/uploads\/catalog-image\/levelconverter-250-z.png","datePublished":"2022-08-03T12:29:07+00:00","dateModified":"2023-09-26T21:00:22+00:00","description":"Level converter M-Bus compatible avec le datalogger RTU EVO. Disponible dans les deux tailles de 60 et 250 dispositifs M-Bus filaires. Peut \u00eatre utilis\u00e9 comme","breadcrumb":{"@id":"https:\/\/www.maddalena.it\/fr\/produit\/smart-kit-level-converter\/#breadcrumb"},"inLanguage":"fr-FR","potentialAction":[{"@type":"ReadAction","target":["https:\/\/www.maddalena.it\/fr\/produit\/smart-kit-level-converter\/"]}]},{"@type":"ImageObject","inLanguage":"fr-FR","@id":"https:\/\/www.maddalena.it\/fr\/produit\/smart-kit-level-converter\/#primaryimage","url":"https:\/\/www.maddalena.it\/wp-content\/uploads\/catalog-image\/levelconverter-250-z.png","contentUrl":"https:\/\/www.maddalena.it\/wp-content\/uploads\/catalog-image\/levelconverter-250-z.png","width":1600,"height":1068},{"@type":"BreadcrumbList","@id":"https:\/\/www.maddalena.it\/fr\/produit\/smart-kit-level-converter\/#breadcrumb","itemListElement":[{"@type":"ListItem","position":1,"name":"Home","item":"https:\/\/www.maddalena.it\/fr\/"},{"@type":"ListItem","position":2,"name":"Produits","item":"https:\/\/www.maddalena.it\/fr\/produit\/"},{"@type":"ListItem","position":3,"name":"Syst\u00e8mes","item":"https:\/\/www.maddalena.it\/fr\/produits\/systemes\/"},{"@type":"ListItem","position":4,"name":"Lecture fixe","item":"https:\/\/www.maddalena.it\/fr\/produits\/lecture-fixe\/"},{"@type":"ListItem","position":5,"name":"SMART KIT &#8211; LEVEL CONVERTER"}]},{"@type":"WebSite","@id":"https:\/\/www.maddalena.it\/fr\/#website","url":"https:\/\/www.maddalena.it\/fr\/","name":"Maddalena S.p.A.","description":"Metering Expertise","publisher":{"@id":"https:\/\/www.maddalena.it\/fr\/#organization"},"potentialAction":[{"@type":"SearchAction","target":{"@type":"EntryPoint","urlTemplate":"https:\/\/www.maddalena.it\/fr\/?s={search_term_string}"},"query-input":{"@type":"PropertyValueSpecification","valueRequired":true,"valueName":"search_term_string"}}],"inLanguage":"fr-FR"},{"@type":"Organization","@id":"https:\/\/www.maddalena.it\/fr\/#organization","name":"Maddalena S.p.A.","url":"https:\/\/www.maddalena.it\/fr\/","logo":{"@type":"ImageObject","inLanguage":"fr-FR","@id":"https:\/\/www.maddalena.it\/fr\/#\/schema\/logo\/image\/","url":"https:\/\/www.maddalena.it\/wp-content\/uploads\/2022\/04\/logo.svg","contentUrl":"https:\/\/www.maddalena.it\/wp-content\/uploads\/2022\/04\/logo.svg","caption":"Maddalena S.p.A."},"image":{"@id":"https:\/\/www.maddalena.it\/fr\/#\/schema\/logo\/image\/"}}]}},"_links":{"self":[{"href":"https:\/\/www.maddalena.it\/fr\/wp-json\/wp\/v2\/product\/18596","targetHints":{"allow":["GET"]}}],"collection":[{"href":"https:\/\/www.maddalena.it\/fr\/wp-json\/wp\/v2\/product"}],"about":[{"href":"https:\/\/www.maddalena.it\/fr\/wp-json\/wp\/v2\/types\/product"}],"wp:featuredmedia":[{"embeddable":true,"href":"https:\/\/www.maddalena.it\/fr\/wp-json\/wp\/v2\/media\/2208"}],"wp:attachment":[{"href":"https:\/\/www.maddalena.it\/fr\/wp-json\/wp\/v2\/media?parent=18596"}],"wp:term":[{"taxonomy":"product_category","embeddable":true,"href":"https:\/\/www.maddalena.it\/fr\/wp-json\/wp\/v2\/product_category?post=18596"}],"curies":[{"name":"wp","href":"https:\/\/api.w.org\/{rel}","templated":true}]}}