{"id":18585,"date":"2022-08-03T14:29:07","date_gmt":"2022-08-03T12:29:07","guid":{"rendered":"http:\/\/www.maddalena.it\/?post_type=product&#038;p=18585"},"modified":"2026-04-01T09:00:18","modified_gmt":"2026-04-01T07:00:18","slug":"sj-plus-evo","status":"publish","type":"product","link":"https:\/\/www.maddalena.it\/fr\/produit\/sj-plus-evo\/","title":{"rendered":"SJ PLUS-EVO"},"content":{"rendered":"<p>SJ PLUS\/EVO repr\u00e9sente la nouvelle g\u00e9n\u00e9ration de compteur \u00e0 jet unique pour usage r\u00e9sidentiel. La ligne de production automatis\u00e9e innovante combine une capacit\u00e9 de production \u00e9lev\u00e9e et une excellente qualit\u00e9. SJ PLUS\/EVO atteint les plus hautes performances m\u00e9trologiques dans sa cat\u00e9gorie. Il peut \u00eatre \u00e9quip\u00e9 avec les technologies de transmission des donn\u00e9es \u00e0 distance les plus modernes.<\/p>\n","protected":false},"excerpt":{"rendered":"<p>COMPTEUR \u00c0 JET UNIQUE SUPERDRY<\/p>\n","protected":false},"featured_media":15805,"menu_order":0,"template":"","meta":{"_acf_changed":false,"_lmt_disableupdate":"","_lmt_disable":""},"product_category":[77],"class_list":["post-18585","product","type-product","status-publish","has-post-thumbnail","hentry","product_category-mecto-fr"],"acf":[],"yoast_head":"<!-- This site is optimized with the Yoast SEO plugin v27.5 - https:\/\/yoast.com\/product\/yoast-seo-wordpress\/ -->\n<title>SJ PLUS-EVO - COMPTEUR \u00c0 JET UNIQUE SUPERDRY<\/title>\n<meta name=\"description\" content=\"SJ PLUS\/EVO repr\u00e9sente la nouvelle g\u00e9n\u00e9ration de compteur \u00e0 jet unique pour usage r\u00e9sidentiel. La ligne de production automatis\u00e9e innovante combine une ca\" \/>\n<meta name=\"robots\" content=\"index, follow, max-snippet:-1, max-image-preview:large, max-video-preview:-1\" \/>\n<link rel=\"canonical\" href=\"https:\/\/www.maddalena.it\/fr\/produit\/sj-plus-evo\/\" \/>\n<meta property=\"og:locale\" content=\"fr_FR\" \/>\n<meta property=\"og:type\" content=\"article\" \/>\n<meta property=\"og:title\" content=\"SJ PLUS-EVO - COMPTEUR \u00c0 JET UNIQUE SUPERDRY\" \/>\n<meta property=\"og:description\" content=\"SJ PLUS\/EVO repr\u00e9sente la nouvelle g\u00e9n\u00e9ration de compteur \u00e0 jet unique pour usage r\u00e9sidentiel. La ligne de production automatis\u00e9e innovante combine une ca\" \/>\n<meta property=\"og:url\" content=\"https:\/\/www.maddalena.it\/fr\/produit\/sj-plus-evo\/\" \/>\n<meta property=\"og:site_name\" content=\"Maddalena S.p.A.\" \/>\n<meta property=\"article:modified_time\" content=\"2026-04-01T07:00:18+00:00\" \/>\n<meta property=\"og:image\" content=\"https:\/\/www.maddalena.it\/wp-content\/uploads\/catalog-image\/mecto-sj-evo-blu-3q.png\" \/>\n\t<meta property=\"og:image:width\" content=\"1600\" \/>\n\t<meta property=\"og:image:height\" content=\"1354\" \/>\n\t<meta property=\"og:image:type\" content=\"image\/png\" \/>\n<meta name=\"twitter:card\" content=\"summary_large_image\" \/>\n<script type=\"application\/ld+json\" class=\"yoast-schema-graph\">{\"@context\":\"https:\\\/\\\/schema.org\",\"@graph\":[{\"@type\":\"WebPage\",\"@id\":\"https:\\\/\\\/www.maddalena.it\\\/fr\\\/produit\\\/sj-plus-evo\\\/\",\"url\":\"https:\\\/\\\/www.maddalena.it\\\/fr\\\/produit\\\/sj-plus-evo\\\/\",\"name\":\"SJ PLUS-EVO - COMPTEUR \u00c0 JET UNIQUE SUPERDRY\",\"isPartOf\":{\"@id\":\"https:\\\/\\\/www.maddalena.it\\\/fr\\\/#website\"},\"primaryImageOfPage\":{\"@id\":\"https:\\\/\\\/www.maddalena.it\\\/fr\\\/produit\\\/sj-plus-evo\\\/#primaryimage\"},\"image\":{\"@id\":\"https:\\\/\\\/www.maddalena.it\\\/fr\\\/produit\\\/sj-plus-evo\\\/#primaryimage\"},\"thumbnailUrl\":\"https:\\\/\\\/www.maddalena.it\\\/wp-content\\\/uploads\\\/catalog-image\\\/mecto-sj-evo-blu-3q.png\",\"datePublished\":\"2022-08-03T12:29:07+00:00\",\"dateModified\":\"2026-04-01T07:00:18+00:00\",\"description\":\"SJ PLUS\\\/EVO repr\u00e9sente la nouvelle g\u00e9n\u00e9ration de compteur \u00e0 jet unique pour usage r\u00e9sidentiel. La ligne de production automatis\u00e9e innovante combine une ca\",\"breadcrumb\":{\"@id\":\"https:\\\/\\\/www.maddalena.it\\\/fr\\\/produit\\\/sj-plus-evo\\\/#breadcrumb\"},\"inLanguage\":\"fr-FR\",\"potentialAction\":[{\"@type\":\"ReadAction\",\"target\":[\"https:\\\/\\\/www.maddalena.it\\\/fr\\\/produit\\\/sj-plus-evo\\\/\"]}]},{\"@type\":\"ImageObject\",\"inLanguage\":\"fr-FR\",\"@id\":\"https:\\\/\\\/www.maddalena.it\\\/fr\\\/produit\\\/sj-plus-evo\\\/#primaryimage\",\"url\":\"https:\\\/\\\/www.maddalena.it\\\/wp-content\\\/uploads\\\/catalog-image\\\/mecto-sj-evo-blu-3q.png\",\"contentUrl\":\"https:\\\/\\\/www.maddalena.it\\\/wp-content\\\/uploads\\\/catalog-image\\\/mecto-sj-evo-blu-3q.png\",\"width\":1600,\"height\":1354},{\"@type\":\"BreadcrumbList\",\"@id\":\"https:\\\/\\\/www.maddalena.it\\\/fr\\\/produit\\\/sj-plus-evo\\\/#breadcrumb\",\"itemListElement\":[{\"@type\":\"ListItem\",\"position\":1,\"name\":\"Home\",\"item\":\"https:\\\/\\\/www.maddalena.it\\\/fr\\\/\"},{\"@type\":\"ListItem\",\"position\":2,\"name\":\"Produits\",\"item\":\"https:\\\/\\\/www.maddalena.it\\\/fr\\\/produit\\\/\"},{\"@type\":\"ListItem\",\"position\":3,\"name\":\"Eau\",\"item\":\"https:\\\/\\\/www.maddalena.it\\\/fr\\\/produits\\\/eau\\\/\"},{\"@type\":\"ListItem\",\"position\":4,\"name\":\"MecTo\",\"item\":\"https:\\\/\\\/www.maddalena.it\\\/fr\\\/produits\\\/mecto-fr\\\/\"},{\"@type\":\"ListItem\",\"position\":5,\"name\":\"SJ PLUS-EVO\"}]},{\"@type\":\"WebSite\",\"@id\":\"https:\\\/\\\/www.maddalena.it\\\/fr\\\/#website\",\"url\":\"https:\\\/\\\/www.maddalena.it\\\/fr\\\/\",\"name\":\"Maddalena S.p.A.\",\"description\":\"Metering Expertise\",\"publisher\":{\"@id\":\"https:\\\/\\\/www.maddalena.it\\\/fr\\\/#organization\"},\"potentialAction\":[{\"@type\":\"SearchAction\",\"target\":{\"@type\":\"EntryPoint\",\"urlTemplate\":\"https:\\\/\\\/www.maddalena.it\\\/fr\\\/?s={search_term_string}\"},\"query-input\":{\"@type\":\"PropertyValueSpecification\",\"valueRequired\":true,\"valueName\":\"search_term_string\"}}],\"inLanguage\":\"fr-FR\"},{\"@type\":\"Organization\",\"@id\":\"https:\\\/\\\/www.maddalena.it\\\/fr\\\/#organization\",\"name\":\"Maddalena S.p.A.\",\"url\":\"https:\\\/\\\/www.maddalena.it\\\/fr\\\/\",\"logo\":{\"@type\":\"ImageObject\",\"inLanguage\":\"fr-FR\",\"@id\":\"https:\\\/\\\/www.maddalena.it\\\/fr\\\/#\\\/schema\\\/logo\\\/image\\\/\",\"url\":\"https:\\\/\\\/www.maddalena.it\\\/wp-content\\\/uploads\\\/2022\\\/04\\\/logo.svg\",\"contentUrl\":\"https:\\\/\\\/www.maddalena.it\\\/wp-content\\\/uploads\\\/2022\\\/04\\\/logo.svg\",\"caption\":\"Maddalena S.p.A.\"},\"image\":{\"@id\":\"https:\\\/\\\/www.maddalena.it\\\/fr\\\/#\\\/schema\\\/logo\\\/image\\\/\"}}]}<\/script>\n<!-- \/ Yoast SEO plugin. -->","yoast_head_json":{"title":"SJ PLUS-EVO - COMPTEUR \u00c0 JET UNIQUE SUPERDRY","description":"SJ PLUS\/EVO repr\u00e9sente la nouvelle g\u00e9n\u00e9ration de compteur \u00e0 jet unique pour usage r\u00e9sidentiel. La ligne de production automatis\u00e9e innovante combine une ca","robots":{"index":"index","follow":"follow","max-snippet":"max-snippet:-1","max-image-preview":"max-image-preview:large","max-video-preview":"max-video-preview:-1"},"canonical":"https:\/\/www.maddalena.it\/fr\/produit\/sj-plus-evo\/","og_locale":"fr_FR","og_type":"article","og_title":"SJ PLUS-EVO - COMPTEUR \u00c0 JET UNIQUE SUPERDRY","og_description":"SJ PLUS\/EVO repr\u00e9sente la nouvelle g\u00e9n\u00e9ration de compteur \u00e0 jet unique pour usage r\u00e9sidentiel. La ligne de production automatis\u00e9e innovante combine une ca","og_url":"https:\/\/www.maddalena.it\/fr\/produit\/sj-plus-evo\/","og_site_name":"Maddalena S.p.A.","article_modified_time":"2026-04-01T07:00:18+00:00","og_image":[{"width":1600,"height":1354,"url":"https:\/\/www.maddalena.it\/wp-content\/uploads\/catalog-image\/mecto-sj-evo-blu-3q.png","type":"image\/png"}],"twitter_card":"summary_large_image","schema":{"@context":"https:\/\/schema.org","@graph":[{"@type":"WebPage","@id":"https:\/\/www.maddalena.it\/fr\/produit\/sj-plus-evo\/","url":"https:\/\/www.maddalena.it\/fr\/produit\/sj-plus-evo\/","name":"SJ PLUS-EVO - COMPTEUR \u00c0 JET UNIQUE SUPERDRY","isPartOf":{"@id":"https:\/\/www.maddalena.it\/fr\/#website"},"primaryImageOfPage":{"@id":"https:\/\/www.maddalena.it\/fr\/produit\/sj-plus-evo\/#primaryimage"},"image":{"@id":"https:\/\/www.maddalena.it\/fr\/produit\/sj-plus-evo\/#primaryimage"},"thumbnailUrl":"https:\/\/www.maddalena.it\/wp-content\/uploads\/catalog-image\/mecto-sj-evo-blu-3q.png","datePublished":"2022-08-03T12:29:07+00:00","dateModified":"2026-04-01T07:00:18+00:00","description":"SJ PLUS\/EVO repr\u00e9sente la nouvelle g\u00e9n\u00e9ration de compteur \u00e0 jet unique pour usage r\u00e9sidentiel. La ligne de production automatis\u00e9e innovante combine une ca","breadcrumb":{"@id":"https:\/\/www.maddalena.it\/fr\/produit\/sj-plus-evo\/#breadcrumb"},"inLanguage":"fr-FR","potentialAction":[{"@type":"ReadAction","target":["https:\/\/www.maddalena.it\/fr\/produit\/sj-plus-evo\/"]}]},{"@type":"ImageObject","inLanguage":"fr-FR","@id":"https:\/\/www.maddalena.it\/fr\/produit\/sj-plus-evo\/#primaryimage","url":"https:\/\/www.maddalena.it\/wp-content\/uploads\/catalog-image\/mecto-sj-evo-blu-3q.png","contentUrl":"https:\/\/www.maddalena.it\/wp-content\/uploads\/catalog-image\/mecto-sj-evo-blu-3q.png","width":1600,"height":1354},{"@type":"BreadcrumbList","@id":"https:\/\/www.maddalena.it\/fr\/produit\/sj-plus-evo\/#breadcrumb","itemListElement":[{"@type":"ListItem","position":1,"name":"Home","item":"https:\/\/www.maddalena.it\/fr\/"},{"@type":"ListItem","position":2,"name":"Produits","item":"https:\/\/www.maddalena.it\/fr\/produit\/"},{"@type":"ListItem","position":3,"name":"Eau","item":"https:\/\/www.maddalena.it\/fr\/produits\/eau\/"},{"@type":"ListItem","position":4,"name":"MecTo","item":"https:\/\/www.maddalena.it\/fr\/produits\/mecto-fr\/"},{"@type":"ListItem","position":5,"name":"SJ PLUS-EVO"}]},{"@type":"WebSite","@id":"https:\/\/www.maddalena.it\/fr\/#website","url":"https:\/\/www.maddalena.it\/fr\/","name":"Maddalena S.p.A.","description":"Metering Expertise","publisher":{"@id":"https:\/\/www.maddalena.it\/fr\/#organization"},"potentialAction":[{"@type":"SearchAction","target":{"@type":"EntryPoint","urlTemplate":"https:\/\/www.maddalena.it\/fr\/?s={search_term_string}"},"query-input":{"@type":"PropertyValueSpecification","valueRequired":true,"valueName":"search_term_string"}}],"inLanguage":"fr-FR"},{"@type":"Organization","@id":"https:\/\/www.maddalena.it\/fr\/#organization","name":"Maddalena S.p.A.","url":"https:\/\/www.maddalena.it\/fr\/","logo":{"@type":"ImageObject","inLanguage":"fr-FR","@id":"https:\/\/www.maddalena.it\/fr\/#\/schema\/logo\/image\/","url":"https:\/\/www.maddalena.it\/wp-content\/uploads\/2022\/04\/logo.svg","contentUrl":"https:\/\/www.maddalena.it\/wp-content\/uploads\/2022\/04\/logo.svg","caption":"Maddalena S.p.A."},"image":{"@id":"https:\/\/www.maddalena.it\/fr\/#\/schema\/logo\/image\/"}}]}},"_links":{"self":[{"href":"https:\/\/www.maddalena.it\/fr\/wp-json\/wp\/v2\/product\/18585","targetHints":{"allow":["GET"]}}],"collection":[{"href":"https:\/\/www.maddalena.it\/fr\/wp-json\/wp\/v2\/product"}],"about":[{"href":"https:\/\/www.maddalena.it\/fr\/wp-json\/wp\/v2\/types\/product"}],"wp:featuredmedia":[{"embeddable":true,"href":"https:\/\/www.maddalena.it\/fr\/wp-json\/wp\/v2\/media\/15805"}],"wp:attachment":[{"href":"https:\/\/www.maddalena.it\/fr\/wp-json\/wp\/v2\/media?parent=18585"}],"wp:term":[{"taxonomy":"product_category","embeddable":true,"href":"https:\/\/www.maddalena.it\/fr\/wp-json\/wp\/v2\/product_category?post=18585"}],"curies":[{"name":"wp","href":"https:\/\/api.w.org\/{rel}","templated":true}]}}