{"id":18580,"date":"2022-08-03T14:29:08","date_gmt":"2022-08-03T12:29:08","guid":{"rendered":"http:\/\/www.maddalena.it\/?post_type=product&#038;p=18580"},"modified":"2023-09-26T22:01:27","modified_gmt":"2023-09-26T20:01:27","slug":"flow-limiter","status":"publish","type":"product","link":"https:\/\/www.maddalena.it\/fr\/produit\/flow-limiter\/","title":{"rendered":"FLOW LIMITER"},"content":{"rendered":"<p>Limiteur de d\u00e9bit \u00e0 rondelle modulante pour irrigation sans organes m\u00e9caniques en mouvement, avec de grands passages libres pour l\u2019\u00e9coulement d\u2019eau m\u00eame sale ou trouble ou avec des corps solides filiformes en suspension.<\/p>\n","protected":false},"excerpt":{"rendered":"<p>LIMITEUR DE D\u00c9BIT<\/p>\n","protected":false},"featured_media":1283,"menu_order":60,"template":"","meta":{"_acf_changed":false,"_lmt_disableupdate":"","_lmt_disable":""},"product_category":[129],"class_list":["post-18580","product","type-product","status-publish","has-post-thumbnail","hentry","product_category-irrigation"],"acf":[],"yoast_head":"<!-- This site is optimized with the Yoast SEO plugin v27.4 - https:\/\/yoast.com\/product\/yoast-seo-wordpress\/ -->\n<title>FLOW LIMITER - LIMITEUR DE D\u00c9BIT<\/title>\n<meta name=\"description\" content=\"Limiteur de d\u00e9bit \u00e0 rondelle modulante pour irrigation sans organes m\u00e9caniques en mouvement, avec de grands passages libres pour l\u2019\u00e9coulement d\u2019eau m\u00eam\" \/>\n<meta name=\"robots\" content=\"index, follow, max-snippet:-1, max-image-preview:large, max-video-preview:-1\" \/>\n<link rel=\"canonical\" href=\"https:\/\/www.maddalena.it\/fr\/produit\/flow-limiter\/\" \/>\n<meta property=\"og:locale\" content=\"fr_FR\" \/>\n<meta property=\"og:type\" content=\"article\" \/>\n<meta property=\"og:title\" content=\"FLOW LIMITER - LIMITEUR DE D\u00c9BIT\" \/>\n<meta property=\"og:description\" content=\"Limiteur de d\u00e9bit \u00e0 rondelle modulante pour irrigation sans organes m\u00e9caniques en mouvement, avec de grands passages libres pour l\u2019\u00e9coulement d\u2019eau m\u00eam\" \/>\n<meta property=\"og:url\" content=\"https:\/\/www.maddalena.it\/fr\/produit\/flow-limiter\/\" \/>\n<meta property=\"og:site_name\" content=\"Maddalena S.p.A.\" \/>\n<meta property=\"article:modified_time\" content=\"2023-09-26T20:01:27+00:00\" \/>\n<meta property=\"og:image\" content=\"https:\/\/www.maddalena.it\/wp-content\/uploads\/catalog-image\/irri-limitatore-3q.png\" \/>\n\t<meta property=\"og:image:width\" content=\"1600\" \/>\n\t<meta property=\"og:image:height\" content=\"1497\" \/>\n\t<meta property=\"og:image:type\" content=\"image\/png\" \/>\n<meta name=\"twitter:card\" content=\"summary_large_image\" \/>\n<script type=\"application\/ld+json\" class=\"yoast-schema-graph\">{\"@context\":\"https:\\\/\\\/schema.org\",\"@graph\":[{\"@type\":\"WebPage\",\"@id\":\"https:\\\/\\\/www.maddalena.it\\\/fr\\\/produit\\\/flow-limiter\\\/\",\"url\":\"https:\\\/\\\/www.maddalena.it\\\/fr\\\/produit\\\/flow-limiter\\\/\",\"name\":\"FLOW LIMITER - LIMITEUR DE D\u00c9BIT\",\"isPartOf\":{\"@id\":\"https:\\\/\\\/www.maddalena.it\\\/fr\\\/#website\"},\"primaryImageOfPage\":{\"@id\":\"https:\\\/\\\/www.maddalena.it\\\/fr\\\/produit\\\/flow-limiter\\\/#primaryimage\"},\"image\":{\"@id\":\"https:\\\/\\\/www.maddalena.it\\\/fr\\\/produit\\\/flow-limiter\\\/#primaryimage\"},\"thumbnailUrl\":\"https:\\\/\\\/www.maddalena.it\\\/wp-content\\\/uploads\\\/catalog-image\\\/irri-limitatore-3q.png\",\"datePublished\":\"2022-08-03T12:29:08+00:00\",\"dateModified\":\"2023-09-26T20:01:27+00:00\",\"description\":\"Limiteur de d\u00e9bit \u00e0 rondelle modulante pour irrigation sans organes m\u00e9caniques en mouvement, avec de grands passages libres pour l\u2019\u00e9coulement d\u2019eau m\u00eam\",\"breadcrumb\":{\"@id\":\"https:\\\/\\\/www.maddalena.it\\\/fr\\\/produit\\\/flow-limiter\\\/#breadcrumb\"},\"inLanguage\":\"fr-FR\",\"potentialAction\":[{\"@type\":\"ReadAction\",\"target\":[\"https:\\\/\\\/www.maddalena.it\\\/fr\\\/produit\\\/flow-limiter\\\/\"]}]},{\"@type\":\"ImageObject\",\"inLanguage\":\"fr-FR\",\"@id\":\"https:\\\/\\\/www.maddalena.it\\\/fr\\\/produit\\\/flow-limiter\\\/#primaryimage\",\"url\":\"https:\\\/\\\/www.maddalena.it\\\/wp-content\\\/uploads\\\/catalog-image\\\/irri-limitatore-3q.png\",\"contentUrl\":\"https:\\\/\\\/www.maddalena.it\\\/wp-content\\\/uploads\\\/catalog-image\\\/irri-limitatore-3q.png\",\"width\":1600,\"height\":1497,\"caption\":\"Irriguo\"},{\"@type\":\"BreadcrumbList\",\"@id\":\"https:\\\/\\\/www.maddalena.it\\\/fr\\\/produit\\\/flow-limiter\\\/#breadcrumb\",\"itemListElement\":[{\"@type\":\"ListItem\",\"position\":1,\"name\":\"Home\",\"item\":\"https:\\\/\\\/www.maddalena.it\\\/fr\\\/\"},{\"@type\":\"ListItem\",\"position\":2,\"name\":\"Produits\",\"item\":\"https:\\\/\\\/www.maddalena.it\\\/fr\\\/produit\\\/\"},{\"@type\":\"ListItem\",\"position\":3,\"name\":\"Instrumentation\",\"item\":\"https:\\\/\\\/www.maddalena.it\\\/fr\\\/produits\\\/instrumentation\\\/\"},{\"@type\":\"ListItem\",\"position\":4,\"name\":\"Irrigation\",\"item\":\"https:\\\/\\\/www.maddalena.it\\\/fr\\\/produits\\\/irrigation\\\/\"},{\"@type\":\"ListItem\",\"position\":5,\"name\":\"FLOW LIMITER\"}]},{\"@type\":\"WebSite\",\"@id\":\"https:\\\/\\\/www.maddalena.it\\\/fr\\\/#website\",\"url\":\"https:\\\/\\\/www.maddalena.it\\\/fr\\\/\",\"name\":\"Maddalena S.p.A.\",\"description\":\"Metering Expertise\",\"publisher\":{\"@id\":\"https:\\\/\\\/www.maddalena.it\\\/fr\\\/#organization\"},\"potentialAction\":[{\"@type\":\"SearchAction\",\"target\":{\"@type\":\"EntryPoint\",\"urlTemplate\":\"https:\\\/\\\/www.maddalena.it\\\/fr\\\/?s={search_term_string}\"},\"query-input\":{\"@type\":\"PropertyValueSpecification\",\"valueRequired\":true,\"valueName\":\"search_term_string\"}}],\"inLanguage\":\"fr-FR\"},{\"@type\":\"Organization\",\"@id\":\"https:\\\/\\\/www.maddalena.it\\\/fr\\\/#organization\",\"name\":\"Maddalena S.p.A.\",\"url\":\"https:\\\/\\\/www.maddalena.it\\\/fr\\\/\",\"logo\":{\"@type\":\"ImageObject\",\"inLanguage\":\"fr-FR\",\"@id\":\"https:\\\/\\\/www.maddalena.it\\\/fr\\\/#\\\/schema\\\/logo\\\/image\\\/\",\"url\":\"https:\\\/\\\/www.maddalena.it\\\/wp-content\\\/uploads\\\/2022\\\/04\\\/logo.svg\",\"contentUrl\":\"https:\\\/\\\/www.maddalena.it\\\/wp-content\\\/uploads\\\/2022\\\/04\\\/logo.svg\",\"caption\":\"Maddalena S.p.A.\"},\"image\":{\"@id\":\"https:\\\/\\\/www.maddalena.it\\\/fr\\\/#\\\/schema\\\/logo\\\/image\\\/\"}}]}<\/script>\n<!-- \/ Yoast SEO plugin. -->","yoast_head_json":{"title":"FLOW LIMITER - LIMITEUR DE D\u00c9BIT","description":"Limiteur de d\u00e9bit \u00e0 rondelle modulante pour irrigation sans organes m\u00e9caniques en mouvement, avec de grands passages libres pour l\u2019\u00e9coulement d\u2019eau m\u00eam","robots":{"index":"index","follow":"follow","max-snippet":"max-snippet:-1","max-image-preview":"max-image-preview:large","max-video-preview":"max-video-preview:-1"},"canonical":"https:\/\/www.maddalena.it\/fr\/produit\/flow-limiter\/","og_locale":"fr_FR","og_type":"article","og_title":"FLOW LIMITER - LIMITEUR DE D\u00c9BIT","og_description":"Limiteur de d\u00e9bit \u00e0 rondelle modulante pour irrigation sans organes m\u00e9caniques en mouvement, avec de grands passages libres pour l\u2019\u00e9coulement d\u2019eau m\u00eam","og_url":"https:\/\/www.maddalena.it\/fr\/produit\/flow-limiter\/","og_site_name":"Maddalena S.p.A.","article_modified_time":"2023-09-26T20:01:27+00:00","og_image":[{"width":1600,"height":1497,"url":"https:\/\/www.maddalena.it\/wp-content\/uploads\/catalog-image\/irri-limitatore-3q.png","type":"image\/png"}],"twitter_card":"summary_large_image","schema":{"@context":"https:\/\/schema.org","@graph":[{"@type":"WebPage","@id":"https:\/\/www.maddalena.it\/fr\/produit\/flow-limiter\/","url":"https:\/\/www.maddalena.it\/fr\/produit\/flow-limiter\/","name":"FLOW LIMITER - LIMITEUR DE D\u00c9BIT","isPartOf":{"@id":"https:\/\/www.maddalena.it\/fr\/#website"},"primaryImageOfPage":{"@id":"https:\/\/www.maddalena.it\/fr\/produit\/flow-limiter\/#primaryimage"},"image":{"@id":"https:\/\/www.maddalena.it\/fr\/produit\/flow-limiter\/#primaryimage"},"thumbnailUrl":"https:\/\/www.maddalena.it\/wp-content\/uploads\/catalog-image\/irri-limitatore-3q.png","datePublished":"2022-08-03T12:29:08+00:00","dateModified":"2023-09-26T20:01:27+00:00","description":"Limiteur de d\u00e9bit \u00e0 rondelle modulante pour irrigation sans organes m\u00e9caniques en mouvement, avec de grands passages libres pour l\u2019\u00e9coulement d\u2019eau m\u00eam","breadcrumb":{"@id":"https:\/\/www.maddalena.it\/fr\/produit\/flow-limiter\/#breadcrumb"},"inLanguage":"fr-FR","potentialAction":[{"@type":"ReadAction","target":["https:\/\/www.maddalena.it\/fr\/produit\/flow-limiter\/"]}]},{"@type":"ImageObject","inLanguage":"fr-FR","@id":"https:\/\/www.maddalena.it\/fr\/produit\/flow-limiter\/#primaryimage","url":"https:\/\/www.maddalena.it\/wp-content\/uploads\/catalog-image\/irri-limitatore-3q.png","contentUrl":"https:\/\/www.maddalena.it\/wp-content\/uploads\/catalog-image\/irri-limitatore-3q.png","width":1600,"height":1497,"caption":"Irriguo"},{"@type":"BreadcrumbList","@id":"https:\/\/www.maddalena.it\/fr\/produit\/flow-limiter\/#breadcrumb","itemListElement":[{"@type":"ListItem","position":1,"name":"Home","item":"https:\/\/www.maddalena.it\/fr\/"},{"@type":"ListItem","position":2,"name":"Produits","item":"https:\/\/www.maddalena.it\/fr\/produit\/"},{"@type":"ListItem","position":3,"name":"Instrumentation","item":"https:\/\/www.maddalena.it\/fr\/produits\/instrumentation\/"},{"@type":"ListItem","position":4,"name":"Irrigation","item":"https:\/\/www.maddalena.it\/fr\/produits\/irrigation\/"},{"@type":"ListItem","position":5,"name":"FLOW LIMITER"}]},{"@type":"WebSite","@id":"https:\/\/www.maddalena.it\/fr\/#website","url":"https:\/\/www.maddalena.it\/fr\/","name":"Maddalena S.p.A.","description":"Metering Expertise","publisher":{"@id":"https:\/\/www.maddalena.it\/fr\/#organization"},"potentialAction":[{"@type":"SearchAction","target":{"@type":"EntryPoint","urlTemplate":"https:\/\/www.maddalena.it\/fr\/?s={search_term_string}"},"query-input":{"@type":"PropertyValueSpecification","valueRequired":true,"valueName":"search_term_string"}}],"inLanguage":"fr-FR"},{"@type":"Organization","@id":"https:\/\/www.maddalena.it\/fr\/#organization","name":"Maddalena S.p.A.","url":"https:\/\/www.maddalena.it\/fr\/","logo":{"@type":"ImageObject","inLanguage":"fr-FR","@id":"https:\/\/www.maddalena.it\/fr\/#\/schema\/logo\/image\/","url":"https:\/\/www.maddalena.it\/wp-content\/uploads\/2022\/04\/logo.svg","contentUrl":"https:\/\/www.maddalena.it\/wp-content\/uploads\/2022\/04\/logo.svg","caption":"Maddalena S.p.A."},"image":{"@id":"https:\/\/www.maddalena.it\/fr\/#\/schema\/logo\/image\/"}}]}},"_links":{"self":[{"href":"https:\/\/www.maddalena.it\/fr\/wp-json\/wp\/v2\/product\/18580","targetHints":{"allow":["GET"]}}],"collection":[{"href":"https:\/\/www.maddalena.it\/fr\/wp-json\/wp\/v2\/product"}],"about":[{"href":"https:\/\/www.maddalena.it\/fr\/wp-json\/wp\/v2\/types\/product"}],"wp:featuredmedia":[{"embeddable":true,"href":"https:\/\/www.maddalena.it\/fr\/wp-json\/wp\/v2\/media\/1283"}],"wp:attachment":[{"href":"https:\/\/www.maddalena.it\/fr\/wp-json\/wp\/v2\/media?parent=18580"}],"wp:term":[{"taxonomy":"product_category","embeddable":true,"href":"https:\/\/www.maddalena.it\/fr\/wp-json\/wp\/v2\/product_category?post=18580"}],"curies":[{"name":"wp","href":"https:\/\/api.w.org\/{rel}","templated":true}]}}