{"id":18556,"date":"2022-08-03T14:29:10","date_gmt":"2022-08-03T12:29:10","guid":{"rendered":"http:\/\/www.maddalena.it\/?post_type=product&#038;p=18556"},"modified":"2023-09-26T21:03:44","modified_gmt":"2023-09-26T19:03:44","slug":"reed-switch-woltmann","status":"publish","type":"product","link":"https:\/\/www.maddalena.it\/fr\/produit\/reed-switch-woltmann\/","title":{"rendered":"REED SWITCH WOLTMANN"},"content":{"rendered":"<p>\u00c9metteur d\u2019impulsions reed switch, peut \u00eatre install\u00e9 dans un second temps sur des compteurs pr\u00e9-\u00e9quip\u00e9s permettant ainsi la communication avec les modules radio s\u00e9par\u00e9s.<\/p>\n","protected":false},"excerpt":{"rendered":"<p>\u00c9METTEUR D\u2019IMPULSIONS<\/p>\n","protected":false},"featured_media":2928,"menu_order":35,"template":"","meta":{"_acf_changed":false,"_lmt_disableupdate":"","_lmt_disable":""},"product_category":[97],"class_list":["post-18556","product","type-product","status-publish","has-post-thumbnail","hentry","product_category-cable-fr"],"acf":[],"yoast_head":"<!-- This site is optimized with the Yoast SEO plugin v27.5 - https:\/\/yoast.com\/product\/yoast-seo-wordpress\/ -->\n<title>REED SWITCH WOLTMANN - \u00c9METTEUR D\u2019IMPULSIONS<\/title>\n<meta name=\"description\" content=\"\u00c9metteur d\u2019impulsions reed switch, peut \u00eatre install\u00e9 dans un second temps sur des compteurs pr\u00e9-\u00e9quip\u00e9s permettant ainsi la communication avec les modu\" \/>\n<meta name=\"robots\" content=\"index, follow, max-snippet:-1, max-image-preview:large, max-video-preview:-1\" \/>\n<link rel=\"canonical\" href=\"https:\/\/www.maddalena.it\/fr\/produit\/reed-switch-woltmann\/\" \/>\n<meta property=\"og:locale\" content=\"fr_FR\" \/>\n<meta property=\"og:type\" content=\"article\" \/>\n<meta property=\"og:title\" content=\"REED SWITCH WOLTMANN - \u00c9METTEUR D\u2019IMPULSIONS\" \/>\n<meta property=\"og:description\" content=\"\u00c9metteur d\u2019impulsions reed switch, peut \u00eatre install\u00e9 dans un second temps sur des compteurs pr\u00e9-\u00e9quip\u00e9s permettant ainsi la communication avec les modu\" \/>\n<meta property=\"og:url\" content=\"https:\/\/www.maddalena.it\/fr\/produit\/reed-switch-woltmann\/\" \/>\n<meta property=\"og:site_name\" content=\"Maddalena S.p.A.\" \/>\n<meta property=\"article:modified_time\" content=\"2023-09-26T19:03:44+00:00\" \/>\n<meta property=\"og:image\" content=\"https:\/\/www.maddalena.it\/wp-content\/uploads\/catalog-image\/mdc-reedswitch-wmapevo.png\" \/>\n\t<meta property=\"og:image:width\" content=\"1600\" \/>\n\t<meta property=\"og:image:height\" content=\"1600\" \/>\n\t<meta property=\"og:image:type\" content=\"image\/png\" \/>\n<meta name=\"twitter:card\" content=\"summary_large_image\" \/>\n<script type=\"application\/ld+json\" class=\"yoast-schema-graph\">{\"@context\":\"https:\\\/\\\/schema.org\",\"@graph\":[{\"@type\":\"WebPage\",\"@id\":\"https:\\\/\\\/www.maddalena.it\\\/fr\\\/produit\\\/reed-switch-woltmann\\\/\",\"url\":\"https:\\\/\\\/www.maddalena.it\\\/fr\\\/produit\\\/reed-switch-woltmann\\\/\",\"name\":\"REED SWITCH WOLTMANN - \u00c9METTEUR D\u2019IMPULSIONS\",\"isPartOf\":{\"@id\":\"https:\\\/\\\/www.maddalena.it\\\/fr\\\/#website\"},\"primaryImageOfPage\":{\"@id\":\"https:\\\/\\\/www.maddalena.it\\\/fr\\\/produit\\\/reed-switch-woltmann\\\/#primaryimage\"},\"image\":{\"@id\":\"https:\\\/\\\/www.maddalena.it\\\/fr\\\/produit\\\/reed-switch-woltmann\\\/#primaryimage\"},\"thumbnailUrl\":\"https:\\\/\\\/www.maddalena.it\\\/wp-content\\\/uploads\\\/catalog-image\\\/mdc-reedswitch-wmapevo.png\",\"datePublished\":\"2022-08-03T12:29:10+00:00\",\"dateModified\":\"2023-09-26T19:03:44+00:00\",\"description\":\"\u00c9metteur d\u2019impulsions reed switch, peut \u00eatre install\u00e9 dans un second temps sur des compteurs pr\u00e9-\u00e9quip\u00e9s permettant ainsi la communication avec les modu\",\"breadcrumb\":{\"@id\":\"https:\\\/\\\/www.maddalena.it\\\/fr\\\/produit\\\/reed-switch-woltmann\\\/#breadcrumb\"},\"inLanguage\":\"fr-FR\",\"potentialAction\":[{\"@type\":\"ReadAction\",\"target\":[\"https:\\\/\\\/www.maddalena.it\\\/fr\\\/produit\\\/reed-switch-woltmann\\\/\"]}]},{\"@type\":\"ImageObject\",\"inLanguage\":\"fr-FR\",\"@id\":\"https:\\\/\\\/www.maddalena.it\\\/fr\\\/produit\\\/reed-switch-woltmann\\\/#primaryimage\",\"url\":\"https:\\\/\\\/www.maddalena.it\\\/wp-content\\\/uploads\\\/catalog-image\\\/mdc-reedswitch-wmapevo.png\",\"contentUrl\":\"https:\\\/\\\/www.maddalena.it\\\/wp-content\\\/uploads\\\/catalog-image\\\/mdc-reedswitch-wmapevo.png\",\"width\":1600,\"height\":1600,\"caption\":\"Cavo\"},{\"@type\":\"BreadcrumbList\",\"@id\":\"https:\\\/\\\/www.maddalena.it\\\/fr\\\/produit\\\/reed-switch-woltmann\\\/#breadcrumb\",\"itemListElement\":[{\"@type\":\"ListItem\",\"position\":1,\"name\":\"Home\",\"item\":\"https:\\\/\\\/www.maddalena.it\\\/fr\\\/\"},{\"@type\":\"ListItem\",\"position\":2,\"name\":\"Produits\",\"item\":\"https:\\\/\\\/www.maddalena.it\\\/fr\\\/produit\\\/\"},{\"@type\":\"ListItem\",\"position\":3,\"name\":\"Modules de communication\",\"item\":\"https:\\\/\\\/www.maddalena.it\\\/fr\\\/produits\\\/modules-de-communication\\\/\"},{\"@type\":\"ListItem\",\"position\":4,\"name\":\"C\u00e2ble\",\"item\":\"https:\\\/\\\/www.maddalena.it\\\/fr\\\/produits\\\/cable-fr\\\/\"},{\"@type\":\"ListItem\",\"position\":5,\"name\":\"REED SWITCH WOLTMANN\"}]},{\"@type\":\"WebSite\",\"@id\":\"https:\\\/\\\/www.maddalena.it\\\/fr\\\/#website\",\"url\":\"https:\\\/\\\/www.maddalena.it\\\/fr\\\/\",\"name\":\"Maddalena S.p.A.\",\"description\":\"Metering Expertise\",\"publisher\":{\"@id\":\"https:\\\/\\\/www.maddalena.it\\\/fr\\\/#organization\"},\"potentialAction\":[{\"@type\":\"SearchAction\",\"target\":{\"@type\":\"EntryPoint\",\"urlTemplate\":\"https:\\\/\\\/www.maddalena.it\\\/fr\\\/?s={search_term_string}\"},\"query-input\":{\"@type\":\"PropertyValueSpecification\",\"valueRequired\":true,\"valueName\":\"search_term_string\"}}],\"inLanguage\":\"fr-FR\"},{\"@type\":\"Organization\",\"@id\":\"https:\\\/\\\/www.maddalena.it\\\/fr\\\/#organization\",\"name\":\"Maddalena S.p.A.\",\"url\":\"https:\\\/\\\/www.maddalena.it\\\/fr\\\/\",\"logo\":{\"@type\":\"ImageObject\",\"inLanguage\":\"fr-FR\",\"@id\":\"https:\\\/\\\/www.maddalena.it\\\/fr\\\/#\\\/schema\\\/logo\\\/image\\\/\",\"url\":\"https:\\\/\\\/www.maddalena.it\\\/wp-content\\\/uploads\\\/2022\\\/04\\\/logo.svg\",\"contentUrl\":\"https:\\\/\\\/www.maddalena.it\\\/wp-content\\\/uploads\\\/2022\\\/04\\\/logo.svg\",\"caption\":\"Maddalena S.p.A.\"},\"image\":{\"@id\":\"https:\\\/\\\/www.maddalena.it\\\/fr\\\/#\\\/schema\\\/logo\\\/image\\\/\"}}]}<\/script>\n<!-- \/ Yoast SEO plugin. -->","yoast_head_json":{"title":"REED SWITCH WOLTMANN - \u00c9METTEUR D\u2019IMPULSIONS","description":"\u00c9metteur d\u2019impulsions reed switch, peut \u00eatre install\u00e9 dans un second temps sur des compteurs pr\u00e9-\u00e9quip\u00e9s permettant ainsi la communication avec les modu","robots":{"index":"index","follow":"follow","max-snippet":"max-snippet:-1","max-image-preview":"max-image-preview:large","max-video-preview":"max-video-preview:-1"},"canonical":"https:\/\/www.maddalena.it\/fr\/produit\/reed-switch-woltmann\/","og_locale":"fr_FR","og_type":"article","og_title":"REED SWITCH WOLTMANN - \u00c9METTEUR D\u2019IMPULSIONS","og_description":"\u00c9metteur d\u2019impulsions reed switch, peut \u00eatre install\u00e9 dans un second temps sur des compteurs pr\u00e9-\u00e9quip\u00e9s permettant ainsi la communication avec les modu","og_url":"https:\/\/www.maddalena.it\/fr\/produit\/reed-switch-woltmann\/","og_site_name":"Maddalena S.p.A.","article_modified_time":"2023-09-26T19:03:44+00:00","og_image":[{"width":1600,"height":1600,"url":"https:\/\/www.maddalena.it\/wp-content\/uploads\/catalog-image\/mdc-reedswitch-wmapevo.png","type":"image\/png"}],"twitter_card":"summary_large_image","schema":{"@context":"https:\/\/schema.org","@graph":[{"@type":"WebPage","@id":"https:\/\/www.maddalena.it\/fr\/produit\/reed-switch-woltmann\/","url":"https:\/\/www.maddalena.it\/fr\/produit\/reed-switch-woltmann\/","name":"REED SWITCH WOLTMANN - \u00c9METTEUR D\u2019IMPULSIONS","isPartOf":{"@id":"https:\/\/www.maddalena.it\/fr\/#website"},"primaryImageOfPage":{"@id":"https:\/\/www.maddalena.it\/fr\/produit\/reed-switch-woltmann\/#primaryimage"},"image":{"@id":"https:\/\/www.maddalena.it\/fr\/produit\/reed-switch-woltmann\/#primaryimage"},"thumbnailUrl":"https:\/\/www.maddalena.it\/wp-content\/uploads\/catalog-image\/mdc-reedswitch-wmapevo.png","datePublished":"2022-08-03T12:29:10+00:00","dateModified":"2023-09-26T19:03:44+00:00","description":"\u00c9metteur d\u2019impulsions reed switch, peut \u00eatre install\u00e9 dans un second temps sur des compteurs pr\u00e9-\u00e9quip\u00e9s permettant ainsi la communication avec les modu","breadcrumb":{"@id":"https:\/\/www.maddalena.it\/fr\/produit\/reed-switch-woltmann\/#breadcrumb"},"inLanguage":"fr-FR","potentialAction":[{"@type":"ReadAction","target":["https:\/\/www.maddalena.it\/fr\/produit\/reed-switch-woltmann\/"]}]},{"@type":"ImageObject","inLanguage":"fr-FR","@id":"https:\/\/www.maddalena.it\/fr\/produit\/reed-switch-woltmann\/#primaryimage","url":"https:\/\/www.maddalena.it\/wp-content\/uploads\/catalog-image\/mdc-reedswitch-wmapevo.png","contentUrl":"https:\/\/www.maddalena.it\/wp-content\/uploads\/catalog-image\/mdc-reedswitch-wmapevo.png","width":1600,"height":1600,"caption":"Cavo"},{"@type":"BreadcrumbList","@id":"https:\/\/www.maddalena.it\/fr\/produit\/reed-switch-woltmann\/#breadcrumb","itemListElement":[{"@type":"ListItem","position":1,"name":"Home","item":"https:\/\/www.maddalena.it\/fr\/"},{"@type":"ListItem","position":2,"name":"Produits","item":"https:\/\/www.maddalena.it\/fr\/produit\/"},{"@type":"ListItem","position":3,"name":"Modules de communication","item":"https:\/\/www.maddalena.it\/fr\/produits\/modules-de-communication\/"},{"@type":"ListItem","position":4,"name":"C\u00e2ble","item":"https:\/\/www.maddalena.it\/fr\/produits\/cable-fr\/"},{"@type":"ListItem","position":5,"name":"REED SWITCH WOLTMANN"}]},{"@type":"WebSite","@id":"https:\/\/www.maddalena.it\/fr\/#website","url":"https:\/\/www.maddalena.it\/fr\/","name":"Maddalena S.p.A.","description":"Metering Expertise","publisher":{"@id":"https:\/\/www.maddalena.it\/fr\/#organization"},"potentialAction":[{"@type":"SearchAction","target":{"@type":"EntryPoint","urlTemplate":"https:\/\/www.maddalena.it\/fr\/?s={search_term_string}"},"query-input":{"@type":"PropertyValueSpecification","valueRequired":true,"valueName":"search_term_string"}}],"inLanguage":"fr-FR"},{"@type":"Organization","@id":"https:\/\/www.maddalena.it\/fr\/#organization","name":"Maddalena S.p.A.","url":"https:\/\/www.maddalena.it\/fr\/","logo":{"@type":"ImageObject","inLanguage":"fr-FR","@id":"https:\/\/www.maddalena.it\/fr\/#\/schema\/logo\/image\/","url":"https:\/\/www.maddalena.it\/wp-content\/uploads\/2022\/04\/logo.svg","contentUrl":"https:\/\/www.maddalena.it\/wp-content\/uploads\/2022\/04\/logo.svg","caption":"Maddalena S.p.A."},"image":{"@id":"https:\/\/www.maddalena.it\/fr\/#\/schema\/logo\/image\/"}}]}},"_links":{"self":[{"href":"https:\/\/www.maddalena.it\/fr\/wp-json\/wp\/v2\/product\/18556","targetHints":{"allow":["GET"]}}],"collection":[{"href":"https:\/\/www.maddalena.it\/fr\/wp-json\/wp\/v2\/product"}],"about":[{"href":"https:\/\/www.maddalena.it\/fr\/wp-json\/wp\/v2\/types\/product"}],"wp:featuredmedia":[{"embeddable":true,"href":"https:\/\/www.maddalena.it\/fr\/wp-json\/wp\/v2\/media\/2928"}],"wp:attachment":[{"href":"https:\/\/www.maddalena.it\/fr\/wp-json\/wp\/v2\/media?parent=18556"}],"wp:term":[{"taxonomy":"product_category","embeddable":true,"href":"https:\/\/www.maddalena.it\/fr\/wp-json\/wp\/v2\/product_category?post=18556"}],"curies":[{"name":"wp","href":"https:\/\/api.w.org\/{rel}","templated":true}]}}