{"id":18548,"date":"2022-08-03T14:29:11","date_gmt":"2022-08-03T12:29:11","guid":{"rendered":"http:\/\/www.maddalena.it\/?post_type=product&#038;p=18548"},"modified":"2023-09-26T21:01:16","modified_gmt":"2023-09-26T19:01:16","slug":"kpteg","status":"publish","type":"product","link":"https:\/\/www.maddalena.it\/fr\/produit\/kpteg\/","title":{"rendered":"KPTEG"},"content":{"rendered":"<p>Paire de sondes de temp\u00e9rature au platine, certifi\u00e9es MI-004. Elles doivent \u00eatre connect\u00e9es \u00e0 l\u2019unit\u00e9 \u00e9lectronique pour la mesure de la diff\u00e9rence de temp\u00e9rature entr\u00e9e\/sortie. Associ\u00e9es \u00e0 l\u2019unit\u00e9 \u00e9lectronique et \u00e0 un compteur de d\u00e9bit elles constituent un compteur de chaleur.<\/p>\n","protected":false},"excerpt":{"rendered":"<p>SONDES \u00c0 R\u00c9SISTANCE DE PLATINE PT 500<\/p>\n","protected":false},"featured_media":1972,"menu_order":40,"template":"","meta":{"_acf_changed":false,"_lmt_disableupdate":"","_lmt_disable":""},"product_category":[89],"class_list":["post-18548","product","type-product","status-publish","has-post-thumbnail","hentry","product_category-compteurs-separe"],"acf":[],"yoast_head":"<!-- This site is optimized with the Yoast SEO plugin v27.4 - https:\/\/yoast.com\/product\/yoast-seo-wordpress\/ -->\n<title>KPTEG - SONDES \u00c0 R\u00c9SISTANCE DE PLATINE PT 500<\/title>\n<meta name=\"description\" content=\"Paire de sondes de temp\u00e9rature au platine, certifi\u00e9es MI-004. Elles doivent \u00eatre connect\u00e9es \u00e0 l\u2019unit\u00e9 \u00e9lectronique pour la mesure de la diff\u00e9rence de\" \/>\n<meta name=\"robots\" content=\"index, follow, max-snippet:-1, max-image-preview:large, max-video-preview:-1\" \/>\n<link rel=\"canonical\" href=\"https:\/\/www.maddalena.it\/fr\/produit\/kpteg\/\" \/>\n<meta property=\"og:locale\" content=\"fr_FR\" \/>\n<meta property=\"og:type\" content=\"article\" \/>\n<meta property=\"og:title\" content=\"KPTEG - SONDES \u00c0 R\u00c9SISTANCE DE PLATINE PT 500\" \/>\n<meta property=\"og:description\" content=\"Paire de sondes de temp\u00e9rature au platine, certifi\u00e9es MI-004. Elles doivent \u00eatre connect\u00e9es \u00e0 l\u2019unit\u00e9 \u00e9lectronique pour la mesure de la diff\u00e9rence de\" \/>\n<meta property=\"og:url\" content=\"https:\/\/www.maddalena.it\/fr\/produit\/kpteg\/\" \/>\n<meta property=\"og:site_name\" content=\"Maddalena S.p.A.\" \/>\n<meta property=\"article:modified_time\" content=\"2023-09-26T19:01:16+00:00\" \/>\n<meta property=\"og:image\" content=\"https:\/\/www.maddalena.it\/wp-content\/uploads\/catalog-image\/sonde-temperatura.png\" \/>\n\t<meta property=\"og:image:width\" content=\"1600\" \/>\n\t<meta property=\"og:image:height\" content=\"1201\" \/>\n\t<meta property=\"og:image:type\" content=\"image\/png\" \/>\n<meta name=\"twitter:card\" content=\"summary_large_image\" \/>\n<script type=\"application\/ld+json\" class=\"yoast-schema-graph\">{\"@context\":\"https:\\\/\\\/schema.org\",\"@graph\":[{\"@type\":\"WebPage\",\"@id\":\"https:\\\/\\\/www.maddalena.it\\\/fr\\\/produit\\\/kpteg\\\/\",\"url\":\"https:\\\/\\\/www.maddalena.it\\\/fr\\\/produit\\\/kpteg\\\/\",\"name\":\"KPTEG - SONDES \u00c0 R\u00c9SISTANCE DE PLATINE PT 500\",\"isPartOf\":{\"@id\":\"https:\\\/\\\/www.maddalena.it\\\/fr\\\/#website\"},\"primaryImageOfPage\":{\"@id\":\"https:\\\/\\\/www.maddalena.it\\\/fr\\\/produit\\\/kpteg\\\/#primaryimage\"},\"image\":{\"@id\":\"https:\\\/\\\/www.maddalena.it\\\/fr\\\/produit\\\/kpteg\\\/#primaryimage\"},\"thumbnailUrl\":\"https:\\\/\\\/www.maddalena.it\\\/wp-content\\\/uploads\\\/catalog-image\\\/sonde-temperatura.png\",\"datePublished\":\"2022-08-03T12:29:11+00:00\",\"dateModified\":\"2023-09-26T19:01:16+00:00\",\"description\":\"Paire de sondes de temp\u00e9rature au platine, certifi\u00e9es MI-004. Elles doivent \u00eatre connect\u00e9es \u00e0 l\u2019unit\u00e9 \u00e9lectronique pour la mesure de la diff\u00e9rence de\",\"breadcrumb\":{\"@id\":\"https:\\\/\\\/www.maddalena.it\\\/fr\\\/produit\\\/kpteg\\\/#breadcrumb\"},\"inLanguage\":\"fr-FR\",\"potentialAction\":[{\"@type\":\"ReadAction\",\"target\":[\"https:\\\/\\\/www.maddalena.it\\\/fr\\\/produit\\\/kpteg\\\/\"]}]},{\"@type\":\"ImageObject\",\"inLanguage\":\"fr-FR\",\"@id\":\"https:\\\/\\\/www.maddalena.it\\\/fr\\\/produit\\\/kpteg\\\/#primaryimage\",\"url\":\"https:\\\/\\\/www.maddalena.it\\\/wp-content\\\/uploads\\\/catalog-image\\\/sonde-temperatura.png\",\"contentUrl\":\"https:\\\/\\\/www.maddalena.it\\\/wp-content\\\/uploads\\\/catalog-image\\\/sonde-temperatura.png\",\"width\":1600,\"height\":1201,\"caption\":\"Separato\"},{\"@type\":\"BreadcrumbList\",\"@id\":\"https:\\\/\\\/www.maddalena.it\\\/fr\\\/produit\\\/kpteg\\\/#breadcrumb\",\"itemListElement\":[{\"@type\":\"ListItem\",\"position\":1,\"name\":\"Home\",\"item\":\"https:\\\/\\\/www.maddalena.it\\\/fr\\\/\"},{\"@type\":\"ListItem\",\"position\":2,\"name\":\"Produits\",\"item\":\"https:\\\/\\\/www.maddalena.it\\\/fr\\\/produit\\\/\"},{\"@type\":\"ListItem\",\"position\":3,\"name\":\"\u00c9nergie thermique\",\"item\":\"https:\\\/\\\/www.maddalena.it\\\/fr\\\/produits\\\/energie-thermique\\\/\"},{\"@type\":\"ListItem\",\"position\":4,\"name\":\"S\u00e9par\u00e9\",\"item\":\"https:\\\/\\\/www.maddalena.it\\\/fr\\\/produits\\\/compteurs-separe\\\/\"},{\"@type\":\"ListItem\",\"position\":5,\"name\":\"KPTEG\"}]},{\"@type\":\"WebSite\",\"@id\":\"https:\\\/\\\/www.maddalena.it\\\/fr\\\/#website\",\"url\":\"https:\\\/\\\/www.maddalena.it\\\/fr\\\/\",\"name\":\"Maddalena S.p.A.\",\"description\":\"Metering Expertise\",\"publisher\":{\"@id\":\"https:\\\/\\\/www.maddalena.it\\\/fr\\\/#organization\"},\"potentialAction\":[{\"@type\":\"SearchAction\",\"target\":{\"@type\":\"EntryPoint\",\"urlTemplate\":\"https:\\\/\\\/www.maddalena.it\\\/fr\\\/?s={search_term_string}\"},\"query-input\":{\"@type\":\"PropertyValueSpecification\",\"valueRequired\":true,\"valueName\":\"search_term_string\"}}],\"inLanguage\":\"fr-FR\"},{\"@type\":\"Organization\",\"@id\":\"https:\\\/\\\/www.maddalena.it\\\/fr\\\/#organization\",\"name\":\"Maddalena S.p.A.\",\"url\":\"https:\\\/\\\/www.maddalena.it\\\/fr\\\/\",\"logo\":{\"@type\":\"ImageObject\",\"inLanguage\":\"fr-FR\",\"@id\":\"https:\\\/\\\/www.maddalena.it\\\/fr\\\/#\\\/schema\\\/logo\\\/image\\\/\",\"url\":\"https:\\\/\\\/www.maddalena.it\\\/wp-content\\\/uploads\\\/2022\\\/04\\\/logo.svg\",\"contentUrl\":\"https:\\\/\\\/www.maddalena.it\\\/wp-content\\\/uploads\\\/2022\\\/04\\\/logo.svg\",\"caption\":\"Maddalena S.p.A.\"},\"image\":{\"@id\":\"https:\\\/\\\/www.maddalena.it\\\/fr\\\/#\\\/schema\\\/logo\\\/image\\\/\"}}]}<\/script>\n<!-- \/ Yoast SEO plugin. -->","yoast_head_json":{"title":"KPTEG - SONDES \u00c0 R\u00c9SISTANCE DE PLATINE PT 500","description":"Paire de sondes de temp\u00e9rature au platine, certifi\u00e9es MI-004. Elles doivent \u00eatre connect\u00e9es \u00e0 l\u2019unit\u00e9 \u00e9lectronique pour la mesure de la diff\u00e9rence de","robots":{"index":"index","follow":"follow","max-snippet":"max-snippet:-1","max-image-preview":"max-image-preview:large","max-video-preview":"max-video-preview:-1"},"canonical":"https:\/\/www.maddalena.it\/fr\/produit\/kpteg\/","og_locale":"fr_FR","og_type":"article","og_title":"KPTEG - SONDES \u00c0 R\u00c9SISTANCE DE PLATINE PT 500","og_description":"Paire de sondes de temp\u00e9rature au platine, certifi\u00e9es MI-004. Elles doivent \u00eatre connect\u00e9es \u00e0 l\u2019unit\u00e9 \u00e9lectronique pour la mesure de la diff\u00e9rence de","og_url":"https:\/\/www.maddalena.it\/fr\/produit\/kpteg\/","og_site_name":"Maddalena S.p.A.","article_modified_time":"2023-09-26T19:01:16+00:00","og_image":[{"width":1600,"height":1201,"url":"https:\/\/www.maddalena.it\/wp-content\/uploads\/catalog-image\/sonde-temperatura.png","type":"image\/png"}],"twitter_card":"summary_large_image","schema":{"@context":"https:\/\/schema.org","@graph":[{"@type":"WebPage","@id":"https:\/\/www.maddalena.it\/fr\/produit\/kpteg\/","url":"https:\/\/www.maddalena.it\/fr\/produit\/kpteg\/","name":"KPTEG - SONDES \u00c0 R\u00c9SISTANCE DE PLATINE PT 500","isPartOf":{"@id":"https:\/\/www.maddalena.it\/fr\/#website"},"primaryImageOfPage":{"@id":"https:\/\/www.maddalena.it\/fr\/produit\/kpteg\/#primaryimage"},"image":{"@id":"https:\/\/www.maddalena.it\/fr\/produit\/kpteg\/#primaryimage"},"thumbnailUrl":"https:\/\/www.maddalena.it\/wp-content\/uploads\/catalog-image\/sonde-temperatura.png","datePublished":"2022-08-03T12:29:11+00:00","dateModified":"2023-09-26T19:01:16+00:00","description":"Paire de sondes de temp\u00e9rature au platine, certifi\u00e9es MI-004. Elles doivent \u00eatre connect\u00e9es \u00e0 l\u2019unit\u00e9 \u00e9lectronique pour la mesure de la diff\u00e9rence de","breadcrumb":{"@id":"https:\/\/www.maddalena.it\/fr\/produit\/kpteg\/#breadcrumb"},"inLanguage":"fr-FR","potentialAction":[{"@type":"ReadAction","target":["https:\/\/www.maddalena.it\/fr\/produit\/kpteg\/"]}]},{"@type":"ImageObject","inLanguage":"fr-FR","@id":"https:\/\/www.maddalena.it\/fr\/produit\/kpteg\/#primaryimage","url":"https:\/\/www.maddalena.it\/wp-content\/uploads\/catalog-image\/sonde-temperatura.png","contentUrl":"https:\/\/www.maddalena.it\/wp-content\/uploads\/catalog-image\/sonde-temperatura.png","width":1600,"height":1201,"caption":"Separato"},{"@type":"BreadcrumbList","@id":"https:\/\/www.maddalena.it\/fr\/produit\/kpteg\/#breadcrumb","itemListElement":[{"@type":"ListItem","position":1,"name":"Home","item":"https:\/\/www.maddalena.it\/fr\/"},{"@type":"ListItem","position":2,"name":"Produits","item":"https:\/\/www.maddalena.it\/fr\/produit\/"},{"@type":"ListItem","position":3,"name":"\u00c9nergie thermique","item":"https:\/\/www.maddalena.it\/fr\/produits\/energie-thermique\/"},{"@type":"ListItem","position":4,"name":"S\u00e9par\u00e9","item":"https:\/\/www.maddalena.it\/fr\/produits\/compteurs-separe\/"},{"@type":"ListItem","position":5,"name":"KPTEG"}]},{"@type":"WebSite","@id":"https:\/\/www.maddalena.it\/fr\/#website","url":"https:\/\/www.maddalena.it\/fr\/","name":"Maddalena S.p.A.","description":"Metering Expertise","publisher":{"@id":"https:\/\/www.maddalena.it\/fr\/#organization"},"potentialAction":[{"@type":"SearchAction","target":{"@type":"EntryPoint","urlTemplate":"https:\/\/www.maddalena.it\/fr\/?s={search_term_string}"},"query-input":{"@type":"PropertyValueSpecification","valueRequired":true,"valueName":"search_term_string"}}],"inLanguage":"fr-FR"},{"@type":"Organization","@id":"https:\/\/www.maddalena.it\/fr\/#organization","name":"Maddalena S.p.A.","url":"https:\/\/www.maddalena.it\/fr\/","logo":{"@type":"ImageObject","inLanguage":"fr-FR","@id":"https:\/\/www.maddalena.it\/fr\/#\/schema\/logo\/image\/","url":"https:\/\/www.maddalena.it\/wp-content\/uploads\/2022\/04\/logo.svg","contentUrl":"https:\/\/www.maddalena.it\/wp-content\/uploads\/2022\/04\/logo.svg","caption":"Maddalena S.p.A."},"image":{"@id":"https:\/\/www.maddalena.it\/fr\/#\/schema\/logo\/image\/"}}]}},"_links":{"self":[{"href":"https:\/\/www.maddalena.it\/fr\/wp-json\/wp\/v2\/product\/18548","targetHints":{"allow":["GET"]}}],"collection":[{"href":"https:\/\/www.maddalena.it\/fr\/wp-json\/wp\/v2\/product"}],"about":[{"href":"https:\/\/www.maddalena.it\/fr\/wp-json\/wp\/v2\/types\/product"}],"wp:featuredmedia":[{"embeddable":true,"href":"https:\/\/www.maddalena.it\/fr\/wp-json\/wp\/v2\/media\/1972"}],"wp:attachment":[{"href":"https:\/\/www.maddalena.it\/fr\/wp-json\/wp\/v2\/media?parent=18548"}],"wp:term":[{"taxonomy":"product_category","embeddable":true,"href":"https:\/\/www.maddalena.it\/fr\/wp-json\/wp\/v2\/product_category?post=18548"}],"curies":[{"name":"wp","href":"https:\/\/api.w.org\/{rel}","templated":true}]}}