{"id":18544,"date":"2022-08-03T14:29:11","date_gmt":"2022-08-03T12:29:11","guid":{"rendered":"http:\/\/www.maddalena.it\/?post_type=product&#038;p=18544"},"modified":"2023-09-26T21:01:24","modified_gmt":"2023-09-26T19:01:24","slug":"kus","status":"publish","type":"product","link":"https:\/\/www.maddalena.it\/fr\/produit\/kus\/","title":{"rendered":"KUS"},"content":{"rendered":"<p>Le manchon KUS est un accessoire s\u00e9par\u00e9 pour les installations industrielles qui op\u00e8rent \u00e0 haute temp\u00e9rature et pour les calibres du DN 40 au DN 100. Il est adapt\u00e9 \u00e0 l\u2019emploi dans des r\u00e9seaux de chaleur avec une temp\u00e9rature de l\u2019eau jusqu\u2019\u00e0 150\u00b0C.<\/p>\n","protected":false},"excerpt":{"rendered":"<p>COMPTEUR \u00c0 ULTRASONS<\/p>\n","protected":false},"featured_media":1908,"menu_order":41,"template":"","meta":{"_acf_changed":false,"_lmt_disableupdate":"","_lmt_disable":""},"product_category":[89],"class_list":["post-18544","product","type-product","status-publish","has-post-thumbnail","hentry","product_category-compteurs-separe"],"acf":[],"yoast_head":"<!-- This site is optimized with the Yoast SEO plugin v27.5 - https:\/\/yoast.com\/product\/yoast-seo-wordpress\/ -->\n<title>KUS - COMPTEUR \u00c0 ULTRASONS<\/title>\n<meta name=\"description\" content=\"Le manchon KUS est un accessoire s\u00e9par\u00e9 pour les installations industrielles qui op\u00e8rent \u00e0 haute temp\u00e9rature et pour les calibres du DN 40 au DN 100. Il es\" \/>\n<meta name=\"robots\" content=\"index, follow, max-snippet:-1, max-image-preview:large, max-video-preview:-1\" \/>\n<link rel=\"canonical\" href=\"https:\/\/www.maddalena.it\/fr\/produit\/kus\/\" \/>\n<meta property=\"og:locale\" content=\"fr_FR\" \/>\n<meta property=\"og:type\" content=\"article\" \/>\n<meta property=\"og:title\" content=\"KUS - COMPTEUR \u00c0 ULTRASONS\" \/>\n<meta property=\"og:description\" content=\"Le manchon KUS est un accessoire s\u00e9par\u00e9 pour les installations industrielles qui op\u00e8rent \u00e0 haute temp\u00e9rature et pour les calibres du DN 40 au DN 100. Il es\" \/>\n<meta property=\"og:url\" content=\"https:\/\/www.maddalena.it\/fr\/produit\/kus\/\" \/>\n<meta property=\"og:site_name\" content=\"Maddalena S.p.A.\" \/>\n<meta property=\"article:modified_time\" content=\"2023-09-26T19:01:24+00:00\" \/>\n<meta property=\"og:image\" content=\"https:\/\/www.maddalena.it\/wp-content\/uploads\/catalog-image\/kus-3q.png\" \/>\n\t<meta property=\"og:image:width\" content=\"1600\" \/>\n\t<meta property=\"og:image:height\" content=\"1201\" \/>\n\t<meta property=\"og:image:type\" content=\"image\/png\" \/>\n<meta name=\"twitter:card\" content=\"summary_large_image\" \/>\n<script type=\"application\/ld+json\" class=\"yoast-schema-graph\">{\"@context\":\"https:\\\/\\\/schema.org\",\"@graph\":[{\"@type\":\"WebPage\",\"@id\":\"https:\\\/\\\/www.maddalena.it\\\/fr\\\/produit\\\/kus\\\/\",\"url\":\"https:\\\/\\\/www.maddalena.it\\\/fr\\\/produit\\\/kus\\\/\",\"name\":\"KUS - COMPTEUR \u00c0 ULTRASONS\",\"isPartOf\":{\"@id\":\"https:\\\/\\\/www.maddalena.it\\\/fr\\\/#website\"},\"primaryImageOfPage\":{\"@id\":\"https:\\\/\\\/www.maddalena.it\\\/fr\\\/produit\\\/kus\\\/#primaryimage\"},\"image\":{\"@id\":\"https:\\\/\\\/www.maddalena.it\\\/fr\\\/produit\\\/kus\\\/#primaryimage\"},\"thumbnailUrl\":\"https:\\\/\\\/www.maddalena.it\\\/wp-content\\\/uploads\\\/catalog-image\\\/kus-3q.png\",\"datePublished\":\"2022-08-03T12:29:11+00:00\",\"dateModified\":\"2023-09-26T19:01:24+00:00\",\"description\":\"Le manchon KUS est un accessoire s\u00e9par\u00e9 pour les installations industrielles qui op\u00e8rent \u00e0 haute temp\u00e9rature et pour les calibres du DN 40 au DN 100. Il es\",\"breadcrumb\":{\"@id\":\"https:\\\/\\\/www.maddalena.it\\\/fr\\\/produit\\\/kus\\\/#breadcrumb\"},\"inLanguage\":\"fr-FR\",\"potentialAction\":[{\"@type\":\"ReadAction\",\"target\":[\"https:\\\/\\\/www.maddalena.it\\\/fr\\\/produit\\\/kus\\\/\"]}]},{\"@type\":\"ImageObject\",\"inLanguage\":\"fr-FR\",\"@id\":\"https:\\\/\\\/www.maddalena.it\\\/fr\\\/produit\\\/kus\\\/#primaryimage\",\"url\":\"https:\\\/\\\/www.maddalena.it\\\/wp-content\\\/uploads\\\/catalog-image\\\/kus-3q.png\",\"contentUrl\":\"https:\\\/\\\/www.maddalena.it\\\/wp-content\\\/uploads\\\/catalog-image\\\/kus-3q.png\",\"width\":1600,\"height\":1201,\"caption\":\"Separato\"},{\"@type\":\"BreadcrumbList\",\"@id\":\"https:\\\/\\\/www.maddalena.it\\\/fr\\\/produit\\\/kus\\\/#breadcrumb\",\"itemListElement\":[{\"@type\":\"ListItem\",\"position\":1,\"name\":\"Home\",\"item\":\"https:\\\/\\\/www.maddalena.it\\\/fr\\\/\"},{\"@type\":\"ListItem\",\"position\":2,\"name\":\"Produits\",\"item\":\"https:\\\/\\\/www.maddalena.it\\\/fr\\\/produit\\\/\"},{\"@type\":\"ListItem\",\"position\":3,\"name\":\"\u00c9nergie thermique\",\"item\":\"https:\\\/\\\/www.maddalena.it\\\/fr\\\/produits\\\/energie-thermique\\\/\"},{\"@type\":\"ListItem\",\"position\":4,\"name\":\"S\u00e9par\u00e9\",\"item\":\"https:\\\/\\\/www.maddalena.it\\\/fr\\\/produits\\\/compteurs-separe\\\/\"},{\"@type\":\"ListItem\",\"position\":5,\"name\":\"KUS\"}]},{\"@type\":\"WebSite\",\"@id\":\"https:\\\/\\\/www.maddalena.it\\\/fr\\\/#website\",\"url\":\"https:\\\/\\\/www.maddalena.it\\\/fr\\\/\",\"name\":\"Maddalena S.p.A.\",\"description\":\"Metering Expertise\",\"publisher\":{\"@id\":\"https:\\\/\\\/www.maddalena.it\\\/fr\\\/#organization\"},\"potentialAction\":[{\"@type\":\"SearchAction\",\"target\":{\"@type\":\"EntryPoint\",\"urlTemplate\":\"https:\\\/\\\/www.maddalena.it\\\/fr\\\/?s={search_term_string}\"},\"query-input\":{\"@type\":\"PropertyValueSpecification\",\"valueRequired\":true,\"valueName\":\"search_term_string\"}}],\"inLanguage\":\"fr-FR\"},{\"@type\":\"Organization\",\"@id\":\"https:\\\/\\\/www.maddalena.it\\\/fr\\\/#organization\",\"name\":\"Maddalena S.p.A.\",\"url\":\"https:\\\/\\\/www.maddalena.it\\\/fr\\\/\",\"logo\":{\"@type\":\"ImageObject\",\"inLanguage\":\"fr-FR\",\"@id\":\"https:\\\/\\\/www.maddalena.it\\\/fr\\\/#\\\/schema\\\/logo\\\/image\\\/\",\"url\":\"https:\\\/\\\/www.maddalena.it\\\/wp-content\\\/uploads\\\/2022\\\/04\\\/logo.svg\",\"contentUrl\":\"https:\\\/\\\/www.maddalena.it\\\/wp-content\\\/uploads\\\/2022\\\/04\\\/logo.svg\",\"caption\":\"Maddalena S.p.A.\"},\"image\":{\"@id\":\"https:\\\/\\\/www.maddalena.it\\\/fr\\\/#\\\/schema\\\/logo\\\/image\\\/\"}}]}<\/script>\n<!-- \/ Yoast SEO plugin. -->","yoast_head_json":{"title":"KUS - COMPTEUR \u00c0 ULTRASONS","description":"Le manchon KUS est un accessoire s\u00e9par\u00e9 pour les installations industrielles qui op\u00e8rent \u00e0 haute temp\u00e9rature et pour les calibres du DN 40 au DN 100. Il es","robots":{"index":"index","follow":"follow","max-snippet":"max-snippet:-1","max-image-preview":"max-image-preview:large","max-video-preview":"max-video-preview:-1"},"canonical":"https:\/\/www.maddalena.it\/fr\/produit\/kus\/","og_locale":"fr_FR","og_type":"article","og_title":"KUS - COMPTEUR \u00c0 ULTRASONS","og_description":"Le manchon KUS est un accessoire s\u00e9par\u00e9 pour les installations industrielles qui op\u00e8rent \u00e0 haute temp\u00e9rature et pour les calibres du DN 40 au DN 100. Il es","og_url":"https:\/\/www.maddalena.it\/fr\/produit\/kus\/","og_site_name":"Maddalena S.p.A.","article_modified_time":"2023-09-26T19:01:24+00:00","og_image":[{"width":1600,"height":1201,"url":"https:\/\/www.maddalena.it\/wp-content\/uploads\/catalog-image\/kus-3q.png","type":"image\/png"}],"twitter_card":"summary_large_image","schema":{"@context":"https:\/\/schema.org","@graph":[{"@type":"WebPage","@id":"https:\/\/www.maddalena.it\/fr\/produit\/kus\/","url":"https:\/\/www.maddalena.it\/fr\/produit\/kus\/","name":"KUS - COMPTEUR \u00c0 ULTRASONS","isPartOf":{"@id":"https:\/\/www.maddalena.it\/fr\/#website"},"primaryImageOfPage":{"@id":"https:\/\/www.maddalena.it\/fr\/produit\/kus\/#primaryimage"},"image":{"@id":"https:\/\/www.maddalena.it\/fr\/produit\/kus\/#primaryimage"},"thumbnailUrl":"https:\/\/www.maddalena.it\/wp-content\/uploads\/catalog-image\/kus-3q.png","datePublished":"2022-08-03T12:29:11+00:00","dateModified":"2023-09-26T19:01:24+00:00","description":"Le manchon KUS est un accessoire s\u00e9par\u00e9 pour les installations industrielles qui op\u00e8rent \u00e0 haute temp\u00e9rature et pour les calibres du DN 40 au DN 100. Il es","breadcrumb":{"@id":"https:\/\/www.maddalena.it\/fr\/produit\/kus\/#breadcrumb"},"inLanguage":"fr-FR","potentialAction":[{"@type":"ReadAction","target":["https:\/\/www.maddalena.it\/fr\/produit\/kus\/"]}]},{"@type":"ImageObject","inLanguage":"fr-FR","@id":"https:\/\/www.maddalena.it\/fr\/produit\/kus\/#primaryimage","url":"https:\/\/www.maddalena.it\/wp-content\/uploads\/catalog-image\/kus-3q.png","contentUrl":"https:\/\/www.maddalena.it\/wp-content\/uploads\/catalog-image\/kus-3q.png","width":1600,"height":1201,"caption":"Separato"},{"@type":"BreadcrumbList","@id":"https:\/\/www.maddalena.it\/fr\/produit\/kus\/#breadcrumb","itemListElement":[{"@type":"ListItem","position":1,"name":"Home","item":"https:\/\/www.maddalena.it\/fr\/"},{"@type":"ListItem","position":2,"name":"Produits","item":"https:\/\/www.maddalena.it\/fr\/produit\/"},{"@type":"ListItem","position":3,"name":"\u00c9nergie thermique","item":"https:\/\/www.maddalena.it\/fr\/produits\/energie-thermique\/"},{"@type":"ListItem","position":4,"name":"S\u00e9par\u00e9","item":"https:\/\/www.maddalena.it\/fr\/produits\/compteurs-separe\/"},{"@type":"ListItem","position":5,"name":"KUS"}]},{"@type":"WebSite","@id":"https:\/\/www.maddalena.it\/fr\/#website","url":"https:\/\/www.maddalena.it\/fr\/","name":"Maddalena S.p.A.","description":"Metering Expertise","publisher":{"@id":"https:\/\/www.maddalena.it\/fr\/#organization"},"potentialAction":[{"@type":"SearchAction","target":{"@type":"EntryPoint","urlTemplate":"https:\/\/www.maddalena.it\/fr\/?s={search_term_string}"},"query-input":{"@type":"PropertyValueSpecification","valueRequired":true,"valueName":"search_term_string"}}],"inLanguage":"fr-FR"},{"@type":"Organization","@id":"https:\/\/www.maddalena.it\/fr\/#organization","name":"Maddalena S.p.A.","url":"https:\/\/www.maddalena.it\/fr\/","logo":{"@type":"ImageObject","inLanguage":"fr-FR","@id":"https:\/\/www.maddalena.it\/fr\/#\/schema\/logo\/image\/","url":"https:\/\/www.maddalena.it\/wp-content\/uploads\/2022\/04\/logo.svg","contentUrl":"https:\/\/www.maddalena.it\/wp-content\/uploads\/2022\/04\/logo.svg","caption":"Maddalena S.p.A."},"image":{"@id":"https:\/\/www.maddalena.it\/fr\/#\/schema\/logo\/image\/"}}]}},"_links":{"self":[{"href":"https:\/\/www.maddalena.it\/fr\/wp-json\/wp\/v2\/product\/18544","targetHints":{"allow":["GET"]}}],"collection":[{"href":"https:\/\/www.maddalena.it\/fr\/wp-json\/wp\/v2\/product"}],"about":[{"href":"https:\/\/www.maddalena.it\/fr\/wp-json\/wp\/v2\/types\/product"}],"wp:featuredmedia":[{"embeddable":true,"href":"https:\/\/www.maddalena.it\/fr\/wp-json\/wp\/v2\/media\/1908"}],"wp:attachment":[{"href":"https:\/\/www.maddalena.it\/fr\/wp-json\/wp\/v2\/media?parent=18544"}],"wp:term":[{"taxonomy":"product_category","embeddable":true,"href":"https:\/\/www.maddalena.it\/fr\/wp-json\/wp\/v2\/product_category?post=18544"}],"curies":[{"name":"wp","href":"https:\/\/api.w.org\/{rel}","templated":true}]}}