{"id":18540,"date":"2022-08-03T14:29:11","date_gmt":"2022-08-03T12:29:11","guid":{"rendered":"http:\/\/www.maddalena.it\/?post_type=product&#038;p=18540"},"modified":"2025-02-25T13:00:11","modified_gmt":"2025-02-25T12:00:11","slug":"kdsgw","status":"publish","type":"product","link":"https:\/\/www.maddalena.it\/fr\/produit\/kdsgw\/","title":{"rendered":"KDSGW"},"content":{"rendered":"<p>KDSGW est un compteur m\u00e9canique con\u00e7u pour les eaux difficiles avec des temp\u00e9ratures jusqu\u2019\u00e0 130 \u00b0C. KDSGW repr\u00e9sente l\u2019\u00e9l\u00e9ment primaire id\u00e9al pour un calorim\u00e8tre s\u00e9par\u00e9, associ\u00e9 \u00e0 une unit\u00e9 \u00e9lectronique s\u00e9par\u00e9e et \u00e0 une paire de sondes. Disponibilit\u00e9 d\u2019une gamme compl\u00e8te de compteurs \u00e0 jet multiple, du DN 15 au DN 50.<\/p>\n","protected":false},"excerpt":{"rendered":"<p>COMPTEUR \u00c0 JET MULTIPLE, SUPER DRY, \u00c0 TRANSMISSION MAGN\u00c9TIQUE<\/p>\n","protected":false},"featured_media":2513,"menu_order":43,"template":"","meta":{"_acf_changed":false,"_lmt_disableupdate":"","_lmt_disable":""},"product_category":[89],"class_list":["post-18540","product","type-product","status-publish","has-post-thumbnail","hentry","product_category-compteurs-separe"],"acf":[],"yoast_head":"<!-- This site is optimized with the Yoast SEO plugin v27.5 - https:\/\/yoast.com\/product\/yoast-seo-wordpress\/ -->\n<title>KDSGW - COMPTEUR \u00c0 JET MULTIPLE, SUPER DRY, \u00c0 TRANSMISSION MAGN\u00c9TIQUE<\/title>\n<meta name=\"description\" content=\"KDSGW est un compteur m\u00e9canique con\u00e7u pour les eaux difficiles avec des temp\u00e9ratures jusqu\u2019\u00e0 130 \u00b0C. KDSGW repr\u00e9sente l\u2019\u00e9l\u00e9ment primaire id\u00e9al pour\" \/>\n<meta name=\"robots\" content=\"index, follow, max-snippet:-1, max-image-preview:large, max-video-preview:-1\" \/>\n<link rel=\"canonical\" href=\"https:\/\/www.maddalena.it\/fr\/produit\/kdsgw\/\" \/>\n<meta property=\"og:locale\" content=\"fr_FR\" \/>\n<meta property=\"og:type\" content=\"article\" \/>\n<meta property=\"og:title\" content=\"KDSGW - COMPTEUR \u00c0 JET MULTIPLE, SUPER DRY, \u00c0 TRANSMISSION MAGN\u00c9TIQUE\" \/>\n<meta property=\"og:description\" content=\"KDSGW est un compteur m\u00e9canique con\u00e7u pour les eaux difficiles avec des temp\u00e9ratures jusqu\u2019\u00e0 130 \u00b0C. KDSGW repr\u00e9sente l\u2019\u00e9l\u00e9ment primaire id\u00e9al pour\" \/>\n<meta property=\"og:url\" content=\"https:\/\/www.maddalena.it\/fr\/produit\/kdsgw\/\" \/>\n<meta property=\"og:site_name\" content=\"Maddalena S.p.A.\" \/>\n<meta property=\"article:modified_time\" content=\"2025-02-25T12:00:11+00:00\" \/>\n<meta property=\"og:image\" content=\"https:\/\/www.maddalena.it\/wp-content\/uploads\/catalog-image\/mecto-dsmth130.png\" \/>\n\t<meta property=\"og:image:width\" content=\"1600\" \/>\n\t<meta property=\"og:image:height\" content=\"1067\" \/>\n\t<meta property=\"og:image:type\" content=\"image\/png\" \/>\n<meta name=\"twitter:card\" content=\"summary_large_image\" \/>\n<script type=\"application\/ld+json\" class=\"yoast-schema-graph\">{\"@context\":\"https:\\\/\\\/schema.org\",\"@graph\":[{\"@type\":\"WebPage\",\"@id\":\"https:\\\/\\\/www.maddalena.it\\\/fr\\\/produit\\\/kdsgw\\\/\",\"url\":\"https:\\\/\\\/www.maddalena.it\\\/fr\\\/produit\\\/kdsgw\\\/\",\"name\":\"KDSGW - COMPTEUR \u00c0 JET MULTIPLE, SUPER DRY, \u00c0 TRANSMISSION MAGN\u00c9TIQUE\",\"isPartOf\":{\"@id\":\"https:\\\/\\\/www.maddalena.it\\\/fr\\\/#website\"},\"primaryImageOfPage\":{\"@id\":\"https:\\\/\\\/www.maddalena.it\\\/fr\\\/produit\\\/kdsgw\\\/#primaryimage\"},\"image\":{\"@id\":\"https:\\\/\\\/www.maddalena.it\\\/fr\\\/produit\\\/kdsgw\\\/#primaryimage\"},\"thumbnailUrl\":\"https:\\\/\\\/www.maddalena.it\\\/wp-content\\\/uploads\\\/catalog-image\\\/mecto-dsmth130.png\",\"datePublished\":\"2022-08-03T12:29:11+00:00\",\"dateModified\":\"2025-02-25T12:00:11+00:00\",\"description\":\"KDSGW est un compteur m\u00e9canique con\u00e7u pour les eaux difficiles avec des temp\u00e9ratures jusqu\u2019\u00e0 130 \u00b0C. KDSGW repr\u00e9sente l\u2019\u00e9l\u00e9ment primaire id\u00e9al pour\",\"breadcrumb\":{\"@id\":\"https:\\\/\\\/www.maddalena.it\\\/fr\\\/produit\\\/kdsgw\\\/#breadcrumb\"},\"inLanguage\":\"fr-FR\",\"potentialAction\":[{\"@type\":\"ReadAction\",\"target\":[\"https:\\\/\\\/www.maddalena.it\\\/fr\\\/produit\\\/kdsgw\\\/\"]}]},{\"@type\":\"ImageObject\",\"inLanguage\":\"fr-FR\",\"@id\":\"https:\\\/\\\/www.maddalena.it\\\/fr\\\/produit\\\/kdsgw\\\/#primaryimage\",\"url\":\"https:\\\/\\\/www.maddalena.it\\\/wp-content\\\/uploads\\\/catalog-image\\\/mecto-dsmth130.png\",\"contentUrl\":\"https:\\\/\\\/www.maddalena.it\\\/wp-content\\\/uploads\\\/catalog-image\\\/mecto-dsmth130.png\",\"width\":1600,\"height\":1067,\"caption\":\"Separato\"},{\"@type\":\"BreadcrumbList\",\"@id\":\"https:\\\/\\\/www.maddalena.it\\\/fr\\\/produit\\\/kdsgw\\\/#breadcrumb\",\"itemListElement\":[{\"@type\":\"ListItem\",\"position\":1,\"name\":\"Home\",\"item\":\"https:\\\/\\\/www.maddalena.it\\\/fr\\\/\"},{\"@type\":\"ListItem\",\"position\":2,\"name\":\"Produits\",\"item\":\"https:\\\/\\\/www.maddalena.it\\\/fr\\\/produit\\\/\"},{\"@type\":\"ListItem\",\"position\":3,\"name\":\"\u00c9nergie thermique\",\"item\":\"https:\\\/\\\/www.maddalena.it\\\/fr\\\/produits\\\/energie-thermique\\\/\"},{\"@type\":\"ListItem\",\"position\":4,\"name\":\"S\u00e9par\u00e9\",\"item\":\"https:\\\/\\\/www.maddalena.it\\\/fr\\\/produits\\\/compteurs-separe\\\/\"},{\"@type\":\"ListItem\",\"position\":5,\"name\":\"KDSGW\"}]},{\"@type\":\"WebSite\",\"@id\":\"https:\\\/\\\/www.maddalena.it\\\/fr\\\/#website\",\"url\":\"https:\\\/\\\/www.maddalena.it\\\/fr\\\/\",\"name\":\"Maddalena S.p.A.\",\"description\":\"Metering Expertise\",\"publisher\":{\"@id\":\"https:\\\/\\\/www.maddalena.it\\\/fr\\\/#organization\"},\"potentialAction\":[{\"@type\":\"SearchAction\",\"target\":{\"@type\":\"EntryPoint\",\"urlTemplate\":\"https:\\\/\\\/www.maddalena.it\\\/fr\\\/?s={search_term_string}\"},\"query-input\":{\"@type\":\"PropertyValueSpecification\",\"valueRequired\":true,\"valueName\":\"search_term_string\"}}],\"inLanguage\":\"fr-FR\"},{\"@type\":\"Organization\",\"@id\":\"https:\\\/\\\/www.maddalena.it\\\/fr\\\/#organization\",\"name\":\"Maddalena S.p.A.\",\"url\":\"https:\\\/\\\/www.maddalena.it\\\/fr\\\/\",\"logo\":{\"@type\":\"ImageObject\",\"inLanguage\":\"fr-FR\",\"@id\":\"https:\\\/\\\/www.maddalena.it\\\/fr\\\/#\\\/schema\\\/logo\\\/image\\\/\",\"url\":\"https:\\\/\\\/www.maddalena.it\\\/wp-content\\\/uploads\\\/2022\\\/04\\\/logo.svg\",\"contentUrl\":\"https:\\\/\\\/www.maddalena.it\\\/wp-content\\\/uploads\\\/2022\\\/04\\\/logo.svg\",\"caption\":\"Maddalena S.p.A.\"},\"image\":{\"@id\":\"https:\\\/\\\/www.maddalena.it\\\/fr\\\/#\\\/schema\\\/logo\\\/image\\\/\"}}]}<\/script>\n<!-- \/ Yoast SEO plugin. -->","yoast_head_json":{"title":"KDSGW - COMPTEUR \u00c0 JET MULTIPLE, SUPER DRY, \u00c0 TRANSMISSION MAGN\u00c9TIQUE","description":"KDSGW est un compteur m\u00e9canique con\u00e7u pour les eaux difficiles avec des temp\u00e9ratures jusqu\u2019\u00e0 130 \u00b0C. KDSGW repr\u00e9sente l\u2019\u00e9l\u00e9ment primaire id\u00e9al pour","robots":{"index":"index","follow":"follow","max-snippet":"max-snippet:-1","max-image-preview":"max-image-preview:large","max-video-preview":"max-video-preview:-1"},"canonical":"https:\/\/www.maddalena.it\/fr\/produit\/kdsgw\/","og_locale":"fr_FR","og_type":"article","og_title":"KDSGW - COMPTEUR \u00c0 JET MULTIPLE, SUPER DRY, \u00c0 TRANSMISSION MAGN\u00c9TIQUE","og_description":"KDSGW est un compteur m\u00e9canique con\u00e7u pour les eaux difficiles avec des temp\u00e9ratures jusqu\u2019\u00e0 130 \u00b0C. KDSGW repr\u00e9sente l\u2019\u00e9l\u00e9ment primaire id\u00e9al pour","og_url":"https:\/\/www.maddalena.it\/fr\/produit\/kdsgw\/","og_site_name":"Maddalena S.p.A.","article_modified_time":"2025-02-25T12:00:11+00:00","og_image":[{"width":1600,"height":1067,"url":"https:\/\/www.maddalena.it\/wp-content\/uploads\/catalog-image\/mecto-dsmth130.png","type":"image\/png"}],"twitter_card":"summary_large_image","schema":{"@context":"https:\/\/schema.org","@graph":[{"@type":"WebPage","@id":"https:\/\/www.maddalena.it\/fr\/produit\/kdsgw\/","url":"https:\/\/www.maddalena.it\/fr\/produit\/kdsgw\/","name":"KDSGW - COMPTEUR \u00c0 JET MULTIPLE, SUPER DRY, \u00c0 TRANSMISSION MAGN\u00c9TIQUE","isPartOf":{"@id":"https:\/\/www.maddalena.it\/fr\/#website"},"primaryImageOfPage":{"@id":"https:\/\/www.maddalena.it\/fr\/produit\/kdsgw\/#primaryimage"},"image":{"@id":"https:\/\/www.maddalena.it\/fr\/produit\/kdsgw\/#primaryimage"},"thumbnailUrl":"https:\/\/www.maddalena.it\/wp-content\/uploads\/catalog-image\/mecto-dsmth130.png","datePublished":"2022-08-03T12:29:11+00:00","dateModified":"2025-02-25T12:00:11+00:00","description":"KDSGW est un compteur m\u00e9canique con\u00e7u pour les eaux difficiles avec des temp\u00e9ratures jusqu\u2019\u00e0 130 \u00b0C. KDSGW repr\u00e9sente l\u2019\u00e9l\u00e9ment primaire id\u00e9al pour","breadcrumb":{"@id":"https:\/\/www.maddalena.it\/fr\/produit\/kdsgw\/#breadcrumb"},"inLanguage":"fr-FR","potentialAction":[{"@type":"ReadAction","target":["https:\/\/www.maddalena.it\/fr\/produit\/kdsgw\/"]}]},{"@type":"ImageObject","inLanguage":"fr-FR","@id":"https:\/\/www.maddalena.it\/fr\/produit\/kdsgw\/#primaryimage","url":"https:\/\/www.maddalena.it\/wp-content\/uploads\/catalog-image\/mecto-dsmth130.png","contentUrl":"https:\/\/www.maddalena.it\/wp-content\/uploads\/catalog-image\/mecto-dsmth130.png","width":1600,"height":1067,"caption":"Separato"},{"@type":"BreadcrumbList","@id":"https:\/\/www.maddalena.it\/fr\/produit\/kdsgw\/#breadcrumb","itemListElement":[{"@type":"ListItem","position":1,"name":"Home","item":"https:\/\/www.maddalena.it\/fr\/"},{"@type":"ListItem","position":2,"name":"Produits","item":"https:\/\/www.maddalena.it\/fr\/produit\/"},{"@type":"ListItem","position":3,"name":"\u00c9nergie thermique","item":"https:\/\/www.maddalena.it\/fr\/produits\/energie-thermique\/"},{"@type":"ListItem","position":4,"name":"S\u00e9par\u00e9","item":"https:\/\/www.maddalena.it\/fr\/produits\/compteurs-separe\/"},{"@type":"ListItem","position":5,"name":"KDSGW"}]},{"@type":"WebSite","@id":"https:\/\/www.maddalena.it\/fr\/#website","url":"https:\/\/www.maddalena.it\/fr\/","name":"Maddalena S.p.A.","description":"Metering Expertise","publisher":{"@id":"https:\/\/www.maddalena.it\/fr\/#organization"},"potentialAction":[{"@type":"SearchAction","target":{"@type":"EntryPoint","urlTemplate":"https:\/\/www.maddalena.it\/fr\/?s={search_term_string}"},"query-input":{"@type":"PropertyValueSpecification","valueRequired":true,"valueName":"search_term_string"}}],"inLanguage":"fr-FR"},{"@type":"Organization","@id":"https:\/\/www.maddalena.it\/fr\/#organization","name":"Maddalena S.p.A.","url":"https:\/\/www.maddalena.it\/fr\/","logo":{"@type":"ImageObject","inLanguage":"fr-FR","@id":"https:\/\/www.maddalena.it\/fr\/#\/schema\/logo\/image\/","url":"https:\/\/www.maddalena.it\/wp-content\/uploads\/2022\/04\/logo.svg","contentUrl":"https:\/\/www.maddalena.it\/wp-content\/uploads\/2022\/04\/logo.svg","caption":"Maddalena S.p.A."},"image":{"@id":"https:\/\/www.maddalena.it\/fr\/#\/schema\/logo\/image\/"}}]}},"_links":{"self":[{"href":"https:\/\/www.maddalena.it\/fr\/wp-json\/wp\/v2\/product\/18540","targetHints":{"allow":["GET"]}}],"collection":[{"href":"https:\/\/www.maddalena.it\/fr\/wp-json\/wp\/v2\/product"}],"about":[{"href":"https:\/\/www.maddalena.it\/fr\/wp-json\/wp\/v2\/types\/product"}],"wp:featuredmedia":[{"embeddable":true,"href":"https:\/\/www.maddalena.it\/fr\/wp-json\/wp\/v2\/media\/2513"}],"wp:attachment":[{"href":"https:\/\/www.maddalena.it\/fr\/wp-json\/wp\/v2\/media?parent=18540"}],"wp:term":[{"taxonomy":"product_category","embeddable":true,"href":"https:\/\/www.maddalena.it\/fr\/wp-json\/wp\/v2\/product_category?post=18540"}],"curies":[{"name":"wp","href":"https:\/\/api.w.org\/{rel}","templated":true}]}}