{"id":18515,"date":"2022-08-03T14:29:13","date_gmt":"2022-08-03T12:29:13","guid":{"rendered":"http:\/\/www.maddalena.it\/?post_type=product&#038;p=18515"},"modified":"2023-09-26T22:03:06","modified_gmt":"2023-09-26T20:03:06","slug":"smart-kit-repeater-wm-bus","status":"publish","type":"product","link":"https:\/\/www.maddalena.it\/fr\/produit\/smart-kit-repeater-wm-bus\/","title":{"rendered":"SMART KIT &#8211; REPEATER wM-BUS"},"content":{"rendered":"<p>R\u00e9p\u00e9titeur radio 868 MHz pour la communication de donn\u00e9es avec le datalogger RTU EVO via le canal radio MESH. Peut recevoir jusqu\u2019\u00e0 500 dispositifs radio wM-Bus. La fonction multi-hop permet l\u2019extension du r\u00e9seau en utilisant d\u2019autres r\u00e9p\u00e9titeurs. Disponible uniquement dans la version avec alimentation externe.<\/p>\n","protected":false},"excerpt":{"rendered":"<p>R\u00c8P\u00c9TITEUR RADIO wM-BUS<\/p>\n","protected":false},"featured_media":2179,"menu_order":53,"template":"","meta":{"_acf_changed":false,"_lmt_disableupdate":"","_lmt_disable":""},"product_category":[113],"class_list":["post-18515","product","type-product","status-publish","has-post-thumbnail","hentry","product_category-lecture-fixe"],"acf":[],"yoast_head":"<!-- This site is optimized with the Yoast SEO plugin v27.5 - https:\/\/yoast.com\/product\/yoast-seo-wordpress\/ -->\n<title>SMART KIT - REPEATER wM-BUS - R\u00c8P\u00c9TITEUR RADIO wM-BUS<\/title>\n<meta name=\"description\" content=\"R\u00e9p\u00e9titeur radio 868 MHz pour la communication de donn\u00e9es avec le datalogger RTU EVO via le canal radio MESH. Peut recevoir jusqu\u2019\u00e0 500 dispositifs radio\" \/>\n<meta name=\"robots\" content=\"index, follow, max-snippet:-1, max-image-preview:large, max-video-preview:-1\" \/>\n<link rel=\"canonical\" href=\"https:\/\/www.maddalena.it\/fr\/produit\/smart-kit-repeater-wm-bus\/\" \/>\n<meta property=\"og:locale\" content=\"fr_FR\" \/>\n<meta property=\"og:type\" content=\"article\" \/>\n<meta property=\"og:title\" content=\"SMART KIT - REPEATER wM-BUS - R\u00c8P\u00c9TITEUR RADIO wM-BUS\" \/>\n<meta property=\"og:description\" content=\"R\u00e9p\u00e9titeur radio 868 MHz pour la communication de donn\u00e9es avec le datalogger RTU EVO via le canal radio MESH. Peut recevoir jusqu\u2019\u00e0 500 dispositifs radio\" \/>\n<meta property=\"og:url\" content=\"https:\/\/www.maddalena.it\/fr\/produit\/smart-kit-repeater-wm-bus\/\" \/>\n<meta property=\"og:site_name\" content=\"Maddalena S.p.A.\" \/>\n<meta property=\"article:modified_time\" content=\"2023-09-26T20:03:06+00:00\" \/>\n<meta property=\"og:image\" content=\"https:\/\/www.maddalena.it\/wp-content\/uploads\/catalog-image\/repeater-868-3q.png\" \/>\n\t<meta property=\"og:image:width\" content=\"1600\" \/>\n\t<meta property=\"og:image:height\" content=\"1068\" \/>\n\t<meta property=\"og:image:type\" content=\"image\/png\" \/>\n<meta name=\"twitter:card\" content=\"summary_large_image\" \/>\n<script type=\"application\/ld+json\" class=\"yoast-schema-graph\">{\"@context\":\"https:\\\/\\\/schema.org\",\"@graph\":[{\"@type\":\"WebPage\",\"@id\":\"https:\\\/\\\/www.maddalena.it\\\/fr\\\/produit\\\/smart-kit-repeater-wm-bus\\\/\",\"url\":\"https:\\\/\\\/www.maddalena.it\\\/fr\\\/produit\\\/smart-kit-repeater-wm-bus\\\/\",\"name\":\"SMART KIT - REPEATER wM-BUS - R\u00c8P\u00c9TITEUR RADIO wM-BUS\",\"isPartOf\":{\"@id\":\"https:\\\/\\\/www.maddalena.it\\\/fr\\\/#website\"},\"primaryImageOfPage\":{\"@id\":\"https:\\\/\\\/www.maddalena.it\\\/fr\\\/produit\\\/smart-kit-repeater-wm-bus\\\/#primaryimage\"},\"image\":{\"@id\":\"https:\\\/\\\/www.maddalena.it\\\/fr\\\/produit\\\/smart-kit-repeater-wm-bus\\\/#primaryimage\"},\"thumbnailUrl\":\"https:\\\/\\\/www.maddalena.it\\\/wp-content\\\/uploads\\\/catalog-image\\\/repeater-868-3q.png\",\"datePublished\":\"2022-08-03T12:29:13+00:00\",\"dateModified\":\"2023-09-26T20:03:06+00:00\",\"description\":\"R\u00e9p\u00e9titeur radio 868 MHz pour la communication de donn\u00e9es avec le datalogger RTU EVO via le canal radio MESH. Peut recevoir jusqu\u2019\u00e0 500 dispositifs radio\",\"breadcrumb\":{\"@id\":\"https:\\\/\\\/www.maddalena.it\\\/fr\\\/produit\\\/smart-kit-repeater-wm-bus\\\/#breadcrumb\"},\"inLanguage\":\"fr-FR\",\"potentialAction\":[{\"@type\":\"ReadAction\",\"target\":[\"https:\\\/\\\/www.maddalena.it\\\/fr\\\/produit\\\/smart-kit-repeater-wm-bus\\\/\"]}]},{\"@type\":\"ImageObject\",\"inLanguage\":\"fr-FR\",\"@id\":\"https:\\\/\\\/www.maddalena.it\\\/fr\\\/produit\\\/smart-kit-repeater-wm-bus\\\/#primaryimage\",\"url\":\"https:\\\/\\\/www.maddalena.it\\\/wp-content\\\/uploads\\\/catalog-image\\\/repeater-868-3q.png\",\"contentUrl\":\"https:\\\/\\\/www.maddalena.it\\\/wp-content\\\/uploads\\\/catalog-image\\\/repeater-868-3q.png\",\"width\":1600,\"height\":1068,\"caption\":\"Lettura fissa\"},{\"@type\":\"BreadcrumbList\",\"@id\":\"https:\\\/\\\/www.maddalena.it\\\/fr\\\/produit\\\/smart-kit-repeater-wm-bus\\\/#breadcrumb\",\"itemListElement\":[{\"@type\":\"ListItem\",\"position\":1,\"name\":\"Home\",\"item\":\"https:\\\/\\\/www.maddalena.it\\\/fr\\\/\"},{\"@type\":\"ListItem\",\"position\":2,\"name\":\"Produits\",\"item\":\"https:\\\/\\\/www.maddalena.it\\\/fr\\\/produit\\\/\"},{\"@type\":\"ListItem\",\"position\":3,\"name\":\"Syst\u00e8mes\",\"item\":\"https:\\\/\\\/www.maddalena.it\\\/fr\\\/produits\\\/systemes\\\/\"},{\"@type\":\"ListItem\",\"position\":4,\"name\":\"Lecture fixe\",\"item\":\"https:\\\/\\\/www.maddalena.it\\\/fr\\\/produits\\\/lecture-fixe\\\/\"},{\"@type\":\"ListItem\",\"position\":5,\"name\":\"SMART KIT &#8211; REPEATER wM-BUS\"}]},{\"@type\":\"WebSite\",\"@id\":\"https:\\\/\\\/www.maddalena.it\\\/fr\\\/#website\",\"url\":\"https:\\\/\\\/www.maddalena.it\\\/fr\\\/\",\"name\":\"Maddalena S.p.A.\",\"description\":\"Metering Expertise\",\"publisher\":{\"@id\":\"https:\\\/\\\/www.maddalena.it\\\/fr\\\/#organization\"},\"potentialAction\":[{\"@type\":\"SearchAction\",\"target\":{\"@type\":\"EntryPoint\",\"urlTemplate\":\"https:\\\/\\\/www.maddalena.it\\\/fr\\\/?s={search_term_string}\"},\"query-input\":{\"@type\":\"PropertyValueSpecification\",\"valueRequired\":true,\"valueName\":\"search_term_string\"}}],\"inLanguage\":\"fr-FR\"},{\"@type\":\"Organization\",\"@id\":\"https:\\\/\\\/www.maddalena.it\\\/fr\\\/#organization\",\"name\":\"Maddalena S.p.A.\",\"url\":\"https:\\\/\\\/www.maddalena.it\\\/fr\\\/\",\"logo\":{\"@type\":\"ImageObject\",\"inLanguage\":\"fr-FR\",\"@id\":\"https:\\\/\\\/www.maddalena.it\\\/fr\\\/#\\\/schema\\\/logo\\\/image\\\/\",\"url\":\"https:\\\/\\\/www.maddalena.it\\\/wp-content\\\/uploads\\\/2022\\\/04\\\/logo.svg\",\"contentUrl\":\"https:\\\/\\\/www.maddalena.it\\\/wp-content\\\/uploads\\\/2022\\\/04\\\/logo.svg\",\"caption\":\"Maddalena S.p.A.\"},\"image\":{\"@id\":\"https:\\\/\\\/www.maddalena.it\\\/fr\\\/#\\\/schema\\\/logo\\\/image\\\/\"}}]}<\/script>\n<!-- \/ Yoast SEO plugin. -->","yoast_head_json":{"title":"SMART KIT - REPEATER wM-BUS - R\u00c8P\u00c9TITEUR RADIO wM-BUS","description":"R\u00e9p\u00e9titeur radio 868 MHz pour la communication de donn\u00e9es avec le datalogger RTU EVO via le canal radio MESH. Peut recevoir jusqu\u2019\u00e0 500 dispositifs radio","robots":{"index":"index","follow":"follow","max-snippet":"max-snippet:-1","max-image-preview":"max-image-preview:large","max-video-preview":"max-video-preview:-1"},"canonical":"https:\/\/www.maddalena.it\/fr\/produit\/smart-kit-repeater-wm-bus\/","og_locale":"fr_FR","og_type":"article","og_title":"SMART KIT - REPEATER wM-BUS - R\u00c8P\u00c9TITEUR RADIO wM-BUS","og_description":"R\u00e9p\u00e9titeur radio 868 MHz pour la communication de donn\u00e9es avec le datalogger RTU EVO via le canal radio MESH. Peut recevoir jusqu\u2019\u00e0 500 dispositifs radio","og_url":"https:\/\/www.maddalena.it\/fr\/produit\/smart-kit-repeater-wm-bus\/","og_site_name":"Maddalena S.p.A.","article_modified_time":"2023-09-26T20:03:06+00:00","og_image":[{"width":1600,"height":1068,"url":"https:\/\/www.maddalena.it\/wp-content\/uploads\/catalog-image\/repeater-868-3q.png","type":"image\/png"}],"twitter_card":"summary_large_image","schema":{"@context":"https:\/\/schema.org","@graph":[{"@type":"WebPage","@id":"https:\/\/www.maddalena.it\/fr\/produit\/smart-kit-repeater-wm-bus\/","url":"https:\/\/www.maddalena.it\/fr\/produit\/smart-kit-repeater-wm-bus\/","name":"SMART KIT - REPEATER wM-BUS - R\u00c8P\u00c9TITEUR RADIO wM-BUS","isPartOf":{"@id":"https:\/\/www.maddalena.it\/fr\/#website"},"primaryImageOfPage":{"@id":"https:\/\/www.maddalena.it\/fr\/produit\/smart-kit-repeater-wm-bus\/#primaryimage"},"image":{"@id":"https:\/\/www.maddalena.it\/fr\/produit\/smart-kit-repeater-wm-bus\/#primaryimage"},"thumbnailUrl":"https:\/\/www.maddalena.it\/wp-content\/uploads\/catalog-image\/repeater-868-3q.png","datePublished":"2022-08-03T12:29:13+00:00","dateModified":"2023-09-26T20:03:06+00:00","description":"R\u00e9p\u00e9titeur radio 868 MHz pour la communication de donn\u00e9es avec le datalogger RTU EVO via le canal radio MESH. Peut recevoir jusqu\u2019\u00e0 500 dispositifs radio","breadcrumb":{"@id":"https:\/\/www.maddalena.it\/fr\/produit\/smart-kit-repeater-wm-bus\/#breadcrumb"},"inLanguage":"fr-FR","potentialAction":[{"@type":"ReadAction","target":["https:\/\/www.maddalena.it\/fr\/produit\/smart-kit-repeater-wm-bus\/"]}]},{"@type":"ImageObject","inLanguage":"fr-FR","@id":"https:\/\/www.maddalena.it\/fr\/produit\/smart-kit-repeater-wm-bus\/#primaryimage","url":"https:\/\/www.maddalena.it\/wp-content\/uploads\/catalog-image\/repeater-868-3q.png","contentUrl":"https:\/\/www.maddalena.it\/wp-content\/uploads\/catalog-image\/repeater-868-3q.png","width":1600,"height":1068,"caption":"Lettura fissa"},{"@type":"BreadcrumbList","@id":"https:\/\/www.maddalena.it\/fr\/produit\/smart-kit-repeater-wm-bus\/#breadcrumb","itemListElement":[{"@type":"ListItem","position":1,"name":"Home","item":"https:\/\/www.maddalena.it\/fr\/"},{"@type":"ListItem","position":2,"name":"Produits","item":"https:\/\/www.maddalena.it\/fr\/produit\/"},{"@type":"ListItem","position":3,"name":"Syst\u00e8mes","item":"https:\/\/www.maddalena.it\/fr\/produits\/systemes\/"},{"@type":"ListItem","position":4,"name":"Lecture fixe","item":"https:\/\/www.maddalena.it\/fr\/produits\/lecture-fixe\/"},{"@type":"ListItem","position":5,"name":"SMART KIT &#8211; REPEATER wM-BUS"}]},{"@type":"WebSite","@id":"https:\/\/www.maddalena.it\/fr\/#website","url":"https:\/\/www.maddalena.it\/fr\/","name":"Maddalena S.p.A.","description":"Metering Expertise","publisher":{"@id":"https:\/\/www.maddalena.it\/fr\/#organization"},"potentialAction":[{"@type":"SearchAction","target":{"@type":"EntryPoint","urlTemplate":"https:\/\/www.maddalena.it\/fr\/?s={search_term_string}"},"query-input":{"@type":"PropertyValueSpecification","valueRequired":true,"valueName":"search_term_string"}}],"inLanguage":"fr-FR"},{"@type":"Organization","@id":"https:\/\/www.maddalena.it\/fr\/#organization","name":"Maddalena S.p.A.","url":"https:\/\/www.maddalena.it\/fr\/","logo":{"@type":"ImageObject","inLanguage":"fr-FR","@id":"https:\/\/www.maddalena.it\/fr\/#\/schema\/logo\/image\/","url":"https:\/\/www.maddalena.it\/wp-content\/uploads\/2022\/04\/logo.svg","contentUrl":"https:\/\/www.maddalena.it\/wp-content\/uploads\/2022\/04\/logo.svg","caption":"Maddalena S.p.A."},"image":{"@id":"https:\/\/www.maddalena.it\/fr\/#\/schema\/logo\/image\/"}}]}},"_links":{"self":[{"href":"https:\/\/www.maddalena.it\/fr\/wp-json\/wp\/v2\/product\/18515","targetHints":{"allow":["GET"]}}],"collection":[{"href":"https:\/\/www.maddalena.it\/fr\/wp-json\/wp\/v2\/product"}],"about":[{"href":"https:\/\/www.maddalena.it\/fr\/wp-json\/wp\/v2\/types\/product"}],"wp:featuredmedia":[{"embeddable":true,"href":"https:\/\/www.maddalena.it\/fr\/wp-json\/wp\/v2\/media\/2179"}],"wp:attachment":[{"href":"https:\/\/www.maddalena.it\/fr\/wp-json\/wp\/v2\/media?parent=18515"}],"wp:term":[{"taxonomy":"product_category","embeddable":true,"href":"https:\/\/www.maddalena.it\/fr\/wp-json\/wp\/v2\/product_category?post=18515"}],"curies":[{"name":"wp","href":"https:\/\/api.w.org\/{rel}","templated":true}]}}