{"id":18494,"date":"2022-08-03T14:29:15","date_gmt":"2022-08-03T12:29:15","guid":{"rendered":"http:\/\/www.maddalena.it\/?post_type=product&#038;p=18494"},"modified":"2023-09-26T22:00:14","modified_gmt":"2023-09-26T20:00:14","slug":"twinpulse-m-bus","status":"publish","type":"product","link":"https:\/\/www.maddalena.it\/fr\/produit\/twinpulse-m-bus\/","title":{"rendered":"TWINPULSE M-BUS"},"content":{"rendered":"<p>Adaptateur d\u2019impulsions sur ligne M-Bus dans la configuration slave. Twinpulse dispose d\u2019une adresse primaire et d\u2019une adresse secondaire pour les deux entr\u00e9es, simplifiant la gestion des relev\u00e9s. Le convertisseur est aliment\u00e9 par la ligne M-Bus proprement dite.<\/p>\n","protected":false},"excerpt":{"rendered":"<p>MODULE M-BUS<\/p>\n","protected":false},"featured_media":1051,"menu_order":32,"template":"","meta":{"_acf_changed":false,"_lmt_disableupdate":"","_lmt_disable":""},"product_category":[97],"class_list":["post-18494","product","type-product","status-publish","has-post-thumbnail","hentry","product_category-cable-fr"],"acf":[],"yoast_head":"<!-- This site is optimized with the Yoast SEO plugin v27.5 - https:\/\/yoast.com\/product\/yoast-seo-wordpress\/ -->\n<title>TWINPULSE M-BUS - MODULE M-BUS<\/title>\n<meta name=\"description\" content=\"Adaptateur d\u2019impulsions sur ligne M-Bus dans la configuration slave. Twinpulse dispose d\u2019une adresse primaire et d\u2019une adresse secondaire pour les deux en\" \/>\n<meta name=\"robots\" content=\"index, follow, max-snippet:-1, max-image-preview:large, max-video-preview:-1\" \/>\n<link rel=\"canonical\" href=\"https:\/\/www.maddalena.it\/fr\/produit\/twinpulse-m-bus\/\" \/>\n<meta property=\"og:locale\" content=\"fr_FR\" \/>\n<meta property=\"og:type\" content=\"article\" \/>\n<meta property=\"og:title\" content=\"TWINPULSE M-BUS - MODULE M-BUS\" \/>\n<meta property=\"og:description\" content=\"Adaptateur d\u2019impulsions sur ligne M-Bus dans la configuration slave. Twinpulse dispose d\u2019une adresse primaire et d\u2019une adresse secondaire pour les deux en\" \/>\n<meta property=\"og:url\" content=\"https:\/\/www.maddalena.it\/fr\/produit\/twinpulse-m-bus\/\" \/>\n<meta property=\"og:site_name\" content=\"Maddalena S.p.A.\" \/>\n<meta property=\"article:modified_time\" content=\"2023-09-26T20:00:14+00:00\" \/>\n<meta property=\"og:image\" content=\"https:\/\/www.maddalena.it\/wp-content\/uploads\/catalog-image\/mdc-twinpulse.jpg\" \/>\n\t<meta property=\"og:image:width\" content=\"1600\" \/>\n\t<meta property=\"og:image:height\" content=\"1164\" \/>\n\t<meta property=\"og:image:type\" content=\"image\/jpeg\" \/>\n<meta name=\"twitter:card\" content=\"summary_large_image\" \/>\n<script type=\"application\/ld+json\" class=\"yoast-schema-graph\">{\"@context\":\"https:\\\/\\\/schema.org\",\"@graph\":[{\"@type\":\"WebPage\",\"@id\":\"https:\\\/\\\/www.maddalena.it\\\/fr\\\/produit\\\/twinpulse-m-bus\\\/\",\"url\":\"https:\\\/\\\/www.maddalena.it\\\/fr\\\/produit\\\/twinpulse-m-bus\\\/\",\"name\":\"TWINPULSE M-BUS - MODULE M-BUS\",\"isPartOf\":{\"@id\":\"https:\\\/\\\/www.maddalena.it\\\/fr\\\/#website\"},\"primaryImageOfPage\":{\"@id\":\"https:\\\/\\\/www.maddalena.it\\\/fr\\\/produit\\\/twinpulse-m-bus\\\/#primaryimage\"},\"image\":{\"@id\":\"https:\\\/\\\/www.maddalena.it\\\/fr\\\/produit\\\/twinpulse-m-bus\\\/#primaryimage\"},\"thumbnailUrl\":\"https:\\\/\\\/www.maddalena.it\\\/wp-content\\\/uploads\\\/catalog-image\\\/mdc-twinpulse.jpg\",\"datePublished\":\"2022-08-03T12:29:15+00:00\",\"dateModified\":\"2023-09-26T20:00:14+00:00\",\"description\":\"Adaptateur d\u2019impulsions sur ligne M-Bus dans la configuration slave. Twinpulse dispose d\u2019une adresse primaire et d\u2019une adresse secondaire pour les deux en\",\"breadcrumb\":{\"@id\":\"https:\\\/\\\/www.maddalena.it\\\/fr\\\/produit\\\/twinpulse-m-bus\\\/#breadcrumb\"},\"inLanguage\":\"fr-FR\",\"potentialAction\":[{\"@type\":\"ReadAction\",\"target\":[\"https:\\\/\\\/www.maddalena.it\\\/fr\\\/produit\\\/twinpulse-m-bus\\\/\"]}]},{\"@type\":\"ImageObject\",\"inLanguage\":\"fr-FR\",\"@id\":\"https:\\\/\\\/www.maddalena.it\\\/fr\\\/produit\\\/twinpulse-m-bus\\\/#primaryimage\",\"url\":\"https:\\\/\\\/www.maddalena.it\\\/wp-content\\\/uploads\\\/catalog-image\\\/mdc-twinpulse.jpg\",\"contentUrl\":\"https:\\\/\\\/www.maddalena.it\\\/wp-content\\\/uploads\\\/catalog-image\\\/mdc-twinpulse.jpg\",\"width\":1600,\"height\":1164,\"caption\":\"Cavo\"},{\"@type\":\"BreadcrumbList\",\"@id\":\"https:\\\/\\\/www.maddalena.it\\\/fr\\\/produit\\\/twinpulse-m-bus\\\/#breadcrumb\",\"itemListElement\":[{\"@type\":\"ListItem\",\"position\":1,\"name\":\"Home\",\"item\":\"https:\\\/\\\/www.maddalena.it\\\/fr\\\/\"},{\"@type\":\"ListItem\",\"position\":2,\"name\":\"Produits\",\"item\":\"https:\\\/\\\/www.maddalena.it\\\/fr\\\/produit\\\/\"},{\"@type\":\"ListItem\",\"position\":3,\"name\":\"Modules de communication\",\"item\":\"https:\\\/\\\/www.maddalena.it\\\/fr\\\/produits\\\/modules-de-communication\\\/\"},{\"@type\":\"ListItem\",\"position\":4,\"name\":\"C\u00e2ble\",\"item\":\"https:\\\/\\\/www.maddalena.it\\\/fr\\\/produits\\\/cable-fr\\\/\"},{\"@type\":\"ListItem\",\"position\":5,\"name\":\"TWINPULSE M-BUS\"}]},{\"@type\":\"WebSite\",\"@id\":\"https:\\\/\\\/www.maddalena.it\\\/fr\\\/#website\",\"url\":\"https:\\\/\\\/www.maddalena.it\\\/fr\\\/\",\"name\":\"Maddalena S.p.A.\",\"description\":\"Metering Expertise\",\"publisher\":{\"@id\":\"https:\\\/\\\/www.maddalena.it\\\/fr\\\/#organization\"},\"potentialAction\":[{\"@type\":\"SearchAction\",\"target\":{\"@type\":\"EntryPoint\",\"urlTemplate\":\"https:\\\/\\\/www.maddalena.it\\\/fr\\\/?s={search_term_string}\"},\"query-input\":{\"@type\":\"PropertyValueSpecification\",\"valueRequired\":true,\"valueName\":\"search_term_string\"}}],\"inLanguage\":\"fr-FR\"},{\"@type\":\"Organization\",\"@id\":\"https:\\\/\\\/www.maddalena.it\\\/fr\\\/#organization\",\"name\":\"Maddalena S.p.A.\",\"url\":\"https:\\\/\\\/www.maddalena.it\\\/fr\\\/\",\"logo\":{\"@type\":\"ImageObject\",\"inLanguage\":\"fr-FR\",\"@id\":\"https:\\\/\\\/www.maddalena.it\\\/fr\\\/#\\\/schema\\\/logo\\\/image\\\/\",\"url\":\"https:\\\/\\\/www.maddalena.it\\\/wp-content\\\/uploads\\\/2022\\\/04\\\/logo.svg\",\"contentUrl\":\"https:\\\/\\\/www.maddalena.it\\\/wp-content\\\/uploads\\\/2022\\\/04\\\/logo.svg\",\"caption\":\"Maddalena S.p.A.\"},\"image\":{\"@id\":\"https:\\\/\\\/www.maddalena.it\\\/fr\\\/#\\\/schema\\\/logo\\\/image\\\/\"}}]}<\/script>\n<!-- \/ Yoast SEO plugin. -->","yoast_head_json":{"title":"TWINPULSE M-BUS - MODULE M-BUS","description":"Adaptateur d\u2019impulsions sur ligne M-Bus dans la configuration slave. Twinpulse dispose d\u2019une adresse primaire et d\u2019une adresse secondaire pour les deux en","robots":{"index":"index","follow":"follow","max-snippet":"max-snippet:-1","max-image-preview":"max-image-preview:large","max-video-preview":"max-video-preview:-1"},"canonical":"https:\/\/www.maddalena.it\/fr\/produit\/twinpulse-m-bus\/","og_locale":"fr_FR","og_type":"article","og_title":"TWINPULSE M-BUS - MODULE M-BUS","og_description":"Adaptateur d\u2019impulsions sur ligne M-Bus dans la configuration slave. Twinpulse dispose d\u2019une adresse primaire et d\u2019une adresse secondaire pour les deux en","og_url":"https:\/\/www.maddalena.it\/fr\/produit\/twinpulse-m-bus\/","og_site_name":"Maddalena S.p.A.","article_modified_time":"2023-09-26T20:00:14+00:00","og_image":[{"width":1600,"height":1164,"url":"https:\/\/www.maddalena.it\/wp-content\/uploads\/catalog-image\/mdc-twinpulse.jpg","type":"image\/jpeg"}],"twitter_card":"summary_large_image","schema":{"@context":"https:\/\/schema.org","@graph":[{"@type":"WebPage","@id":"https:\/\/www.maddalena.it\/fr\/produit\/twinpulse-m-bus\/","url":"https:\/\/www.maddalena.it\/fr\/produit\/twinpulse-m-bus\/","name":"TWINPULSE M-BUS - MODULE M-BUS","isPartOf":{"@id":"https:\/\/www.maddalena.it\/fr\/#website"},"primaryImageOfPage":{"@id":"https:\/\/www.maddalena.it\/fr\/produit\/twinpulse-m-bus\/#primaryimage"},"image":{"@id":"https:\/\/www.maddalena.it\/fr\/produit\/twinpulse-m-bus\/#primaryimage"},"thumbnailUrl":"https:\/\/www.maddalena.it\/wp-content\/uploads\/catalog-image\/mdc-twinpulse.jpg","datePublished":"2022-08-03T12:29:15+00:00","dateModified":"2023-09-26T20:00:14+00:00","description":"Adaptateur d\u2019impulsions sur ligne M-Bus dans la configuration slave. Twinpulse dispose d\u2019une adresse primaire et d\u2019une adresse secondaire pour les deux en","breadcrumb":{"@id":"https:\/\/www.maddalena.it\/fr\/produit\/twinpulse-m-bus\/#breadcrumb"},"inLanguage":"fr-FR","potentialAction":[{"@type":"ReadAction","target":["https:\/\/www.maddalena.it\/fr\/produit\/twinpulse-m-bus\/"]}]},{"@type":"ImageObject","inLanguage":"fr-FR","@id":"https:\/\/www.maddalena.it\/fr\/produit\/twinpulse-m-bus\/#primaryimage","url":"https:\/\/www.maddalena.it\/wp-content\/uploads\/catalog-image\/mdc-twinpulse.jpg","contentUrl":"https:\/\/www.maddalena.it\/wp-content\/uploads\/catalog-image\/mdc-twinpulse.jpg","width":1600,"height":1164,"caption":"Cavo"},{"@type":"BreadcrumbList","@id":"https:\/\/www.maddalena.it\/fr\/produit\/twinpulse-m-bus\/#breadcrumb","itemListElement":[{"@type":"ListItem","position":1,"name":"Home","item":"https:\/\/www.maddalena.it\/fr\/"},{"@type":"ListItem","position":2,"name":"Produits","item":"https:\/\/www.maddalena.it\/fr\/produit\/"},{"@type":"ListItem","position":3,"name":"Modules de communication","item":"https:\/\/www.maddalena.it\/fr\/produits\/modules-de-communication\/"},{"@type":"ListItem","position":4,"name":"C\u00e2ble","item":"https:\/\/www.maddalena.it\/fr\/produits\/cable-fr\/"},{"@type":"ListItem","position":5,"name":"TWINPULSE M-BUS"}]},{"@type":"WebSite","@id":"https:\/\/www.maddalena.it\/fr\/#website","url":"https:\/\/www.maddalena.it\/fr\/","name":"Maddalena S.p.A.","description":"Metering Expertise","publisher":{"@id":"https:\/\/www.maddalena.it\/fr\/#organization"},"potentialAction":[{"@type":"SearchAction","target":{"@type":"EntryPoint","urlTemplate":"https:\/\/www.maddalena.it\/fr\/?s={search_term_string}"},"query-input":{"@type":"PropertyValueSpecification","valueRequired":true,"valueName":"search_term_string"}}],"inLanguage":"fr-FR"},{"@type":"Organization","@id":"https:\/\/www.maddalena.it\/fr\/#organization","name":"Maddalena S.p.A.","url":"https:\/\/www.maddalena.it\/fr\/","logo":{"@type":"ImageObject","inLanguage":"fr-FR","@id":"https:\/\/www.maddalena.it\/fr\/#\/schema\/logo\/image\/","url":"https:\/\/www.maddalena.it\/wp-content\/uploads\/2022\/04\/logo.svg","contentUrl":"https:\/\/www.maddalena.it\/wp-content\/uploads\/2022\/04\/logo.svg","caption":"Maddalena S.p.A."},"image":{"@id":"https:\/\/www.maddalena.it\/fr\/#\/schema\/logo\/image\/"}}]}},"_links":{"self":[{"href":"https:\/\/www.maddalena.it\/fr\/wp-json\/wp\/v2\/product\/18494","targetHints":{"allow":["GET"]}}],"collection":[{"href":"https:\/\/www.maddalena.it\/fr\/wp-json\/wp\/v2\/product"}],"about":[{"href":"https:\/\/www.maddalena.it\/fr\/wp-json\/wp\/v2\/types\/product"}],"wp:featuredmedia":[{"embeddable":true,"href":"https:\/\/www.maddalena.it\/fr\/wp-json\/wp\/v2\/media\/1051"}],"wp:attachment":[{"href":"https:\/\/www.maddalena.it\/fr\/wp-json\/wp\/v2\/media?parent=18494"}],"wp:term":[{"taxonomy":"product_category","embeddable":true,"href":"https:\/\/www.maddalena.it\/fr\/wp-json\/wp\/v2\/product_category?post=18494"}],"curies":[{"name":"wp","href":"https:\/\/api.w.org\/{rel}","templated":true}]}}