{"id":18473,"date":"2022-08-03T14:29:17","date_gmt":"2022-08-03T12:29:17","guid":{"rendered":"http:\/\/www.maddalena.it\/?post_type=product&#038;p=18473"},"modified":"2023-10-27T12:01:04","modified_gmt":"2023-10-27T10:01:04","slug":"arrow-evo-split","status":"publish","type":"product","link":"https:\/\/www.maddalena.it\/fr\/produit\/arrow-evo-split\/","title":{"rendered":"ARROW EVO SPLIT"},"content":{"rendered":"<p>Module radio s\u00e9par\u00e9 wM-Bus qui permet le relev\u00e9 des donn\u00e9es en mode fixe et mobile. Arrow EVO split est indiqu\u00e9 \u00e9galement pour les installations difficiles dans le secteur Utility (IP68). La configuration du module radio peut \u00eatre modifi\u00e9e en utilisant le kit de configuration sp\u00e9cifique (en option) et l\u2019application Android. Compatible avec tous les modules \u00e9metteurs d\u2019impulsions Maddalena.<\/p>\n","protected":false},"excerpt":{"rendered":"<p>MODULE RADIO wM-BUS 868 MHz<\/p>\n","protected":false},"featured_media":1598,"menu_order":19,"template":"","meta":{"_acf_changed":false,"_lmt_disableupdate":"","_lmt_disable":""},"product_category":[101],"class_list":["post-18473","product","type-product","status-publish","has-post-thumbnail","hentry","product_category-radio-fr"],"acf":[],"yoast_head":"<!-- This site is optimized with the Yoast SEO plugin v27.5 - https:\/\/yoast.com\/product\/yoast-seo-wordpress\/ -->\n<title>ARROW EVO SPLIT - MODULE RADIO wM-BUS 868 MHz<\/title>\n<meta name=\"description\" content=\"Module radio s\u00e9par\u00e9 wM-Bus qui permet le relev\u00e9 des donn\u00e9es en mode fixe et mobile. Arrow EVO split est indiqu\u00e9 \u00e9galement pour les installations difficile\" \/>\n<meta name=\"robots\" content=\"index, follow, max-snippet:-1, max-image-preview:large, max-video-preview:-1\" \/>\n<link rel=\"canonical\" href=\"https:\/\/www.maddalena.it\/fr\/produit\/arrow-evo-split\/\" \/>\n<meta property=\"og:locale\" content=\"fr_FR\" \/>\n<meta property=\"og:type\" content=\"article\" \/>\n<meta property=\"og:title\" content=\"ARROW EVO SPLIT - MODULE RADIO wM-BUS 868 MHz\" \/>\n<meta property=\"og:description\" content=\"Module radio s\u00e9par\u00e9 wM-Bus qui permet le relev\u00e9 des donn\u00e9es en mode fixe et mobile. Arrow EVO split est indiqu\u00e9 \u00e9galement pour les installations difficile\" \/>\n<meta property=\"og:url\" content=\"https:\/\/www.maddalena.it\/fr\/produit\/arrow-evo-split\/\" \/>\n<meta property=\"og:site_name\" content=\"Maddalena S.p.A.\" \/>\n<meta property=\"article:modified_time\" content=\"2023-10-27T10:01:04+00:00\" \/>\n<meta property=\"og:image\" content=\"https:\/\/www.maddalena.it\/wp-content\/uploads\/catalog-image\/mdc-arrowevo-868-915-split.jpg\" \/>\n\t<meta property=\"og:image:width\" content=\"1600\" \/>\n\t<meta property=\"og:image:height\" content=\"1179\" \/>\n\t<meta property=\"og:image:type\" content=\"image\/jpeg\" \/>\n<meta name=\"twitter:card\" content=\"summary_large_image\" \/>\n<script type=\"application\/ld+json\" class=\"yoast-schema-graph\">{\"@context\":\"https:\\\/\\\/schema.org\",\"@graph\":[{\"@type\":\"WebPage\",\"@id\":\"https:\\\/\\\/www.maddalena.it\\\/fr\\\/produit\\\/arrow-evo-split\\\/\",\"url\":\"https:\\\/\\\/www.maddalena.it\\\/fr\\\/produit\\\/arrow-evo-split\\\/\",\"name\":\"ARROW EVO SPLIT - MODULE RADIO wM-BUS 868 MHz\",\"isPartOf\":{\"@id\":\"https:\\\/\\\/www.maddalena.it\\\/fr\\\/#website\"},\"primaryImageOfPage\":{\"@id\":\"https:\\\/\\\/www.maddalena.it\\\/fr\\\/produit\\\/arrow-evo-split\\\/#primaryimage\"},\"image\":{\"@id\":\"https:\\\/\\\/www.maddalena.it\\\/fr\\\/produit\\\/arrow-evo-split\\\/#primaryimage\"},\"thumbnailUrl\":\"https:\\\/\\\/www.maddalena.it\\\/wp-content\\\/uploads\\\/catalog-image\\\/mdc-arrowevo-868-915-split.jpg\",\"datePublished\":\"2022-08-03T12:29:17+00:00\",\"dateModified\":\"2023-10-27T10:01:04+00:00\",\"description\":\"Module radio s\u00e9par\u00e9 wM-Bus qui permet le relev\u00e9 des donn\u00e9es en mode fixe et mobile. Arrow EVO split est indiqu\u00e9 \u00e9galement pour les installations difficile\",\"breadcrumb\":{\"@id\":\"https:\\\/\\\/www.maddalena.it\\\/fr\\\/produit\\\/arrow-evo-split\\\/#breadcrumb\"},\"inLanguage\":\"fr-FR\",\"potentialAction\":[{\"@type\":\"ReadAction\",\"target\":[\"https:\\\/\\\/www.maddalena.it\\\/fr\\\/produit\\\/arrow-evo-split\\\/\"]}]},{\"@type\":\"ImageObject\",\"inLanguage\":\"fr-FR\",\"@id\":\"https:\\\/\\\/www.maddalena.it\\\/fr\\\/produit\\\/arrow-evo-split\\\/#primaryimage\",\"url\":\"https:\\\/\\\/www.maddalena.it\\\/wp-content\\\/uploads\\\/catalog-image\\\/mdc-arrowevo-868-915-split.jpg\",\"contentUrl\":\"https:\\\/\\\/www.maddalena.it\\\/wp-content\\\/uploads\\\/catalog-image\\\/mdc-arrowevo-868-915-split.jpg\",\"width\":1600,\"height\":1179},{\"@type\":\"BreadcrumbList\",\"@id\":\"https:\\\/\\\/www.maddalena.it\\\/fr\\\/produit\\\/arrow-evo-split\\\/#breadcrumb\",\"itemListElement\":[{\"@type\":\"ListItem\",\"position\":1,\"name\":\"Home\",\"item\":\"https:\\\/\\\/www.maddalena.it\\\/fr\\\/\"},{\"@type\":\"ListItem\",\"position\":2,\"name\":\"Produits\",\"item\":\"https:\\\/\\\/www.maddalena.it\\\/fr\\\/produit\\\/\"},{\"@type\":\"ListItem\",\"position\":3,\"name\":\"Modules de communication\",\"item\":\"https:\\\/\\\/www.maddalena.it\\\/fr\\\/produits\\\/modules-de-communication\\\/\"},{\"@type\":\"ListItem\",\"position\":4,\"name\":\"Radio\",\"item\":\"https:\\\/\\\/www.maddalena.it\\\/fr\\\/produits\\\/radio-fr\\\/\"},{\"@type\":\"ListItem\",\"position\":5,\"name\":\"ARROW EVO SPLIT\"}]},{\"@type\":\"WebSite\",\"@id\":\"https:\\\/\\\/www.maddalena.it\\\/fr\\\/#website\",\"url\":\"https:\\\/\\\/www.maddalena.it\\\/fr\\\/\",\"name\":\"Maddalena S.p.A.\",\"description\":\"Metering Expertise\",\"publisher\":{\"@id\":\"https:\\\/\\\/www.maddalena.it\\\/fr\\\/#organization\"},\"potentialAction\":[{\"@type\":\"SearchAction\",\"target\":{\"@type\":\"EntryPoint\",\"urlTemplate\":\"https:\\\/\\\/www.maddalena.it\\\/fr\\\/?s={search_term_string}\"},\"query-input\":{\"@type\":\"PropertyValueSpecification\",\"valueRequired\":true,\"valueName\":\"search_term_string\"}}],\"inLanguage\":\"fr-FR\"},{\"@type\":\"Organization\",\"@id\":\"https:\\\/\\\/www.maddalena.it\\\/fr\\\/#organization\",\"name\":\"Maddalena S.p.A.\",\"url\":\"https:\\\/\\\/www.maddalena.it\\\/fr\\\/\",\"logo\":{\"@type\":\"ImageObject\",\"inLanguage\":\"fr-FR\",\"@id\":\"https:\\\/\\\/www.maddalena.it\\\/fr\\\/#\\\/schema\\\/logo\\\/image\\\/\",\"url\":\"https:\\\/\\\/www.maddalena.it\\\/wp-content\\\/uploads\\\/2022\\\/04\\\/logo.svg\",\"contentUrl\":\"https:\\\/\\\/www.maddalena.it\\\/wp-content\\\/uploads\\\/2022\\\/04\\\/logo.svg\",\"caption\":\"Maddalena S.p.A.\"},\"image\":{\"@id\":\"https:\\\/\\\/www.maddalena.it\\\/fr\\\/#\\\/schema\\\/logo\\\/image\\\/\"}}]}<\/script>\n<!-- \/ Yoast SEO plugin. -->","yoast_head_json":{"title":"ARROW EVO SPLIT - MODULE RADIO wM-BUS 868 MHz","description":"Module radio s\u00e9par\u00e9 wM-Bus qui permet le relev\u00e9 des donn\u00e9es en mode fixe et mobile. Arrow EVO split est indiqu\u00e9 \u00e9galement pour les installations difficile","robots":{"index":"index","follow":"follow","max-snippet":"max-snippet:-1","max-image-preview":"max-image-preview:large","max-video-preview":"max-video-preview:-1"},"canonical":"https:\/\/www.maddalena.it\/fr\/produit\/arrow-evo-split\/","og_locale":"fr_FR","og_type":"article","og_title":"ARROW EVO SPLIT - MODULE RADIO wM-BUS 868 MHz","og_description":"Module radio s\u00e9par\u00e9 wM-Bus qui permet le relev\u00e9 des donn\u00e9es en mode fixe et mobile. Arrow EVO split est indiqu\u00e9 \u00e9galement pour les installations difficile","og_url":"https:\/\/www.maddalena.it\/fr\/produit\/arrow-evo-split\/","og_site_name":"Maddalena S.p.A.","article_modified_time":"2023-10-27T10:01:04+00:00","og_image":[{"width":1600,"height":1179,"url":"https:\/\/www.maddalena.it\/wp-content\/uploads\/catalog-image\/mdc-arrowevo-868-915-split.jpg","type":"image\/jpeg"}],"twitter_card":"summary_large_image","schema":{"@context":"https:\/\/schema.org","@graph":[{"@type":"WebPage","@id":"https:\/\/www.maddalena.it\/fr\/produit\/arrow-evo-split\/","url":"https:\/\/www.maddalena.it\/fr\/produit\/arrow-evo-split\/","name":"ARROW EVO SPLIT - MODULE RADIO wM-BUS 868 MHz","isPartOf":{"@id":"https:\/\/www.maddalena.it\/fr\/#website"},"primaryImageOfPage":{"@id":"https:\/\/www.maddalena.it\/fr\/produit\/arrow-evo-split\/#primaryimage"},"image":{"@id":"https:\/\/www.maddalena.it\/fr\/produit\/arrow-evo-split\/#primaryimage"},"thumbnailUrl":"https:\/\/www.maddalena.it\/wp-content\/uploads\/catalog-image\/mdc-arrowevo-868-915-split.jpg","datePublished":"2022-08-03T12:29:17+00:00","dateModified":"2023-10-27T10:01:04+00:00","description":"Module radio s\u00e9par\u00e9 wM-Bus qui permet le relev\u00e9 des donn\u00e9es en mode fixe et mobile. Arrow EVO split est indiqu\u00e9 \u00e9galement pour les installations difficile","breadcrumb":{"@id":"https:\/\/www.maddalena.it\/fr\/produit\/arrow-evo-split\/#breadcrumb"},"inLanguage":"fr-FR","potentialAction":[{"@type":"ReadAction","target":["https:\/\/www.maddalena.it\/fr\/produit\/arrow-evo-split\/"]}]},{"@type":"ImageObject","inLanguage":"fr-FR","@id":"https:\/\/www.maddalena.it\/fr\/produit\/arrow-evo-split\/#primaryimage","url":"https:\/\/www.maddalena.it\/wp-content\/uploads\/catalog-image\/mdc-arrowevo-868-915-split.jpg","contentUrl":"https:\/\/www.maddalena.it\/wp-content\/uploads\/catalog-image\/mdc-arrowevo-868-915-split.jpg","width":1600,"height":1179},{"@type":"BreadcrumbList","@id":"https:\/\/www.maddalena.it\/fr\/produit\/arrow-evo-split\/#breadcrumb","itemListElement":[{"@type":"ListItem","position":1,"name":"Home","item":"https:\/\/www.maddalena.it\/fr\/"},{"@type":"ListItem","position":2,"name":"Produits","item":"https:\/\/www.maddalena.it\/fr\/produit\/"},{"@type":"ListItem","position":3,"name":"Modules de communication","item":"https:\/\/www.maddalena.it\/fr\/produits\/modules-de-communication\/"},{"@type":"ListItem","position":4,"name":"Radio","item":"https:\/\/www.maddalena.it\/fr\/produits\/radio-fr\/"},{"@type":"ListItem","position":5,"name":"ARROW EVO SPLIT"}]},{"@type":"WebSite","@id":"https:\/\/www.maddalena.it\/fr\/#website","url":"https:\/\/www.maddalena.it\/fr\/","name":"Maddalena S.p.A.","description":"Metering Expertise","publisher":{"@id":"https:\/\/www.maddalena.it\/fr\/#organization"},"potentialAction":[{"@type":"SearchAction","target":{"@type":"EntryPoint","urlTemplate":"https:\/\/www.maddalena.it\/fr\/?s={search_term_string}"},"query-input":{"@type":"PropertyValueSpecification","valueRequired":true,"valueName":"search_term_string"}}],"inLanguage":"fr-FR"},{"@type":"Organization","@id":"https:\/\/www.maddalena.it\/fr\/#organization","name":"Maddalena S.p.A.","url":"https:\/\/www.maddalena.it\/fr\/","logo":{"@type":"ImageObject","inLanguage":"fr-FR","@id":"https:\/\/www.maddalena.it\/fr\/#\/schema\/logo\/image\/","url":"https:\/\/www.maddalena.it\/wp-content\/uploads\/2022\/04\/logo.svg","contentUrl":"https:\/\/www.maddalena.it\/wp-content\/uploads\/2022\/04\/logo.svg","caption":"Maddalena S.p.A."},"image":{"@id":"https:\/\/www.maddalena.it\/fr\/#\/schema\/logo\/image\/"}}]}},"_links":{"self":[{"href":"https:\/\/www.maddalena.it\/fr\/wp-json\/wp\/v2\/product\/18473","targetHints":{"allow":["GET"]}}],"collection":[{"href":"https:\/\/www.maddalena.it\/fr\/wp-json\/wp\/v2\/product"}],"about":[{"href":"https:\/\/www.maddalena.it\/fr\/wp-json\/wp\/v2\/types\/product"}],"wp:featuredmedia":[{"embeddable":true,"href":"https:\/\/www.maddalena.it\/fr\/wp-json\/wp\/v2\/media\/1598"}],"wp:attachment":[{"href":"https:\/\/www.maddalena.it\/fr\/wp-json\/wp\/v2\/media?parent=18473"}],"wp:term":[{"taxonomy":"product_category","embeddable":true,"href":"https:\/\/www.maddalena.it\/fr\/wp-json\/wp\/v2\/product_category?post=18473"}],"curies":[{"name":"wp","href":"https:\/\/api.w.org\/{rel}","templated":true}]}}