{"id":18462,"date":"2022-08-03T14:29:17","date_gmt":"2022-08-03T12:29:17","guid":{"rendered":"http:\/\/www.maddalena.it\/?post_type=product&#038;p=18462"},"modified":"2025-10-02T10:01:35","modified_gmt":"2025-10-02T08:01:35","slug":"sj-one","status":"publish","type":"product","link":"https:\/\/www.maddalena.it\/fr\/produit\/sj-one\/","title":{"rendered":"SJ ONE"},"content":{"rendered":"<p>SJ ONE est la plus haute expression de compteur \u00e0 jet unique. Gr\u00e2ce \u00e0 la transmission m\u00e9canique, il offre de hautes performances m\u00e9trologiques, il est insensible aux champs magn\u00e9tiques ext\u00e9rieurs et permet une lisibilit\u00e9 parfaite dans le temps gr\u00e2ce \u00e0 la solution \u00e0 \u00ab\u00a0rouleaux prot\u00e9g\u00e9s\u00a0\u00bb que Maddalena a \u00e9t\u00e9 la premi\u00e8re \u00e0 d\u00e9velopper. Compact, robuste et adapt\u00e9 aux environnements les plus difficiles, il est compatible avec tous les types d\u2019eau. Il peut \u00eatre \u00e9quip\u00e9 avec les technologies de transmission des donn\u00e9es \u00e0 distance les plus modernes.<\/p>\n","protected":false},"excerpt":{"rendered":"<p>COMPTEUR \u00c0 JET UNIQUE \u00c0 ROULEAUX PROT\u00c9G\u00c9S<\/p>\n","protected":false},"featured_media":13425,"menu_order":5,"template":"","meta":{"_acf_changed":false,"_lmt_disableupdate":"","_lmt_disable":""},"product_category":[77],"class_list":["post-18462","product","type-product","status-publish","has-post-thumbnail","hentry","product_category-mecto-fr"],"acf":[],"yoast_head":"<!-- This site is optimized with the Yoast SEO plugin v27.5 - https:\/\/yoast.com\/product\/yoast-seo-wordpress\/ -->\n<title>SJ ONE - COMPTEUR \u00c0 JET UNIQUE \u00c0 ROULEAUX PROT\u00c9G\u00c9S<\/title>\n<meta name=\"description\" content=\"SJ ONE est la plus haute expression de compteur \u00e0 jet unique. Gr\u00e2ce \u00e0 la transmission m\u00e9canique, il offre de hautes performances m\u00e9trologiques, il est inse\" \/>\n<meta name=\"robots\" content=\"index, follow, max-snippet:-1, max-image-preview:large, max-video-preview:-1\" \/>\n<link rel=\"canonical\" href=\"https:\/\/www.maddalena.it\/fr\/produit\/sj-one\/\" \/>\n<meta property=\"og:locale\" content=\"fr_FR\" \/>\n<meta property=\"og:type\" content=\"article\" \/>\n<meta property=\"og:title\" content=\"SJ ONE - COMPTEUR \u00c0 JET UNIQUE \u00c0 ROULEAUX PROT\u00c9G\u00c9S\" \/>\n<meta property=\"og:description\" content=\"SJ ONE est la plus haute expression de compteur \u00e0 jet unique. Gr\u00e2ce \u00e0 la transmission m\u00e9canique, il offre de hautes performances m\u00e9trologiques, il est inse\" \/>\n<meta property=\"og:url\" content=\"https:\/\/www.maddalena.it\/fr\/produit\/sj-one\/\" \/>\n<meta property=\"og:site_name\" content=\"Maddalena S.p.A.\" \/>\n<meta property=\"article:modified_time\" content=\"2025-10-02T08:01:35+00:00\" \/>\n<meta property=\"og:image\" content=\"https:\/\/www.maddalena.it\/wp-content\/uploads\/catalog-image\/mecto-sjone-3q.png\" \/>\n\t<meta property=\"og:image:width\" content=\"1600\" \/>\n\t<meta property=\"og:image:height\" content=\"1200\" \/>\n\t<meta property=\"og:image:type\" content=\"image\/png\" \/>\n<meta name=\"twitter:card\" content=\"summary_large_image\" \/>\n<script type=\"application\/ld+json\" class=\"yoast-schema-graph\">{\"@context\":\"https:\\\/\\\/schema.org\",\"@graph\":[{\"@type\":\"WebPage\",\"@id\":\"https:\\\/\\\/www.maddalena.it\\\/fr\\\/produit\\\/sj-one\\\/\",\"url\":\"https:\\\/\\\/www.maddalena.it\\\/fr\\\/produit\\\/sj-one\\\/\",\"name\":\"SJ ONE - COMPTEUR \u00c0 JET UNIQUE \u00c0 ROULEAUX PROT\u00c9G\u00c9S\",\"isPartOf\":{\"@id\":\"https:\\\/\\\/www.maddalena.it\\\/fr\\\/#website\"},\"primaryImageOfPage\":{\"@id\":\"https:\\\/\\\/www.maddalena.it\\\/fr\\\/produit\\\/sj-one\\\/#primaryimage\"},\"image\":{\"@id\":\"https:\\\/\\\/www.maddalena.it\\\/fr\\\/produit\\\/sj-one\\\/#primaryimage\"},\"thumbnailUrl\":\"https:\\\/\\\/www.maddalena.it\\\/wp-content\\\/uploads\\\/catalog-image\\\/mecto-sjone-3q.png\",\"datePublished\":\"2022-08-03T12:29:17+00:00\",\"dateModified\":\"2025-10-02T08:01:35+00:00\",\"description\":\"SJ ONE est la plus haute expression de compteur \u00e0 jet unique. Gr\u00e2ce \u00e0 la transmission m\u00e9canique, il offre de hautes performances m\u00e9trologiques, il est inse\",\"breadcrumb\":{\"@id\":\"https:\\\/\\\/www.maddalena.it\\\/fr\\\/produit\\\/sj-one\\\/#breadcrumb\"},\"inLanguage\":\"fr-FR\",\"potentialAction\":[{\"@type\":\"ReadAction\",\"target\":[\"https:\\\/\\\/www.maddalena.it\\\/fr\\\/produit\\\/sj-one\\\/\"]}]},{\"@type\":\"ImageObject\",\"inLanguage\":\"fr-FR\",\"@id\":\"https:\\\/\\\/www.maddalena.it\\\/fr\\\/produit\\\/sj-one\\\/#primaryimage\",\"url\":\"https:\\\/\\\/www.maddalena.it\\\/wp-content\\\/uploads\\\/catalog-image\\\/mecto-sjone-3q.png\",\"contentUrl\":\"https:\\\/\\\/www.maddalena.it\\\/wp-content\\\/uploads\\\/catalog-image\\\/mecto-sjone-3q.png\",\"width\":1600,\"height\":1200},{\"@type\":\"BreadcrumbList\",\"@id\":\"https:\\\/\\\/www.maddalena.it\\\/fr\\\/produit\\\/sj-one\\\/#breadcrumb\",\"itemListElement\":[{\"@type\":\"ListItem\",\"position\":1,\"name\":\"Home\",\"item\":\"https:\\\/\\\/www.maddalena.it\\\/fr\\\/\"},{\"@type\":\"ListItem\",\"position\":2,\"name\":\"Produits\",\"item\":\"https:\\\/\\\/www.maddalena.it\\\/fr\\\/produit\\\/\"},{\"@type\":\"ListItem\",\"position\":3,\"name\":\"Eau\",\"item\":\"https:\\\/\\\/www.maddalena.it\\\/fr\\\/produits\\\/eau\\\/\"},{\"@type\":\"ListItem\",\"position\":4,\"name\":\"MecTo\",\"item\":\"https:\\\/\\\/www.maddalena.it\\\/fr\\\/produits\\\/mecto-fr\\\/\"},{\"@type\":\"ListItem\",\"position\":5,\"name\":\"SJ ONE\"}]},{\"@type\":\"WebSite\",\"@id\":\"https:\\\/\\\/www.maddalena.it\\\/fr\\\/#website\",\"url\":\"https:\\\/\\\/www.maddalena.it\\\/fr\\\/\",\"name\":\"Maddalena S.p.A.\",\"description\":\"Metering Expertise\",\"publisher\":{\"@id\":\"https:\\\/\\\/www.maddalena.it\\\/fr\\\/#organization\"},\"potentialAction\":[{\"@type\":\"SearchAction\",\"target\":{\"@type\":\"EntryPoint\",\"urlTemplate\":\"https:\\\/\\\/www.maddalena.it\\\/fr\\\/?s={search_term_string}\"},\"query-input\":{\"@type\":\"PropertyValueSpecification\",\"valueRequired\":true,\"valueName\":\"search_term_string\"}}],\"inLanguage\":\"fr-FR\"},{\"@type\":\"Organization\",\"@id\":\"https:\\\/\\\/www.maddalena.it\\\/fr\\\/#organization\",\"name\":\"Maddalena S.p.A.\",\"url\":\"https:\\\/\\\/www.maddalena.it\\\/fr\\\/\",\"logo\":{\"@type\":\"ImageObject\",\"inLanguage\":\"fr-FR\",\"@id\":\"https:\\\/\\\/www.maddalena.it\\\/fr\\\/#\\\/schema\\\/logo\\\/image\\\/\",\"url\":\"https:\\\/\\\/www.maddalena.it\\\/wp-content\\\/uploads\\\/2022\\\/04\\\/logo.svg\",\"contentUrl\":\"https:\\\/\\\/www.maddalena.it\\\/wp-content\\\/uploads\\\/2022\\\/04\\\/logo.svg\",\"caption\":\"Maddalena S.p.A.\"},\"image\":{\"@id\":\"https:\\\/\\\/www.maddalena.it\\\/fr\\\/#\\\/schema\\\/logo\\\/image\\\/\"}}]}<\/script>\n<!-- \/ Yoast SEO plugin. -->","yoast_head_json":{"title":"SJ ONE - COMPTEUR \u00c0 JET UNIQUE \u00c0 ROULEAUX PROT\u00c9G\u00c9S","description":"SJ ONE est la plus haute expression de compteur \u00e0 jet unique. Gr\u00e2ce \u00e0 la transmission m\u00e9canique, il offre de hautes performances m\u00e9trologiques, il est inse","robots":{"index":"index","follow":"follow","max-snippet":"max-snippet:-1","max-image-preview":"max-image-preview:large","max-video-preview":"max-video-preview:-1"},"canonical":"https:\/\/www.maddalena.it\/fr\/produit\/sj-one\/","og_locale":"fr_FR","og_type":"article","og_title":"SJ ONE - COMPTEUR \u00c0 JET UNIQUE \u00c0 ROULEAUX PROT\u00c9G\u00c9S","og_description":"SJ ONE est la plus haute expression de compteur \u00e0 jet unique. Gr\u00e2ce \u00e0 la transmission m\u00e9canique, il offre de hautes performances m\u00e9trologiques, il est inse","og_url":"https:\/\/www.maddalena.it\/fr\/produit\/sj-one\/","og_site_name":"Maddalena S.p.A.","article_modified_time":"2025-10-02T08:01:35+00:00","og_image":[{"width":1600,"height":1200,"url":"https:\/\/www.maddalena.it\/wp-content\/uploads\/catalog-image\/mecto-sjone-3q.png","type":"image\/png"}],"twitter_card":"summary_large_image","schema":{"@context":"https:\/\/schema.org","@graph":[{"@type":"WebPage","@id":"https:\/\/www.maddalena.it\/fr\/produit\/sj-one\/","url":"https:\/\/www.maddalena.it\/fr\/produit\/sj-one\/","name":"SJ ONE - COMPTEUR \u00c0 JET UNIQUE \u00c0 ROULEAUX PROT\u00c9G\u00c9S","isPartOf":{"@id":"https:\/\/www.maddalena.it\/fr\/#website"},"primaryImageOfPage":{"@id":"https:\/\/www.maddalena.it\/fr\/produit\/sj-one\/#primaryimage"},"image":{"@id":"https:\/\/www.maddalena.it\/fr\/produit\/sj-one\/#primaryimage"},"thumbnailUrl":"https:\/\/www.maddalena.it\/wp-content\/uploads\/catalog-image\/mecto-sjone-3q.png","datePublished":"2022-08-03T12:29:17+00:00","dateModified":"2025-10-02T08:01:35+00:00","description":"SJ ONE est la plus haute expression de compteur \u00e0 jet unique. Gr\u00e2ce \u00e0 la transmission m\u00e9canique, il offre de hautes performances m\u00e9trologiques, il est inse","breadcrumb":{"@id":"https:\/\/www.maddalena.it\/fr\/produit\/sj-one\/#breadcrumb"},"inLanguage":"fr-FR","potentialAction":[{"@type":"ReadAction","target":["https:\/\/www.maddalena.it\/fr\/produit\/sj-one\/"]}]},{"@type":"ImageObject","inLanguage":"fr-FR","@id":"https:\/\/www.maddalena.it\/fr\/produit\/sj-one\/#primaryimage","url":"https:\/\/www.maddalena.it\/wp-content\/uploads\/catalog-image\/mecto-sjone-3q.png","contentUrl":"https:\/\/www.maddalena.it\/wp-content\/uploads\/catalog-image\/mecto-sjone-3q.png","width":1600,"height":1200},{"@type":"BreadcrumbList","@id":"https:\/\/www.maddalena.it\/fr\/produit\/sj-one\/#breadcrumb","itemListElement":[{"@type":"ListItem","position":1,"name":"Home","item":"https:\/\/www.maddalena.it\/fr\/"},{"@type":"ListItem","position":2,"name":"Produits","item":"https:\/\/www.maddalena.it\/fr\/produit\/"},{"@type":"ListItem","position":3,"name":"Eau","item":"https:\/\/www.maddalena.it\/fr\/produits\/eau\/"},{"@type":"ListItem","position":4,"name":"MecTo","item":"https:\/\/www.maddalena.it\/fr\/produits\/mecto-fr\/"},{"@type":"ListItem","position":5,"name":"SJ ONE"}]},{"@type":"WebSite","@id":"https:\/\/www.maddalena.it\/fr\/#website","url":"https:\/\/www.maddalena.it\/fr\/","name":"Maddalena S.p.A.","description":"Metering Expertise","publisher":{"@id":"https:\/\/www.maddalena.it\/fr\/#organization"},"potentialAction":[{"@type":"SearchAction","target":{"@type":"EntryPoint","urlTemplate":"https:\/\/www.maddalena.it\/fr\/?s={search_term_string}"},"query-input":{"@type":"PropertyValueSpecification","valueRequired":true,"valueName":"search_term_string"}}],"inLanguage":"fr-FR"},{"@type":"Organization","@id":"https:\/\/www.maddalena.it\/fr\/#organization","name":"Maddalena S.p.A.","url":"https:\/\/www.maddalena.it\/fr\/","logo":{"@type":"ImageObject","inLanguage":"fr-FR","@id":"https:\/\/www.maddalena.it\/fr\/#\/schema\/logo\/image\/","url":"https:\/\/www.maddalena.it\/wp-content\/uploads\/2022\/04\/logo.svg","contentUrl":"https:\/\/www.maddalena.it\/wp-content\/uploads\/2022\/04\/logo.svg","caption":"Maddalena S.p.A."},"image":{"@id":"https:\/\/www.maddalena.it\/fr\/#\/schema\/logo\/image\/"}}]}},"_links":{"self":[{"href":"https:\/\/www.maddalena.it\/fr\/wp-json\/wp\/v2\/product\/18462","targetHints":{"allow":["GET"]}}],"collection":[{"href":"https:\/\/www.maddalena.it\/fr\/wp-json\/wp\/v2\/product"}],"about":[{"href":"https:\/\/www.maddalena.it\/fr\/wp-json\/wp\/v2\/types\/product"}],"wp:featuredmedia":[{"embeddable":true,"href":"https:\/\/www.maddalena.it\/fr\/wp-json\/wp\/v2\/media\/13425"}],"wp:attachment":[{"href":"https:\/\/www.maddalena.it\/fr\/wp-json\/wp\/v2\/media?parent=18462"}],"wp:term":[{"taxonomy":"product_category","embeddable":true,"href":"https:\/\/www.maddalena.it\/fr\/wp-json\/wp\/v2\/product_category?post=18462"}],"curies":[{"name":"wp","href":"https:\/\/api.w.org\/{rel}","templated":true}]}}