{"id":18452,"date":"2022-08-03T14:29:18","date_gmt":"2022-08-03T12:29:18","guid":{"rendered":"http:\/\/www.maddalena.it\/?post_type=product&#038;p=18452"},"modified":"2023-09-26T22:01:51","modified_gmt":"2023-09-26T20:01:51","slug":"gamma-1-d-m-s311","status":"publish","type":"product","link":"https:\/\/www.maddalena.it\/fr\/produit\/gamma-1-d-m-s311\/","title":{"rendered":"GAMMA 1-D-M &amp; S311"},"content":{"rendered":"<p>Unit\u00e9s \u00e9lectroniques de dosage ou d\u2019affichage, pouvant \u00eatre associ\u00e9es \u00e0 tous les compteurs avec sortie \u00e0 impulsions.<br \/>\nGamma 1-D-M repr\u00e9sente le pr\u00e9d\u00e9terminateur de dosage pour installation type rack avec boutons pour la programmation de l\u2019instrument et la commande du dosage.<br \/>\nGamma S311 est un indicateur\/afficheur pour la mesure du d\u00e9bit et du volume.<\/p>\n<p>DOCUMENTATION DISPONIBLE SUR DEMANDE<\/p>\n","protected":false},"excerpt":{"rendered":"<p>UNIT\u00c9 DE DOSAGE ET D\u2019AFFICHAGE<\/p>\n","protected":false},"featured_media":1297,"menu_order":57,"template":"","meta":{"_acf_changed":false,"_lmt_disableupdate":"","_lmt_disable":""},"product_category":[125],"class_list":["post-18452","product","type-product","status-publish","has-post-thumbnail","hentry","product_category-industrie"],"acf":[],"yoast_head":"<!-- This site is optimized with the Yoast SEO plugin v27.4 - https:\/\/yoast.com\/product\/yoast-seo-wordpress\/ -->\n<title>GAMMA 1-D-M &amp; S311 - UNIT\u00c9 DE DOSAGE ET D\u2019AFFICHAGE<\/title>\n<meta name=\"description\" content=\"Unit\u00e9s \u00e9lectroniques de dosage ou d\u2019affichage, pouvant \u00eatre associ\u00e9es \u00e0 tous les compteurs avec sortie \u00e0 impulsions. Gamma 1-D-M repr\u00e9sente le pr\u00e9d\u00e9\" \/>\n<meta name=\"robots\" content=\"index, follow, max-snippet:-1, max-image-preview:large, max-video-preview:-1\" \/>\n<link rel=\"canonical\" href=\"https:\/\/www.maddalena.it\/fr\/produit\/gamma-1-d-m-s311\/\" \/>\n<meta property=\"og:locale\" content=\"fr_FR\" \/>\n<meta property=\"og:type\" content=\"article\" \/>\n<meta property=\"og:title\" content=\"GAMMA 1-D-M &amp; S311 - UNIT\u00c9 DE DOSAGE ET D\u2019AFFICHAGE\" \/>\n<meta property=\"og:description\" content=\"Unit\u00e9s \u00e9lectroniques de dosage ou d\u2019affichage, pouvant \u00eatre associ\u00e9es \u00e0 tous les compteurs avec sortie \u00e0 impulsions. Gamma 1-D-M repr\u00e9sente le pr\u00e9d\u00e9\" \/>\n<meta property=\"og:url\" content=\"https:\/\/www.maddalena.it\/fr\/produit\/gamma-1-d-m-s311\/\" \/>\n<meta property=\"og:site_name\" content=\"Maddalena S.p.A.\" \/>\n<meta property=\"article:modified_time\" content=\"2023-09-26T20:01:51+00:00\" \/>\n<meta property=\"og:image\" content=\"https:\/\/www.maddalena.it\/wp-content\/uploads\/catalog-image\/unita-dosaggio.png\" \/>\n\t<meta property=\"og:image:width\" content=\"396\" \/>\n\t<meta property=\"og:image:height\" content=\"313\" \/>\n\t<meta property=\"og:image:type\" content=\"image\/png\" \/>\n<meta name=\"twitter:card\" content=\"summary_large_image\" \/>\n<script type=\"application\/ld+json\" class=\"yoast-schema-graph\">{\"@context\":\"https:\\\/\\\/schema.org\",\"@graph\":[{\"@type\":\"WebPage\",\"@id\":\"https:\\\/\\\/www.maddalena.it\\\/fr\\\/produit\\\/gamma-1-d-m-s311\\\/\",\"url\":\"https:\\\/\\\/www.maddalena.it\\\/fr\\\/produit\\\/gamma-1-d-m-s311\\\/\",\"name\":\"GAMMA 1-D-M &amp; S311 - UNIT\u00c9 DE DOSAGE ET D\u2019AFFICHAGE\",\"isPartOf\":{\"@id\":\"https:\\\/\\\/www.maddalena.it\\\/fr\\\/#website\"},\"primaryImageOfPage\":{\"@id\":\"https:\\\/\\\/www.maddalena.it\\\/fr\\\/produit\\\/gamma-1-d-m-s311\\\/#primaryimage\"},\"image\":{\"@id\":\"https:\\\/\\\/www.maddalena.it\\\/fr\\\/produit\\\/gamma-1-d-m-s311\\\/#primaryimage\"},\"thumbnailUrl\":\"https:\\\/\\\/www.maddalena.it\\\/wp-content\\\/uploads\\\/catalog-image\\\/unita-dosaggio.png\",\"datePublished\":\"2022-08-03T12:29:18+00:00\",\"dateModified\":\"2023-09-26T20:01:51+00:00\",\"description\":\"Unit\u00e9s \u00e9lectroniques de dosage ou d\u2019affichage, pouvant \u00eatre associ\u00e9es \u00e0 tous les compteurs avec sortie \u00e0 impulsions. Gamma 1-D-M repr\u00e9sente le pr\u00e9d\u00e9\",\"breadcrumb\":{\"@id\":\"https:\\\/\\\/www.maddalena.it\\\/fr\\\/produit\\\/gamma-1-d-m-s311\\\/#breadcrumb\"},\"inLanguage\":\"fr-FR\",\"potentialAction\":[{\"@type\":\"ReadAction\",\"target\":[\"https:\\\/\\\/www.maddalena.it\\\/fr\\\/produit\\\/gamma-1-d-m-s311\\\/\"]}]},{\"@type\":\"ImageObject\",\"inLanguage\":\"fr-FR\",\"@id\":\"https:\\\/\\\/www.maddalena.it\\\/fr\\\/produit\\\/gamma-1-d-m-s311\\\/#primaryimage\",\"url\":\"https:\\\/\\\/www.maddalena.it\\\/wp-content\\\/uploads\\\/catalog-image\\\/unita-dosaggio.png\",\"contentUrl\":\"https:\\\/\\\/www.maddalena.it\\\/wp-content\\\/uploads\\\/catalog-image\\\/unita-dosaggio.png\",\"width\":396,\"height\":313,\"caption\":\"Industria\"},{\"@type\":\"BreadcrumbList\",\"@id\":\"https:\\\/\\\/www.maddalena.it\\\/fr\\\/produit\\\/gamma-1-d-m-s311\\\/#breadcrumb\",\"itemListElement\":[{\"@type\":\"ListItem\",\"position\":1,\"name\":\"Home\",\"item\":\"https:\\\/\\\/www.maddalena.it\\\/fr\\\/\"},{\"@type\":\"ListItem\",\"position\":2,\"name\":\"Produits\",\"item\":\"https:\\\/\\\/www.maddalena.it\\\/fr\\\/produit\\\/\"},{\"@type\":\"ListItem\",\"position\":3,\"name\":\"Instrumentation\",\"item\":\"https:\\\/\\\/www.maddalena.it\\\/fr\\\/produits\\\/instrumentation\\\/\"},{\"@type\":\"ListItem\",\"position\":4,\"name\":\"Industrie\",\"item\":\"https:\\\/\\\/www.maddalena.it\\\/fr\\\/produits\\\/industrie\\\/\"},{\"@type\":\"ListItem\",\"position\":5,\"name\":\"GAMMA 1-D-M &amp; S311\"}]},{\"@type\":\"WebSite\",\"@id\":\"https:\\\/\\\/www.maddalena.it\\\/fr\\\/#website\",\"url\":\"https:\\\/\\\/www.maddalena.it\\\/fr\\\/\",\"name\":\"Maddalena S.p.A.\",\"description\":\"Metering Expertise\",\"publisher\":{\"@id\":\"https:\\\/\\\/www.maddalena.it\\\/fr\\\/#organization\"},\"potentialAction\":[{\"@type\":\"SearchAction\",\"target\":{\"@type\":\"EntryPoint\",\"urlTemplate\":\"https:\\\/\\\/www.maddalena.it\\\/fr\\\/?s={search_term_string}\"},\"query-input\":{\"@type\":\"PropertyValueSpecification\",\"valueRequired\":true,\"valueName\":\"search_term_string\"}}],\"inLanguage\":\"fr-FR\"},{\"@type\":\"Organization\",\"@id\":\"https:\\\/\\\/www.maddalena.it\\\/fr\\\/#organization\",\"name\":\"Maddalena S.p.A.\",\"url\":\"https:\\\/\\\/www.maddalena.it\\\/fr\\\/\",\"logo\":{\"@type\":\"ImageObject\",\"inLanguage\":\"fr-FR\",\"@id\":\"https:\\\/\\\/www.maddalena.it\\\/fr\\\/#\\\/schema\\\/logo\\\/image\\\/\",\"url\":\"https:\\\/\\\/www.maddalena.it\\\/wp-content\\\/uploads\\\/2022\\\/04\\\/logo.svg\",\"contentUrl\":\"https:\\\/\\\/www.maddalena.it\\\/wp-content\\\/uploads\\\/2022\\\/04\\\/logo.svg\",\"caption\":\"Maddalena S.p.A.\"},\"image\":{\"@id\":\"https:\\\/\\\/www.maddalena.it\\\/fr\\\/#\\\/schema\\\/logo\\\/image\\\/\"}}]}<\/script>\n<!-- \/ Yoast SEO plugin. -->","yoast_head_json":{"title":"GAMMA 1-D-M &amp; S311 - UNIT\u00c9 DE DOSAGE ET D\u2019AFFICHAGE","description":"Unit\u00e9s \u00e9lectroniques de dosage ou d\u2019affichage, pouvant \u00eatre associ\u00e9es \u00e0 tous les compteurs avec sortie \u00e0 impulsions. Gamma 1-D-M repr\u00e9sente le pr\u00e9d\u00e9","robots":{"index":"index","follow":"follow","max-snippet":"max-snippet:-1","max-image-preview":"max-image-preview:large","max-video-preview":"max-video-preview:-1"},"canonical":"https:\/\/www.maddalena.it\/fr\/produit\/gamma-1-d-m-s311\/","og_locale":"fr_FR","og_type":"article","og_title":"GAMMA 1-D-M &amp; S311 - UNIT\u00c9 DE DOSAGE ET D\u2019AFFICHAGE","og_description":"Unit\u00e9s \u00e9lectroniques de dosage ou d\u2019affichage, pouvant \u00eatre associ\u00e9es \u00e0 tous les compteurs avec sortie \u00e0 impulsions. Gamma 1-D-M repr\u00e9sente le pr\u00e9d\u00e9","og_url":"https:\/\/www.maddalena.it\/fr\/produit\/gamma-1-d-m-s311\/","og_site_name":"Maddalena S.p.A.","article_modified_time":"2023-09-26T20:01:51+00:00","og_image":[{"width":396,"height":313,"url":"https:\/\/www.maddalena.it\/wp-content\/uploads\/catalog-image\/unita-dosaggio.png","type":"image\/png"}],"twitter_card":"summary_large_image","schema":{"@context":"https:\/\/schema.org","@graph":[{"@type":"WebPage","@id":"https:\/\/www.maddalena.it\/fr\/produit\/gamma-1-d-m-s311\/","url":"https:\/\/www.maddalena.it\/fr\/produit\/gamma-1-d-m-s311\/","name":"GAMMA 1-D-M &amp; S311 - UNIT\u00c9 DE DOSAGE ET D\u2019AFFICHAGE","isPartOf":{"@id":"https:\/\/www.maddalena.it\/fr\/#website"},"primaryImageOfPage":{"@id":"https:\/\/www.maddalena.it\/fr\/produit\/gamma-1-d-m-s311\/#primaryimage"},"image":{"@id":"https:\/\/www.maddalena.it\/fr\/produit\/gamma-1-d-m-s311\/#primaryimage"},"thumbnailUrl":"https:\/\/www.maddalena.it\/wp-content\/uploads\/catalog-image\/unita-dosaggio.png","datePublished":"2022-08-03T12:29:18+00:00","dateModified":"2023-09-26T20:01:51+00:00","description":"Unit\u00e9s \u00e9lectroniques de dosage ou d\u2019affichage, pouvant \u00eatre associ\u00e9es \u00e0 tous les compteurs avec sortie \u00e0 impulsions. Gamma 1-D-M repr\u00e9sente le pr\u00e9d\u00e9","breadcrumb":{"@id":"https:\/\/www.maddalena.it\/fr\/produit\/gamma-1-d-m-s311\/#breadcrumb"},"inLanguage":"fr-FR","potentialAction":[{"@type":"ReadAction","target":["https:\/\/www.maddalena.it\/fr\/produit\/gamma-1-d-m-s311\/"]}]},{"@type":"ImageObject","inLanguage":"fr-FR","@id":"https:\/\/www.maddalena.it\/fr\/produit\/gamma-1-d-m-s311\/#primaryimage","url":"https:\/\/www.maddalena.it\/wp-content\/uploads\/catalog-image\/unita-dosaggio.png","contentUrl":"https:\/\/www.maddalena.it\/wp-content\/uploads\/catalog-image\/unita-dosaggio.png","width":396,"height":313,"caption":"Industria"},{"@type":"BreadcrumbList","@id":"https:\/\/www.maddalena.it\/fr\/produit\/gamma-1-d-m-s311\/#breadcrumb","itemListElement":[{"@type":"ListItem","position":1,"name":"Home","item":"https:\/\/www.maddalena.it\/fr\/"},{"@type":"ListItem","position":2,"name":"Produits","item":"https:\/\/www.maddalena.it\/fr\/produit\/"},{"@type":"ListItem","position":3,"name":"Instrumentation","item":"https:\/\/www.maddalena.it\/fr\/produits\/instrumentation\/"},{"@type":"ListItem","position":4,"name":"Industrie","item":"https:\/\/www.maddalena.it\/fr\/produits\/industrie\/"},{"@type":"ListItem","position":5,"name":"GAMMA 1-D-M &amp; S311"}]},{"@type":"WebSite","@id":"https:\/\/www.maddalena.it\/fr\/#website","url":"https:\/\/www.maddalena.it\/fr\/","name":"Maddalena S.p.A.","description":"Metering Expertise","publisher":{"@id":"https:\/\/www.maddalena.it\/fr\/#organization"},"potentialAction":[{"@type":"SearchAction","target":{"@type":"EntryPoint","urlTemplate":"https:\/\/www.maddalena.it\/fr\/?s={search_term_string}"},"query-input":{"@type":"PropertyValueSpecification","valueRequired":true,"valueName":"search_term_string"}}],"inLanguage":"fr-FR"},{"@type":"Organization","@id":"https:\/\/www.maddalena.it\/fr\/#organization","name":"Maddalena S.p.A.","url":"https:\/\/www.maddalena.it\/fr\/","logo":{"@type":"ImageObject","inLanguage":"fr-FR","@id":"https:\/\/www.maddalena.it\/fr\/#\/schema\/logo\/image\/","url":"https:\/\/www.maddalena.it\/wp-content\/uploads\/2022\/04\/logo.svg","contentUrl":"https:\/\/www.maddalena.it\/wp-content\/uploads\/2022\/04\/logo.svg","caption":"Maddalena S.p.A."},"image":{"@id":"https:\/\/www.maddalena.it\/fr\/#\/schema\/logo\/image\/"}}]}},"_links":{"self":[{"href":"https:\/\/www.maddalena.it\/fr\/wp-json\/wp\/v2\/product\/18452","targetHints":{"allow":["GET"]}}],"collection":[{"href":"https:\/\/www.maddalena.it\/fr\/wp-json\/wp\/v2\/product"}],"about":[{"href":"https:\/\/www.maddalena.it\/fr\/wp-json\/wp\/v2\/types\/product"}],"wp:featuredmedia":[{"embeddable":true,"href":"https:\/\/www.maddalena.it\/fr\/wp-json\/wp\/v2\/media\/1297"}],"wp:attachment":[{"href":"https:\/\/www.maddalena.it\/fr\/wp-json\/wp\/v2\/media?parent=18452"}],"wp:term":[{"taxonomy":"product_category","embeddable":true,"href":"https:\/\/www.maddalena.it\/fr\/wp-json\/wp\/v2\/product_category?post=18452"}],"curies":[{"name":"wp","href":"https:\/\/api.w.org\/{rel}","templated":true}]}}