{"id":18429,"date":"2022-08-03T14:29:20","date_gmt":"2022-08-03T12:29:20","guid":{"rendered":"http:\/\/www.maddalena.it\/?post_type=product&#038;p=18429"},"modified":"2025-10-20T17:04:37","modified_gmt":"2025-10-20T15:04:37","slug":"microclima-s3c","status":"publish","type":"product","link":"https:\/\/www.maddalena.it\/fr\/produit\/microclima-s3c\/","title":{"rendered":"MICROCLIMA S3C"},"content":{"rendered":"<p>MicroClima S3C est l\u2019unit\u00e9 \u00e9lectronique s\u00e9par\u00e9e pour le compteur de chaleur.<br \/>\nElle garantit d\u2019excellentes performances dans le comptage des calories et des frigories et a l\u2019avantage d\u2019\u00eatre tr\u00e8s flexible dans son utilisation. L\u2019unit\u00e9 de calcul doit \u00eatre connect\u00e9e \u00e0 une paire de sondes de temp\u00e9rature et \u00e0 un d\u00e9bitm\u00e8tre certifi\u00e9 MI-004.<\/p>\n","protected":false},"excerpt":{"rendered":"<p>UNIT\u00c9 \u00c9LECTRONIQUE POUR COMPTEURS D\u2019\u00c9NERGIE THERMIQUE EN VERSION S\u00c9PAR\u00c9E<\/p>\n","protected":false},"featured_media":1176,"menu_order":39,"template":"","meta":{"_acf_changed":false,"_lmt_disableupdate":"","_lmt_disable":""},"product_category":[89],"class_list":["post-18429","product","type-product","status-publish","has-post-thumbnail","hentry","product_category-compteurs-separe"],"acf":[],"yoast_head":"<!-- This site is optimized with the Yoast SEO plugin v27.5 - https:\/\/yoast.com\/product\/yoast-seo-wordpress\/ -->\n<title>MICROCLIMA S3C - UNIT\u00c9 \u00c9LECTRONIQUE POUR COMPTEURS D\u2019\u00c9NERGIE THERMIQUE EN VERSION S\u00c9PAR\u00c9E<\/title>\n<meta name=\"description\" content=\"MicroClima S3C est l\u2019unit\u00e9 \u00e9lectronique s\u00e9par\u00e9e pour le compteur de chaleur. Elle garantit d\u2019excellentes performances dans le comptage des calories et\" \/>\n<meta name=\"robots\" content=\"index, follow, max-snippet:-1, max-image-preview:large, max-video-preview:-1\" \/>\n<link rel=\"canonical\" href=\"https:\/\/www.maddalena.it\/fr\/produit\/microclima-s3c\/\" \/>\n<meta property=\"og:locale\" content=\"fr_FR\" \/>\n<meta property=\"og:type\" content=\"article\" \/>\n<meta property=\"og:title\" content=\"MICROCLIMA S3C - UNIT\u00c9 \u00c9LECTRONIQUE POUR COMPTEURS D\u2019\u00c9NERGIE THERMIQUE EN VERSION S\u00c9PAR\u00c9E\" \/>\n<meta property=\"og:description\" content=\"MicroClima S3C est l\u2019unit\u00e9 \u00e9lectronique s\u00e9par\u00e9e pour le compteur de chaleur. Elle garantit d\u2019excellentes performances dans le comptage des calories et\" \/>\n<meta property=\"og:url\" content=\"https:\/\/www.maddalena.it\/fr\/produit\/microclima-s3c\/\" \/>\n<meta property=\"og:site_name\" content=\"Maddalena S.p.A.\" \/>\n<meta property=\"article:modified_time\" content=\"2025-10-20T15:04:37+00:00\" \/>\n<meta property=\"og:image\" content=\"https:\/\/www.maddalena.it\/wp-content\/uploads\/catalog-image\/microclima-s3c-z.png\" \/>\n\t<meta property=\"og:image:width\" content=\"1600\" \/>\n\t<meta property=\"og:image:height\" content=\"1201\" \/>\n\t<meta property=\"og:image:type\" content=\"image\/png\" \/>\n<meta name=\"twitter:card\" content=\"summary_large_image\" \/>\n<script type=\"application\/ld+json\" class=\"yoast-schema-graph\">{\"@context\":\"https:\\\/\\\/schema.org\",\"@graph\":[{\"@type\":\"WebPage\",\"@id\":\"https:\\\/\\\/www.maddalena.it\\\/fr\\\/produit\\\/microclima-s3c\\\/\",\"url\":\"https:\\\/\\\/www.maddalena.it\\\/fr\\\/produit\\\/microclima-s3c\\\/\",\"name\":\"MICROCLIMA S3C - UNIT\u00c9 \u00c9LECTRONIQUE POUR COMPTEURS D\u2019\u00c9NERGIE THERMIQUE EN VERSION S\u00c9PAR\u00c9E\",\"isPartOf\":{\"@id\":\"https:\\\/\\\/www.maddalena.it\\\/fr\\\/#website\"},\"primaryImageOfPage\":{\"@id\":\"https:\\\/\\\/www.maddalena.it\\\/fr\\\/produit\\\/microclima-s3c\\\/#primaryimage\"},\"image\":{\"@id\":\"https:\\\/\\\/www.maddalena.it\\\/fr\\\/produit\\\/microclima-s3c\\\/#primaryimage\"},\"thumbnailUrl\":\"https:\\\/\\\/www.maddalena.it\\\/wp-content\\\/uploads\\\/catalog-image\\\/microclima-s3c-z.png\",\"datePublished\":\"2022-08-03T12:29:20+00:00\",\"dateModified\":\"2025-10-20T15:04:37+00:00\",\"description\":\"MicroClima S3C est l\u2019unit\u00e9 \u00e9lectronique s\u00e9par\u00e9e pour le compteur de chaleur. Elle garantit d\u2019excellentes performances dans le comptage des calories et\",\"breadcrumb\":{\"@id\":\"https:\\\/\\\/www.maddalena.it\\\/fr\\\/produit\\\/microclima-s3c\\\/#breadcrumb\"},\"inLanguage\":\"fr-FR\",\"potentialAction\":[{\"@type\":\"ReadAction\",\"target\":[\"https:\\\/\\\/www.maddalena.it\\\/fr\\\/produit\\\/microclima-s3c\\\/\"]}]},{\"@type\":\"ImageObject\",\"inLanguage\":\"fr-FR\",\"@id\":\"https:\\\/\\\/www.maddalena.it\\\/fr\\\/produit\\\/microclima-s3c\\\/#primaryimage\",\"url\":\"https:\\\/\\\/www.maddalena.it\\\/wp-content\\\/uploads\\\/catalog-image\\\/microclima-s3c-z.png\",\"contentUrl\":\"https:\\\/\\\/www.maddalena.it\\\/wp-content\\\/uploads\\\/catalog-image\\\/microclima-s3c-z.png\",\"width\":1600,\"height\":1201,\"caption\":\"Separato\"},{\"@type\":\"BreadcrumbList\",\"@id\":\"https:\\\/\\\/www.maddalena.it\\\/fr\\\/produit\\\/microclima-s3c\\\/#breadcrumb\",\"itemListElement\":[{\"@type\":\"ListItem\",\"position\":1,\"name\":\"Home\",\"item\":\"https:\\\/\\\/www.maddalena.it\\\/fr\\\/\"},{\"@type\":\"ListItem\",\"position\":2,\"name\":\"Produits\",\"item\":\"https:\\\/\\\/www.maddalena.it\\\/fr\\\/produit\\\/\"},{\"@type\":\"ListItem\",\"position\":3,\"name\":\"\u00c9nergie thermique\",\"item\":\"https:\\\/\\\/www.maddalena.it\\\/fr\\\/produits\\\/energie-thermique\\\/\"},{\"@type\":\"ListItem\",\"position\":4,\"name\":\"S\u00e9par\u00e9\",\"item\":\"https:\\\/\\\/www.maddalena.it\\\/fr\\\/produits\\\/compteurs-separe\\\/\"},{\"@type\":\"ListItem\",\"position\":5,\"name\":\"MICROCLIMA S3C\"}]},{\"@type\":\"WebSite\",\"@id\":\"https:\\\/\\\/www.maddalena.it\\\/fr\\\/#website\",\"url\":\"https:\\\/\\\/www.maddalena.it\\\/fr\\\/\",\"name\":\"Maddalena S.p.A.\",\"description\":\"Metering Expertise\",\"publisher\":{\"@id\":\"https:\\\/\\\/www.maddalena.it\\\/fr\\\/#organization\"},\"potentialAction\":[{\"@type\":\"SearchAction\",\"target\":{\"@type\":\"EntryPoint\",\"urlTemplate\":\"https:\\\/\\\/www.maddalena.it\\\/fr\\\/?s={search_term_string}\"},\"query-input\":{\"@type\":\"PropertyValueSpecification\",\"valueRequired\":true,\"valueName\":\"search_term_string\"}}],\"inLanguage\":\"fr-FR\"},{\"@type\":\"Organization\",\"@id\":\"https:\\\/\\\/www.maddalena.it\\\/fr\\\/#organization\",\"name\":\"Maddalena S.p.A.\",\"url\":\"https:\\\/\\\/www.maddalena.it\\\/fr\\\/\",\"logo\":{\"@type\":\"ImageObject\",\"inLanguage\":\"fr-FR\",\"@id\":\"https:\\\/\\\/www.maddalena.it\\\/fr\\\/#\\\/schema\\\/logo\\\/image\\\/\",\"url\":\"https:\\\/\\\/www.maddalena.it\\\/wp-content\\\/uploads\\\/2022\\\/04\\\/logo.svg\",\"contentUrl\":\"https:\\\/\\\/www.maddalena.it\\\/wp-content\\\/uploads\\\/2022\\\/04\\\/logo.svg\",\"caption\":\"Maddalena S.p.A.\"},\"image\":{\"@id\":\"https:\\\/\\\/www.maddalena.it\\\/fr\\\/#\\\/schema\\\/logo\\\/image\\\/\"}}]}<\/script>\n<!-- \/ Yoast SEO plugin. -->","yoast_head_json":{"title":"MICROCLIMA S3C - UNIT\u00c9 \u00c9LECTRONIQUE POUR COMPTEURS D\u2019\u00c9NERGIE THERMIQUE EN VERSION S\u00c9PAR\u00c9E","description":"MicroClima S3C est l\u2019unit\u00e9 \u00e9lectronique s\u00e9par\u00e9e pour le compteur de chaleur. Elle garantit d\u2019excellentes performances dans le comptage des calories et","robots":{"index":"index","follow":"follow","max-snippet":"max-snippet:-1","max-image-preview":"max-image-preview:large","max-video-preview":"max-video-preview:-1"},"canonical":"https:\/\/www.maddalena.it\/fr\/produit\/microclima-s3c\/","og_locale":"fr_FR","og_type":"article","og_title":"MICROCLIMA S3C - UNIT\u00c9 \u00c9LECTRONIQUE POUR COMPTEURS D\u2019\u00c9NERGIE THERMIQUE EN VERSION S\u00c9PAR\u00c9E","og_description":"MicroClima S3C est l\u2019unit\u00e9 \u00e9lectronique s\u00e9par\u00e9e pour le compteur de chaleur. Elle garantit d\u2019excellentes performances dans le comptage des calories et","og_url":"https:\/\/www.maddalena.it\/fr\/produit\/microclima-s3c\/","og_site_name":"Maddalena S.p.A.","article_modified_time":"2025-10-20T15:04:37+00:00","og_image":[{"width":1600,"height":1201,"url":"https:\/\/www.maddalena.it\/wp-content\/uploads\/catalog-image\/microclima-s3c-z.png","type":"image\/png"}],"twitter_card":"summary_large_image","schema":{"@context":"https:\/\/schema.org","@graph":[{"@type":"WebPage","@id":"https:\/\/www.maddalena.it\/fr\/produit\/microclima-s3c\/","url":"https:\/\/www.maddalena.it\/fr\/produit\/microclima-s3c\/","name":"MICROCLIMA S3C - UNIT\u00c9 \u00c9LECTRONIQUE POUR COMPTEURS D\u2019\u00c9NERGIE THERMIQUE EN VERSION S\u00c9PAR\u00c9E","isPartOf":{"@id":"https:\/\/www.maddalena.it\/fr\/#website"},"primaryImageOfPage":{"@id":"https:\/\/www.maddalena.it\/fr\/produit\/microclima-s3c\/#primaryimage"},"image":{"@id":"https:\/\/www.maddalena.it\/fr\/produit\/microclima-s3c\/#primaryimage"},"thumbnailUrl":"https:\/\/www.maddalena.it\/wp-content\/uploads\/catalog-image\/microclima-s3c-z.png","datePublished":"2022-08-03T12:29:20+00:00","dateModified":"2025-10-20T15:04:37+00:00","description":"MicroClima S3C est l\u2019unit\u00e9 \u00e9lectronique s\u00e9par\u00e9e pour le compteur de chaleur. Elle garantit d\u2019excellentes performances dans le comptage des calories et","breadcrumb":{"@id":"https:\/\/www.maddalena.it\/fr\/produit\/microclima-s3c\/#breadcrumb"},"inLanguage":"fr-FR","potentialAction":[{"@type":"ReadAction","target":["https:\/\/www.maddalena.it\/fr\/produit\/microclima-s3c\/"]}]},{"@type":"ImageObject","inLanguage":"fr-FR","@id":"https:\/\/www.maddalena.it\/fr\/produit\/microclima-s3c\/#primaryimage","url":"https:\/\/www.maddalena.it\/wp-content\/uploads\/catalog-image\/microclima-s3c-z.png","contentUrl":"https:\/\/www.maddalena.it\/wp-content\/uploads\/catalog-image\/microclima-s3c-z.png","width":1600,"height":1201,"caption":"Separato"},{"@type":"BreadcrumbList","@id":"https:\/\/www.maddalena.it\/fr\/produit\/microclima-s3c\/#breadcrumb","itemListElement":[{"@type":"ListItem","position":1,"name":"Home","item":"https:\/\/www.maddalena.it\/fr\/"},{"@type":"ListItem","position":2,"name":"Produits","item":"https:\/\/www.maddalena.it\/fr\/produit\/"},{"@type":"ListItem","position":3,"name":"\u00c9nergie thermique","item":"https:\/\/www.maddalena.it\/fr\/produits\/energie-thermique\/"},{"@type":"ListItem","position":4,"name":"S\u00e9par\u00e9","item":"https:\/\/www.maddalena.it\/fr\/produits\/compteurs-separe\/"},{"@type":"ListItem","position":5,"name":"MICROCLIMA S3C"}]},{"@type":"WebSite","@id":"https:\/\/www.maddalena.it\/fr\/#website","url":"https:\/\/www.maddalena.it\/fr\/","name":"Maddalena S.p.A.","description":"Metering Expertise","publisher":{"@id":"https:\/\/www.maddalena.it\/fr\/#organization"},"potentialAction":[{"@type":"SearchAction","target":{"@type":"EntryPoint","urlTemplate":"https:\/\/www.maddalena.it\/fr\/?s={search_term_string}"},"query-input":{"@type":"PropertyValueSpecification","valueRequired":true,"valueName":"search_term_string"}}],"inLanguage":"fr-FR"},{"@type":"Organization","@id":"https:\/\/www.maddalena.it\/fr\/#organization","name":"Maddalena S.p.A.","url":"https:\/\/www.maddalena.it\/fr\/","logo":{"@type":"ImageObject","inLanguage":"fr-FR","@id":"https:\/\/www.maddalena.it\/fr\/#\/schema\/logo\/image\/","url":"https:\/\/www.maddalena.it\/wp-content\/uploads\/2022\/04\/logo.svg","contentUrl":"https:\/\/www.maddalena.it\/wp-content\/uploads\/2022\/04\/logo.svg","caption":"Maddalena S.p.A."},"image":{"@id":"https:\/\/www.maddalena.it\/fr\/#\/schema\/logo\/image\/"}}]}},"_links":{"self":[{"href":"https:\/\/www.maddalena.it\/fr\/wp-json\/wp\/v2\/product\/18429","targetHints":{"allow":["GET"]}}],"collection":[{"href":"https:\/\/www.maddalena.it\/fr\/wp-json\/wp\/v2\/product"}],"about":[{"href":"https:\/\/www.maddalena.it\/fr\/wp-json\/wp\/v2\/types\/product"}],"wp:featuredmedia":[{"embeddable":true,"href":"https:\/\/www.maddalena.it\/fr\/wp-json\/wp\/v2\/media\/1176"}],"wp:attachment":[{"href":"https:\/\/www.maddalena.it\/fr\/wp-json\/wp\/v2\/media?parent=18429"}],"wp:term":[{"taxonomy":"product_category","embeddable":true,"href":"https:\/\/www.maddalena.it\/fr\/wp-json\/wp\/v2\/product_category?post=18429"}],"curies":[{"name":"wp","href":"https:\/\/api.w.org\/{rel}","templated":true}]}}