{"id":18425,"date":"2022-08-03T14:29:20","date_gmt":"2022-08-03T12:29:20","guid":{"rendered":"http:\/\/www.maddalena.it\/?post_type=product&#038;p=18425"},"modified":"2023-09-26T22:01:59","modified_gmt":"2023-09-26T20:01:59","slug":"gradus","status":"publish","type":"product","link":"https:\/\/www.maddalena.it\/fr\/produit\/gradus\/","title":{"rendered":"GRADUS"},"content":{"rendered":"<p>Gradus est la solution id\u00e9ale pour la r\u00e9partition des frais de consommation de chaleur dans des situations de comptabilisation indirecte. Les r\u00e9partiteurs \u00e9lectroniques de frais de chauffage sont install\u00e9s directement sur les radiateurs et doivent \u00eatre calibr\u00e9s en fonction du type de radiateur.<\/p>\n","protected":false},"excerpt":{"rendered":"<p>REPARTITEUR DE FRAIS DE CHAUFFAGE<\/p>\n","protected":false},"featured_media":2001,"menu_order":36,"template":"","meta":{"_acf_changed":false,"_lmt_disableupdate":"","_lmt_disable":""},"product_category":[105],"class_list":["post-18425","product","type-product","status-publish","has-post-thumbnail","hentry","product_category-repartiteur-de-frais-de-chauffage"],"acf":[],"yoast_head":"<!-- This site is optimized with the Yoast SEO plugin v27.5 - https:\/\/yoast.com\/product\/yoast-seo-wordpress\/ -->\n<title>GRADUS - REPARTITEUR DE FRAIS DE CHAUFFAGE<\/title>\n<meta name=\"description\" content=\"Gradus est la solution id\u00e9ale pour la r\u00e9partition des frais de consommation de chaleur dans des situations de comptabilisation indirecte. Les r\u00e9partiteurs \u00e9\" \/>\n<meta name=\"robots\" content=\"index, follow, max-snippet:-1, max-image-preview:large, max-video-preview:-1\" \/>\n<link rel=\"canonical\" href=\"https:\/\/www.maddalena.it\/fr\/produit\/gradus\/\" \/>\n<meta property=\"og:locale\" content=\"fr_FR\" \/>\n<meta property=\"og:type\" content=\"article\" \/>\n<meta property=\"og:title\" content=\"GRADUS - REPARTITEUR DE FRAIS DE CHAUFFAGE\" \/>\n<meta property=\"og:description\" content=\"Gradus est la solution id\u00e9ale pour la r\u00e9partition des frais de consommation de chaleur dans des situations de comptabilisation indirecte. Les r\u00e9partiteurs \u00e9\" \/>\n<meta property=\"og:url\" content=\"https:\/\/www.maddalena.it\/fr\/produit\/gradus\/\" \/>\n<meta property=\"og:site_name\" content=\"Maddalena S.p.A.\" \/>\n<meta property=\"article:modified_time\" content=\"2023-09-26T20:01:59+00:00\" \/>\n<meta property=\"og:image\" content=\"https:\/\/www.maddalena.it\/wp-content\/uploads\/catalog-image\/gradus-z-vert-m.jpg\" \/>\n\t<meta property=\"og:image:width\" content=\"1300\" \/>\n\t<meta property=\"og:image:height\" content=\"1600\" \/>\n\t<meta property=\"og:image:type\" content=\"image\/jpeg\" \/>\n<meta name=\"twitter:card\" content=\"summary_large_image\" \/>\n<script type=\"application\/ld+json\" class=\"yoast-schema-graph\">{\"@context\":\"https:\\\/\\\/schema.org\",\"@graph\":[{\"@type\":\"WebPage\",\"@id\":\"https:\\\/\\\/www.maddalena.it\\\/fr\\\/produit\\\/gradus\\\/\",\"url\":\"https:\\\/\\\/www.maddalena.it\\\/fr\\\/produit\\\/gradus\\\/\",\"name\":\"GRADUS - REPARTITEUR DE FRAIS DE CHAUFFAGE\",\"isPartOf\":{\"@id\":\"https:\\\/\\\/www.maddalena.it\\\/fr\\\/#website\"},\"primaryImageOfPage\":{\"@id\":\"https:\\\/\\\/www.maddalena.it\\\/fr\\\/produit\\\/gradus\\\/#primaryimage\"},\"image\":{\"@id\":\"https:\\\/\\\/www.maddalena.it\\\/fr\\\/produit\\\/gradus\\\/#primaryimage\"},\"thumbnailUrl\":\"https:\\\/\\\/www.maddalena.it\\\/wp-content\\\/uploads\\\/catalog-image\\\/gradus-z-vert-m.jpg\",\"datePublished\":\"2022-08-03T12:29:20+00:00\",\"dateModified\":\"2023-09-26T20:01:59+00:00\",\"description\":\"Gradus est la solution id\u00e9ale pour la r\u00e9partition des frais de consommation de chaleur dans des situations de comptabilisation indirecte. Les r\u00e9partiteurs \u00e9\",\"breadcrumb\":{\"@id\":\"https:\\\/\\\/www.maddalena.it\\\/fr\\\/produit\\\/gradus\\\/#breadcrumb\"},\"inLanguage\":\"fr-FR\",\"potentialAction\":[{\"@type\":\"ReadAction\",\"target\":[\"https:\\\/\\\/www.maddalena.it\\\/fr\\\/produit\\\/gradus\\\/\"]}]},{\"@type\":\"ImageObject\",\"inLanguage\":\"fr-FR\",\"@id\":\"https:\\\/\\\/www.maddalena.it\\\/fr\\\/produit\\\/gradus\\\/#primaryimage\",\"url\":\"https:\\\/\\\/www.maddalena.it\\\/wp-content\\\/uploads\\\/catalog-image\\\/gradus-z-vert-m.jpg\",\"contentUrl\":\"https:\\\/\\\/www.maddalena.it\\\/wp-content\\\/uploads\\\/catalog-image\\\/gradus-z-vert-m.jpg\",\"width\":1300,\"height\":1600,\"caption\":\"Ripartitore Costi\"},{\"@type\":\"BreadcrumbList\",\"@id\":\"https:\\\/\\\/www.maddalena.it\\\/fr\\\/produit\\\/gradus\\\/#breadcrumb\",\"itemListElement\":[{\"@type\":\"ListItem\",\"position\":1,\"name\":\"Home\",\"item\":\"https:\\\/\\\/www.maddalena.it\\\/fr\\\/\"},{\"@type\":\"ListItem\",\"position\":2,\"name\":\"Produits\",\"item\":\"https:\\\/\\\/www.maddalena.it\\\/fr\\\/produit\\\/\"},{\"@type\":\"ListItem\",\"position\":3,\"name\":\"\u00c9nergie thermique\",\"item\":\"https:\\\/\\\/www.maddalena.it\\\/fr\\\/produits\\\/energie-thermique\\\/\"},{\"@type\":\"ListItem\",\"position\":4,\"name\":\"Repartiteur de frais de chauffage\",\"item\":\"https:\\\/\\\/www.maddalena.it\\\/fr\\\/produits\\\/repartiteur-de-frais-de-chauffage\\\/\"},{\"@type\":\"ListItem\",\"position\":5,\"name\":\"GRADUS\"}]},{\"@type\":\"WebSite\",\"@id\":\"https:\\\/\\\/www.maddalena.it\\\/fr\\\/#website\",\"url\":\"https:\\\/\\\/www.maddalena.it\\\/fr\\\/\",\"name\":\"Maddalena S.p.A.\",\"description\":\"Metering Expertise\",\"publisher\":{\"@id\":\"https:\\\/\\\/www.maddalena.it\\\/fr\\\/#organization\"},\"potentialAction\":[{\"@type\":\"SearchAction\",\"target\":{\"@type\":\"EntryPoint\",\"urlTemplate\":\"https:\\\/\\\/www.maddalena.it\\\/fr\\\/?s={search_term_string}\"},\"query-input\":{\"@type\":\"PropertyValueSpecification\",\"valueRequired\":true,\"valueName\":\"search_term_string\"}}],\"inLanguage\":\"fr-FR\"},{\"@type\":\"Organization\",\"@id\":\"https:\\\/\\\/www.maddalena.it\\\/fr\\\/#organization\",\"name\":\"Maddalena S.p.A.\",\"url\":\"https:\\\/\\\/www.maddalena.it\\\/fr\\\/\",\"logo\":{\"@type\":\"ImageObject\",\"inLanguage\":\"fr-FR\",\"@id\":\"https:\\\/\\\/www.maddalena.it\\\/fr\\\/#\\\/schema\\\/logo\\\/image\\\/\",\"url\":\"https:\\\/\\\/www.maddalena.it\\\/wp-content\\\/uploads\\\/2022\\\/04\\\/logo.svg\",\"contentUrl\":\"https:\\\/\\\/www.maddalena.it\\\/wp-content\\\/uploads\\\/2022\\\/04\\\/logo.svg\",\"caption\":\"Maddalena S.p.A.\"},\"image\":{\"@id\":\"https:\\\/\\\/www.maddalena.it\\\/fr\\\/#\\\/schema\\\/logo\\\/image\\\/\"}}]}<\/script>\n<!-- \/ Yoast SEO plugin. -->","yoast_head_json":{"title":"GRADUS - REPARTITEUR DE FRAIS DE CHAUFFAGE","description":"Gradus est la solution id\u00e9ale pour la r\u00e9partition des frais de consommation de chaleur dans des situations de comptabilisation indirecte. Les r\u00e9partiteurs \u00e9","robots":{"index":"index","follow":"follow","max-snippet":"max-snippet:-1","max-image-preview":"max-image-preview:large","max-video-preview":"max-video-preview:-1"},"canonical":"https:\/\/www.maddalena.it\/fr\/produit\/gradus\/","og_locale":"fr_FR","og_type":"article","og_title":"GRADUS - REPARTITEUR DE FRAIS DE CHAUFFAGE","og_description":"Gradus est la solution id\u00e9ale pour la r\u00e9partition des frais de consommation de chaleur dans des situations de comptabilisation indirecte. Les r\u00e9partiteurs \u00e9","og_url":"https:\/\/www.maddalena.it\/fr\/produit\/gradus\/","og_site_name":"Maddalena S.p.A.","article_modified_time":"2023-09-26T20:01:59+00:00","og_image":[{"width":1300,"height":1600,"url":"https:\/\/www.maddalena.it\/wp-content\/uploads\/catalog-image\/gradus-z-vert-m.jpg","type":"image\/jpeg"}],"twitter_card":"summary_large_image","schema":{"@context":"https:\/\/schema.org","@graph":[{"@type":"WebPage","@id":"https:\/\/www.maddalena.it\/fr\/produit\/gradus\/","url":"https:\/\/www.maddalena.it\/fr\/produit\/gradus\/","name":"GRADUS - REPARTITEUR DE FRAIS DE CHAUFFAGE","isPartOf":{"@id":"https:\/\/www.maddalena.it\/fr\/#website"},"primaryImageOfPage":{"@id":"https:\/\/www.maddalena.it\/fr\/produit\/gradus\/#primaryimage"},"image":{"@id":"https:\/\/www.maddalena.it\/fr\/produit\/gradus\/#primaryimage"},"thumbnailUrl":"https:\/\/www.maddalena.it\/wp-content\/uploads\/catalog-image\/gradus-z-vert-m.jpg","datePublished":"2022-08-03T12:29:20+00:00","dateModified":"2023-09-26T20:01:59+00:00","description":"Gradus est la solution id\u00e9ale pour la r\u00e9partition des frais de consommation de chaleur dans des situations de comptabilisation indirecte. Les r\u00e9partiteurs \u00e9","breadcrumb":{"@id":"https:\/\/www.maddalena.it\/fr\/produit\/gradus\/#breadcrumb"},"inLanguage":"fr-FR","potentialAction":[{"@type":"ReadAction","target":["https:\/\/www.maddalena.it\/fr\/produit\/gradus\/"]}]},{"@type":"ImageObject","inLanguage":"fr-FR","@id":"https:\/\/www.maddalena.it\/fr\/produit\/gradus\/#primaryimage","url":"https:\/\/www.maddalena.it\/wp-content\/uploads\/catalog-image\/gradus-z-vert-m.jpg","contentUrl":"https:\/\/www.maddalena.it\/wp-content\/uploads\/catalog-image\/gradus-z-vert-m.jpg","width":1300,"height":1600,"caption":"Ripartitore Costi"},{"@type":"BreadcrumbList","@id":"https:\/\/www.maddalena.it\/fr\/produit\/gradus\/#breadcrumb","itemListElement":[{"@type":"ListItem","position":1,"name":"Home","item":"https:\/\/www.maddalena.it\/fr\/"},{"@type":"ListItem","position":2,"name":"Produits","item":"https:\/\/www.maddalena.it\/fr\/produit\/"},{"@type":"ListItem","position":3,"name":"\u00c9nergie thermique","item":"https:\/\/www.maddalena.it\/fr\/produits\/energie-thermique\/"},{"@type":"ListItem","position":4,"name":"Repartiteur de frais de chauffage","item":"https:\/\/www.maddalena.it\/fr\/produits\/repartiteur-de-frais-de-chauffage\/"},{"@type":"ListItem","position":5,"name":"GRADUS"}]},{"@type":"WebSite","@id":"https:\/\/www.maddalena.it\/fr\/#website","url":"https:\/\/www.maddalena.it\/fr\/","name":"Maddalena S.p.A.","description":"Metering Expertise","publisher":{"@id":"https:\/\/www.maddalena.it\/fr\/#organization"},"potentialAction":[{"@type":"SearchAction","target":{"@type":"EntryPoint","urlTemplate":"https:\/\/www.maddalena.it\/fr\/?s={search_term_string}"},"query-input":{"@type":"PropertyValueSpecification","valueRequired":true,"valueName":"search_term_string"}}],"inLanguage":"fr-FR"},{"@type":"Organization","@id":"https:\/\/www.maddalena.it\/fr\/#organization","name":"Maddalena S.p.A.","url":"https:\/\/www.maddalena.it\/fr\/","logo":{"@type":"ImageObject","inLanguage":"fr-FR","@id":"https:\/\/www.maddalena.it\/fr\/#\/schema\/logo\/image\/","url":"https:\/\/www.maddalena.it\/wp-content\/uploads\/2022\/04\/logo.svg","contentUrl":"https:\/\/www.maddalena.it\/wp-content\/uploads\/2022\/04\/logo.svg","caption":"Maddalena S.p.A."},"image":{"@id":"https:\/\/www.maddalena.it\/fr\/#\/schema\/logo\/image\/"}}]}},"_links":{"self":[{"href":"https:\/\/www.maddalena.it\/fr\/wp-json\/wp\/v2\/product\/18425","targetHints":{"allow":["GET"]}}],"collection":[{"href":"https:\/\/www.maddalena.it\/fr\/wp-json\/wp\/v2\/product"}],"about":[{"href":"https:\/\/www.maddalena.it\/fr\/wp-json\/wp\/v2\/types\/product"}],"wp:featuredmedia":[{"embeddable":true,"href":"https:\/\/www.maddalena.it\/fr\/wp-json\/wp\/v2\/media\/2001"}],"wp:attachment":[{"href":"https:\/\/www.maddalena.it\/fr\/wp-json\/wp\/v2\/media?parent=18425"}],"wp:term":[{"taxonomy":"product_category","embeddable":true,"href":"https:\/\/www.maddalena.it\/fr\/wp-json\/wp\/v2\/product_category?post=18425"}],"curies":[{"name":"wp","href":"https:\/\/api.w.org\/{rel}","templated":true}]}}