{"id":18388,"date":"2022-08-03T14:29:21","date_gmt":"2022-08-03T12:29:21","guid":{"rendered":"http:\/\/www.maddalena.it\/?post_type=product&#038;p=18388"},"modified":"2025-05-05T12:00:33","modified_gmt":"2025-05-05T10:00:33","slug":"tdml-tdsl","status":"publish","type":"product","link":"https:\/\/www.maddalena.it\/fr\/produit\/tdml-tdsl\/","title":{"rendered":"TDML-TDSL"},"content":{"rendered":"<p>Unit\u00e9 de dosage manuelle ou semi-automatique qui permet une r\u00e9duction consid\u00e9rable des temps de travail et simplifie les probl\u00e8mes de dosage. Le doseur est utilis\u00e9 dans l\u2019industrie en g\u00e9n\u00e9ral et, notamment, dans le dosage d\u2019eau pour la production de ciment.<br \/>\nL\u2019unit\u00e9 de dosage manuelle (TDML) est munie d\u2019une aiguille indicatrice du volume d\u2019eau fourni, d\u2019un index de pr\u00e9d\u00e9termination et d\u2019un levier de mise \u00e0 z\u00e9ro du compteur. L\u2019unit\u00e9 de dosage semi-automatique (TDSL) est munie d\u2019une aiguille indicatrice, \u00e0 positionner manuellement au d\u00e9but de l\u2019op\u00e9ration de dosage en fonction du volume d\u00e9sir\u00e9, et d\u00e8s que le volume configur\u00e9 est atteint, l\u2019instrument envoie un signal \u00e9lectrique de fin de dosage.<\/p>\n","protected":false},"excerpt":{"rendered":"<p>UNIT\u00c9 DE DOSAGE MANUELLE (TDML) OU SEMI-AUTOMATIQUE (TDSL)<\/p>\n","protected":false},"featured_media":1207,"menu_order":55,"template":"","meta":{"_acf_changed":false,"_lmt_disableupdate":"","_lmt_disable":""},"product_category":[125],"class_list":["post-18388","product","type-product","status-publish","has-post-thumbnail","hentry","product_category-industrie"],"acf":[],"yoast_head":"<!-- This site is optimized with the Yoast SEO plugin v27.4 - https:\/\/yoast.com\/product\/yoast-seo-wordpress\/ -->\n<title>TDML-TDSL - UNIT\u00c9 DE DOSAGE MANUELLE (TDML) OU SEMI-AUTOMATIQUE (TDSL)<\/title>\n<meta name=\"description\" content=\"Unit\u00e9 de dosage manuelle ou semi-automatique qui permet une r\u00e9duction consid\u00e9rable des temps de travail et simplifie les probl\u00e8mes de dosage. Le doseur est\" \/>\n<meta name=\"robots\" content=\"index, follow, max-snippet:-1, max-image-preview:large, max-video-preview:-1\" \/>\n<link rel=\"canonical\" href=\"https:\/\/www.maddalena.it\/fr\/produit\/tdml-tdsl\/\" \/>\n<meta property=\"og:locale\" content=\"fr_FR\" \/>\n<meta property=\"og:type\" content=\"article\" \/>\n<meta property=\"og:title\" content=\"TDML-TDSL - UNIT\u00c9 DE DOSAGE MANUELLE (TDML) OU SEMI-AUTOMATIQUE (TDSL)\" \/>\n<meta property=\"og:description\" content=\"Unit\u00e9 de dosage manuelle ou semi-automatique qui permet une r\u00e9duction consid\u00e9rable des temps de travail et simplifie les probl\u00e8mes de dosage. Le doseur est\" \/>\n<meta property=\"og:url\" content=\"https:\/\/www.maddalena.it\/fr\/produit\/tdml-tdsl\/\" \/>\n<meta property=\"og:site_name\" content=\"Maddalena S.p.A.\" \/>\n<meta property=\"article:modified_time\" content=\"2025-05-05T10:00:33+00:00\" \/>\n<meta property=\"og:image\" content=\"https:\/\/www.maddalena.it\/wp-content\/uploads\/catalog-image\/dosatore-tdml-3q.png\" \/>\n\t<meta property=\"og:image:width\" content=\"1600\" \/>\n\t<meta property=\"og:image:height\" content=\"1200\" \/>\n\t<meta property=\"og:image:type\" content=\"image\/png\" \/>\n<meta name=\"twitter:card\" content=\"summary_large_image\" \/>\n<meta name=\"twitter:label1\" content=\"Dur\u00e9e de lecture estim\u00e9e\" \/>\n\t<meta name=\"twitter:data1\" content=\"1 minute\" \/>\n<script type=\"application\/ld+json\" class=\"yoast-schema-graph\">{\"@context\":\"https:\\\/\\\/schema.org\",\"@graph\":[{\"@type\":\"WebPage\",\"@id\":\"https:\\\/\\\/www.maddalena.it\\\/fr\\\/produit\\\/tdml-tdsl\\\/\",\"url\":\"https:\\\/\\\/www.maddalena.it\\\/fr\\\/produit\\\/tdml-tdsl\\\/\",\"name\":\"TDML-TDSL - UNIT\u00c9 DE DOSAGE MANUELLE (TDML) OU SEMI-AUTOMATIQUE (TDSL)\",\"isPartOf\":{\"@id\":\"https:\\\/\\\/www.maddalena.it\\\/fr\\\/#website\"},\"primaryImageOfPage\":{\"@id\":\"https:\\\/\\\/www.maddalena.it\\\/fr\\\/produit\\\/tdml-tdsl\\\/#primaryimage\"},\"image\":{\"@id\":\"https:\\\/\\\/www.maddalena.it\\\/fr\\\/produit\\\/tdml-tdsl\\\/#primaryimage\"},\"thumbnailUrl\":\"https:\\\/\\\/www.maddalena.it\\\/wp-content\\\/uploads\\\/catalog-image\\\/dosatore-tdml-3q.png\",\"datePublished\":\"2022-08-03T12:29:21+00:00\",\"dateModified\":\"2025-05-05T10:00:33+00:00\",\"description\":\"Unit\u00e9 de dosage manuelle ou semi-automatique qui permet une r\u00e9duction consid\u00e9rable des temps de travail et simplifie les probl\u00e8mes de dosage. Le doseur est\",\"breadcrumb\":{\"@id\":\"https:\\\/\\\/www.maddalena.it\\\/fr\\\/produit\\\/tdml-tdsl\\\/#breadcrumb\"},\"inLanguage\":\"fr-FR\",\"potentialAction\":[{\"@type\":\"ReadAction\",\"target\":[\"https:\\\/\\\/www.maddalena.it\\\/fr\\\/produit\\\/tdml-tdsl\\\/\"]}]},{\"@type\":\"ImageObject\",\"inLanguage\":\"fr-FR\",\"@id\":\"https:\\\/\\\/www.maddalena.it\\\/fr\\\/produit\\\/tdml-tdsl\\\/#primaryimage\",\"url\":\"https:\\\/\\\/www.maddalena.it\\\/wp-content\\\/uploads\\\/catalog-image\\\/dosatore-tdml-3q.png\",\"contentUrl\":\"https:\\\/\\\/www.maddalena.it\\\/wp-content\\\/uploads\\\/catalog-image\\\/dosatore-tdml-3q.png\",\"width\":1600,\"height\":1200,\"caption\":\"Industria\"},{\"@type\":\"BreadcrumbList\",\"@id\":\"https:\\\/\\\/www.maddalena.it\\\/fr\\\/produit\\\/tdml-tdsl\\\/#breadcrumb\",\"itemListElement\":[{\"@type\":\"ListItem\",\"position\":1,\"name\":\"Home\",\"item\":\"https:\\\/\\\/www.maddalena.it\\\/fr\\\/\"},{\"@type\":\"ListItem\",\"position\":2,\"name\":\"Produits\",\"item\":\"https:\\\/\\\/www.maddalena.it\\\/fr\\\/produit\\\/\"},{\"@type\":\"ListItem\",\"position\":3,\"name\":\"Instrumentation\",\"item\":\"https:\\\/\\\/www.maddalena.it\\\/fr\\\/produits\\\/instrumentation\\\/\"},{\"@type\":\"ListItem\",\"position\":4,\"name\":\"Industrie\",\"item\":\"https:\\\/\\\/www.maddalena.it\\\/fr\\\/produits\\\/industrie\\\/\"},{\"@type\":\"ListItem\",\"position\":5,\"name\":\"TDML-TDSL\"}]},{\"@type\":\"WebSite\",\"@id\":\"https:\\\/\\\/www.maddalena.it\\\/fr\\\/#website\",\"url\":\"https:\\\/\\\/www.maddalena.it\\\/fr\\\/\",\"name\":\"Maddalena S.p.A.\",\"description\":\"Metering Expertise\",\"publisher\":{\"@id\":\"https:\\\/\\\/www.maddalena.it\\\/fr\\\/#organization\"},\"potentialAction\":[{\"@type\":\"SearchAction\",\"target\":{\"@type\":\"EntryPoint\",\"urlTemplate\":\"https:\\\/\\\/www.maddalena.it\\\/fr\\\/?s={search_term_string}\"},\"query-input\":{\"@type\":\"PropertyValueSpecification\",\"valueRequired\":true,\"valueName\":\"search_term_string\"}}],\"inLanguage\":\"fr-FR\"},{\"@type\":\"Organization\",\"@id\":\"https:\\\/\\\/www.maddalena.it\\\/fr\\\/#organization\",\"name\":\"Maddalena S.p.A.\",\"url\":\"https:\\\/\\\/www.maddalena.it\\\/fr\\\/\",\"logo\":{\"@type\":\"ImageObject\",\"inLanguage\":\"fr-FR\",\"@id\":\"https:\\\/\\\/www.maddalena.it\\\/fr\\\/#\\\/schema\\\/logo\\\/image\\\/\",\"url\":\"https:\\\/\\\/www.maddalena.it\\\/wp-content\\\/uploads\\\/2022\\\/04\\\/logo.svg\",\"contentUrl\":\"https:\\\/\\\/www.maddalena.it\\\/wp-content\\\/uploads\\\/2022\\\/04\\\/logo.svg\",\"caption\":\"Maddalena S.p.A.\"},\"image\":{\"@id\":\"https:\\\/\\\/www.maddalena.it\\\/fr\\\/#\\\/schema\\\/logo\\\/image\\\/\"}}]}<\/script>\n<!-- \/ Yoast SEO plugin. -->","yoast_head_json":{"title":"TDML-TDSL - UNIT\u00c9 DE DOSAGE MANUELLE (TDML) OU SEMI-AUTOMATIQUE (TDSL)","description":"Unit\u00e9 de dosage manuelle ou semi-automatique qui permet une r\u00e9duction consid\u00e9rable des temps de travail et simplifie les probl\u00e8mes de dosage. Le doseur est","robots":{"index":"index","follow":"follow","max-snippet":"max-snippet:-1","max-image-preview":"max-image-preview:large","max-video-preview":"max-video-preview:-1"},"canonical":"https:\/\/www.maddalena.it\/fr\/produit\/tdml-tdsl\/","og_locale":"fr_FR","og_type":"article","og_title":"TDML-TDSL - UNIT\u00c9 DE DOSAGE MANUELLE (TDML) OU SEMI-AUTOMATIQUE (TDSL)","og_description":"Unit\u00e9 de dosage manuelle ou semi-automatique qui permet une r\u00e9duction consid\u00e9rable des temps de travail et simplifie les probl\u00e8mes de dosage. Le doseur est","og_url":"https:\/\/www.maddalena.it\/fr\/produit\/tdml-tdsl\/","og_site_name":"Maddalena S.p.A.","article_modified_time":"2025-05-05T10:00:33+00:00","og_image":[{"width":1600,"height":1200,"url":"https:\/\/www.maddalena.it\/wp-content\/uploads\/catalog-image\/dosatore-tdml-3q.png","type":"image\/png"}],"twitter_card":"summary_large_image","twitter_misc":{"Dur\u00e9e de lecture estim\u00e9e":"1 minute"},"schema":{"@context":"https:\/\/schema.org","@graph":[{"@type":"WebPage","@id":"https:\/\/www.maddalena.it\/fr\/produit\/tdml-tdsl\/","url":"https:\/\/www.maddalena.it\/fr\/produit\/tdml-tdsl\/","name":"TDML-TDSL - UNIT\u00c9 DE DOSAGE MANUELLE (TDML) OU SEMI-AUTOMATIQUE (TDSL)","isPartOf":{"@id":"https:\/\/www.maddalena.it\/fr\/#website"},"primaryImageOfPage":{"@id":"https:\/\/www.maddalena.it\/fr\/produit\/tdml-tdsl\/#primaryimage"},"image":{"@id":"https:\/\/www.maddalena.it\/fr\/produit\/tdml-tdsl\/#primaryimage"},"thumbnailUrl":"https:\/\/www.maddalena.it\/wp-content\/uploads\/catalog-image\/dosatore-tdml-3q.png","datePublished":"2022-08-03T12:29:21+00:00","dateModified":"2025-05-05T10:00:33+00:00","description":"Unit\u00e9 de dosage manuelle ou semi-automatique qui permet une r\u00e9duction consid\u00e9rable des temps de travail et simplifie les probl\u00e8mes de dosage. Le doseur est","breadcrumb":{"@id":"https:\/\/www.maddalena.it\/fr\/produit\/tdml-tdsl\/#breadcrumb"},"inLanguage":"fr-FR","potentialAction":[{"@type":"ReadAction","target":["https:\/\/www.maddalena.it\/fr\/produit\/tdml-tdsl\/"]}]},{"@type":"ImageObject","inLanguage":"fr-FR","@id":"https:\/\/www.maddalena.it\/fr\/produit\/tdml-tdsl\/#primaryimage","url":"https:\/\/www.maddalena.it\/wp-content\/uploads\/catalog-image\/dosatore-tdml-3q.png","contentUrl":"https:\/\/www.maddalena.it\/wp-content\/uploads\/catalog-image\/dosatore-tdml-3q.png","width":1600,"height":1200,"caption":"Industria"},{"@type":"BreadcrumbList","@id":"https:\/\/www.maddalena.it\/fr\/produit\/tdml-tdsl\/#breadcrumb","itemListElement":[{"@type":"ListItem","position":1,"name":"Home","item":"https:\/\/www.maddalena.it\/fr\/"},{"@type":"ListItem","position":2,"name":"Produits","item":"https:\/\/www.maddalena.it\/fr\/produit\/"},{"@type":"ListItem","position":3,"name":"Instrumentation","item":"https:\/\/www.maddalena.it\/fr\/produits\/instrumentation\/"},{"@type":"ListItem","position":4,"name":"Industrie","item":"https:\/\/www.maddalena.it\/fr\/produits\/industrie\/"},{"@type":"ListItem","position":5,"name":"TDML-TDSL"}]},{"@type":"WebSite","@id":"https:\/\/www.maddalena.it\/fr\/#website","url":"https:\/\/www.maddalena.it\/fr\/","name":"Maddalena S.p.A.","description":"Metering Expertise","publisher":{"@id":"https:\/\/www.maddalena.it\/fr\/#organization"},"potentialAction":[{"@type":"SearchAction","target":{"@type":"EntryPoint","urlTemplate":"https:\/\/www.maddalena.it\/fr\/?s={search_term_string}"},"query-input":{"@type":"PropertyValueSpecification","valueRequired":true,"valueName":"search_term_string"}}],"inLanguage":"fr-FR"},{"@type":"Organization","@id":"https:\/\/www.maddalena.it\/fr\/#organization","name":"Maddalena S.p.A.","url":"https:\/\/www.maddalena.it\/fr\/","logo":{"@type":"ImageObject","inLanguage":"fr-FR","@id":"https:\/\/www.maddalena.it\/fr\/#\/schema\/logo\/image\/","url":"https:\/\/www.maddalena.it\/wp-content\/uploads\/2022\/04\/logo.svg","contentUrl":"https:\/\/www.maddalena.it\/wp-content\/uploads\/2022\/04\/logo.svg","caption":"Maddalena S.p.A."},"image":{"@id":"https:\/\/www.maddalena.it\/fr\/#\/schema\/logo\/image\/"}}]}},"_links":{"self":[{"href":"https:\/\/www.maddalena.it\/fr\/wp-json\/wp\/v2\/product\/18388","targetHints":{"allow":["GET"]}}],"collection":[{"href":"https:\/\/www.maddalena.it\/fr\/wp-json\/wp\/v2\/product"}],"about":[{"href":"https:\/\/www.maddalena.it\/fr\/wp-json\/wp\/v2\/types\/product"}],"wp:featuredmedia":[{"embeddable":true,"href":"https:\/\/www.maddalena.it\/fr\/wp-json\/wp\/v2\/media\/1207"}],"wp:attachment":[{"href":"https:\/\/www.maddalena.it\/fr\/wp-json\/wp\/v2\/media?parent=18388"}],"wp:term":[{"taxonomy":"product_category","embeddable":true,"href":"https:\/\/www.maddalena.it\/fr\/wp-json\/wp\/v2\/product_category?post=18388"}],"curies":[{"name":"wp","href":"https:\/\/api.w.org\/{rel}","templated":true}]}}