{"id":18384,"date":"2022-08-03T14:29:21","date_gmt":"2022-08-03T12:29:21","guid":{"rendered":"http:\/\/www.maddalena.it\/?post_type=product&#038;p=18384"},"modified":"2026-04-24T15:00:39","modified_gmt":"2026-04-24T13:00:39","slug":"e-bulk","status":"publish","type":"product","link":"https:\/\/www.maddalena.it\/fr\/produit\/e-bulk\/","title":{"rendered":"E-BULK"},"content":{"rendered":"<p>E-BULK repr\u00e9sente la solution moderne pour les mesures de grands volumes dans les domaines utility, industriel et commercial. Gr\u00e2ce \u00e0 la facilit\u00e9 d\u2019utilisation de la technologie \u00e0 ultrasons dans ces domaines, E-BULK assure d\u2019excellentes performances dans toutes les conditions d\u2019installation. Le d\u00e9bit de d\u00e9marrage extr\u00eamement bas, le large champ de mesure et l\u2019absence de parties en mouvement permettent la comptabilisation de la totalit\u00e9 des consommations, en facilitant l\u2019identification d\u2019\u00e9ventuelles fuites. E-BULK rend obsol\u00e8te l\u2019utilisation de compteurs m\u00e9caniques, en particulier les compteurs combin\u00e9s. Robuste, durable et adapt\u00e9 aux environnements les plus difficiles. Il peut \u00eatre \u00e9quip\u00e9 avec les technologies de transmission des donn\u00e9es \u00e0 distance les plus modernes.<\/p>\n","protected":false},"excerpt":{"rendered":"<p>COMPTEUR STATIQUE<\/p>\n","protected":false},"featured_media":278,"menu_order":14,"template":"","meta":{"_acf_changed":false,"_lmt_disableupdate":"","_lmt_disable":""},"product_category":[73],"class_list":["post-18384","product","type-product","status-publish","has-post-thumbnail","hentry","product_category-electo-fr"],"acf":[],"yoast_head":"<!-- This site is optimized with the Yoast SEO plugin v27.5 - https:\/\/yoast.com\/product\/yoast-seo-wordpress\/ -->\n<title>E-BULK - COMPTEUR STATIQUE<\/title>\n<meta name=\"description\" content=\"E-BULK repr\u00e9sente la solution moderne pour les mesures de grands volumes dans les domaines utility, industriel et commercial. Gr\u00e2ce \u00e0 la facilit\u00e9 d\u2019utilis\" \/>\n<meta name=\"robots\" content=\"index, follow, max-snippet:-1, max-image-preview:large, max-video-preview:-1\" \/>\n<link rel=\"canonical\" href=\"https:\/\/www.maddalena.it\/fr\/produit\/e-bulk\/\" \/>\n<meta property=\"og:locale\" content=\"fr_FR\" \/>\n<meta property=\"og:type\" content=\"article\" \/>\n<meta property=\"og:title\" content=\"E-BULK - COMPTEUR STATIQUE\" \/>\n<meta property=\"og:description\" content=\"E-BULK repr\u00e9sente la solution moderne pour les mesures de grands volumes dans les domaines utility, industriel et commercial. Gr\u00e2ce \u00e0 la facilit\u00e9 d\u2019utilis\" \/>\n<meta property=\"og:url\" content=\"https:\/\/www.maddalena.it\/fr\/produit\/e-bulk\/\" \/>\n<meta property=\"og:site_name\" content=\"Maddalena S.p.A.\" \/>\n<meta property=\"article:modified_time\" content=\"2026-04-24T13:00:39+00:00\" \/>\n<meta property=\"og:image\" content=\"https:\/\/www.maddalena.it\/wp-content\/uploads\/catalog-image\/e-bulk-3q.png\" \/>\n\t<meta property=\"og:image:width\" content=\"1600\" \/>\n\t<meta property=\"og:image:height\" content=\"1201\" \/>\n\t<meta property=\"og:image:type\" content=\"image\/png\" \/>\n<meta name=\"twitter:card\" content=\"summary_large_image\" \/>\n<meta name=\"twitter:label1\" content=\"Dur\u00e9e de lecture estim\u00e9e\" \/>\n\t<meta name=\"twitter:data1\" content=\"1 minute\" \/>\n<script type=\"application\/ld+json\" class=\"yoast-schema-graph\">{\"@context\":\"https:\\\/\\\/schema.org\",\"@graph\":[{\"@type\":\"WebPage\",\"@id\":\"https:\\\/\\\/www.maddalena.it\\\/fr\\\/produit\\\/e-bulk\\\/\",\"url\":\"https:\\\/\\\/www.maddalena.it\\\/fr\\\/produit\\\/e-bulk\\\/\",\"name\":\"E-BULK - COMPTEUR STATIQUE\",\"isPartOf\":{\"@id\":\"https:\\\/\\\/www.maddalena.it\\\/fr\\\/#website\"},\"primaryImageOfPage\":{\"@id\":\"https:\\\/\\\/www.maddalena.it\\\/fr\\\/produit\\\/e-bulk\\\/#primaryimage\"},\"image\":{\"@id\":\"https:\\\/\\\/www.maddalena.it\\\/fr\\\/produit\\\/e-bulk\\\/#primaryimage\"},\"thumbnailUrl\":\"https:\\\/\\\/www.maddalena.it\\\/wp-content\\\/uploads\\\/catalog-image\\\/e-bulk-3q.png\",\"datePublished\":\"2022-08-03T12:29:21+00:00\",\"dateModified\":\"2026-04-24T13:00:39+00:00\",\"description\":\"E-BULK repr\u00e9sente la solution moderne pour les mesures de grands volumes dans les domaines utility, industriel et commercial. Gr\u00e2ce \u00e0 la facilit\u00e9 d\u2019utilis\",\"breadcrumb\":{\"@id\":\"https:\\\/\\\/www.maddalena.it\\\/fr\\\/produit\\\/e-bulk\\\/#breadcrumb\"},\"inLanguage\":\"fr-FR\",\"potentialAction\":[{\"@type\":\"ReadAction\",\"target\":[\"https:\\\/\\\/www.maddalena.it\\\/fr\\\/produit\\\/e-bulk\\\/\"]}]},{\"@type\":\"ImageObject\",\"inLanguage\":\"fr-FR\",\"@id\":\"https:\\\/\\\/www.maddalena.it\\\/fr\\\/produit\\\/e-bulk\\\/#primaryimage\",\"url\":\"https:\\\/\\\/www.maddalena.it\\\/wp-content\\\/uploads\\\/catalog-image\\\/e-bulk-3q.png\",\"contentUrl\":\"https:\\\/\\\/www.maddalena.it\\\/wp-content\\\/uploads\\\/catalog-image\\\/e-bulk-3q.png\",\"width\":1600,\"height\":1201,\"caption\":\"Electo\"},{\"@type\":\"BreadcrumbList\",\"@id\":\"https:\\\/\\\/www.maddalena.it\\\/fr\\\/produit\\\/e-bulk\\\/#breadcrumb\",\"itemListElement\":[{\"@type\":\"ListItem\",\"position\":1,\"name\":\"Home\",\"item\":\"https:\\\/\\\/www.maddalena.it\\\/fr\\\/\"},{\"@type\":\"ListItem\",\"position\":2,\"name\":\"Produits\",\"item\":\"https:\\\/\\\/www.maddalena.it\\\/fr\\\/produit\\\/\"},{\"@type\":\"ListItem\",\"position\":3,\"name\":\"Eau\",\"item\":\"https:\\\/\\\/www.maddalena.it\\\/fr\\\/produits\\\/eau\\\/\"},{\"@type\":\"ListItem\",\"position\":4,\"name\":\"ElecTo\",\"item\":\"https:\\\/\\\/www.maddalena.it\\\/fr\\\/produits\\\/electo-fr\\\/\"},{\"@type\":\"ListItem\",\"position\":5,\"name\":\"E-BULK\"}]},{\"@type\":\"WebSite\",\"@id\":\"https:\\\/\\\/www.maddalena.it\\\/fr\\\/#website\",\"url\":\"https:\\\/\\\/www.maddalena.it\\\/fr\\\/\",\"name\":\"Maddalena S.p.A.\",\"description\":\"Metering Expertise\",\"publisher\":{\"@id\":\"https:\\\/\\\/www.maddalena.it\\\/fr\\\/#organization\"},\"potentialAction\":[{\"@type\":\"SearchAction\",\"target\":{\"@type\":\"EntryPoint\",\"urlTemplate\":\"https:\\\/\\\/www.maddalena.it\\\/fr\\\/?s={search_term_string}\"},\"query-input\":{\"@type\":\"PropertyValueSpecification\",\"valueRequired\":true,\"valueName\":\"search_term_string\"}}],\"inLanguage\":\"fr-FR\"},{\"@type\":\"Organization\",\"@id\":\"https:\\\/\\\/www.maddalena.it\\\/fr\\\/#organization\",\"name\":\"Maddalena S.p.A.\",\"url\":\"https:\\\/\\\/www.maddalena.it\\\/fr\\\/\",\"logo\":{\"@type\":\"ImageObject\",\"inLanguage\":\"fr-FR\",\"@id\":\"https:\\\/\\\/www.maddalena.it\\\/fr\\\/#\\\/schema\\\/logo\\\/image\\\/\",\"url\":\"https:\\\/\\\/www.maddalena.it\\\/wp-content\\\/uploads\\\/2022\\\/04\\\/logo.svg\",\"contentUrl\":\"https:\\\/\\\/www.maddalena.it\\\/wp-content\\\/uploads\\\/2022\\\/04\\\/logo.svg\",\"caption\":\"Maddalena S.p.A.\"},\"image\":{\"@id\":\"https:\\\/\\\/www.maddalena.it\\\/fr\\\/#\\\/schema\\\/logo\\\/image\\\/\"}}]}<\/script>\n<!-- \/ Yoast SEO plugin. -->","yoast_head_json":{"title":"E-BULK - COMPTEUR STATIQUE","description":"E-BULK repr\u00e9sente la solution moderne pour les mesures de grands volumes dans les domaines utility, industriel et commercial. Gr\u00e2ce \u00e0 la facilit\u00e9 d\u2019utilis","robots":{"index":"index","follow":"follow","max-snippet":"max-snippet:-1","max-image-preview":"max-image-preview:large","max-video-preview":"max-video-preview:-1"},"canonical":"https:\/\/www.maddalena.it\/fr\/produit\/e-bulk\/","og_locale":"fr_FR","og_type":"article","og_title":"E-BULK - COMPTEUR STATIQUE","og_description":"E-BULK repr\u00e9sente la solution moderne pour les mesures de grands volumes dans les domaines utility, industriel et commercial. Gr\u00e2ce \u00e0 la facilit\u00e9 d\u2019utilis","og_url":"https:\/\/www.maddalena.it\/fr\/produit\/e-bulk\/","og_site_name":"Maddalena S.p.A.","article_modified_time":"2026-04-24T13:00:39+00:00","og_image":[{"width":1600,"height":1201,"url":"https:\/\/www.maddalena.it\/wp-content\/uploads\/catalog-image\/e-bulk-3q.png","type":"image\/png"}],"twitter_card":"summary_large_image","twitter_misc":{"Dur\u00e9e de lecture estim\u00e9e":"1 minute"},"schema":{"@context":"https:\/\/schema.org","@graph":[{"@type":"WebPage","@id":"https:\/\/www.maddalena.it\/fr\/produit\/e-bulk\/","url":"https:\/\/www.maddalena.it\/fr\/produit\/e-bulk\/","name":"E-BULK - COMPTEUR STATIQUE","isPartOf":{"@id":"https:\/\/www.maddalena.it\/fr\/#website"},"primaryImageOfPage":{"@id":"https:\/\/www.maddalena.it\/fr\/produit\/e-bulk\/#primaryimage"},"image":{"@id":"https:\/\/www.maddalena.it\/fr\/produit\/e-bulk\/#primaryimage"},"thumbnailUrl":"https:\/\/www.maddalena.it\/wp-content\/uploads\/catalog-image\/e-bulk-3q.png","datePublished":"2022-08-03T12:29:21+00:00","dateModified":"2026-04-24T13:00:39+00:00","description":"E-BULK repr\u00e9sente la solution moderne pour les mesures de grands volumes dans les domaines utility, industriel et commercial. Gr\u00e2ce \u00e0 la facilit\u00e9 d\u2019utilis","breadcrumb":{"@id":"https:\/\/www.maddalena.it\/fr\/produit\/e-bulk\/#breadcrumb"},"inLanguage":"fr-FR","potentialAction":[{"@type":"ReadAction","target":["https:\/\/www.maddalena.it\/fr\/produit\/e-bulk\/"]}]},{"@type":"ImageObject","inLanguage":"fr-FR","@id":"https:\/\/www.maddalena.it\/fr\/produit\/e-bulk\/#primaryimage","url":"https:\/\/www.maddalena.it\/wp-content\/uploads\/catalog-image\/e-bulk-3q.png","contentUrl":"https:\/\/www.maddalena.it\/wp-content\/uploads\/catalog-image\/e-bulk-3q.png","width":1600,"height":1201,"caption":"Electo"},{"@type":"BreadcrumbList","@id":"https:\/\/www.maddalena.it\/fr\/produit\/e-bulk\/#breadcrumb","itemListElement":[{"@type":"ListItem","position":1,"name":"Home","item":"https:\/\/www.maddalena.it\/fr\/"},{"@type":"ListItem","position":2,"name":"Produits","item":"https:\/\/www.maddalena.it\/fr\/produit\/"},{"@type":"ListItem","position":3,"name":"Eau","item":"https:\/\/www.maddalena.it\/fr\/produits\/eau\/"},{"@type":"ListItem","position":4,"name":"ElecTo","item":"https:\/\/www.maddalena.it\/fr\/produits\/electo-fr\/"},{"@type":"ListItem","position":5,"name":"E-BULK"}]},{"@type":"WebSite","@id":"https:\/\/www.maddalena.it\/fr\/#website","url":"https:\/\/www.maddalena.it\/fr\/","name":"Maddalena S.p.A.","description":"Metering Expertise","publisher":{"@id":"https:\/\/www.maddalena.it\/fr\/#organization"},"potentialAction":[{"@type":"SearchAction","target":{"@type":"EntryPoint","urlTemplate":"https:\/\/www.maddalena.it\/fr\/?s={search_term_string}"},"query-input":{"@type":"PropertyValueSpecification","valueRequired":true,"valueName":"search_term_string"}}],"inLanguage":"fr-FR"},{"@type":"Organization","@id":"https:\/\/www.maddalena.it\/fr\/#organization","name":"Maddalena S.p.A.","url":"https:\/\/www.maddalena.it\/fr\/","logo":{"@type":"ImageObject","inLanguage":"fr-FR","@id":"https:\/\/www.maddalena.it\/fr\/#\/schema\/logo\/image\/","url":"https:\/\/www.maddalena.it\/wp-content\/uploads\/2022\/04\/logo.svg","contentUrl":"https:\/\/www.maddalena.it\/wp-content\/uploads\/2022\/04\/logo.svg","caption":"Maddalena S.p.A."},"image":{"@id":"https:\/\/www.maddalena.it\/fr\/#\/schema\/logo\/image\/"}}]}},"_links":{"self":[{"href":"https:\/\/www.maddalena.it\/fr\/wp-json\/wp\/v2\/product\/18384","targetHints":{"allow":["GET"]}}],"collection":[{"href":"https:\/\/www.maddalena.it\/fr\/wp-json\/wp\/v2\/product"}],"about":[{"href":"https:\/\/www.maddalena.it\/fr\/wp-json\/wp\/v2\/types\/product"}],"wp:featuredmedia":[{"embeddable":true,"href":"https:\/\/www.maddalena.it\/fr\/wp-json\/wp\/v2\/media\/278"}],"wp:attachment":[{"href":"https:\/\/www.maddalena.it\/fr\/wp-json\/wp\/v2\/media?parent=18384"}],"wp:term":[{"taxonomy":"product_category","embeddable":true,"href":"https:\/\/www.maddalena.it\/fr\/wp-json\/wp\/v2\/product_category?post=18384"}],"curies":[{"name":"wp","href":"https:\/\/api.w.org\/{rel}","templated":true}]}}