{"id":18358,"date":"2022-08-03T14:29:23","date_gmt":"2022-08-03T12:29:23","guid":{"rendered":"http:\/\/www.maddalena.it\/?post_type=product&#038;p=18358"},"modified":"2026-01-22T13:00:46","modified_gmt":"2026-01-22T12:00:46","slug":"wt","status":"publish","type":"product","link":"https:\/\/www.maddalena.it\/fr\/produit\/wt\/","title":{"rendered":"WT"},"content":{"rendered":"<p>WT repr\u00e9sente une excellente solution pour les mesures de grands volumes dans le secteur de l\u2019irrigation. Gr\u00e2ce \u00e0 l\u2019h\u00e9lice tangentielle il offre de bonnes performances m\u00e9trologiques, une large plage de mesure et une excellente r\u00e9sistance dans le temps m\u00eame en contact avec l\u2019eau d\u2019irrigation. La lisibilit\u00e9 est garantie par l\u2019horlogerie en cuivre-verre IP68. Robuste, durable, adapt\u00e9 aux environnements les plus difficiles, il est compatible avec l\u2019eau potable et l\u2019eau d\u2019irrigation. Il peut \u00eatre \u00e9quip\u00e9 avec les technologies de transmission des donn\u00e9es \u00e0 distance les plus modernes.<\/p>\n","protected":false},"excerpt":{"rendered":"<p>COMPTEUR \u00c0 H\u00c9LICE TANGENTIELLE<\/p>\n","protected":false},"featured_media":2835,"menu_order":62,"template":"","meta":{"_acf_changed":false,"_lmt_disableupdate":"","_lmt_disable":""},"product_category":[129],"class_list":["post-18358","product","type-product","status-publish","has-post-thumbnail","hentry","product_category-irrigation"],"acf":[],"yoast_head":"<!-- This site is optimized with the Yoast SEO plugin v27.5 - https:\/\/yoast.com\/product\/yoast-seo-wordpress\/ -->\n<title>WT - COMPTEUR \u00c0 H\u00c9LICE TANGENTIELLE<\/title>\n<meta name=\"description\" content=\"WT repr\u00e9sente une excellente solution pour les mesures de grands volumes dans le secteur de l\u2019irrigation. Gr\u00e2ce \u00e0 l\u2019h\u00e9lice tangentielle il offre de bonn\" \/>\n<meta name=\"robots\" content=\"index, follow, max-snippet:-1, max-image-preview:large, max-video-preview:-1\" \/>\n<link rel=\"canonical\" href=\"https:\/\/www.maddalena.it\/fr\/produit\/wt\/\" \/>\n<meta property=\"og:locale\" content=\"fr_FR\" \/>\n<meta property=\"og:type\" content=\"article\" \/>\n<meta property=\"og:title\" content=\"WT - COMPTEUR \u00c0 H\u00c9LICE TANGENTIELLE\" \/>\n<meta property=\"og:description\" content=\"WT repr\u00e9sente une excellente solution pour les mesures de grands volumes dans le secteur de l\u2019irrigation. Gr\u00e2ce \u00e0 l\u2019h\u00e9lice tangentielle il offre de bonn\" \/>\n<meta property=\"og:url\" content=\"https:\/\/www.maddalena.it\/fr\/produit\/wt\/\" \/>\n<meta property=\"og:site_name\" content=\"Maddalena S.p.A.\" \/>\n<meta property=\"article:modified_time\" content=\"2026-01-22T12:00:46+00:00\" \/>\n<meta property=\"og:image\" content=\"https:\/\/www.maddalena.it\/wp-content\/uploads\/catalog-image\/wt1.png\" \/>\n\t<meta property=\"og:image:width\" content=\"1600\" \/>\n\t<meta property=\"og:image:height\" content=\"1600\" \/>\n\t<meta property=\"og:image:type\" content=\"image\/png\" \/>\n<meta name=\"twitter:card\" content=\"summary_large_image\" \/>\n<script type=\"application\/ld+json\" class=\"yoast-schema-graph\">{\"@context\":\"https:\\\/\\\/schema.org\",\"@graph\":[{\"@type\":\"WebPage\",\"@id\":\"https:\\\/\\\/www.maddalena.it\\\/fr\\\/produit\\\/wt\\\/\",\"url\":\"https:\\\/\\\/www.maddalena.it\\\/fr\\\/produit\\\/wt\\\/\",\"name\":\"WT - COMPTEUR \u00c0 H\u00c9LICE TANGENTIELLE\",\"isPartOf\":{\"@id\":\"https:\\\/\\\/www.maddalena.it\\\/fr\\\/#website\"},\"primaryImageOfPage\":{\"@id\":\"https:\\\/\\\/www.maddalena.it\\\/fr\\\/produit\\\/wt\\\/#primaryimage\"},\"image\":{\"@id\":\"https:\\\/\\\/www.maddalena.it\\\/fr\\\/produit\\\/wt\\\/#primaryimage\"},\"thumbnailUrl\":\"https:\\\/\\\/www.maddalena.it\\\/wp-content\\\/uploads\\\/catalog-image\\\/wt1.png\",\"datePublished\":\"2022-08-03T12:29:23+00:00\",\"dateModified\":\"2026-01-22T12:00:46+00:00\",\"description\":\"WT repr\u00e9sente une excellente solution pour les mesures de grands volumes dans le secteur de l\u2019irrigation. Gr\u00e2ce \u00e0 l\u2019h\u00e9lice tangentielle il offre de bonn\",\"breadcrumb\":{\"@id\":\"https:\\\/\\\/www.maddalena.it\\\/fr\\\/produit\\\/wt\\\/#breadcrumb\"},\"inLanguage\":\"fr-FR\",\"potentialAction\":[{\"@type\":\"ReadAction\",\"target\":[\"https:\\\/\\\/www.maddalena.it\\\/fr\\\/produit\\\/wt\\\/\"]}]},{\"@type\":\"ImageObject\",\"inLanguage\":\"fr-FR\",\"@id\":\"https:\\\/\\\/www.maddalena.it\\\/fr\\\/produit\\\/wt\\\/#primaryimage\",\"url\":\"https:\\\/\\\/www.maddalena.it\\\/wp-content\\\/uploads\\\/catalog-image\\\/wt1.png\",\"contentUrl\":\"https:\\\/\\\/www.maddalena.it\\\/wp-content\\\/uploads\\\/catalog-image\\\/wt1.png\",\"width\":1600,\"height\":1600,\"caption\":\"MecTo\"},{\"@type\":\"BreadcrumbList\",\"@id\":\"https:\\\/\\\/www.maddalena.it\\\/fr\\\/produit\\\/wt\\\/#breadcrumb\",\"itemListElement\":[{\"@type\":\"ListItem\",\"position\":1,\"name\":\"Home\",\"item\":\"https:\\\/\\\/www.maddalena.it\\\/fr\\\/\"},{\"@type\":\"ListItem\",\"position\":2,\"name\":\"Produits\",\"item\":\"https:\\\/\\\/www.maddalena.it\\\/fr\\\/produit\\\/\"},{\"@type\":\"ListItem\",\"position\":3,\"name\":\"Instrumentation\",\"item\":\"https:\\\/\\\/www.maddalena.it\\\/fr\\\/produits\\\/instrumentation\\\/\"},{\"@type\":\"ListItem\",\"position\":4,\"name\":\"Irrigation\",\"item\":\"https:\\\/\\\/www.maddalena.it\\\/fr\\\/produits\\\/irrigation\\\/\"},{\"@type\":\"ListItem\",\"position\":5,\"name\":\"WT\"}]},{\"@type\":\"WebSite\",\"@id\":\"https:\\\/\\\/www.maddalena.it\\\/fr\\\/#website\",\"url\":\"https:\\\/\\\/www.maddalena.it\\\/fr\\\/\",\"name\":\"Maddalena S.p.A.\",\"description\":\"Metering Expertise\",\"publisher\":{\"@id\":\"https:\\\/\\\/www.maddalena.it\\\/fr\\\/#organization\"},\"potentialAction\":[{\"@type\":\"SearchAction\",\"target\":{\"@type\":\"EntryPoint\",\"urlTemplate\":\"https:\\\/\\\/www.maddalena.it\\\/fr\\\/?s={search_term_string}\"},\"query-input\":{\"@type\":\"PropertyValueSpecification\",\"valueRequired\":true,\"valueName\":\"search_term_string\"}}],\"inLanguage\":\"fr-FR\"},{\"@type\":\"Organization\",\"@id\":\"https:\\\/\\\/www.maddalena.it\\\/fr\\\/#organization\",\"name\":\"Maddalena S.p.A.\",\"url\":\"https:\\\/\\\/www.maddalena.it\\\/fr\\\/\",\"logo\":{\"@type\":\"ImageObject\",\"inLanguage\":\"fr-FR\",\"@id\":\"https:\\\/\\\/www.maddalena.it\\\/fr\\\/#\\\/schema\\\/logo\\\/image\\\/\",\"url\":\"https:\\\/\\\/www.maddalena.it\\\/wp-content\\\/uploads\\\/2022\\\/04\\\/logo.svg\",\"contentUrl\":\"https:\\\/\\\/www.maddalena.it\\\/wp-content\\\/uploads\\\/2022\\\/04\\\/logo.svg\",\"caption\":\"Maddalena S.p.A.\"},\"image\":{\"@id\":\"https:\\\/\\\/www.maddalena.it\\\/fr\\\/#\\\/schema\\\/logo\\\/image\\\/\"}}]}<\/script>\n<!-- \/ Yoast SEO plugin. -->","yoast_head_json":{"title":"WT - COMPTEUR \u00c0 H\u00c9LICE TANGENTIELLE","description":"WT repr\u00e9sente une excellente solution pour les mesures de grands volumes dans le secteur de l\u2019irrigation. Gr\u00e2ce \u00e0 l\u2019h\u00e9lice tangentielle il offre de bonn","robots":{"index":"index","follow":"follow","max-snippet":"max-snippet:-1","max-image-preview":"max-image-preview:large","max-video-preview":"max-video-preview:-1"},"canonical":"https:\/\/www.maddalena.it\/fr\/produit\/wt\/","og_locale":"fr_FR","og_type":"article","og_title":"WT - COMPTEUR \u00c0 H\u00c9LICE TANGENTIELLE","og_description":"WT repr\u00e9sente une excellente solution pour les mesures de grands volumes dans le secteur de l\u2019irrigation. Gr\u00e2ce \u00e0 l\u2019h\u00e9lice tangentielle il offre de bonn","og_url":"https:\/\/www.maddalena.it\/fr\/produit\/wt\/","og_site_name":"Maddalena S.p.A.","article_modified_time":"2026-01-22T12:00:46+00:00","og_image":[{"width":1600,"height":1600,"url":"https:\/\/www.maddalena.it\/wp-content\/uploads\/catalog-image\/wt1.png","type":"image\/png"}],"twitter_card":"summary_large_image","schema":{"@context":"https:\/\/schema.org","@graph":[{"@type":"WebPage","@id":"https:\/\/www.maddalena.it\/fr\/produit\/wt\/","url":"https:\/\/www.maddalena.it\/fr\/produit\/wt\/","name":"WT - COMPTEUR \u00c0 H\u00c9LICE TANGENTIELLE","isPartOf":{"@id":"https:\/\/www.maddalena.it\/fr\/#website"},"primaryImageOfPage":{"@id":"https:\/\/www.maddalena.it\/fr\/produit\/wt\/#primaryimage"},"image":{"@id":"https:\/\/www.maddalena.it\/fr\/produit\/wt\/#primaryimage"},"thumbnailUrl":"https:\/\/www.maddalena.it\/wp-content\/uploads\/catalog-image\/wt1.png","datePublished":"2022-08-03T12:29:23+00:00","dateModified":"2026-01-22T12:00:46+00:00","description":"WT repr\u00e9sente une excellente solution pour les mesures de grands volumes dans le secteur de l\u2019irrigation. Gr\u00e2ce \u00e0 l\u2019h\u00e9lice tangentielle il offre de bonn","breadcrumb":{"@id":"https:\/\/www.maddalena.it\/fr\/produit\/wt\/#breadcrumb"},"inLanguage":"fr-FR","potentialAction":[{"@type":"ReadAction","target":["https:\/\/www.maddalena.it\/fr\/produit\/wt\/"]}]},{"@type":"ImageObject","inLanguage":"fr-FR","@id":"https:\/\/www.maddalena.it\/fr\/produit\/wt\/#primaryimage","url":"https:\/\/www.maddalena.it\/wp-content\/uploads\/catalog-image\/wt1.png","contentUrl":"https:\/\/www.maddalena.it\/wp-content\/uploads\/catalog-image\/wt1.png","width":1600,"height":1600,"caption":"MecTo"},{"@type":"BreadcrumbList","@id":"https:\/\/www.maddalena.it\/fr\/produit\/wt\/#breadcrumb","itemListElement":[{"@type":"ListItem","position":1,"name":"Home","item":"https:\/\/www.maddalena.it\/fr\/"},{"@type":"ListItem","position":2,"name":"Produits","item":"https:\/\/www.maddalena.it\/fr\/produit\/"},{"@type":"ListItem","position":3,"name":"Instrumentation","item":"https:\/\/www.maddalena.it\/fr\/produits\/instrumentation\/"},{"@type":"ListItem","position":4,"name":"Irrigation","item":"https:\/\/www.maddalena.it\/fr\/produits\/irrigation\/"},{"@type":"ListItem","position":5,"name":"WT"}]},{"@type":"WebSite","@id":"https:\/\/www.maddalena.it\/fr\/#website","url":"https:\/\/www.maddalena.it\/fr\/","name":"Maddalena S.p.A.","description":"Metering Expertise","publisher":{"@id":"https:\/\/www.maddalena.it\/fr\/#organization"},"potentialAction":[{"@type":"SearchAction","target":{"@type":"EntryPoint","urlTemplate":"https:\/\/www.maddalena.it\/fr\/?s={search_term_string}"},"query-input":{"@type":"PropertyValueSpecification","valueRequired":true,"valueName":"search_term_string"}}],"inLanguage":"fr-FR"},{"@type":"Organization","@id":"https:\/\/www.maddalena.it\/fr\/#organization","name":"Maddalena S.p.A.","url":"https:\/\/www.maddalena.it\/fr\/","logo":{"@type":"ImageObject","inLanguage":"fr-FR","@id":"https:\/\/www.maddalena.it\/fr\/#\/schema\/logo\/image\/","url":"https:\/\/www.maddalena.it\/wp-content\/uploads\/2022\/04\/logo.svg","contentUrl":"https:\/\/www.maddalena.it\/wp-content\/uploads\/2022\/04\/logo.svg","caption":"Maddalena S.p.A."},"image":{"@id":"https:\/\/www.maddalena.it\/fr\/#\/schema\/logo\/image\/"}}]}},"_links":{"self":[{"href":"https:\/\/www.maddalena.it\/fr\/wp-json\/wp\/v2\/product\/18358","targetHints":{"allow":["GET"]}}],"collection":[{"href":"https:\/\/www.maddalena.it\/fr\/wp-json\/wp\/v2\/product"}],"about":[{"href":"https:\/\/www.maddalena.it\/fr\/wp-json\/wp\/v2\/types\/product"}],"wp:featuredmedia":[{"embeddable":true,"href":"https:\/\/www.maddalena.it\/fr\/wp-json\/wp\/v2\/media\/2835"}],"wp:attachment":[{"href":"https:\/\/www.maddalena.it\/fr\/wp-json\/wp\/v2\/media?parent=18358"}],"wp:term":[{"taxonomy":"product_category","embeddable":true,"href":"https:\/\/www.maddalena.it\/fr\/wp-json\/wp\/v2\/product_category?post=18358"}],"curies":[{"name":"wp","href":"https:\/\/api.w.org\/{rel}","templated":true}]}}