{"id":18350,"date":"2022-08-03T14:29:24","date_gmt":"2022-08-03T12:29:24","guid":{"rendered":"http:\/\/www.maddalena.it\/?post_type=product&#038;p=18350"},"modified":"2025-11-20T16:00:26","modified_gmt":"2025-11-20T15:00:26","slug":"ds-trp","status":"publish","type":"product","link":"https:\/\/www.maddalena.it\/fr\/produit\/ds-trp\/","title":{"rendered":"DS TRP"},"content":{"rendered":"<p>DS TRP repr\u00e9sente la plus haute expression de compteur \u00e0 jet multiple. Gr\u00e2ce \u00e0 la transmission m\u00e9canique, il offre de hautes performances m\u00e9trologiques, il est insensible aux champs magn\u00e9tiques ext\u00e9rieurs et permet une lisibilit\u00e9 parfaite dans le temps gr\u00e2ce \u00e0 la solution \u00e0 \u00ab\u00a0rouleaux prot\u00e9g\u00e9s\u00a0\u00bb que Maddalena a \u00e9t\u00e9 la premi\u00e8re \u00e0 d\u00e9velopper. Robuste, durable et adapt\u00e9 aux environnements les plus difficiles, il est compatible avec tous les types d\u2019eau. Il peut \u00eatre \u00e9quip\u00e9 avec les technologies de transmission des donn\u00e9es \u00e0 distance les plus modernes.<\/p>\n","protected":false},"excerpt":{"rendered":"<p>COMPTEUR \u00c0 JET MULTIPLE \u00c0 ROULEAUX PROT\u00c9G\u00c9S<\/p>\n","protected":false},"featured_media":407,"menu_order":6,"template":"","meta":{"_acf_changed":false,"_lmt_disableupdate":"","_lmt_disable":""},"product_category":[77],"class_list":["post-18350","product","type-product","status-publish","has-post-thumbnail","hentry","product_category-mecto-fr"],"acf":[],"yoast_head":"<!-- This site is optimized with the Yoast SEO plugin v27.5 - https:\/\/yoast.com\/product\/yoast-seo-wordpress\/ -->\n<title>DS TRP - COMPTEUR \u00c0 JET MULTIPLE \u00c0 ROULEAUX PROT\u00c9G\u00c9S<\/title>\n<meta name=\"description\" content=\"DS TRP repr\u00e9sente la plus haute expression de compteur \u00e0 jet multiple. Gr\u00e2ce \u00e0 la transmission m\u00e9canique, il offre de hautes performances m\u00e9trologiques, i\" \/>\n<meta name=\"robots\" content=\"index, follow, max-snippet:-1, max-image-preview:large, max-video-preview:-1\" \/>\n<link rel=\"canonical\" href=\"https:\/\/www.maddalena.it\/fr\/produit\/ds-trp\/\" \/>\n<meta property=\"og:locale\" content=\"fr_FR\" \/>\n<meta property=\"og:type\" content=\"article\" \/>\n<meta property=\"og:title\" content=\"DS TRP - COMPTEUR \u00c0 JET MULTIPLE \u00c0 ROULEAUX PROT\u00c9G\u00c9S\" \/>\n<meta property=\"og:description\" content=\"DS TRP repr\u00e9sente la plus haute expression de compteur \u00e0 jet multiple. Gr\u00e2ce \u00e0 la transmission m\u00e9canique, il offre de hautes performances m\u00e9trologiques, i\" \/>\n<meta property=\"og:url\" content=\"https:\/\/www.maddalena.it\/fr\/produit\/ds-trp\/\" \/>\n<meta property=\"og:site_name\" content=\"Maddalena S.p.A.\" \/>\n<meta property=\"article:modified_time\" content=\"2025-11-20T15:00:26+00:00\" \/>\n<meta property=\"og:image\" content=\"https:\/\/www.maddalena.it\/wp-content\/uploads\/catalog-image\/mecto-ds-trp-blu-3q.png\" \/>\n\t<meta property=\"og:image:width\" content=\"1600\" \/>\n\t<meta property=\"og:image:height\" content=\"1201\" \/>\n\t<meta property=\"og:image:type\" content=\"image\/png\" \/>\n<meta name=\"twitter:card\" content=\"summary_large_image\" \/>\n<script type=\"application\/ld+json\" class=\"yoast-schema-graph\">{\"@context\":\"https:\\\/\\\/schema.org\",\"@graph\":[{\"@type\":\"WebPage\",\"@id\":\"https:\\\/\\\/www.maddalena.it\\\/fr\\\/produit\\\/ds-trp\\\/\",\"url\":\"https:\\\/\\\/www.maddalena.it\\\/fr\\\/produit\\\/ds-trp\\\/\",\"name\":\"DS TRP - COMPTEUR \u00c0 JET MULTIPLE \u00c0 ROULEAUX PROT\u00c9G\u00c9S\",\"isPartOf\":{\"@id\":\"https:\\\/\\\/www.maddalena.it\\\/fr\\\/#website\"},\"primaryImageOfPage\":{\"@id\":\"https:\\\/\\\/www.maddalena.it\\\/fr\\\/produit\\\/ds-trp\\\/#primaryimage\"},\"image\":{\"@id\":\"https:\\\/\\\/www.maddalena.it\\\/fr\\\/produit\\\/ds-trp\\\/#primaryimage\"},\"thumbnailUrl\":\"https:\\\/\\\/www.maddalena.it\\\/wp-content\\\/uploads\\\/catalog-image\\\/mecto-ds-trp-blu-3q.png\",\"datePublished\":\"2022-08-03T12:29:24+00:00\",\"dateModified\":\"2025-11-20T15:00:26+00:00\",\"description\":\"DS TRP repr\u00e9sente la plus haute expression de compteur \u00e0 jet multiple. Gr\u00e2ce \u00e0 la transmission m\u00e9canique, il offre de hautes performances m\u00e9trologiques, i\",\"breadcrumb\":{\"@id\":\"https:\\\/\\\/www.maddalena.it\\\/fr\\\/produit\\\/ds-trp\\\/#breadcrumb\"},\"inLanguage\":\"fr-FR\",\"potentialAction\":[{\"@type\":\"ReadAction\",\"target\":[\"https:\\\/\\\/www.maddalena.it\\\/fr\\\/produit\\\/ds-trp\\\/\"]}]},{\"@type\":\"ImageObject\",\"inLanguage\":\"fr-FR\",\"@id\":\"https:\\\/\\\/www.maddalena.it\\\/fr\\\/produit\\\/ds-trp\\\/#primaryimage\",\"url\":\"https:\\\/\\\/www.maddalena.it\\\/wp-content\\\/uploads\\\/catalog-image\\\/mecto-ds-trp-blu-3q.png\",\"contentUrl\":\"https:\\\/\\\/www.maddalena.it\\\/wp-content\\\/uploads\\\/catalog-image\\\/mecto-ds-trp-blu-3q.png\",\"width\":1600,\"height\":1201,\"caption\":\"MecTo\"},{\"@type\":\"BreadcrumbList\",\"@id\":\"https:\\\/\\\/www.maddalena.it\\\/fr\\\/produit\\\/ds-trp\\\/#breadcrumb\",\"itemListElement\":[{\"@type\":\"ListItem\",\"position\":1,\"name\":\"Home\",\"item\":\"https:\\\/\\\/www.maddalena.it\\\/fr\\\/\"},{\"@type\":\"ListItem\",\"position\":2,\"name\":\"Produits\",\"item\":\"https:\\\/\\\/www.maddalena.it\\\/fr\\\/produit\\\/\"},{\"@type\":\"ListItem\",\"position\":3,\"name\":\"Eau\",\"item\":\"https:\\\/\\\/www.maddalena.it\\\/fr\\\/produits\\\/eau\\\/\"},{\"@type\":\"ListItem\",\"position\":4,\"name\":\"MecTo\",\"item\":\"https:\\\/\\\/www.maddalena.it\\\/fr\\\/produits\\\/mecto-fr\\\/\"},{\"@type\":\"ListItem\",\"position\":5,\"name\":\"DS TRP\"}]},{\"@type\":\"WebSite\",\"@id\":\"https:\\\/\\\/www.maddalena.it\\\/fr\\\/#website\",\"url\":\"https:\\\/\\\/www.maddalena.it\\\/fr\\\/\",\"name\":\"Maddalena S.p.A.\",\"description\":\"Metering Expertise\",\"publisher\":{\"@id\":\"https:\\\/\\\/www.maddalena.it\\\/fr\\\/#organization\"},\"potentialAction\":[{\"@type\":\"SearchAction\",\"target\":{\"@type\":\"EntryPoint\",\"urlTemplate\":\"https:\\\/\\\/www.maddalena.it\\\/fr\\\/?s={search_term_string}\"},\"query-input\":{\"@type\":\"PropertyValueSpecification\",\"valueRequired\":true,\"valueName\":\"search_term_string\"}}],\"inLanguage\":\"fr-FR\"},{\"@type\":\"Organization\",\"@id\":\"https:\\\/\\\/www.maddalena.it\\\/fr\\\/#organization\",\"name\":\"Maddalena S.p.A.\",\"url\":\"https:\\\/\\\/www.maddalena.it\\\/fr\\\/\",\"logo\":{\"@type\":\"ImageObject\",\"inLanguage\":\"fr-FR\",\"@id\":\"https:\\\/\\\/www.maddalena.it\\\/fr\\\/#\\\/schema\\\/logo\\\/image\\\/\",\"url\":\"https:\\\/\\\/www.maddalena.it\\\/wp-content\\\/uploads\\\/2022\\\/04\\\/logo.svg\",\"contentUrl\":\"https:\\\/\\\/www.maddalena.it\\\/wp-content\\\/uploads\\\/2022\\\/04\\\/logo.svg\",\"caption\":\"Maddalena S.p.A.\"},\"image\":{\"@id\":\"https:\\\/\\\/www.maddalena.it\\\/fr\\\/#\\\/schema\\\/logo\\\/image\\\/\"}}]}<\/script>\n<!-- \/ Yoast SEO plugin. -->","yoast_head_json":{"title":"DS TRP - COMPTEUR \u00c0 JET MULTIPLE \u00c0 ROULEAUX PROT\u00c9G\u00c9S","description":"DS TRP repr\u00e9sente la plus haute expression de compteur \u00e0 jet multiple. Gr\u00e2ce \u00e0 la transmission m\u00e9canique, il offre de hautes performances m\u00e9trologiques, i","robots":{"index":"index","follow":"follow","max-snippet":"max-snippet:-1","max-image-preview":"max-image-preview:large","max-video-preview":"max-video-preview:-1"},"canonical":"https:\/\/www.maddalena.it\/fr\/produit\/ds-trp\/","og_locale":"fr_FR","og_type":"article","og_title":"DS TRP - COMPTEUR \u00c0 JET MULTIPLE \u00c0 ROULEAUX PROT\u00c9G\u00c9S","og_description":"DS TRP repr\u00e9sente la plus haute expression de compteur \u00e0 jet multiple. Gr\u00e2ce \u00e0 la transmission m\u00e9canique, il offre de hautes performances m\u00e9trologiques, i","og_url":"https:\/\/www.maddalena.it\/fr\/produit\/ds-trp\/","og_site_name":"Maddalena S.p.A.","article_modified_time":"2025-11-20T15:00:26+00:00","og_image":[{"width":1600,"height":1201,"url":"https:\/\/www.maddalena.it\/wp-content\/uploads\/catalog-image\/mecto-ds-trp-blu-3q.png","type":"image\/png"}],"twitter_card":"summary_large_image","schema":{"@context":"https:\/\/schema.org","@graph":[{"@type":"WebPage","@id":"https:\/\/www.maddalena.it\/fr\/produit\/ds-trp\/","url":"https:\/\/www.maddalena.it\/fr\/produit\/ds-trp\/","name":"DS TRP - COMPTEUR \u00c0 JET MULTIPLE \u00c0 ROULEAUX PROT\u00c9G\u00c9S","isPartOf":{"@id":"https:\/\/www.maddalena.it\/fr\/#website"},"primaryImageOfPage":{"@id":"https:\/\/www.maddalena.it\/fr\/produit\/ds-trp\/#primaryimage"},"image":{"@id":"https:\/\/www.maddalena.it\/fr\/produit\/ds-trp\/#primaryimage"},"thumbnailUrl":"https:\/\/www.maddalena.it\/wp-content\/uploads\/catalog-image\/mecto-ds-trp-blu-3q.png","datePublished":"2022-08-03T12:29:24+00:00","dateModified":"2025-11-20T15:00:26+00:00","description":"DS TRP repr\u00e9sente la plus haute expression de compteur \u00e0 jet multiple. Gr\u00e2ce \u00e0 la transmission m\u00e9canique, il offre de hautes performances m\u00e9trologiques, i","breadcrumb":{"@id":"https:\/\/www.maddalena.it\/fr\/produit\/ds-trp\/#breadcrumb"},"inLanguage":"fr-FR","potentialAction":[{"@type":"ReadAction","target":["https:\/\/www.maddalena.it\/fr\/produit\/ds-trp\/"]}]},{"@type":"ImageObject","inLanguage":"fr-FR","@id":"https:\/\/www.maddalena.it\/fr\/produit\/ds-trp\/#primaryimage","url":"https:\/\/www.maddalena.it\/wp-content\/uploads\/catalog-image\/mecto-ds-trp-blu-3q.png","contentUrl":"https:\/\/www.maddalena.it\/wp-content\/uploads\/catalog-image\/mecto-ds-trp-blu-3q.png","width":1600,"height":1201,"caption":"MecTo"},{"@type":"BreadcrumbList","@id":"https:\/\/www.maddalena.it\/fr\/produit\/ds-trp\/#breadcrumb","itemListElement":[{"@type":"ListItem","position":1,"name":"Home","item":"https:\/\/www.maddalena.it\/fr\/"},{"@type":"ListItem","position":2,"name":"Produits","item":"https:\/\/www.maddalena.it\/fr\/produit\/"},{"@type":"ListItem","position":3,"name":"Eau","item":"https:\/\/www.maddalena.it\/fr\/produits\/eau\/"},{"@type":"ListItem","position":4,"name":"MecTo","item":"https:\/\/www.maddalena.it\/fr\/produits\/mecto-fr\/"},{"@type":"ListItem","position":5,"name":"DS TRP"}]},{"@type":"WebSite","@id":"https:\/\/www.maddalena.it\/fr\/#website","url":"https:\/\/www.maddalena.it\/fr\/","name":"Maddalena S.p.A.","description":"Metering Expertise","publisher":{"@id":"https:\/\/www.maddalena.it\/fr\/#organization"},"potentialAction":[{"@type":"SearchAction","target":{"@type":"EntryPoint","urlTemplate":"https:\/\/www.maddalena.it\/fr\/?s={search_term_string}"},"query-input":{"@type":"PropertyValueSpecification","valueRequired":true,"valueName":"search_term_string"}}],"inLanguage":"fr-FR"},{"@type":"Organization","@id":"https:\/\/www.maddalena.it\/fr\/#organization","name":"Maddalena S.p.A.","url":"https:\/\/www.maddalena.it\/fr\/","logo":{"@type":"ImageObject","inLanguage":"fr-FR","@id":"https:\/\/www.maddalena.it\/fr\/#\/schema\/logo\/image\/","url":"https:\/\/www.maddalena.it\/wp-content\/uploads\/2022\/04\/logo.svg","contentUrl":"https:\/\/www.maddalena.it\/wp-content\/uploads\/2022\/04\/logo.svg","caption":"Maddalena S.p.A."},"image":{"@id":"https:\/\/www.maddalena.it\/fr\/#\/schema\/logo\/image\/"}}]}},"_links":{"self":[{"href":"https:\/\/www.maddalena.it\/fr\/wp-json\/wp\/v2\/product\/18350","targetHints":{"allow":["GET"]}}],"collection":[{"href":"https:\/\/www.maddalena.it\/fr\/wp-json\/wp\/v2\/product"}],"about":[{"href":"https:\/\/www.maddalena.it\/fr\/wp-json\/wp\/v2\/types\/product"}],"wp:featuredmedia":[{"embeddable":true,"href":"https:\/\/www.maddalena.it\/fr\/wp-json\/wp\/v2\/media\/407"}],"wp:attachment":[{"href":"https:\/\/www.maddalena.it\/fr\/wp-json\/wp\/v2\/media?parent=18350"}],"wp:term":[{"taxonomy":"product_category","embeddable":true,"href":"https:\/\/www.maddalena.it\/fr\/wp-json\/wp\/v2\/product_category?post=18350"}],"curies":[{"name":"wp","href":"https:\/\/api.w.org\/{rel}","templated":true}]}}