{"id":33529,"date":"2026-03-30T09:36:12","date_gmt":"2026-03-30T07:36:12","guid":{"rendered":"https:\/\/www.maddalena.it\/?page_id=33529"},"modified":"2026-03-30T12:33:51","modified_gmt":"2026-03-30T10:33:51","slug":"qui-sommes-nous","status":"publish","type":"page","link":"https:\/\/www.maddalena.it\/fr\/qui-sommes-nous\/","title":{"rendered":"Qui sommes-nous"},"content":{"rendered":"\n<p><p data-start=\"379\" data-end=\"800\"><strong>Maddalena S.p.A. est l\u2019une des principales r\u00e9alit\u00e9s internationales dans le secteur des instruments de mesure de l\u2019eau et de l\u2019\u00e9nergie thermique<\/strong>. Fond\u00e9e en 1919, elle a constamment fait \u00e9voluer sa structure organisationnelle ainsi que son offre de compteurs pour les usages domestiques et les grandes consommations. Aujourd\u2019hui, les produits Maddalena r\u00e9pondent aux besoins des principales utilities dans le monde entier.<\/p><\/p>\n\n<p><p>Le site de Povoletto (UD) dispose de la plus grande capacit\u00e9 de production en Europe sous un m\u00eame toit et produit plus de 3 millions d\u2019instruments chaque ann\u00e9e.<\/p><\/p>\n\n<p><p data-start=\"289\" data-end=\"524\">Depuis toujours tourn\u00e9e vers l\u2019innovation, <strong>Maddalena S.p.A. propose une gamme compl\u00e8te de compteurs intelligents, \u00e0 technologie m\u00e9canique et \u00e9lectronique,<\/strong> conformes aux exigences de la Directive europ\u00e9enne sur l\u2019efficacit\u00e9 \u00e9nerg\u00e9tique.<\/p><\/p>\n","protected":false},"excerpt":{"rendered":"<p>Maddalena S.p.A. est l\u2019une des principales r\u00e9alit\u00e9s internationales dans le secteur des instruments de mesure de l\u2019eau et de l\u2019\u00e9nergie thermique. Fond\u00e9e en 1919, elle a constamment fait \u00e9voluer sa structure organisationnelle ainsi que son offre de compteurs pour les usages domestiques et les grandes consommations. Aujourd\u2019hui, les produits Maddalena r\u00e9pondent aux besoins des principales [&hellip;]<\/p>\n","protected":false},"author":2,"featured_media":0,"parent":0,"menu_order":20,"comment_status":"closed","ping_status":"closed","template":"","meta":{"_acf_changed":false,"_lmt_disableupdate":"","_lmt_disable":"","footnotes":""},"class_list":["post-33529","page","type-page","status-publish","hentry"],"acf":[],"yoast_head":"<!-- This site is optimized with the Yoast SEO plugin v27.3 - https:\/\/yoast.com\/product\/yoast-seo-wordpress\/ -->\n<title>Qui sommes-nous - Maddalena S.p.A.<\/title>\n<meta name=\"description\" content=\"Depuis 1919, Maddalena S.p.A. se caract\u00e9rise par l\u2019attention port\u00e9e \u00e0 l\u2019innovation, la fiabilit\u00e9 et la pr\u00e9cision. Smart Tradition est notre pens\u00e9e.\" \/>\n<meta name=\"robots\" content=\"index, follow, max-snippet:-1, max-image-preview:large, max-video-preview:-1\" \/>\n<link rel=\"canonical\" href=\"https:\/\/www.maddalena.it\/fr\/qui-sommes-nous\/\" \/>\n<meta property=\"og:locale\" content=\"fr_FR\" \/>\n<meta property=\"og:type\" content=\"article\" \/>\n<meta property=\"og:title\" content=\"Qui sommes-nous - Maddalena S.p.A.\" \/>\n<meta property=\"og:description\" content=\"Depuis 1919, Maddalena S.p.A. se caract\u00e9rise par l\u2019attention port\u00e9e \u00e0 l\u2019innovation, la fiabilit\u00e9 et la pr\u00e9cision. Smart Tradition est notre pens\u00e9e.\" \/>\n<meta property=\"og:url\" content=\"https:\/\/www.maddalena.it\/fr\/qui-sommes-nous\/\" \/>\n<meta property=\"og:site_name\" content=\"Maddalena S.p.A.\" \/>\n<meta property=\"article:modified_time\" content=\"2026-03-30T10:33:51+00:00\" \/>\n<meta name=\"twitter:card\" content=\"summary_large_image\" \/>\n<meta name=\"twitter:label1\" content=\"Dur\u00e9e de lecture estim\u00e9e\" \/>\n\t<meta name=\"twitter:data1\" content=\"1 minute\" \/>\n<script type=\"application\/ld+json\" class=\"yoast-schema-graph\">{\"@context\":\"https:\\\/\\\/schema.org\",\"@graph\":[{\"@type\":\"WebPage\",\"@id\":\"https:\\\/\\\/www.maddalena.it\\\/fr\\\/qui-sommes-nous\\\/\",\"url\":\"https:\\\/\\\/www.maddalena.it\\\/fr\\\/qui-sommes-nous\\\/\",\"name\":\"Qui sommes-nous - Maddalena S.p.A.\",\"isPartOf\":{\"@id\":\"https:\\\/\\\/www.maddalena.it\\\/fr\\\/#website\"},\"datePublished\":\"2026-03-30T07:36:12+00:00\",\"dateModified\":\"2026-03-30T10:33:51+00:00\",\"description\":\"Depuis 1919, Maddalena S.p.A. se caract\u00e9rise par l\u2019attention port\u00e9e \u00e0 l\u2019innovation, la fiabilit\u00e9 et la pr\u00e9cision. Smart Tradition est notre pens\u00e9e.\",\"breadcrumb\":{\"@id\":\"https:\\\/\\\/www.maddalena.it\\\/fr\\\/qui-sommes-nous\\\/#breadcrumb\"},\"inLanguage\":\"fr-FR\",\"potentialAction\":[{\"@type\":\"ReadAction\",\"target\":[\"https:\\\/\\\/www.maddalena.it\\\/fr\\\/qui-sommes-nous\\\/\"]}]},{\"@type\":\"BreadcrumbList\",\"@id\":\"https:\\\/\\\/www.maddalena.it\\\/fr\\\/qui-sommes-nous\\\/#breadcrumb\",\"itemListElement\":[{\"@type\":\"ListItem\",\"position\":1,\"name\":\"Home\",\"item\":\"https:\\\/\\\/www.maddalena.it\\\/fr\\\/\"},{\"@type\":\"ListItem\",\"position\":2,\"name\":\"Qui sommes-nous\"}]},{\"@type\":\"WebSite\",\"@id\":\"https:\\\/\\\/www.maddalena.it\\\/fr\\\/#website\",\"url\":\"https:\\\/\\\/www.maddalena.it\\\/fr\\\/\",\"name\":\"Maddalena S.p.A.\",\"description\":\"Metering Expertise\",\"publisher\":{\"@id\":\"https:\\\/\\\/www.maddalena.it\\\/fr\\\/#organization\"},\"potentialAction\":[{\"@type\":\"SearchAction\",\"target\":{\"@type\":\"EntryPoint\",\"urlTemplate\":\"https:\\\/\\\/www.maddalena.it\\\/fr\\\/?s={search_term_string}\"},\"query-input\":{\"@type\":\"PropertyValueSpecification\",\"valueRequired\":true,\"valueName\":\"search_term_string\"}}],\"inLanguage\":\"fr-FR\"},{\"@type\":\"Organization\",\"@id\":\"https:\\\/\\\/www.maddalena.it\\\/fr\\\/#organization\",\"name\":\"Maddalena S.p.A.\",\"url\":\"https:\\\/\\\/www.maddalena.it\\\/fr\\\/\",\"logo\":{\"@type\":\"ImageObject\",\"inLanguage\":\"fr-FR\",\"@id\":\"https:\\\/\\\/www.maddalena.it\\\/fr\\\/#\\\/schema\\\/logo\\\/image\\\/\",\"url\":\"https:\\\/\\\/www.maddalena.it\\\/wp-content\\\/uploads\\\/2022\\\/04\\\/logo.svg\",\"contentUrl\":\"https:\\\/\\\/www.maddalena.it\\\/wp-content\\\/uploads\\\/2022\\\/04\\\/logo.svg\",\"caption\":\"Maddalena S.p.A.\"},\"image\":{\"@id\":\"https:\\\/\\\/www.maddalena.it\\\/fr\\\/#\\\/schema\\\/logo\\\/image\\\/\"}}]}<\/script>\n<!-- \/ Yoast SEO plugin. -->","yoast_head_json":{"title":"Qui sommes-nous - Maddalena S.p.A.","description":"Depuis 1919, Maddalena S.p.A. se caract\u00e9rise par l\u2019attention port\u00e9e \u00e0 l\u2019innovation, la fiabilit\u00e9 et la pr\u00e9cision. Smart Tradition est notre pens\u00e9e.","robots":{"index":"index","follow":"follow","max-snippet":"max-snippet:-1","max-image-preview":"max-image-preview:large","max-video-preview":"max-video-preview:-1"},"canonical":"https:\/\/www.maddalena.it\/fr\/qui-sommes-nous\/","og_locale":"fr_FR","og_type":"article","og_title":"Qui sommes-nous - Maddalena S.p.A.","og_description":"Depuis 1919, Maddalena S.p.A. se caract\u00e9rise par l\u2019attention port\u00e9e \u00e0 l\u2019innovation, la fiabilit\u00e9 et la pr\u00e9cision. Smart Tradition est notre pens\u00e9e.","og_url":"https:\/\/www.maddalena.it\/fr\/qui-sommes-nous\/","og_site_name":"Maddalena S.p.A.","article_modified_time":"2026-03-30T10:33:51+00:00","twitter_card":"summary_large_image","twitter_misc":{"Dur\u00e9e de lecture estim\u00e9e":"1 minute"},"schema":{"@context":"https:\/\/schema.org","@graph":[{"@type":"WebPage","@id":"https:\/\/www.maddalena.it\/fr\/qui-sommes-nous\/","url":"https:\/\/www.maddalena.it\/fr\/qui-sommes-nous\/","name":"Qui sommes-nous - Maddalena S.p.A.","isPartOf":{"@id":"https:\/\/www.maddalena.it\/fr\/#website"},"datePublished":"2026-03-30T07:36:12+00:00","dateModified":"2026-03-30T10:33:51+00:00","description":"Depuis 1919, Maddalena S.p.A. se caract\u00e9rise par l\u2019attention port\u00e9e \u00e0 l\u2019innovation, la fiabilit\u00e9 et la pr\u00e9cision. Smart Tradition est notre pens\u00e9e.","breadcrumb":{"@id":"https:\/\/www.maddalena.it\/fr\/qui-sommes-nous\/#breadcrumb"},"inLanguage":"fr-FR","potentialAction":[{"@type":"ReadAction","target":["https:\/\/www.maddalena.it\/fr\/qui-sommes-nous\/"]}]},{"@type":"BreadcrumbList","@id":"https:\/\/www.maddalena.it\/fr\/qui-sommes-nous\/#breadcrumb","itemListElement":[{"@type":"ListItem","position":1,"name":"Home","item":"https:\/\/www.maddalena.it\/fr\/"},{"@type":"ListItem","position":2,"name":"Qui sommes-nous"}]},{"@type":"WebSite","@id":"https:\/\/www.maddalena.it\/fr\/#website","url":"https:\/\/www.maddalena.it\/fr\/","name":"Maddalena S.p.A.","description":"Metering Expertise","publisher":{"@id":"https:\/\/www.maddalena.it\/fr\/#organization"},"potentialAction":[{"@type":"SearchAction","target":{"@type":"EntryPoint","urlTemplate":"https:\/\/www.maddalena.it\/fr\/?s={search_term_string}"},"query-input":{"@type":"PropertyValueSpecification","valueRequired":true,"valueName":"search_term_string"}}],"inLanguage":"fr-FR"},{"@type":"Organization","@id":"https:\/\/www.maddalena.it\/fr\/#organization","name":"Maddalena S.p.A.","url":"https:\/\/www.maddalena.it\/fr\/","logo":{"@type":"ImageObject","inLanguage":"fr-FR","@id":"https:\/\/www.maddalena.it\/fr\/#\/schema\/logo\/image\/","url":"https:\/\/www.maddalena.it\/wp-content\/uploads\/2022\/04\/logo.svg","contentUrl":"https:\/\/www.maddalena.it\/wp-content\/uploads\/2022\/04\/logo.svg","caption":"Maddalena S.p.A."},"image":{"@id":"https:\/\/www.maddalena.it\/fr\/#\/schema\/logo\/image\/"}}]}},"_links":{"self":[{"href":"https:\/\/www.maddalena.it\/fr\/wp-json\/wp\/v2\/pages\/33529","targetHints":{"allow":["GET"]}}],"collection":[{"href":"https:\/\/www.maddalena.it\/fr\/wp-json\/wp\/v2\/pages"}],"about":[{"href":"https:\/\/www.maddalena.it\/fr\/wp-json\/wp\/v2\/types\/page"}],"author":[{"embeddable":true,"href":"https:\/\/www.maddalena.it\/fr\/wp-json\/wp\/v2\/users\/2"}],"replies":[{"embeddable":true,"href":"https:\/\/www.maddalena.it\/fr\/wp-json\/wp\/v2\/comments?post=33529"}],"version-history":[{"count":5,"href":"https:\/\/www.maddalena.it\/fr\/wp-json\/wp\/v2\/pages\/33529\/revisions"}],"predecessor-version":[{"id":33611,"href":"https:\/\/www.maddalena.it\/fr\/wp-json\/wp\/v2\/pages\/33529\/revisions\/33611"}],"wp:attachment":[{"href":"https:\/\/www.maddalena.it\/fr\/wp-json\/wp\/v2\/media?parent=33529"}],"curies":[{"name":"wp","href":"https:\/\/api.w.org\/{rel}","templated":true}]}}