{"id":19937,"date":"2022-04-21T15:11:14","date_gmt":"2022-04-21T13:11:14","guid":{"rendered":"http:\/\/www.maddalena.it\/contacts\/"},"modified":"2023-10-05T09:54:28","modified_gmt":"2023-10-05T07:54:28","slug":"contacts","status":"publish","type":"page","link":"https:\/\/www.maddalena.it\/fr\/contacts\/","title":{"rendered":"Contacts"},"content":{"rendered":"\n<h3 class=\"wp-block-heading\">MADDALENA S.P.A.<\/h3>\n\n<div style=\"height:20px\" aria-hidden=\"true\" class=\"wp-block-spacer\"><\/div>\n\n<p><p><strong>Si\u00e8ge social et Entr\u00e9e fournisseurs<br\/><\/strong>Via G.B. Maddalena 2\/4<br\/>33040 Povoletto (Udine)<\/p><\/p>\n\n<p><p><strong>Entr\u00e9e Direction et Clients<br\/><\/strong>Via Emilius 2<br\/>33040 Povoletto (Udine)<\/p><\/p>\n\n<p><p><strong>Chargement\/D\u00e9chargement marchandises<br\/><\/strong>Via Monte Bianco 3<br\/>33040 Povoletto (Udine)<\/p><\/p>\n\n<p>Tel.\u00a0+39 0432 634811<\/p>\n\n<p><p><strong>DONN\u00c9ES FISCALES<\/strong> <br\/>n\u00b0 TVA : IT00617140306 <br\/>CAP.SOC. 2 080 000 \u20ac ent. lib.<\/p><\/p>\n\n<div style=\"height:50px\" aria-hidden=\"true\" class=\"wp-block-spacer\"><\/div>\n\n<ul class=\"wp-block-social-links has-visible-labels has-icon-color has-icon-background-color is-layout-flex wp-block-social-links-is-layout-flex\"><li style=\"color:#d8000f;background-color:#ffffff;\" class=\"wp-social-link wp-social-link-linkedin has-white-background-color wp-block-social-link\"><a rel=\"noopener nofollow\" target=\"_blank\" href=\"https:\/\/www.linkedin.com\/company\/maddalena-s.p.a.\/\" class=\"wp-block-social-link-anchor\"><svg width=\"24\" height=\"24\" viewBox=\"0 0 24 24\" version=\"1.1\" xmlns=\"http:\/\/www.w3.org\/2000\/svg\" aria-hidden=\"true\" focusable=\"false\"><path d=\"M19.7,3H4.3C3.582,3,3,3.582,3,4.3v15.4C3,20.418,3.582,21,4.3,21h15.4c0.718,0,1.3-0.582,1.3-1.3V4.3 C21,3.582,20.418,3,19.7,3z M8.339,18.338H5.667v-8.59h2.672V18.338z M7.004,8.574c-0.857,0-1.549-0.694-1.549-1.548 c0-0.855,0.691-1.548,1.549-1.548c0.854,0,1.547,0.694,1.547,1.548C8.551,7.881,7.858,8.574,7.004,8.574z M18.339,18.338h-2.669 v-4.177c0-0.996-0.017-2.278-1.387-2.278c-1.389,0-1.601,1.086-1.601,2.206v4.249h-2.667v-8.59h2.559v1.174h0.037 c0.356-0.675,1.227-1.387,2.526-1.387c2.703,0,3.203,1.779,3.203,4.092V18.338z\"><\/path><\/svg><span class=\"wp-block-social-link-label\">LinkedIn<\/span><\/a><\/li>\n\n<li style=\"color:#d8000f;background-color:#ffffff;\" class=\"wp-social-link wp-social-link-youtube has-white-background-color wp-block-social-link\"><a rel=\"noopener nofollow\" target=\"_blank\" href=\"https:\/\/www.youtube.com\/channel\/UC2y1rFhnreia4NYOvIbN6Yw\" class=\"wp-block-social-link-anchor\"><svg width=\"24\" height=\"24\" viewBox=\"0 0 24 24\" version=\"1.1\" xmlns=\"http:\/\/www.w3.org\/2000\/svg\" aria-hidden=\"true\" focusable=\"false\"><path d=\"M21.8,8.001c0,0-0.195-1.378-0.795-1.985c-0.76-0.797-1.613-0.801-2.004-0.847c-2.799-0.202-6.997-0.202-6.997-0.202 h-0.009c0,0-4.198,0-6.997,0.202C4.608,5.216,3.756,5.22,2.995,6.016C2.395,6.623,2.2,8.001,2.2,8.001S2,9.62,2,11.238v1.517 c0,1.618,0.2,3.237,0.2,3.237s0.195,1.378,0.795,1.985c0.761,0.797,1.76,0.771,2.205,0.855c1.6,0.153,6.8,0.201,6.8,0.201 s4.203-0.006,7.001-0.209c0.391-0.047,1.243-0.051,2.004-0.847c0.6-0.607,0.795-1.985,0.795-1.985s0.2-1.618,0.2-3.237v-1.517 C22,9.62,21.8,8.001,21.8,8.001z M9.935,14.594l-0.001-5.62l5.404,2.82L9.935,14.594z\"><\/path><\/svg><span class=\"wp-block-social-link-label\">YouTube<\/span><\/a><\/li><\/ul>\n","protected":false},"excerpt":{"rendered":"<p>MADDALENA S.P.A. Si\u00e8ge social et Entr\u00e9e fournisseursVia G.B. Maddalena 2\/433040 Povoletto (Udine) Entr\u00e9e Direction et ClientsVia Emilius 233040 Povoletto (Udine) Chargement\/D\u00e9chargement marchandisesVia Monte Bianco 333040 Povoletto (Udine) Tel.\u00a0+39 0432 634811 DONN\u00c9ES FISCALES n\u00b0 TVA : IT00617140306 CAP.SOC. 2 080 000 \u20ac ent. lib.<\/p>\n","protected":false},"author":1,"featured_media":0,"parent":0,"menu_order":85,"comment_status":"closed","ping_status":"closed","template":"page-contacts.php","meta":{"_acf_changed":false,"_lmt_disableupdate":"","_lmt_disable":"","footnotes":""},"class_list":["post-19937","page","type-page","status-publish","hentry"],"acf":[],"yoast_head":"<!-- This site is optimized with the Yoast SEO plugin v27.5 - https:\/\/yoast.com\/product\/yoast-seo-wordpress\/ -->\n<title>Contacts - Maddalena S.p.A.<\/title>\n<meta name=\"description\" content=\"Vous avez besoin d\u2019informations suppl\u00e9mentaires\u00a0? D\u00e9couvrez les contacts du si\u00e8ge de Maddalena S.p.A. et de Maddalena GMBH. D\u00e9couvrez notre pr\u00e9sence dans le monde.\" \/>\n<meta name=\"robots\" content=\"index, follow, max-snippet:-1, max-image-preview:large, max-video-preview:-1\" \/>\n<link rel=\"canonical\" href=\"https:\/\/www.maddalena.it\/fr\/contacts\/\" \/>\n<meta property=\"og:locale\" content=\"fr_FR\" \/>\n<meta property=\"og:type\" content=\"article\" \/>\n<meta property=\"og:title\" content=\"Contacts - Maddalena S.p.A.\" \/>\n<meta property=\"og:description\" content=\"Vous avez besoin d\u2019informations suppl\u00e9mentaires\u00a0? D\u00e9couvrez les contacts du si\u00e8ge de Maddalena S.p.A. et de Maddalena GMBH. D\u00e9couvrez notre pr\u00e9sence dans le monde.\" \/>\n<meta property=\"og:url\" content=\"https:\/\/www.maddalena.it\/fr\/contacts\/\" \/>\n<meta property=\"og:site_name\" content=\"Maddalena S.p.A.\" \/>\n<meta property=\"article:modified_time\" content=\"2023-10-05T07:54:28+00:00\" \/>\n<meta name=\"twitter:card\" content=\"summary_large_image\" \/>\n<meta name=\"twitter:label1\" content=\"Dur\u00e9e de lecture estim\u00e9e\" \/>\n\t<meta name=\"twitter:data1\" content=\"1 minute\" \/>\n<script type=\"application\/ld+json\" class=\"yoast-schema-graph\">{\"@context\":\"https:\\\/\\\/schema.org\",\"@graph\":[{\"@type\":\"WebPage\",\"@id\":\"https:\\\/\\\/www.maddalena.it\\\/fr\\\/contacts\\\/\",\"url\":\"https:\\\/\\\/www.maddalena.it\\\/fr\\\/contacts\\\/\",\"name\":\"Contacts - Maddalena S.p.A.\",\"isPartOf\":{\"@id\":\"https:\\\/\\\/www.maddalena.it\\\/fr\\\/#website\"},\"datePublished\":\"2022-04-21T13:11:14+00:00\",\"dateModified\":\"2023-10-05T07:54:28+00:00\",\"description\":\"Vous avez besoin d\u2019informations suppl\u00e9mentaires\u00a0? D\u00e9couvrez les contacts du si\u00e8ge de Maddalena S.p.A. et de Maddalena GMBH. D\u00e9couvrez notre pr\u00e9sence dans le monde.\",\"breadcrumb\":{\"@id\":\"https:\\\/\\\/www.maddalena.it\\\/fr\\\/contacts\\\/#breadcrumb\"},\"inLanguage\":\"fr-FR\",\"potentialAction\":[{\"@type\":\"ReadAction\",\"target\":[\"https:\\\/\\\/www.maddalena.it\\\/fr\\\/contacts\\\/\"]}]},{\"@type\":\"BreadcrumbList\",\"@id\":\"https:\\\/\\\/www.maddalena.it\\\/fr\\\/contacts\\\/#breadcrumb\",\"itemListElement\":[{\"@type\":\"ListItem\",\"position\":1,\"name\":\"Home\",\"item\":\"https:\\\/\\\/www.maddalena.it\\\/fr\\\/\"},{\"@type\":\"ListItem\",\"position\":2,\"name\":\"Contacts\"}]},{\"@type\":\"WebSite\",\"@id\":\"https:\\\/\\\/www.maddalena.it\\\/fr\\\/#website\",\"url\":\"https:\\\/\\\/www.maddalena.it\\\/fr\\\/\",\"name\":\"Maddalena S.p.A.\",\"description\":\"Metering Expertise\",\"publisher\":{\"@id\":\"https:\\\/\\\/www.maddalena.it\\\/fr\\\/#organization\"},\"potentialAction\":[{\"@type\":\"SearchAction\",\"target\":{\"@type\":\"EntryPoint\",\"urlTemplate\":\"https:\\\/\\\/www.maddalena.it\\\/fr\\\/?s={search_term_string}\"},\"query-input\":{\"@type\":\"PropertyValueSpecification\",\"valueRequired\":true,\"valueName\":\"search_term_string\"}}],\"inLanguage\":\"fr-FR\"},{\"@type\":\"Organization\",\"@id\":\"https:\\\/\\\/www.maddalena.it\\\/fr\\\/#organization\",\"name\":\"Maddalena S.p.A.\",\"url\":\"https:\\\/\\\/www.maddalena.it\\\/fr\\\/\",\"logo\":{\"@type\":\"ImageObject\",\"inLanguage\":\"fr-FR\",\"@id\":\"https:\\\/\\\/www.maddalena.it\\\/fr\\\/#\\\/schema\\\/logo\\\/image\\\/\",\"url\":\"https:\\\/\\\/www.maddalena.it\\\/wp-content\\\/uploads\\\/2022\\\/04\\\/logo.svg\",\"contentUrl\":\"https:\\\/\\\/www.maddalena.it\\\/wp-content\\\/uploads\\\/2022\\\/04\\\/logo.svg\",\"caption\":\"Maddalena S.p.A.\"},\"image\":{\"@id\":\"https:\\\/\\\/www.maddalena.it\\\/fr\\\/#\\\/schema\\\/logo\\\/image\\\/\"}}]}<\/script>\n<!-- \/ Yoast SEO plugin. -->","yoast_head_json":{"title":"Contacts - Maddalena S.p.A.","description":"Vous avez besoin d\u2019informations suppl\u00e9mentaires\u00a0? D\u00e9couvrez les contacts du si\u00e8ge de Maddalena S.p.A. et de Maddalena GMBH. D\u00e9couvrez notre pr\u00e9sence dans le monde.","robots":{"index":"index","follow":"follow","max-snippet":"max-snippet:-1","max-image-preview":"max-image-preview:large","max-video-preview":"max-video-preview:-1"},"canonical":"https:\/\/www.maddalena.it\/fr\/contacts\/","og_locale":"fr_FR","og_type":"article","og_title":"Contacts - Maddalena S.p.A.","og_description":"Vous avez besoin d\u2019informations suppl\u00e9mentaires\u00a0? D\u00e9couvrez les contacts du si\u00e8ge de Maddalena S.p.A. et de Maddalena GMBH. D\u00e9couvrez notre pr\u00e9sence dans le monde.","og_url":"https:\/\/www.maddalena.it\/fr\/contacts\/","og_site_name":"Maddalena S.p.A.","article_modified_time":"2023-10-05T07:54:28+00:00","twitter_card":"summary_large_image","twitter_misc":{"Dur\u00e9e de lecture estim\u00e9e":"1 minute"},"schema":{"@context":"https:\/\/schema.org","@graph":[{"@type":"WebPage","@id":"https:\/\/www.maddalena.it\/fr\/contacts\/","url":"https:\/\/www.maddalena.it\/fr\/contacts\/","name":"Contacts - Maddalena S.p.A.","isPartOf":{"@id":"https:\/\/www.maddalena.it\/fr\/#website"},"datePublished":"2022-04-21T13:11:14+00:00","dateModified":"2023-10-05T07:54:28+00:00","description":"Vous avez besoin d\u2019informations suppl\u00e9mentaires\u00a0? D\u00e9couvrez les contacts du si\u00e8ge de Maddalena S.p.A. et de Maddalena GMBH. D\u00e9couvrez notre pr\u00e9sence dans le monde.","breadcrumb":{"@id":"https:\/\/www.maddalena.it\/fr\/contacts\/#breadcrumb"},"inLanguage":"fr-FR","potentialAction":[{"@type":"ReadAction","target":["https:\/\/www.maddalena.it\/fr\/contacts\/"]}]},{"@type":"BreadcrumbList","@id":"https:\/\/www.maddalena.it\/fr\/contacts\/#breadcrumb","itemListElement":[{"@type":"ListItem","position":1,"name":"Home","item":"https:\/\/www.maddalena.it\/fr\/"},{"@type":"ListItem","position":2,"name":"Contacts"}]},{"@type":"WebSite","@id":"https:\/\/www.maddalena.it\/fr\/#website","url":"https:\/\/www.maddalena.it\/fr\/","name":"Maddalena S.p.A.","description":"Metering Expertise","publisher":{"@id":"https:\/\/www.maddalena.it\/fr\/#organization"},"potentialAction":[{"@type":"SearchAction","target":{"@type":"EntryPoint","urlTemplate":"https:\/\/www.maddalena.it\/fr\/?s={search_term_string}"},"query-input":{"@type":"PropertyValueSpecification","valueRequired":true,"valueName":"search_term_string"}}],"inLanguage":"fr-FR"},{"@type":"Organization","@id":"https:\/\/www.maddalena.it\/fr\/#organization","name":"Maddalena S.p.A.","url":"https:\/\/www.maddalena.it\/fr\/","logo":{"@type":"ImageObject","inLanguage":"fr-FR","@id":"https:\/\/www.maddalena.it\/fr\/#\/schema\/logo\/image\/","url":"https:\/\/www.maddalena.it\/wp-content\/uploads\/2022\/04\/logo.svg","contentUrl":"https:\/\/www.maddalena.it\/wp-content\/uploads\/2022\/04\/logo.svg","caption":"Maddalena S.p.A."},"image":{"@id":"https:\/\/www.maddalena.it\/fr\/#\/schema\/logo\/image\/"}}]}},"_links":{"self":[{"href":"https:\/\/www.maddalena.it\/fr\/wp-json\/wp\/v2\/pages\/19937","targetHints":{"allow":["GET"]}}],"collection":[{"href":"https:\/\/www.maddalena.it\/fr\/wp-json\/wp\/v2\/pages"}],"about":[{"href":"https:\/\/www.maddalena.it\/fr\/wp-json\/wp\/v2\/types\/page"}],"author":[{"embeddable":true,"href":"https:\/\/www.maddalena.it\/fr\/wp-json\/wp\/v2\/users\/1"}],"replies":[{"embeddable":true,"href":"https:\/\/www.maddalena.it\/fr\/wp-json\/wp\/v2\/comments?post=19937"}],"version-history":[{"count":5,"href":"https:\/\/www.maddalena.it\/fr\/wp-json\/wp\/v2\/pages\/19937\/revisions"}],"predecessor-version":[{"id":27110,"href":"https:\/\/www.maddalena.it\/fr\/wp-json\/wp\/v2\/pages\/19937\/revisions\/27110"}],"wp:attachment":[{"href":"https:\/\/www.maddalena.it\/fr\/wp-json\/wp\/v2\/media?parent=19937"}],"curies":[{"name":"wp","href":"https:\/\/api.w.org\/{rel}","templated":true}]}}