{"id":16191,"date":"2022-04-21T15:13:03","date_gmt":"2022-04-21T13:13:03","guid":{"rendered":"http:\/\/www.maddalena.it\/qualite\/assurance-qualite\/"},"modified":"2022-10-04T16:29:15","modified_gmt":"2022-10-04T14:29:15","slug":"assurance-qualite","status":"publish","type":"page","link":"https:\/\/www.maddalena.it\/fr\/qualite\/assurance-qualite\/","title":{"rendered":"Assurance Qualit\u00e9"},"content":{"rendered":"","protected":false},"excerpt":{"rendered":"","protected":false},"author":1,"featured_media":0,"parent":16178,"menu_order":32,"comment_status":"closed","ping_status":"closed","template":"","meta":{"_acf_changed":false,"_lmt_disableupdate":"","_lmt_disable":"","footnotes":""},"class_list":["post-16191","page","type-page","status-publish","hentry"],"acf":[],"yoast_head":"<!-- This site is optimized with the Yoast SEO plugin v27.5 - https:\/\/yoast.com\/product\/yoast-seo-wordpress\/ -->\n<title>Assurance Qualit\u00e9 - Maddalena S.p.A.<\/title>\n<meta name=\"description\" content=\"Le contr\u00f4le de la qualit\u00e9, la qualification des partenaires, le soutien des processus et l\u2019am\u00e9lioration continue garantissent la qualit\u00e9 des produits de Maddalena S.p.A.\" \/>\n<meta name=\"robots\" content=\"index, follow, max-snippet:-1, max-image-preview:large, max-video-preview:-1\" \/>\n<link rel=\"canonical\" href=\"https:\/\/www.maddalena.it\/fr\/qualite\/assurance-qualite\/\" \/>\n<meta property=\"og:locale\" content=\"fr_FR\" \/>\n<meta property=\"og:type\" content=\"article\" \/>\n<meta property=\"og:title\" content=\"Assurance Qualit\u00e9 - Maddalena S.p.A.\" \/>\n<meta property=\"og:description\" content=\"Le contr\u00f4le de la qualit\u00e9, la qualification des partenaires, le soutien des processus et l\u2019am\u00e9lioration continue garantissent la qualit\u00e9 des produits de Maddalena S.p.A.\" \/>\n<meta property=\"og:url\" content=\"https:\/\/www.maddalena.it\/fr\/qualite\/assurance-qualite\/\" \/>\n<meta property=\"og:site_name\" content=\"Maddalena S.p.A.\" \/>\n<meta property=\"article:modified_time\" content=\"2022-10-04T14:29:15+00:00\" \/>\n<meta name=\"twitter:card\" content=\"summary_large_image\" \/>\n<script type=\"application\/ld+json\" class=\"yoast-schema-graph\">{\"@context\":\"https:\\\/\\\/schema.org\",\"@graph\":[{\"@type\":\"WebPage\",\"@id\":\"https:\\\/\\\/www.maddalena.it\\\/fr\\\/qualite\\\/assurance-qualite\\\/\",\"url\":\"https:\\\/\\\/www.maddalena.it\\\/fr\\\/qualite\\\/assurance-qualite\\\/\",\"name\":\"Assurance Qualit\u00e9 - Maddalena S.p.A.\",\"isPartOf\":{\"@id\":\"https:\\\/\\\/www.maddalena.it\\\/fr\\\/#website\"},\"datePublished\":\"2022-04-21T13:13:03+00:00\",\"dateModified\":\"2022-10-04T14:29:15+00:00\",\"description\":\"Le contr\u00f4le de la qualit\u00e9, la qualification des partenaires, le soutien des processus et l\u2019am\u00e9lioration continue garantissent la qualit\u00e9 des produits de Maddalena S.p.A.\",\"breadcrumb\":{\"@id\":\"https:\\\/\\\/www.maddalena.it\\\/fr\\\/qualite\\\/assurance-qualite\\\/#breadcrumb\"},\"inLanguage\":\"fr-FR\",\"potentialAction\":[{\"@type\":\"ReadAction\",\"target\":[\"https:\\\/\\\/www.maddalena.it\\\/fr\\\/qualite\\\/assurance-qualite\\\/\"]}]},{\"@type\":\"BreadcrumbList\",\"@id\":\"https:\\\/\\\/www.maddalena.it\\\/fr\\\/qualite\\\/assurance-qualite\\\/#breadcrumb\",\"itemListElement\":[{\"@type\":\"ListItem\",\"position\":1,\"name\":\"Home\",\"item\":\"https:\\\/\\\/www.maddalena.it\\\/fr\\\/\"},{\"@type\":\"ListItem\",\"position\":2,\"name\":\"Qualit\u00e9\",\"item\":\"https:\\\/\\\/www.maddalena.it\\\/fr\\\/qualite\\\/\"},{\"@type\":\"ListItem\",\"position\":3,\"name\":\"Assurance Qualit\u00e9\"}]},{\"@type\":\"WebSite\",\"@id\":\"https:\\\/\\\/www.maddalena.it\\\/fr\\\/#website\",\"url\":\"https:\\\/\\\/www.maddalena.it\\\/fr\\\/\",\"name\":\"Maddalena S.p.A.\",\"description\":\"Metering Expertise\",\"publisher\":{\"@id\":\"https:\\\/\\\/www.maddalena.it\\\/fr\\\/#organization\"},\"potentialAction\":[{\"@type\":\"SearchAction\",\"target\":{\"@type\":\"EntryPoint\",\"urlTemplate\":\"https:\\\/\\\/www.maddalena.it\\\/fr\\\/?s={search_term_string}\"},\"query-input\":{\"@type\":\"PropertyValueSpecification\",\"valueRequired\":true,\"valueName\":\"search_term_string\"}}],\"inLanguage\":\"fr-FR\"},{\"@type\":\"Organization\",\"@id\":\"https:\\\/\\\/www.maddalena.it\\\/fr\\\/#organization\",\"name\":\"Maddalena S.p.A.\",\"url\":\"https:\\\/\\\/www.maddalena.it\\\/fr\\\/\",\"logo\":{\"@type\":\"ImageObject\",\"inLanguage\":\"fr-FR\",\"@id\":\"https:\\\/\\\/www.maddalena.it\\\/fr\\\/#\\\/schema\\\/logo\\\/image\\\/\",\"url\":\"https:\\\/\\\/www.maddalena.it\\\/wp-content\\\/uploads\\\/2022\\\/04\\\/logo.svg\",\"contentUrl\":\"https:\\\/\\\/www.maddalena.it\\\/wp-content\\\/uploads\\\/2022\\\/04\\\/logo.svg\",\"caption\":\"Maddalena S.p.A.\"},\"image\":{\"@id\":\"https:\\\/\\\/www.maddalena.it\\\/fr\\\/#\\\/schema\\\/logo\\\/image\\\/\"}}]}<\/script>\n<!-- \/ Yoast SEO plugin. -->","yoast_head_json":{"title":"Assurance Qualit\u00e9 - Maddalena S.p.A.","description":"Le contr\u00f4le de la qualit\u00e9, la qualification des partenaires, le soutien des processus et l\u2019am\u00e9lioration continue garantissent la qualit\u00e9 des produits de Maddalena S.p.A.","robots":{"index":"index","follow":"follow","max-snippet":"max-snippet:-1","max-image-preview":"max-image-preview:large","max-video-preview":"max-video-preview:-1"},"canonical":"https:\/\/www.maddalena.it\/fr\/qualite\/assurance-qualite\/","og_locale":"fr_FR","og_type":"article","og_title":"Assurance Qualit\u00e9 - Maddalena S.p.A.","og_description":"Le contr\u00f4le de la qualit\u00e9, la qualification des partenaires, le soutien des processus et l\u2019am\u00e9lioration continue garantissent la qualit\u00e9 des produits de Maddalena S.p.A.","og_url":"https:\/\/www.maddalena.it\/fr\/qualite\/assurance-qualite\/","og_site_name":"Maddalena S.p.A.","article_modified_time":"2022-10-04T14:29:15+00:00","twitter_card":"summary_large_image","schema":{"@context":"https:\/\/schema.org","@graph":[{"@type":"WebPage","@id":"https:\/\/www.maddalena.it\/fr\/qualite\/assurance-qualite\/","url":"https:\/\/www.maddalena.it\/fr\/qualite\/assurance-qualite\/","name":"Assurance Qualit\u00e9 - Maddalena S.p.A.","isPartOf":{"@id":"https:\/\/www.maddalena.it\/fr\/#website"},"datePublished":"2022-04-21T13:13:03+00:00","dateModified":"2022-10-04T14:29:15+00:00","description":"Le contr\u00f4le de la qualit\u00e9, la qualification des partenaires, le soutien des processus et l\u2019am\u00e9lioration continue garantissent la qualit\u00e9 des produits de Maddalena S.p.A.","breadcrumb":{"@id":"https:\/\/www.maddalena.it\/fr\/qualite\/assurance-qualite\/#breadcrumb"},"inLanguage":"fr-FR","potentialAction":[{"@type":"ReadAction","target":["https:\/\/www.maddalena.it\/fr\/qualite\/assurance-qualite\/"]}]},{"@type":"BreadcrumbList","@id":"https:\/\/www.maddalena.it\/fr\/qualite\/assurance-qualite\/#breadcrumb","itemListElement":[{"@type":"ListItem","position":1,"name":"Home","item":"https:\/\/www.maddalena.it\/fr\/"},{"@type":"ListItem","position":2,"name":"Qualit\u00e9","item":"https:\/\/www.maddalena.it\/fr\/qualite\/"},{"@type":"ListItem","position":3,"name":"Assurance Qualit\u00e9"}]},{"@type":"WebSite","@id":"https:\/\/www.maddalena.it\/fr\/#website","url":"https:\/\/www.maddalena.it\/fr\/","name":"Maddalena S.p.A.","description":"Metering Expertise","publisher":{"@id":"https:\/\/www.maddalena.it\/fr\/#organization"},"potentialAction":[{"@type":"SearchAction","target":{"@type":"EntryPoint","urlTemplate":"https:\/\/www.maddalena.it\/fr\/?s={search_term_string}"},"query-input":{"@type":"PropertyValueSpecification","valueRequired":true,"valueName":"search_term_string"}}],"inLanguage":"fr-FR"},{"@type":"Organization","@id":"https:\/\/www.maddalena.it\/fr\/#organization","name":"Maddalena S.p.A.","url":"https:\/\/www.maddalena.it\/fr\/","logo":{"@type":"ImageObject","inLanguage":"fr-FR","@id":"https:\/\/www.maddalena.it\/fr\/#\/schema\/logo\/image\/","url":"https:\/\/www.maddalena.it\/wp-content\/uploads\/2022\/04\/logo.svg","contentUrl":"https:\/\/www.maddalena.it\/wp-content\/uploads\/2022\/04\/logo.svg","caption":"Maddalena S.p.A."},"image":{"@id":"https:\/\/www.maddalena.it\/fr\/#\/schema\/logo\/image\/"}}]}},"_links":{"self":[{"href":"https:\/\/www.maddalena.it\/fr\/wp-json\/wp\/v2\/pages\/16191","targetHints":{"allow":["GET"]}}],"collection":[{"href":"https:\/\/www.maddalena.it\/fr\/wp-json\/wp\/v2\/pages"}],"about":[{"href":"https:\/\/www.maddalena.it\/fr\/wp-json\/wp\/v2\/types\/page"}],"author":[{"embeddable":true,"href":"https:\/\/www.maddalena.it\/fr\/wp-json\/wp\/v2\/users\/1"}],"replies":[{"embeddable":true,"href":"https:\/\/www.maddalena.it\/fr\/wp-json\/wp\/v2\/comments?post=16191"}],"version-history":[{"count":5,"href":"https:\/\/www.maddalena.it\/fr\/wp-json\/wp\/v2\/pages\/16191\/revisions"}],"predecessor-version":[{"id":20885,"href":"https:\/\/www.maddalena.it\/fr\/wp-json\/wp\/v2\/pages\/16191\/revisions\/20885"}],"up":[{"embeddable":true,"href":"https:\/\/www.maddalena.it\/fr\/wp-json\/wp\/v2\/pages\/16178"}],"wp:attachment":[{"href":"https:\/\/www.maddalena.it\/fr\/wp-json\/wp\/v2\/media?parent=16191"}],"curies":[{"name":"wp","href":"https:\/\/api.w.org\/{rel}","templated":true}]}}