{"id":29271,"date":"2024-06-10T14:49:03","date_gmt":"2024-06-10T12:49:03","guid":{"rendered":"https:\/\/www.maddalena.it\/?post_type=product&#038;p=29271"},"modified":"2025-11-19T12:00:49","modified_gmt":"2025-11-19T11:00:49","slug":"k-bulk","status":"publish","type":"product","link":"https:\/\/www.maddalena.it\/es\/producto\/k-bulk\/","title":{"rendered":"K-BULK"},"content":{"rendered":"<p>K-BULK es el sensor de caudal ultras\u00f3nico dise\u00f1ado para la medici\u00f3n precisa de energ\u00eda t\u00e9rmica en sistemas centralizados de calefacci\u00f3n y refrigeraci\u00f3n. El elemento de medici\u00f3n, sin partes m\u00f3viles, garantiza fiabilidad a largo plazo incluso en condiciones exigentes. El cuerpo met\u00e1lico con protecci\u00f3n IP68 incorpora electr\u00f3nica alimentada por bater\u00eda (10+1 a\u00f1os de vida \u00fatil), apto para entornos h\u00famedos o dif\u00edciles. Gracias a sus dos trayectorias ultras\u00f3nicas y a la compatibilidad con los calculadores Maddalena KS3C y las sondas KPTEG, K-BULK garantiza m\u00e1xima precisi\u00f3n e interoperabilidad en sistemas de contabilizaci\u00f3n directa.<\/p>\n","protected":false},"excerpt":{"rendered":"<p>MEDIDOR POR ULTRASONIDOS<\/p>\n","protected":false},"featured_media":28531,"menu_order":69,"template":"","meta":{"_acf_changed":false,"_lmt_disableupdate":"no","_lmt_disable":""},"product_category":[91],"class_list":["post-29271","product","type-product","status-publish","has-post-thumbnail","hentry","product_category-medidores-separado"],"acf":[],"yoast_head":"<!-- This site is optimized with the Yoast SEO plugin v27.5 - https:\/\/yoast.com\/product\/yoast-seo-wordpress\/ -->\n<title>K-BULK - MEDIDOR POR ULTRASONIDOS<\/title>\n<meta name=\"description\" content=\"K-BULK es el sensor de caudal ultras\u00f3nico dise\u00f1ado para la medici\u00f3n precisa de energ\u00eda t\u00e9rmica en sistemas centralizados de calefacci\u00f3n y refrigeraci\u00f3n.\" \/>\n<meta name=\"robots\" content=\"index, follow, max-snippet:-1, max-image-preview:large, max-video-preview:-1\" \/>\n<link rel=\"canonical\" href=\"https:\/\/www.maddalena.it\/es\/producto\/k-bulk\/\" \/>\n<meta property=\"og:locale\" content=\"es_ES\" \/>\n<meta property=\"og:type\" content=\"article\" \/>\n<meta property=\"og:title\" content=\"K-BULK - MEDIDOR POR ULTRASONIDOS\" \/>\n<meta property=\"og:description\" content=\"K-BULK es el sensor de caudal ultras\u00f3nico dise\u00f1ado para la medici\u00f3n precisa de energ\u00eda t\u00e9rmica en sistemas centralizados de calefacci\u00f3n y refrigeraci\u00f3n.\" \/>\n<meta property=\"og:url\" content=\"https:\/\/www.maddalena.it\/es\/producto\/k-bulk\/\" \/>\n<meta property=\"og:site_name\" content=\"Maddalena S.p.A.\" \/>\n<meta property=\"article:modified_time\" content=\"2025-11-19T11:00:49+00:00\" \/>\n<meta property=\"og:image\" content=\"https:\/\/www.maddalena.it\/wp-content\/uploads\/catalog-image\/k-bulk.png\" \/>\n\t<meta property=\"og:image:width\" content=\"520\" \/>\n\t<meta property=\"og:image:height\" content=\"584\" \/>\n\t<meta property=\"og:image:type\" content=\"image\/png\" \/>\n<meta name=\"twitter:card\" content=\"summary_large_image\" \/>\n<meta name=\"twitter:label1\" content=\"Tiempo de lectura\" \/>\n\t<meta name=\"twitter:data1\" content=\"1 minuto\" \/>\n<script type=\"application\/ld+json\" class=\"yoast-schema-graph\">{\"@context\":\"https:\\\/\\\/schema.org\",\"@graph\":[{\"@type\":\"WebPage\",\"@id\":\"https:\\\/\\\/www.maddalena.it\\\/es\\\/producto\\\/k-bulk\\\/\",\"url\":\"https:\\\/\\\/www.maddalena.it\\\/es\\\/producto\\\/k-bulk\\\/\",\"name\":\"K-BULK - MEDIDOR POR ULTRASONIDOS\",\"isPartOf\":{\"@id\":\"https:\\\/\\\/www.maddalena.it\\\/es\\\/#website\"},\"primaryImageOfPage\":{\"@id\":\"https:\\\/\\\/www.maddalena.it\\\/es\\\/producto\\\/k-bulk\\\/#primaryimage\"},\"image\":{\"@id\":\"https:\\\/\\\/www.maddalena.it\\\/es\\\/producto\\\/k-bulk\\\/#primaryimage\"},\"thumbnailUrl\":\"https:\\\/\\\/www.maddalena.it\\\/wp-content\\\/uploads\\\/catalog-image\\\/k-bulk.png\",\"datePublished\":\"2024-06-10T12:49:03+00:00\",\"dateModified\":\"2025-11-19T11:00:49+00:00\",\"description\":\"K-BULK es el sensor de caudal ultras\u00f3nico dise\u00f1ado para la medici\u00f3n precisa de energ\u00eda t\u00e9rmica en sistemas centralizados de calefacci\u00f3n y refrigeraci\u00f3n.\",\"breadcrumb\":{\"@id\":\"https:\\\/\\\/www.maddalena.it\\\/es\\\/producto\\\/k-bulk\\\/#breadcrumb\"},\"inLanguage\":\"es\",\"potentialAction\":[{\"@type\":\"ReadAction\",\"target\":[\"https:\\\/\\\/www.maddalena.it\\\/es\\\/producto\\\/k-bulk\\\/\"]}]},{\"@type\":\"ImageObject\",\"inLanguage\":\"es\",\"@id\":\"https:\\\/\\\/www.maddalena.it\\\/es\\\/producto\\\/k-bulk\\\/#primaryimage\",\"url\":\"https:\\\/\\\/www.maddalena.it\\\/wp-content\\\/uploads\\\/catalog-image\\\/k-bulk.png\",\"contentUrl\":\"https:\\\/\\\/www.maddalena.it\\\/wp-content\\\/uploads\\\/catalog-image\\\/k-bulk.png\",\"width\":520,\"height\":584,\"caption\":\"Separato\"},{\"@type\":\"BreadcrumbList\",\"@id\":\"https:\\\/\\\/www.maddalena.it\\\/es\\\/producto\\\/k-bulk\\\/#breadcrumb\",\"itemListElement\":[{\"@type\":\"ListItem\",\"position\":1,\"name\":\"Home\",\"item\":\"https:\\\/\\\/www.maddalena.it\\\/es\\\/\"},{\"@type\":\"ListItem\",\"position\":2,\"name\":\"Productos\",\"item\":\"https:\\\/\\\/www.maddalena.it\\\/es\\\/producto\\\/\"},{\"@type\":\"ListItem\",\"position\":3,\"name\":\"Energ\u00eda t\u00e9rmica\",\"item\":\"https:\\\/\\\/www.maddalena.it\\\/es\\\/productos\\\/energia-termica-es\\\/\"},{\"@type\":\"ListItem\",\"position\":4,\"name\":\"Separado\",\"item\":\"https:\\\/\\\/www.maddalena.it\\\/es\\\/productos\\\/medidores-separado\\\/\"},{\"@type\":\"ListItem\",\"position\":5,\"name\":\"K-BULK\"}]},{\"@type\":\"WebSite\",\"@id\":\"https:\\\/\\\/www.maddalena.it\\\/es\\\/#website\",\"url\":\"https:\\\/\\\/www.maddalena.it\\\/es\\\/\",\"name\":\"Maddalena S.p.A.\",\"description\":\"Metering Expertise\",\"publisher\":{\"@id\":\"https:\\\/\\\/www.maddalena.it\\\/es\\\/#organization\"},\"potentialAction\":[{\"@type\":\"SearchAction\",\"target\":{\"@type\":\"EntryPoint\",\"urlTemplate\":\"https:\\\/\\\/www.maddalena.it\\\/es\\\/?s={search_term_string}\"},\"query-input\":{\"@type\":\"PropertyValueSpecification\",\"valueRequired\":true,\"valueName\":\"search_term_string\"}}],\"inLanguage\":\"es\"},{\"@type\":\"Organization\",\"@id\":\"https:\\\/\\\/www.maddalena.it\\\/es\\\/#organization\",\"name\":\"Maddalena S.p.A.\",\"url\":\"https:\\\/\\\/www.maddalena.it\\\/es\\\/\",\"logo\":{\"@type\":\"ImageObject\",\"inLanguage\":\"es\",\"@id\":\"https:\\\/\\\/www.maddalena.it\\\/es\\\/#\\\/schema\\\/logo\\\/image\\\/\",\"url\":\"https:\\\/\\\/www.maddalena.it\\\/wp-content\\\/uploads\\\/2022\\\/04\\\/logo.svg\",\"contentUrl\":\"https:\\\/\\\/www.maddalena.it\\\/wp-content\\\/uploads\\\/2022\\\/04\\\/logo.svg\",\"caption\":\"Maddalena S.p.A.\"},\"image\":{\"@id\":\"https:\\\/\\\/www.maddalena.it\\\/es\\\/#\\\/schema\\\/logo\\\/image\\\/\"}}]}<\/script>\n<!-- \/ Yoast SEO plugin. -->","yoast_head_json":{"title":"K-BULK - MEDIDOR POR ULTRASONIDOS","description":"K-BULK es el sensor de caudal ultras\u00f3nico dise\u00f1ado para la medici\u00f3n precisa de energ\u00eda t\u00e9rmica en sistemas centralizados de calefacci\u00f3n y refrigeraci\u00f3n.","robots":{"index":"index","follow":"follow","max-snippet":"max-snippet:-1","max-image-preview":"max-image-preview:large","max-video-preview":"max-video-preview:-1"},"canonical":"https:\/\/www.maddalena.it\/es\/producto\/k-bulk\/","og_locale":"es_ES","og_type":"article","og_title":"K-BULK - MEDIDOR POR ULTRASONIDOS","og_description":"K-BULK es el sensor de caudal ultras\u00f3nico dise\u00f1ado para la medici\u00f3n precisa de energ\u00eda t\u00e9rmica en sistemas centralizados de calefacci\u00f3n y refrigeraci\u00f3n.","og_url":"https:\/\/www.maddalena.it\/es\/producto\/k-bulk\/","og_site_name":"Maddalena S.p.A.","article_modified_time":"2025-11-19T11:00:49+00:00","og_image":[{"width":520,"height":584,"url":"https:\/\/www.maddalena.it\/wp-content\/uploads\/catalog-image\/k-bulk.png","type":"image\/png"}],"twitter_card":"summary_large_image","twitter_misc":{"Tiempo de lectura":"1 minuto"},"schema":{"@context":"https:\/\/schema.org","@graph":[{"@type":"WebPage","@id":"https:\/\/www.maddalena.it\/es\/producto\/k-bulk\/","url":"https:\/\/www.maddalena.it\/es\/producto\/k-bulk\/","name":"K-BULK - MEDIDOR POR ULTRASONIDOS","isPartOf":{"@id":"https:\/\/www.maddalena.it\/es\/#website"},"primaryImageOfPage":{"@id":"https:\/\/www.maddalena.it\/es\/producto\/k-bulk\/#primaryimage"},"image":{"@id":"https:\/\/www.maddalena.it\/es\/producto\/k-bulk\/#primaryimage"},"thumbnailUrl":"https:\/\/www.maddalena.it\/wp-content\/uploads\/catalog-image\/k-bulk.png","datePublished":"2024-06-10T12:49:03+00:00","dateModified":"2025-11-19T11:00:49+00:00","description":"K-BULK es el sensor de caudal ultras\u00f3nico dise\u00f1ado para la medici\u00f3n precisa de energ\u00eda t\u00e9rmica en sistemas centralizados de calefacci\u00f3n y refrigeraci\u00f3n.","breadcrumb":{"@id":"https:\/\/www.maddalena.it\/es\/producto\/k-bulk\/#breadcrumb"},"inLanguage":"es","potentialAction":[{"@type":"ReadAction","target":["https:\/\/www.maddalena.it\/es\/producto\/k-bulk\/"]}]},{"@type":"ImageObject","inLanguage":"es","@id":"https:\/\/www.maddalena.it\/es\/producto\/k-bulk\/#primaryimage","url":"https:\/\/www.maddalena.it\/wp-content\/uploads\/catalog-image\/k-bulk.png","contentUrl":"https:\/\/www.maddalena.it\/wp-content\/uploads\/catalog-image\/k-bulk.png","width":520,"height":584,"caption":"Separato"},{"@type":"BreadcrumbList","@id":"https:\/\/www.maddalena.it\/es\/producto\/k-bulk\/#breadcrumb","itemListElement":[{"@type":"ListItem","position":1,"name":"Home","item":"https:\/\/www.maddalena.it\/es\/"},{"@type":"ListItem","position":2,"name":"Productos","item":"https:\/\/www.maddalena.it\/es\/producto\/"},{"@type":"ListItem","position":3,"name":"Energ\u00eda t\u00e9rmica","item":"https:\/\/www.maddalena.it\/es\/productos\/energia-termica-es\/"},{"@type":"ListItem","position":4,"name":"Separado","item":"https:\/\/www.maddalena.it\/es\/productos\/medidores-separado\/"},{"@type":"ListItem","position":5,"name":"K-BULK"}]},{"@type":"WebSite","@id":"https:\/\/www.maddalena.it\/es\/#website","url":"https:\/\/www.maddalena.it\/es\/","name":"Maddalena S.p.A.","description":"Metering Expertise","publisher":{"@id":"https:\/\/www.maddalena.it\/es\/#organization"},"potentialAction":[{"@type":"SearchAction","target":{"@type":"EntryPoint","urlTemplate":"https:\/\/www.maddalena.it\/es\/?s={search_term_string}"},"query-input":{"@type":"PropertyValueSpecification","valueRequired":true,"valueName":"search_term_string"}}],"inLanguage":"es"},{"@type":"Organization","@id":"https:\/\/www.maddalena.it\/es\/#organization","name":"Maddalena S.p.A.","url":"https:\/\/www.maddalena.it\/es\/","logo":{"@type":"ImageObject","inLanguage":"es","@id":"https:\/\/www.maddalena.it\/es\/#\/schema\/logo\/image\/","url":"https:\/\/www.maddalena.it\/wp-content\/uploads\/2022\/04\/logo.svg","contentUrl":"https:\/\/www.maddalena.it\/wp-content\/uploads\/2022\/04\/logo.svg","caption":"Maddalena S.p.A."},"image":{"@id":"https:\/\/www.maddalena.it\/es\/#\/schema\/logo\/image\/"}}]}},"_links":{"self":[{"href":"https:\/\/www.maddalena.it\/es\/wp-json\/wp\/v2\/product\/29271","targetHints":{"allow":["GET"]}}],"collection":[{"href":"https:\/\/www.maddalena.it\/es\/wp-json\/wp\/v2\/product"}],"about":[{"href":"https:\/\/www.maddalena.it\/es\/wp-json\/wp\/v2\/types\/product"}],"wp:featuredmedia":[{"embeddable":true,"href":"https:\/\/www.maddalena.it\/es\/wp-json\/wp\/v2\/media\/28531"}],"wp:attachment":[{"href":"https:\/\/www.maddalena.it\/es\/wp-json\/wp\/v2\/media?parent=29271"}],"wp:term":[{"taxonomy":"product_category","embeddable":true,"href":"https:\/\/www.maddalena.it\/es\/wp-json\/wp\/v2\/product_category?post=29271"}],"curies":[{"name":"wp","href":"https:\/\/api.w.org\/{rel}","templated":true}]}}