{"id":29011,"date":"2024-05-30T08:05:40","date_gmt":"2024-05-30T06:05:40","guid":{"rendered":"https:\/\/www.maddalena.it\/?post_type=product&#038;p=29011"},"modified":"2025-07-14T15:01:15","modified_gmt":"2025-07-14T13:01:15","slug":"electo-sj-2","status":"publish","type":"product","link":"https:\/\/www.maddalena.it\/es\/producto\/electo-sj-2\/","title":{"rendered":"ELECTO SJ"},"content":{"rendered":"<p>ElecTo SJ es el contador de chorro \u00fanico que ofrece la comunicaci\u00f3n de datos integrada gracias a su innovador sistema de relojer\u00eda electr\u00f3nico radio multiprotocolo. Esta variante est\u00e1 dise\u00f1ada para aplicaciones residenciales tanto interiores como exteriores y est\u00e1 disponible para agua fr\u00eda y caliente. La pantalla LCD simplifica la lectura de los datos y proporciona informaci\u00f3n adicional a los usuarios y operadores. Gracias a la doble comunicaci\u00f3n wM-Bus y LoRaWan, ofrece la m\u00e1xima flexibilidad en la comunicaci\u00f3n de datos a corta y larga distancia con la posibilidad de lectura con sistemas m\u00f3viles y fijos.<\/p>\n","protected":false},"excerpt":{"rendered":"<p>CONTADOR ELECTR\u00d3NICO MULTIPROTOCOLO DE CHORRO \u00daNICO<\/p>\n","protected":false},"featured_media":29003,"menu_order":3,"template":"","meta":{"_acf_changed":false,"_lmt_disableupdate":"no","_lmt_disable":""},"product_category":[75],"class_list":["post-29011","product","type-product","status-publish","has-post-thumbnail","hentry","product_category-electo-es"],"acf":[],"yoast_head":"<!-- This site is optimized with the Yoast SEO plugin v27.5 - https:\/\/yoast.com\/product\/yoast-seo-wordpress\/ -->\n<title>ELECTO SJ - CONTADOR ELECTR\u00d3NICO MULTIPROTOCOLO DE CHORRO \u00daNICO<\/title>\n<meta name=\"description\" content=\"ElecTo SJ es el contador de chorro \u00fanico que ofrece la comunicaci\u00f3n de datos integrada gracias a su innovador sistema de relojer\u00eda electr\u00f3nico radio multipr\" \/>\n<meta name=\"robots\" content=\"index, follow, max-snippet:-1, max-image-preview:large, max-video-preview:-1\" \/>\n<link rel=\"canonical\" href=\"https:\/\/www.maddalena.it\/es\/producto\/electo-sj-2\/\" \/>\n<meta property=\"og:locale\" content=\"es_ES\" \/>\n<meta property=\"og:type\" content=\"article\" \/>\n<meta property=\"og:title\" content=\"ELECTO SJ - CONTADOR ELECTR\u00d3NICO MULTIPROTOCOLO DE CHORRO \u00daNICO\" \/>\n<meta property=\"og:description\" content=\"ElecTo SJ es el contador de chorro \u00fanico que ofrece la comunicaci\u00f3n de datos integrada gracias a su innovador sistema de relojer\u00eda electr\u00f3nico radio multipr\" \/>\n<meta property=\"og:url\" content=\"https:\/\/www.maddalena.it\/es\/producto\/electo-sj-2\/\" \/>\n<meta property=\"og:site_name\" content=\"Maddalena S.p.A.\" \/>\n<meta property=\"article:modified_time\" content=\"2025-07-14T13:01:15+00:00\" \/>\n<meta property=\"og:image\" content=\"https:\/\/www.maddalena.it\/wp-content\/uploads\/catalog-image\/electo-sj-multi-3q.png\" \/>\n\t<meta property=\"og:image:width\" content=\"1600\" \/>\n\t<meta property=\"og:image:height\" content=\"1600\" \/>\n\t<meta property=\"og:image:type\" content=\"image\/png\" \/>\n<meta name=\"twitter:card\" content=\"summary_large_image\" \/>\n<meta name=\"twitter:label1\" content=\"Tiempo de lectura\" \/>\n\t<meta name=\"twitter:data1\" content=\"1 minuto\" \/>\n<script type=\"application\/ld+json\" class=\"yoast-schema-graph\">{\"@context\":\"https:\\\/\\\/schema.org\",\"@graph\":[{\"@type\":\"WebPage\",\"@id\":\"https:\\\/\\\/www.maddalena.it\\\/es\\\/producto\\\/electo-sj-2\\\/\",\"url\":\"https:\\\/\\\/www.maddalena.it\\\/es\\\/producto\\\/electo-sj-2\\\/\",\"name\":\"ELECTO SJ - CONTADOR ELECTR\u00d3NICO MULTIPROTOCOLO DE CHORRO \u00daNICO\",\"isPartOf\":{\"@id\":\"https:\\\/\\\/www.maddalena.it\\\/es\\\/#website\"},\"primaryImageOfPage\":{\"@id\":\"https:\\\/\\\/www.maddalena.it\\\/es\\\/producto\\\/electo-sj-2\\\/#primaryimage\"},\"image\":{\"@id\":\"https:\\\/\\\/www.maddalena.it\\\/es\\\/producto\\\/electo-sj-2\\\/#primaryimage\"},\"thumbnailUrl\":\"https:\\\/\\\/www.maddalena.it\\\/wp-content\\\/uploads\\\/catalog-image\\\/electo-sj-multi-3q.png\",\"datePublished\":\"2024-05-30T06:05:40+00:00\",\"dateModified\":\"2025-07-14T13:01:15+00:00\",\"description\":\"ElecTo SJ es el contador de chorro \u00fanico que ofrece la comunicaci\u00f3n de datos integrada gracias a su innovador sistema de relojer\u00eda electr\u00f3nico radio multipr\",\"breadcrumb\":{\"@id\":\"https:\\\/\\\/www.maddalena.it\\\/es\\\/producto\\\/electo-sj-2\\\/#breadcrumb\"},\"inLanguage\":\"es\",\"potentialAction\":[{\"@type\":\"ReadAction\",\"target\":[\"https:\\\/\\\/www.maddalena.it\\\/es\\\/producto\\\/electo-sj-2\\\/\"]}]},{\"@type\":\"ImageObject\",\"inLanguage\":\"es\",\"@id\":\"https:\\\/\\\/www.maddalena.it\\\/es\\\/producto\\\/electo-sj-2\\\/#primaryimage\",\"url\":\"https:\\\/\\\/www.maddalena.it\\\/wp-content\\\/uploads\\\/catalog-image\\\/electo-sj-multi-3q.png\",\"contentUrl\":\"https:\\\/\\\/www.maddalena.it\\\/wp-content\\\/uploads\\\/catalog-image\\\/electo-sj-multi-3q.png\",\"width\":1600,\"height\":1600,\"caption\":\"ElecTo\"},{\"@type\":\"BreadcrumbList\",\"@id\":\"https:\\\/\\\/www.maddalena.it\\\/es\\\/producto\\\/electo-sj-2\\\/#breadcrumb\",\"itemListElement\":[{\"@type\":\"ListItem\",\"position\":1,\"name\":\"Home\",\"item\":\"https:\\\/\\\/www.maddalena.it\\\/es\\\/\"},{\"@type\":\"ListItem\",\"position\":2,\"name\":\"Productos\",\"item\":\"https:\\\/\\\/www.maddalena.it\\\/es\\\/producto\\\/\"},{\"@type\":\"ListItem\",\"position\":3,\"name\":\"Agua\",\"item\":\"https:\\\/\\\/www.maddalena.it\\\/es\\\/productos\\\/contadores-agua\\\/\"},{\"@type\":\"ListItem\",\"position\":4,\"name\":\"ElecTo\",\"item\":\"https:\\\/\\\/www.maddalena.it\\\/es\\\/productos\\\/electo-es\\\/\"},{\"@type\":\"ListItem\",\"position\":5,\"name\":\"ELECTO SJ\"}]},{\"@type\":\"WebSite\",\"@id\":\"https:\\\/\\\/www.maddalena.it\\\/es\\\/#website\",\"url\":\"https:\\\/\\\/www.maddalena.it\\\/es\\\/\",\"name\":\"Maddalena S.p.A.\",\"description\":\"Metering Expertise\",\"publisher\":{\"@id\":\"https:\\\/\\\/www.maddalena.it\\\/es\\\/#organization\"},\"potentialAction\":[{\"@type\":\"SearchAction\",\"target\":{\"@type\":\"EntryPoint\",\"urlTemplate\":\"https:\\\/\\\/www.maddalena.it\\\/es\\\/?s={search_term_string}\"},\"query-input\":{\"@type\":\"PropertyValueSpecification\",\"valueRequired\":true,\"valueName\":\"search_term_string\"}}],\"inLanguage\":\"es\"},{\"@type\":\"Organization\",\"@id\":\"https:\\\/\\\/www.maddalena.it\\\/es\\\/#organization\",\"name\":\"Maddalena S.p.A.\",\"url\":\"https:\\\/\\\/www.maddalena.it\\\/es\\\/\",\"logo\":{\"@type\":\"ImageObject\",\"inLanguage\":\"es\",\"@id\":\"https:\\\/\\\/www.maddalena.it\\\/es\\\/#\\\/schema\\\/logo\\\/image\\\/\",\"url\":\"https:\\\/\\\/www.maddalena.it\\\/wp-content\\\/uploads\\\/2022\\\/04\\\/logo.svg\",\"contentUrl\":\"https:\\\/\\\/www.maddalena.it\\\/wp-content\\\/uploads\\\/2022\\\/04\\\/logo.svg\",\"caption\":\"Maddalena S.p.A.\"},\"image\":{\"@id\":\"https:\\\/\\\/www.maddalena.it\\\/es\\\/#\\\/schema\\\/logo\\\/image\\\/\"}}]}<\/script>\n<!-- \/ Yoast SEO plugin. -->","yoast_head_json":{"title":"ELECTO SJ - CONTADOR ELECTR\u00d3NICO MULTIPROTOCOLO DE CHORRO \u00daNICO","description":"ElecTo SJ es el contador de chorro \u00fanico que ofrece la comunicaci\u00f3n de datos integrada gracias a su innovador sistema de relojer\u00eda electr\u00f3nico radio multipr","robots":{"index":"index","follow":"follow","max-snippet":"max-snippet:-1","max-image-preview":"max-image-preview:large","max-video-preview":"max-video-preview:-1"},"canonical":"https:\/\/www.maddalena.it\/es\/producto\/electo-sj-2\/","og_locale":"es_ES","og_type":"article","og_title":"ELECTO SJ - CONTADOR ELECTR\u00d3NICO MULTIPROTOCOLO DE CHORRO \u00daNICO","og_description":"ElecTo SJ es el contador de chorro \u00fanico que ofrece la comunicaci\u00f3n de datos integrada gracias a su innovador sistema de relojer\u00eda electr\u00f3nico radio multipr","og_url":"https:\/\/www.maddalena.it\/es\/producto\/electo-sj-2\/","og_site_name":"Maddalena S.p.A.","article_modified_time":"2025-07-14T13:01:15+00:00","og_image":[{"width":1600,"height":1600,"url":"https:\/\/www.maddalena.it\/wp-content\/uploads\/catalog-image\/electo-sj-multi-3q.png","type":"image\/png"}],"twitter_card":"summary_large_image","twitter_misc":{"Tiempo de lectura":"1 minuto"},"schema":{"@context":"https:\/\/schema.org","@graph":[{"@type":"WebPage","@id":"https:\/\/www.maddalena.it\/es\/producto\/electo-sj-2\/","url":"https:\/\/www.maddalena.it\/es\/producto\/electo-sj-2\/","name":"ELECTO SJ - CONTADOR ELECTR\u00d3NICO MULTIPROTOCOLO DE CHORRO \u00daNICO","isPartOf":{"@id":"https:\/\/www.maddalena.it\/es\/#website"},"primaryImageOfPage":{"@id":"https:\/\/www.maddalena.it\/es\/producto\/electo-sj-2\/#primaryimage"},"image":{"@id":"https:\/\/www.maddalena.it\/es\/producto\/electo-sj-2\/#primaryimage"},"thumbnailUrl":"https:\/\/www.maddalena.it\/wp-content\/uploads\/catalog-image\/electo-sj-multi-3q.png","datePublished":"2024-05-30T06:05:40+00:00","dateModified":"2025-07-14T13:01:15+00:00","description":"ElecTo SJ es el contador de chorro \u00fanico que ofrece la comunicaci\u00f3n de datos integrada gracias a su innovador sistema de relojer\u00eda electr\u00f3nico radio multipr","breadcrumb":{"@id":"https:\/\/www.maddalena.it\/es\/producto\/electo-sj-2\/#breadcrumb"},"inLanguage":"es","potentialAction":[{"@type":"ReadAction","target":["https:\/\/www.maddalena.it\/es\/producto\/electo-sj-2\/"]}]},{"@type":"ImageObject","inLanguage":"es","@id":"https:\/\/www.maddalena.it\/es\/producto\/electo-sj-2\/#primaryimage","url":"https:\/\/www.maddalena.it\/wp-content\/uploads\/catalog-image\/electo-sj-multi-3q.png","contentUrl":"https:\/\/www.maddalena.it\/wp-content\/uploads\/catalog-image\/electo-sj-multi-3q.png","width":1600,"height":1600,"caption":"ElecTo"},{"@type":"BreadcrumbList","@id":"https:\/\/www.maddalena.it\/es\/producto\/electo-sj-2\/#breadcrumb","itemListElement":[{"@type":"ListItem","position":1,"name":"Home","item":"https:\/\/www.maddalena.it\/es\/"},{"@type":"ListItem","position":2,"name":"Productos","item":"https:\/\/www.maddalena.it\/es\/producto\/"},{"@type":"ListItem","position":3,"name":"Agua","item":"https:\/\/www.maddalena.it\/es\/productos\/contadores-agua\/"},{"@type":"ListItem","position":4,"name":"ElecTo","item":"https:\/\/www.maddalena.it\/es\/productos\/electo-es\/"},{"@type":"ListItem","position":5,"name":"ELECTO SJ"}]},{"@type":"WebSite","@id":"https:\/\/www.maddalena.it\/es\/#website","url":"https:\/\/www.maddalena.it\/es\/","name":"Maddalena S.p.A.","description":"Metering Expertise","publisher":{"@id":"https:\/\/www.maddalena.it\/es\/#organization"},"potentialAction":[{"@type":"SearchAction","target":{"@type":"EntryPoint","urlTemplate":"https:\/\/www.maddalena.it\/es\/?s={search_term_string}"},"query-input":{"@type":"PropertyValueSpecification","valueRequired":true,"valueName":"search_term_string"}}],"inLanguage":"es"},{"@type":"Organization","@id":"https:\/\/www.maddalena.it\/es\/#organization","name":"Maddalena S.p.A.","url":"https:\/\/www.maddalena.it\/es\/","logo":{"@type":"ImageObject","inLanguage":"es","@id":"https:\/\/www.maddalena.it\/es\/#\/schema\/logo\/image\/","url":"https:\/\/www.maddalena.it\/wp-content\/uploads\/2022\/04\/logo.svg","contentUrl":"https:\/\/www.maddalena.it\/wp-content\/uploads\/2022\/04\/logo.svg","caption":"Maddalena S.p.A."},"image":{"@id":"https:\/\/www.maddalena.it\/es\/#\/schema\/logo\/image\/"}}]}},"_links":{"self":[{"href":"https:\/\/www.maddalena.it\/es\/wp-json\/wp\/v2\/product\/29011","targetHints":{"allow":["GET"]}}],"collection":[{"href":"https:\/\/www.maddalena.it\/es\/wp-json\/wp\/v2\/product"}],"about":[{"href":"https:\/\/www.maddalena.it\/es\/wp-json\/wp\/v2\/types\/product"}],"wp:featuredmedia":[{"embeddable":true,"href":"https:\/\/www.maddalena.it\/es\/wp-json\/wp\/v2\/media\/29003"}],"wp:attachment":[{"href":"https:\/\/www.maddalena.it\/es\/wp-json\/wp\/v2\/media?parent=29011"}],"wp:term":[{"taxonomy":"product_category","embeddable":true,"href":"https:\/\/www.maddalena.it\/es\/wp-json\/wp\/v2\/product_category?post=29011"}],"curies":[{"name":"wp","href":"https:\/\/api.w.org\/{rel}","templated":true}]}}