{"id":26987,"date":"2023-10-03T13:00:07","date_gmt":"2023-10-03T11:00:07","guid":{"rendered":"https:\/\/www.maddalena.it\/?post_type=product&#038;p=26987"},"modified":"2025-12-16T12:00:28","modified_gmt":"2025-12-16T11:00:28","slug":"mgrid","status":"publish","type":"product","link":"https:\/\/www.maddalena.it\/es\/producto\/mgrid\/","title":{"rendered":"MGRID"},"content":{"rendered":"<p>MGrid es la plataforma web IoT de Maddalena desarrollada tanto para las necesidades del gestor de agua como para la contabilizaci\u00f3n de agua y energ\u00eda t\u00e9rmica. Accesible desde cualquier navegador de Internet, ofrece funcionalidades para garantizar los ciclos de facturaci\u00f3n y apoyar el control y desarrollo de la tecnolog\u00eda de recogida de datos. MGrid permite la verificaci\u00f3n en tiempo real de cada elemento del sistema, desde el dispositivo hasta la infraestructura de red, y es un valioso apoyo en la detecci\u00f3n de fugas en la red gracias a la representaci\u00f3n cartogr\u00e1fica de la informaci\u00f3n recogida. La interfaz est\u00e1 estructurada en m\u00f3dulos con diferentes funcionalidades espec\u00edficas para la adquisici\u00f3n de datos (m\u00f3viles o fijos). Tambi\u00e9n permite la integraci\u00f3n con sistemas ERP de terceros.<\/p>\n","protected":false},"excerpt":{"rendered":"<p>SMART WATER METERING PORTAL<\/p>\n","protected":false},"featured_media":26984,"menu_order":65,"template":"","meta":{"_acf_changed":true,"_lmt_disableupdate":"no","_lmt_disable":""},"product_category":[115,119],"class_list":["post-26987","product","type-product","status-publish","has-post-thumbnail","hentry","product_category-lectura-fija","product_category-lectura-movil"],"acf":[],"yoast_head":"<!-- This site is optimized with the Yoast SEO plugin v27.5 - https:\/\/yoast.com\/product\/yoast-seo-wordpress\/ -->\n<title>MGRID - SMART WATER METERING PORTAL<\/title>\n<meta name=\"description\" content=\"MGrid es la plataforma web IoT de Maddalena desarrollada tanto para las necesidades del gestor de agua como para la contabilizaci\u00f3n de agua y energ\u00eda t\u00e9rmica\" \/>\n<meta name=\"robots\" content=\"index, follow, max-snippet:-1, max-image-preview:large, max-video-preview:-1\" \/>\n<link rel=\"canonical\" href=\"https:\/\/www.maddalena.it\/es\/producto\/mgrid\/\" \/>\n<meta property=\"og:locale\" content=\"es_ES\" \/>\n<meta property=\"og:type\" content=\"article\" \/>\n<meta property=\"og:title\" content=\"MGRID - SMART WATER METERING PORTAL\" \/>\n<meta property=\"og:description\" content=\"MGrid es la plataforma web IoT de Maddalena desarrollada tanto para las necesidades del gestor de agua como para la contabilizaci\u00f3n de agua y energ\u00eda t\u00e9rmica\" \/>\n<meta property=\"og:url\" content=\"https:\/\/www.maddalena.it\/es\/producto\/mgrid\/\" \/>\n<meta property=\"og:site_name\" content=\"Maddalena S.p.A.\" \/>\n<meta property=\"article:modified_time\" content=\"2025-12-16T11:00:28+00:00\" \/>\n<meta property=\"og:image\" content=\"https:\/\/www.maddalena.it\/wp-content\/uploads\/catalog-image\/mgrid.png\" \/>\n\t<meta property=\"og:image:width\" content=\"511\" \/>\n\t<meta property=\"og:image:height\" content=\"506\" \/>\n\t<meta property=\"og:image:type\" content=\"image\/png\" \/>\n<meta name=\"twitter:card\" content=\"summary_large_image\" \/>\n<meta name=\"twitter:label1\" content=\"Tiempo de lectura\" \/>\n\t<meta name=\"twitter:data1\" content=\"1 minuto\" \/>\n<script type=\"application\/ld+json\" class=\"yoast-schema-graph\">{\"@context\":\"https:\\\/\\\/schema.org\",\"@graph\":[{\"@type\":\"WebPage\",\"@id\":\"https:\\\/\\\/www.maddalena.it\\\/es\\\/producto\\\/mgrid\\\/\",\"url\":\"https:\\\/\\\/www.maddalena.it\\\/es\\\/producto\\\/mgrid\\\/\",\"name\":\"MGRID - SMART WATER METERING PORTAL\",\"isPartOf\":{\"@id\":\"https:\\\/\\\/www.maddalena.it\\\/es\\\/#website\"},\"primaryImageOfPage\":{\"@id\":\"https:\\\/\\\/www.maddalena.it\\\/es\\\/producto\\\/mgrid\\\/#primaryimage\"},\"image\":{\"@id\":\"https:\\\/\\\/www.maddalena.it\\\/es\\\/producto\\\/mgrid\\\/#primaryimage\"},\"thumbnailUrl\":\"https:\\\/\\\/www.maddalena.it\\\/wp-content\\\/uploads\\\/catalog-image\\\/mgrid.png\",\"datePublished\":\"2023-10-03T11:00:07+00:00\",\"dateModified\":\"2025-12-16T11:00:28+00:00\",\"description\":\"MGrid es la plataforma web IoT de Maddalena desarrollada tanto para las necesidades del gestor de agua como para la contabilizaci\u00f3n de agua y energ\u00eda t\u00e9rmica\",\"breadcrumb\":{\"@id\":\"https:\\\/\\\/www.maddalena.it\\\/es\\\/producto\\\/mgrid\\\/#breadcrumb\"},\"inLanguage\":\"es\",\"potentialAction\":[{\"@type\":\"ReadAction\",\"target\":[\"https:\\\/\\\/www.maddalena.it\\\/es\\\/producto\\\/mgrid\\\/\"]}]},{\"@type\":\"ImageObject\",\"inLanguage\":\"es\",\"@id\":\"https:\\\/\\\/www.maddalena.it\\\/es\\\/producto\\\/mgrid\\\/#primaryimage\",\"url\":\"https:\\\/\\\/www.maddalena.it\\\/wp-content\\\/uploads\\\/catalog-image\\\/mgrid.png\",\"contentUrl\":\"https:\\\/\\\/www.maddalena.it\\\/wp-content\\\/uploads\\\/catalog-image\\\/mgrid.png\",\"width\":511,\"height\":506,\"caption\":\"Lettura mobile,Lettura fissa\"},{\"@type\":\"BreadcrumbList\",\"@id\":\"https:\\\/\\\/www.maddalena.it\\\/es\\\/producto\\\/mgrid\\\/#breadcrumb\",\"itemListElement\":[{\"@type\":\"ListItem\",\"position\":1,\"name\":\"Home\",\"item\":\"https:\\\/\\\/www.maddalena.it\\\/es\\\/\"},{\"@type\":\"ListItem\",\"position\":2,\"name\":\"Productos\",\"item\":\"https:\\\/\\\/www.maddalena.it\\\/es\\\/producto\\\/\"},{\"@type\":\"ListItem\",\"position\":3,\"name\":\"Sistemas\",\"item\":\"https:\\\/\\\/www.maddalena.it\\\/es\\\/productos\\\/sistemas\\\/\"},{\"@type\":\"ListItem\",\"position\":4,\"name\":\"Lectura fija\",\"item\":\"https:\\\/\\\/www.maddalena.it\\\/es\\\/productos\\\/lectura-fija\\\/\"},{\"@type\":\"ListItem\",\"position\":5,\"name\":\"MGRID\"}]},{\"@type\":\"WebSite\",\"@id\":\"https:\\\/\\\/www.maddalena.it\\\/es\\\/#website\",\"url\":\"https:\\\/\\\/www.maddalena.it\\\/es\\\/\",\"name\":\"Maddalena S.p.A.\",\"description\":\"Metering Expertise\",\"publisher\":{\"@id\":\"https:\\\/\\\/www.maddalena.it\\\/es\\\/#organization\"},\"potentialAction\":[{\"@type\":\"SearchAction\",\"target\":{\"@type\":\"EntryPoint\",\"urlTemplate\":\"https:\\\/\\\/www.maddalena.it\\\/es\\\/?s={search_term_string}\"},\"query-input\":{\"@type\":\"PropertyValueSpecification\",\"valueRequired\":true,\"valueName\":\"search_term_string\"}}],\"inLanguage\":\"es\"},{\"@type\":\"Organization\",\"@id\":\"https:\\\/\\\/www.maddalena.it\\\/es\\\/#organization\",\"name\":\"Maddalena S.p.A.\",\"url\":\"https:\\\/\\\/www.maddalena.it\\\/es\\\/\",\"logo\":{\"@type\":\"ImageObject\",\"inLanguage\":\"es\",\"@id\":\"https:\\\/\\\/www.maddalena.it\\\/es\\\/#\\\/schema\\\/logo\\\/image\\\/\",\"url\":\"https:\\\/\\\/www.maddalena.it\\\/wp-content\\\/uploads\\\/2022\\\/04\\\/logo.svg\",\"contentUrl\":\"https:\\\/\\\/www.maddalena.it\\\/wp-content\\\/uploads\\\/2022\\\/04\\\/logo.svg\",\"caption\":\"Maddalena S.p.A.\"},\"image\":{\"@id\":\"https:\\\/\\\/www.maddalena.it\\\/es\\\/#\\\/schema\\\/logo\\\/image\\\/\"}}]}<\/script>\n<!-- \/ Yoast SEO plugin. -->","yoast_head_json":{"title":"MGRID - SMART WATER METERING PORTAL","description":"MGrid es la plataforma web IoT de Maddalena desarrollada tanto para las necesidades del gestor de agua como para la contabilizaci\u00f3n de agua y energ\u00eda t\u00e9rmica","robots":{"index":"index","follow":"follow","max-snippet":"max-snippet:-1","max-image-preview":"max-image-preview:large","max-video-preview":"max-video-preview:-1"},"canonical":"https:\/\/www.maddalena.it\/es\/producto\/mgrid\/","og_locale":"es_ES","og_type":"article","og_title":"MGRID - SMART WATER METERING PORTAL","og_description":"MGrid es la plataforma web IoT de Maddalena desarrollada tanto para las necesidades del gestor de agua como para la contabilizaci\u00f3n de agua y energ\u00eda t\u00e9rmica","og_url":"https:\/\/www.maddalena.it\/es\/producto\/mgrid\/","og_site_name":"Maddalena S.p.A.","article_modified_time":"2025-12-16T11:00:28+00:00","og_image":[{"width":511,"height":506,"url":"https:\/\/www.maddalena.it\/wp-content\/uploads\/catalog-image\/mgrid.png","type":"image\/png"}],"twitter_card":"summary_large_image","twitter_misc":{"Tiempo de lectura":"1 minuto"},"schema":{"@context":"https:\/\/schema.org","@graph":[{"@type":"WebPage","@id":"https:\/\/www.maddalena.it\/es\/producto\/mgrid\/","url":"https:\/\/www.maddalena.it\/es\/producto\/mgrid\/","name":"MGRID - SMART WATER METERING PORTAL","isPartOf":{"@id":"https:\/\/www.maddalena.it\/es\/#website"},"primaryImageOfPage":{"@id":"https:\/\/www.maddalena.it\/es\/producto\/mgrid\/#primaryimage"},"image":{"@id":"https:\/\/www.maddalena.it\/es\/producto\/mgrid\/#primaryimage"},"thumbnailUrl":"https:\/\/www.maddalena.it\/wp-content\/uploads\/catalog-image\/mgrid.png","datePublished":"2023-10-03T11:00:07+00:00","dateModified":"2025-12-16T11:00:28+00:00","description":"MGrid es la plataforma web IoT de Maddalena desarrollada tanto para las necesidades del gestor de agua como para la contabilizaci\u00f3n de agua y energ\u00eda t\u00e9rmica","breadcrumb":{"@id":"https:\/\/www.maddalena.it\/es\/producto\/mgrid\/#breadcrumb"},"inLanguage":"es","potentialAction":[{"@type":"ReadAction","target":["https:\/\/www.maddalena.it\/es\/producto\/mgrid\/"]}]},{"@type":"ImageObject","inLanguage":"es","@id":"https:\/\/www.maddalena.it\/es\/producto\/mgrid\/#primaryimage","url":"https:\/\/www.maddalena.it\/wp-content\/uploads\/catalog-image\/mgrid.png","contentUrl":"https:\/\/www.maddalena.it\/wp-content\/uploads\/catalog-image\/mgrid.png","width":511,"height":506,"caption":"Lettura mobile,Lettura fissa"},{"@type":"BreadcrumbList","@id":"https:\/\/www.maddalena.it\/es\/producto\/mgrid\/#breadcrumb","itemListElement":[{"@type":"ListItem","position":1,"name":"Home","item":"https:\/\/www.maddalena.it\/es\/"},{"@type":"ListItem","position":2,"name":"Productos","item":"https:\/\/www.maddalena.it\/es\/producto\/"},{"@type":"ListItem","position":3,"name":"Sistemas","item":"https:\/\/www.maddalena.it\/es\/productos\/sistemas\/"},{"@type":"ListItem","position":4,"name":"Lectura fija","item":"https:\/\/www.maddalena.it\/es\/productos\/lectura-fija\/"},{"@type":"ListItem","position":5,"name":"MGRID"}]},{"@type":"WebSite","@id":"https:\/\/www.maddalena.it\/es\/#website","url":"https:\/\/www.maddalena.it\/es\/","name":"Maddalena S.p.A.","description":"Metering Expertise","publisher":{"@id":"https:\/\/www.maddalena.it\/es\/#organization"},"potentialAction":[{"@type":"SearchAction","target":{"@type":"EntryPoint","urlTemplate":"https:\/\/www.maddalena.it\/es\/?s={search_term_string}"},"query-input":{"@type":"PropertyValueSpecification","valueRequired":true,"valueName":"search_term_string"}}],"inLanguage":"es"},{"@type":"Organization","@id":"https:\/\/www.maddalena.it\/es\/#organization","name":"Maddalena S.p.A.","url":"https:\/\/www.maddalena.it\/es\/","logo":{"@type":"ImageObject","inLanguage":"es","@id":"https:\/\/www.maddalena.it\/es\/#\/schema\/logo\/image\/","url":"https:\/\/www.maddalena.it\/wp-content\/uploads\/2022\/04\/logo.svg","contentUrl":"https:\/\/www.maddalena.it\/wp-content\/uploads\/2022\/04\/logo.svg","caption":"Maddalena S.p.A."},"image":{"@id":"https:\/\/www.maddalena.it\/es\/#\/schema\/logo\/image\/"}}]}},"_links":{"self":[{"href":"https:\/\/www.maddalena.it\/es\/wp-json\/wp\/v2\/product\/26987","targetHints":{"allow":["GET"]}}],"collection":[{"href":"https:\/\/www.maddalena.it\/es\/wp-json\/wp\/v2\/product"}],"about":[{"href":"https:\/\/www.maddalena.it\/es\/wp-json\/wp\/v2\/types\/product"}],"wp:featuredmedia":[{"embeddable":true,"href":"https:\/\/www.maddalena.it\/es\/wp-json\/wp\/v2\/media\/26984"}],"wp:attachment":[{"href":"https:\/\/www.maddalena.it\/es\/wp-json\/wp\/v2\/media?parent=26987"}],"wp:term":[{"taxonomy":"product_category","embeddable":true,"href":"https:\/\/www.maddalena.it\/es\/wp-json\/wp\/v2\/product_category?post=26987"}],"curies":[{"name":"wp","href":"https:\/\/api.w.org\/{rel}","templated":true}]}}