{"id":18561,"date":"2022-08-03T14:29:09","date_gmt":"2022-08-03T12:29:09","guid":{"rendered":"http:\/\/www.maddalena.it\/?post_type=product&#038;p=18561"},"modified":"2025-10-06T18:03:26","modified_gmt":"2025-10-06T16:03:26","slug":"flowpulse","status":"publish","type":"product","link":"https:\/\/www.maddalena.it\/es\/producto\/flowpulse\/","title":{"rendered":"FLOWPULSE"},"content":{"rendered":"<p>M\u00f3dulo lanzaimpulsos est\u00e1tico con salida NPN de colector abierto. Equipado con un sensor electr\u00f3nico inductivo, puede instalarse a posteriori en los contadores preparados permitiendo la comunicaci\u00f3n con m\u00f3dulos de radio independientes.<\/p>\n","protected":false},"excerpt":{"rendered":"<p>EMISOR DE IMPULSOS INDUCTIVO<\/p>\n","protected":false},"featured_media":1386,"menu_order":29,"template":"","meta":{"_acf_changed":false,"_lmt_disableupdate":"","_lmt_disable":""},"product_category":[99],"class_list":["post-18561","product","type-product","status-publish","has-post-thumbnail","hentry","product_category-modulos-de-comunication-cable"],"acf":[],"yoast_head":"<!-- This site is optimized with the Yoast SEO plugin v27.4 - https:\/\/yoast.com\/product\/yoast-seo-wordpress\/ -->\n<title>FLOWPULSE - EMISOR DE IMPULSOS INDUCTIVO<\/title>\n<meta name=\"description\" content=\"M\u00f3dulo lanzaimpulsos est\u00e1tico con salida NPN de colector abierto. Equipado con un sensor electr\u00f3nico inductivo, puede instalarse a posteriori en los contador\" \/>\n<meta name=\"robots\" content=\"index, follow, max-snippet:-1, max-image-preview:large, max-video-preview:-1\" \/>\n<link rel=\"canonical\" href=\"https:\/\/www.maddalena.it\/es\/producto\/flowpulse\/\" \/>\n<meta property=\"og:locale\" content=\"es_ES\" \/>\n<meta property=\"og:type\" content=\"article\" \/>\n<meta property=\"og:title\" content=\"FLOWPULSE - EMISOR DE IMPULSOS INDUCTIVO\" \/>\n<meta property=\"og:description\" content=\"M\u00f3dulo lanzaimpulsos est\u00e1tico con salida NPN de colector abierto. Equipado con un sensor electr\u00f3nico inductivo, puede instalarse a posteriori en los contador\" \/>\n<meta property=\"og:url\" content=\"https:\/\/www.maddalena.it\/es\/producto\/flowpulse\/\" \/>\n<meta property=\"og:site_name\" content=\"Maddalena S.p.A.\" \/>\n<meta property=\"article:modified_time\" content=\"2025-10-06T16:03:26+00:00\" \/>\n<meta property=\"og:image\" content=\"https:\/\/www.maddalena.it\/wp-content\/uploads\/catalog-image\/schermata-2022-04-06-alle-09-16-12.png\" \/>\n\t<meta property=\"og:image:width\" content=\"1600\" \/>\n\t<meta property=\"og:image:height\" content=\"1319\" \/>\n\t<meta property=\"og:image:type\" content=\"image\/png\" \/>\n<meta name=\"twitter:card\" content=\"summary_large_image\" \/>\n<script type=\"application\/ld+json\" class=\"yoast-schema-graph\">{\"@context\":\"https:\\\/\\\/schema.org\",\"@graph\":[{\"@type\":\"WebPage\",\"@id\":\"https:\\\/\\\/www.maddalena.it\\\/es\\\/producto\\\/flowpulse\\\/\",\"url\":\"https:\\\/\\\/www.maddalena.it\\\/es\\\/producto\\\/flowpulse\\\/\",\"name\":\"FLOWPULSE - EMISOR DE IMPULSOS INDUCTIVO\",\"isPartOf\":{\"@id\":\"https:\\\/\\\/www.maddalena.it\\\/es\\\/#website\"},\"primaryImageOfPage\":{\"@id\":\"https:\\\/\\\/www.maddalena.it\\\/es\\\/producto\\\/flowpulse\\\/#primaryimage\"},\"image\":{\"@id\":\"https:\\\/\\\/www.maddalena.it\\\/es\\\/producto\\\/flowpulse\\\/#primaryimage\"},\"thumbnailUrl\":\"https:\\\/\\\/www.maddalena.it\\\/wp-content\\\/uploads\\\/catalog-image\\\/schermata-2022-04-06-alle-09-16-12.png\",\"datePublished\":\"2022-08-03T12:29:09+00:00\",\"dateModified\":\"2025-10-06T16:03:26+00:00\",\"description\":\"M\u00f3dulo lanzaimpulsos est\u00e1tico con salida NPN de colector abierto. Equipado con un sensor electr\u00f3nico inductivo, puede instalarse a posteriori en los contador\",\"breadcrumb\":{\"@id\":\"https:\\\/\\\/www.maddalena.it\\\/es\\\/producto\\\/flowpulse\\\/#breadcrumb\"},\"inLanguage\":\"es\",\"potentialAction\":[{\"@type\":\"ReadAction\",\"target\":[\"https:\\\/\\\/www.maddalena.it\\\/es\\\/producto\\\/flowpulse\\\/\"]}]},{\"@type\":\"ImageObject\",\"inLanguage\":\"es\",\"@id\":\"https:\\\/\\\/www.maddalena.it\\\/es\\\/producto\\\/flowpulse\\\/#primaryimage\",\"url\":\"https:\\\/\\\/www.maddalena.it\\\/wp-content\\\/uploads\\\/catalog-image\\\/schermata-2022-04-06-alle-09-16-12.png\",\"contentUrl\":\"https:\\\/\\\/www.maddalena.it\\\/wp-content\\\/uploads\\\/catalog-image\\\/schermata-2022-04-06-alle-09-16-12.png\",\"width\":1600,\"height\":1319,\"caption\":\"Cavo\"},{\"@type\":\"BreadcrumbList\",\"@id\":\"https:\\\/\\\/www.maddalena.it\\\/es\\\/producto\\\/flowpulse\\\/#breadcrumb\",\"itemListElement\":[{\"@type\":\"ListItem\",\"position\":1,\"name\":\"Home\",\"item\":\"https:\\\/\\\/www.maddalena.it\\\/es\\\/\"},{\"@type\":\"ListItem\",\"position\":2,\"name\":\"Productos\",\"item\":\"https:\\\/\\\/www.maddalena.it\\\/es\\\/producto\\\/\"},{\"@type\":\"ListItem\",\"position\":3,\"name\":\"M\u00f3dulos de comunicaci\u00f3n\",\"item\":\"https:\\\/\\\/www.maddalena.it\\\/es\\\/productos\\\/modulos-de-comunicacion\\\/\"},{\"@type\":\"ListItem\",\"position\":4,\"name\":\"Cable\",\"item\":\"https:\\\/\\\/www.maddalena.it\\\/es\\\/productos\\\/modulos-de-comunication-cable\\\/\"},{\"@type\":\"ListItem\",\"position\":5,\"name\":\"FLOWPULSE\"}]},{\"@type\":\"WebSite\",\"@id\":\"https:\\\/\\\/www.maddalena.it\\\/es\\\/#website\",\"url\":\"https:\\\/\\\/www.maddalena.it\\\/es\\\/\",\"name\":\"Maddalena S.p.A.\",\"description\":\"Metering Expertise\",\"publisher\":{\"@id\":\"https:\\\/\\\/www.maddalena.it\\\/es\\\/#organization\"},\"potentialAction\":[{\"@type\":\"SearchAction\",\"target\":{\"@type\":\"EntryPoint\",\"urlTemplate\":\"https:\\\/\\\/www.maddalena.it\\\/es\\\/?s={search_term_string}\"},\"query-input\":{\"@type\":\"PropertyValueSpecification\",\"valueRequired\":true,\"valueName\":\"search_term_string\"}}],\"inLanguage\":\"es\"},{\"@type\":\"Organization\",\"@id\":\"https:\\\/\\\/www.maddalena.it\\\/es\\\/#organization\",\"name\":\"Maddalena S.p.A.\",\"url\":\"https:\\\/\\\/www.maddalena.it\\\/es\\\/\",\"logo\":{\"@type\":\"ImageObject\",\"inLanguage\":\"es\",\"@id\":\"https:\\\/\\\/www.maddalena.it\\\/es\\\/#\\\/schema\\\/logo\\\/image\\\/\",\"url\":\"https:\\\/\\\/www.maddalena.it\\\/wp-content\\\/uploads\\\/2022\\\/04\\\/logo.svg\",\"contentUrl\":\"https:\\\/\\\/www.maddalena.it\\\/wp-content\\\/uploads\\\/2022\\\/04\\\/logo.svg\",\"caption\":\"Maddalena S.p.A.\"},\"image\":{\"@id\":\"https:\\\/\\\/www.maddalena.it\\\/es\\\/#\\\/schema\\\/logo\\\/image\\\/\"}}]}<\/script>\n<!-- \/ Yoast SEO plugin. -->","yoast_head_json":{"title":"FLOWPULSE - EMISOR DE IMPULSOS INDUCTIVO","description":"M\u00f3dulo lanzaimpulsos est\u00e1tico con salida NPN de colector abierto. Equipado con un sensor electr\u00f3nico inductivo, puede instalarse a posteriori en los contador","robots":{"index":"index","follow":"follow","max-snippet":"max-snippet:-1","max-image-preview":"max-image-preview:large","max-video-preview":"max-video-preview:-1"},"canonical":"https:\/\/www.maddalena.it\/es\/producto\/flowpulse\/","og_locale":"es_ES","og_type":"article","og_title":"FLOWPULSE - EMISOR DE IMPULSOS INDUCTIVO","og_description":"M\u00f3dulo lanzaimpulsos est\u00e1tico con salida NPN de colector abierto. Equipado con un sensor electr\u00f3nico inductivo, puede instalarse a posteriori en los contador","og_url":"https:\/\/www.maddalena.it\/es\/producto\/flowpulse\/","og_site_name":"Maddalena S.p.A.","article_modified_time":"2025-10-06T16:03:26+00:00","og_image":[{"width":1600,"height":1319,"url":"https:\/\/www.maddalena.it\/wp-content\/uploads\/catalog-image\/schermata-2022-04-06-alle-09-16-12.png","type":"image\/png"}],"twitter_card":"summary_large_image","schema":{"@context":"https:\/\/schema.org","@graph":[{"@type":"WebPage","@id":"https:\/\/www.maddalena.it\/es\/producto\/flowpulse\/","url":"https:\/\/www.maddalena.it\/es\/producto\/flowpulse\/","name":"FLOWPULSE - EMISOR DE IMPULSOS INDUCTIVO","isPartOf":{"@id":"https:\/\/www.maddalena.it\/es\/#website"},"primaryImageOfPage":{"@id":"https:\/\/www.maddalena.it\/es\/producto\/flowpulse\/#primaryimage"},"image":{"@id":"https:\/\/www.maddalena.it\/es\/producto\/flowpulse\/#primaryimage"},"thumbnailUrl":"https:\/\/www.maddalena.it\/wp-content\/uploads\/catalog-image\/schermata-2022-04-06-alle-09-16-12.png","datePublished":"2022-08-03T12:29:09+00:00","dateModified":"2025-10-06T16:03:26+00:00","description":"M\u00f3dulo lanzaimpulsos est\u00e1tico con salida NPN de colector abierto. Equipado con un sensor electr\u00f3nico inductivo, puede instalarse a posteriori en los contador","breadcrumb":{"@id":"https:\/\/www.maddalena.it\/es\/producto\/flowpulse\/#breadcrumb"},"inLanguage":"es","potentialAction":[{"@type":"ReadAction","target":["https:\/\/www.maddalena.it\/es\/producto\/flowpulse\/"]}]},{"@type":"ImageObject","inLanguage":"es","@id":"https:\/\/www.maddalena.it\/es\/producto\/flowpulse\/#primaryimage","url":"https:\/\/www.maddalena.it\/wp-content\/uploads\/catalog-image\/schermata-2022-04-06-alle-09-16-12.png","contentUrl":"https:\/\/www.maddalena.it\/wp-content\/uploads\/catalog-image\/schermata-2022-04-06-alle-09-16-12.png","width":1600,"height":1319,"caption":"Cavo"},{"@type":"BreadcrumbList","@id":"https:\/\/www.maddalena.it\/es\/producto\/flowpulse\/#breadcrumb","itemListElement":[{"@type":"ListItem","position":1,"name":"Home","item":"https:\/\/www.maddalena.it\/es\/"},{"@type":"ListItem","position":2,"name":"Productos","item":"https:\/\/www.maddalena.it\/es\/producto\/"},{"@type":"ListItem","position":3,"name":"M\u00f3dulos de comunicaci\u00f3n","item":"https:\/\/www.maddalena.it\/es\/productos\/modulos-de-comunicacion\/"},{"@type":"ListItem","position":4,"name":"Cable","item":"https:\/\/www.maddalena.it\/es\/productos\/modulos-de-comunication-cable\/"},{"@type":"ListItem","position":5,"name":"FLOWPULSE"}]},{"@type":"WebSite","@id":"https:\/\/www.maddalena.it\/es\/#website","url":"https:\/\/www.maddalena.it\/es\/","name":"Maddalena S.p.A.","description":"Metering Expertise","publisher":{"@id":"https:\/\/www.maddalena.it\/es\/#organization"},"potentialAction":[{"@type":"SearchAction","target":{"@type":"EntryPoint","urlTemplate":"https:\/\/www.maddalena.it\/es\/?s={search_term_string}"},"query-input":{"@type":"PropertyValueSpecification","valueRequired":true,"valueName":"search_term_string"}}],"inLanguage":"es"},{"@type":"Organization","@id":"https:\/\/www.maddalena.it\/es\/#organization","name":"Maddalena S.p.A.","url":"https:\/\/www.maddalena.it\/es\/","logo":{"@type":"ImageObject","inLanguage":"es","@id":"https:\/\/www.maddalena.it\/es\/#\/schema\/logo\/image\/","url":"https:\/\/www.maddalena.it\/wp-content\/uploads\/2022\/04\/logo.svg","contentUrl":"https:\/\/www.maddalena.it\/wp-content\/uploads\/2022\/04\/logo.svg","caption":"Maddalena S.p.A."},"image":{"@id":"https:\/\/www.maddalena.it\/es\/#\/schema\/logo\/image\/"}}]}},"_links":{"self":[{"href":"https:\/\/www.maddalena.it\/es\/wp-json\/wp\/v2\/product\/18561","targetHints":{"allow":["GET"]}}],"collection":[{"href":"https:\/\/www.maddalena.it\/es\/wp-json\/wp\/v2\/product"}],"about":[{"href":"https:\/\/www.maddalena.it\/es\/wp-json\/wp\/v2\/types\/product"}],"wp:featuredmedia":[{"embeddable":true,"href":"https:\/\/www.maddalena.it\/es\/wp-json\/wp\/v2\/media\/1386"}],"wp:attachment":[{"href":"https:\/\/www.maddalena.it\/es\/wp-json\/wp\/v2\/media?parent=18561"}],"wp:term":[{"taxonomy":"product_category","embeddable":true,"href":"https:\/\/www.maddalena.it\/es\/wp-json\/wp\/v2\/product_category?post=18561"}],"curies":[{"name":"wp","href":"https:\/\/api.w.org\/{rel}","templated":true}]}}