{"id":18508,"date":"2022-08-03T14:29:14","date_gmt":"2022-08-03T12:29:14","guid":{"rendered":"http:\/\/www.maddalena.it\/?post_type=product&#038;p=18508"},"modified":"2024-09-11T09:00:17","modified_gmt":"2024-09-11T07:00:17","slug":"smart-kit-datalogger","status":"publish","type":"product","link":"https:\/\/www.maddalena.it\/es\/producto\/smart-kit-datalogger\/","title":{"rendered":"SMART KIT &#8211; DATALOGGER"},"content":{"rendered":"<p>Registrador de datos RTU EVO con fuente de alimentaci\u00f3n externa para contadores M-Bus y wM-Bus de 868 MHz. Permite la lectura autom\u00e1tica y peri\u00f3dica de los dispositivos conectados por cable (sin convertidor de nivel M-Bus dedicado, hasta un m\u00e1ximo de 20 dispositivos). Necesita un convertidor de nivel de radio para la conexi\u00f3n wM-Bus. Los datos pueden leerse localmente o transmitirse a distancia.<\/p>\n","protected":false},"excerpt":{"rendered":"<p>REGISTRADOR DE DATOS M-BUS \/ wM-BUS<\/p>\n","protected":false},"featured_media":2152,"menu_order":48,"template":"","meta":{"_acf_changed":false,"_lmt_disableupdate":"","_lmt_disable":""},"product_category":[115],"class_list":["post-18508","product","type-product","status-publish","has-post-thumbnail","hentry","product_category-lectura-fija"],"acf":[],"yoast_head":"<!-- This site is optimized with the Yoast SEO plugin v27.5 - https:\/\/yoast.com\/product\/yoast-seo-wordpress\/ -->\n<title>SMART KIT - DATALOGGER - REGISTRADOR DE DATOS M-BUS \/ wM-BUS<\/title>\n<meta name=\"description\" content=\"Registrador de datos RTU EVO con fuente de alimentaci\u00f3n externa para contadores M-Bus y wM-Bus de 868 MHz. Permite la lectura autom\u00e1tica y peri\u00f3dica de los d\" \/>\n<meta name=\"robots\" content=\"index, follow, max-snippet:-1, max-image-preview:large, max-video-preview:-1\" \/>\n<link rel=\"canonical\" href=\"https:\/\/www.maddalena.it\/es\/producto\/smart-kit-datalogger\/\" \/>\n<meta property=\"og:locale\" content=\"es_ES\" \/>\n<meta property=\"og:type\" content=\"article\" \/>\n<meta property=\"og:title\" content=\"SMART KIT - DATALOGGER - REGISTRADOR DE DATOS M-BUS \/ wM-BUS\" \/>\n<meta property=\"og:description\" content=\"Registrador de datos RTU EVO con fuente de alimentaci\u00f3n externa para contadores M-Bus y wM-Bus de 868 MHz. Permite la lectura autom\u00e1tica y peri\u00f3dica de los d\" \/>\n<meta property=\"og:url\" content=\"https:\/\/www.maddalena.it\/es\/producto\/smart-kit-datalogger\/\" \/>\n<meta property=\"og:site_name\" content=\"Maddalena S.p.A.\" \/>\n<meta property=\"article:modified_time\" content=\"2024-09-11T07:00:17+00:00\" \/>\n<meta property=\"og:image\" content=\"https:\/\/www.maddalena.it\/wp-content\/uploads\/catalog-image\/datalogger-3q.png\" \/>\n\t<meta property=\"og:image:width\" content=\"1600\" \/>\n\t<meta property=\"og:image:height\" content=\"1068\" \/>\n\t<meta property=\"og:image:type\" content=\"image\/png\" \/>\n<meta name=\"twitter:card\" content=\"summary_large_image\" \/>\n<script type=\"application\/ld+json\" class=\"yoast-schema-graph\">{\"@context\":\"https:\\\/\\\/schema.org\",\"@graph\":[{\"@type\":\"WebPage\",\"@id\":\"https:\\\/\\\/www.maddalena.it\\\/es\\\/producto\\\/smart-kit-datalogger\\\/\",\"url\":\"https:\\\/\\\/www.maddalena.it\\\/es\\\/producto\\\/smart-kit-datalogger\\\/\",\"name\":\"SMART KIT - DATALOGGER - REGISTRADOR DE DATOS M-BUS \\\/ wM-BUS\",\"isPartOf\":{\"@id\":\"https:\\\/\\\/www.maddalena.it\\\/es\\\/#website\"},\"primaryImageOfPage\":{\"@id\":\"https:\\\/\\\/www.maddalena.it\\\/es\\\/producto\\\/smart-kit-datalogger\\\/#primaryimage\"},\"image\":{\"@id\":\"https:\\\/\\\/www.maddalena.it\\\/es\\\/producto\\\/smart-kit-datalogger\\\/#primaryimage\"},\"thumbnailUrl\":\"https:\\\/\\\/www.maddalena.it\\\/wp-content\\\/uploads\\\/catalog-image\\\/datalogger-3q.png\",\"datePublished\":\"2022-08-03T12:29:14+00:00\",\"dateModified\":\"2024-09-11T07:00:17+00:00\",\"description\":\"Registrador de datos RTU EVO con fuente de alimentaci\u00f3n externa para contadores M-Bus y wM-Bus de 868 MHz. Permite la lectura autom\u00e1tica y peri\u00f3dica de los d\",\"breadcrumb\":{\"@id\":\"https:\\\/\\\/www.maddalena.it\\\/es\\\/producto\\\/smart-kit-datalogger\\\/#breadcrumb\"},\"inLanguage\":\"es\",\"potentialAction\":[{\"@type\":\"ReadAction\",\"target\":[\"https:\\\/\\\/www.maddalena.it\\\/es\\\/producto\\\/smart-kit-datalogger\\\/\"]}]},{\"@type\":\"ImageObject\",\"inLanguage\":\"es\",\"@id\":\"https:\\\/\\\/www.maddalena.it\\\/es\\\/producto\\\/smart-kit-datalogger\\\/#primaryimage\",\"url\":\"https:\\\/\\\/www.maddalena.it\\\/wp-content\\\/uploads\\\/catalog-image\\\/datalogger-3q.png\",\"contentUrl\":\"https:\\\/\\\/www.maddalena.it\\\/wp-content\\\/uploads\\\/catalog-image\\\/datalogger-3q.png\",\"width\":1600,\"height\":1068,\"caption\":\"Lettura fissa\"},{\"@type\":\"BreadcrumbList\",\"@id\":\"https:\\\/\\\/www.maddalena.it\\\/es\\\/producto\\\/smart-kit-datalogger\\\/#breadcrumb\",\"itemListElement\":[{\"@type\":\"ListItem\",\"position\":1,\"name\":\"Home\",\"item\":\"https:\\\/\\\/www.maddalena.it\\\/es\\\/\"},{\"@type\":\"ListItem\",\"position\":2,\"name\":\"Productos\",\"item\":\"https:\\\/\\\/www.maddalena.it\\\/es\\\/producto\\\/\"},{\"@type\":\"ListItem\",\"position\":3,\"name\":\"Sistemas\",\"item\":\"https:\\\/\\\/www.maddalena.it\\\/es\\\/productos\\\/sistemas\\\/\"},{\"@type\":\"ListItem\",\"position\":4,\"name\":\"Lectura fija\",\"item\":\"https:\\\/\\\/www.maddalena.it\\\/es\\\/productos\\\/lectura-fija\\\/\"},{\"@type\":\"ListItem\",\"position\":5,\"name\":\"SMART KIT &#8211; DATALOGGER\"}]},{\"@type\":\"WebSite\",\"@id\":\"https:\\\/\\\/www.maddalena.it\\\/es\\\/#website\",\"url\":\"https:\\\/\\\/www.maddalena.it\\\/es\\\/\",\"name\":\"Maddalena S.p.A.\",\"description\":\"Metering Expertise\",\"publisher\":{\"@id\":\"https:\\\/\\\/www.maddalena.it\\\/es\\\/#organization\"},\"potentialAction\":[{\"@type\":\"SearchAction\",\"target\":{\"@type\":\"EntryPoint\",\"urlTemplate\":\"https:\\\/\\\/www.maddalena.it\\\/es\\\/?s={search_term_string}\"},\"query-input\":{\"@type\":\"PropertyValueSpecification\",\"valueRequired\":true,\"valueName\":\"search_term_string\"}}],\"inLanguage\":\"es\"},{\"@type\":\"Organization\",\"@id\":\"https:\\\/\\\/www.maddalena.it\\\/es\\\/#organization\",\"name\":\"Maddalena S.p.A.\",\"url\":\"https:\\\/\\\/www.maddalena.it\\\/es\\\/\",\"logo\":{\"@type\":\"ImageObject\",\"inLanguage\":\"es\",\"@id\":\"https:\\\/\\\/www.maddalena.it\\\/es\\\/#\\\/schema\\\/logo\\\/image\\\/\",\"url\":\"https:\\\/\\\/www.maddalena.it\\\/wp-content\\\/uploads\\\/2022\\\/04\\\/logo.svg\",\"contentUrl\":\"https:\\\/\\\/www.maddalena.it\\\/wp-content\\\/uploads\\\/2022\\\/04\\\/logo.svg\",\"caption\":\"Maddalena S.p.A.\"},\"image\":{\"@id\":\"https:\\\/\\\/www.maddalena.it\\\/es\\\/#\\\/schema\\\/logo\\\/image\\\/\"}}]}<\/script>\n<!-- \/ Yoast SEO plugin. -->","yoast_head_json":{"title":"SMART KIT - DATALOGGER - REGISTRADOR DE DATOS M-BUS \/ wM-BUS","description":"Registrador de datos RTU EVO con fuente de alimentaci\u00f3n externa para contadores M-Bus y wM-Bus de 868 MHz. Permite la lectura autom\u00e1tica y peri\u00f3dica de los d","robots":{"index":"index","follow":"follow","max-snippet":"max-snippet:-1","max-image-preview":"max-image-preview:large","max-video-preview":"max-video-preview:-1"},"canonical":"https:\/\/www.maddalena.it\/es\/producto\/smart-kit-datalogger\/","og_locale":"es_ES","og_type":"article","og_title":"SMART KIT - DATALOGGER - REGISTRADOR DE DATOS M-BUS \/ wM-BUS","og_description":"Registrador de datos RTU EVO con fuente de alimentaci\u00f3n externa para contadores M-Bus y wM-Bus de 868 MHz. Permite la lectura autom\u00e1tica y peri\u00f3dica de los d","og_url":"https:\/\/www.maddalena.it\/es\/producto\/smart-kit-datalogger\/","og_site_name":"Maddalena S.p.A.","article_modified_time":"2024-09-11T07:00:17+00:00","og_image":[{"width":1600,"height":1068,"url":"https:\/\/www.maddalena.it\/wp-content\/uploads\/catalog-image\/datalogger-3q.png","type":"image\/png"}],"twitter_card":"summary_large_image","schema":{"@context":"https:\/\/schema.org","@graph":[{"@type":"WebPage","@id":"https:\/\/www.maddalena.it\/es\/producto\/smart-kit-datalogger\/","url":"https:\/\/www.maddalena.it\/es\/producto\/smart-kit-datalogger\/","name":"SMART KIT - DATALOGGER - REGISTRADOR DE DATOS M-BUS \/ wM-BUS","isPartOf":{"@id":"https:\/\/www.maddalena.it\/es\/#website"},"primaryImageOfPage":{"@id":"https:\/\/www.maddalena.it\/es\/producto\/smart-kit-datalogger\/#primaryimage"},"image":{"@id":"https:\/\/www.maddalena.it\/es\/producto\/smart-kit-datalogger\/#primaryimage"},"thumbnailUrl":"https:\/\/www.maddalena.it\/wp-content\/uploads\/catalog-image\/datalogger-3q.png","datePublished":"2022-08-03T12:29:14+00:00","dateModified":"2024-09-11T07:00:17+00:00","description":"Registrador de datos RTU EVO con fuente de alimentaci\u00f3n externa para contadores M-Bus y wM-Bus de 868 MHz. Permite la lectura autom\u00e1tica y peri\u00f3dica de los d","breadcrumb":{"@id":"https:\/\/www.maddalena.it\/es\/producto\/smart-kit-datalogger\/#breadcrumb"},"inLanguage":"es","potentialAction":[{"@type":"ReadAction","target":["https:\/\/www.maddalena.it\/es\/producto\/smart-kit-datalogger\/"]}]},{"@type":"ImageObject","inLanguage":"es","@id":"https:\/\/www.maddalena.it\/es\/producto\/smart-kit-datalogger\/#primaryimage","url":"https:\/\/www.maddalena.it\/wp-content\/uploads\/catalog-image\/datalogger-3q.png","contentUrl":"https:\/\/www.maddalena.it\/wp-content\/uploads\/catalog-image\/datalogger-3q.png","width":1600,"height":1068,"caption":"Lettura fissa"},{"@type":"BreadcrumbList","@id":"https:\/\/www.maddalena.it\/es\/producto\/smart-kit-datalogger\/#breadcrumb","itemListElement":[{"@type":"ListItem","position":1,"name":"Home","item":"https:\/\/www.maddalena.it\/es\/"},{"@type":"ListItem","position":2,"name":"Productos","item":"https:\/\/www.maddalena.it\/es\/producto\/"},{"@type":"ListItem","position":3,"name":"Sistemas","item":"https:\/\/www.maddalena.it\/es\/productos\/sistemas\/"},{"@type":"ListItem","position":4,"name":"Lectura fija","item":"https:\/\/www.maddalena.it\/es\/productos\/lectura-fija\/"},{"@type":"ListItem","position":5,"name":"SMART KIT &#8211; DATALOGGER"}]},{"@type":"WebSite","@id":"https:\/\/www.maddalena.it\/es\/#website","url":"https:\/\/www.maddalena.it\/es\/","name":"Maddalena S.p.A.","description":"Metering Expertise","publisher":{"@id":"https:\/\/www.maddalena.it\/es\/#organization"},"potentialAction":[{"@type":"SearchAction","target":{"@type":"EntryPoint","urlTemplate":"https:\/\/www.maddalena.it\/es\/?s={search_term_string}"},"query-input":{"@type":"PropertyValueSpecification","valueRequired":true,"valueName":"search_term_string"}}],"inLanguage":"es"},{"@type":"Organization","@id":"https:\/\/www.maddalena.it\/es\/#organization","name":"Maddalena S.p.A.","url":"https:\/\/www.maddalena.it\/es\/","logo":{"@type":"ImageObject","inLanguage":"es","@id":"https:\/\/www.maddalena.it\/es\/#\/schema\/logo\/image\/","url":"https:\/\/www.maddalena.it\/wp-content\/uploads\/2022\/04\/logo.svg","contentUrl":"https:\/\/www.maddalena.it\/wp-content\/uploads\/2022\/04\/logo.svg","caption":"Maddalena S.p.A."},"image":{"@id":"https:\/\/www.maddalena.it\/es\/#\/schema\/logo\/image\/"}}]}},"_links":{"self":[{"href":"https:\/\/www.maddalena.it\/es\/wp-json\/wp\/v2\/product\/18508","targetHints":{"allow":["GET"]}}],"collection":[{"href":"https:\/\/www.maddalena.it\/es\/wp-json\/wp\/v2\/product"}],"about":[{"href":"https:\/\/www.maddalena.it\/es\/wp-json\/wp\/v2\/types\/product"}],"wp:featuredmedia":[{"embeddable":true,"href":"https:\/\/www.maddalena.it\/es\/wp-json\/wp\/v2\/media\/2152"}],"wp:attachment":[{"href":"https:\/\/www.maddalena.it\/es\/wp-json\/wp\/v2\/media?parent=18508"}],"wp:term":[{"taxonomy":"product_category","embeddable":true,"href":"https:\/\/www.maddalena.it\/es\/wp-json\/wp\/v2\/product_category?post=18508"}],"curies":[{"name":"wp","href":"https:\/\/api.w.org\/{rel}","templated":true}]}}