{"id":18479,"date":"2022-08-03T14:29:16","date_gmt":"2022-08-03T12:29:16","guid":{"rendered":"http:\/\/www.maddalena.it\/?post_type=product&#038;p=18479"},"modified":"2025-05-26T09:01:07","modified_gmt":"2025-05-26T07:01:07","slug":"mvm-plus-c","status":"publish","type":"product","link":"https:\/\/www.maddalena.it\/es\/producto\/mvm-plus-c\/","title":{"rendered":"MVM PLUS C"},"content":{"rendered":"<p>MVM PLUS C es el contador de agua hecho de material compuesto que en las aplicaciones de servicios p\u00fablicos garantiza la m\u00e1xima precisi\u00f3n y fiabilidad a lo largo del tiempo en todas las condiciones de instalaci\u00f3n. El flujo inicial extremadamente bajo y el amplio intervalo de medici\u00f3n permiten la contabilizaci\u00f3n de la totalidad del consumo, facilitando la detecci\u00f3n de cualquier fuga. Todo gracias a la combinaci\u00f3n entre la tecnolog\u00eda de pist\u00f3n rotativo y la innovadora relojer\u00eda de cobre-vidrio IP68. Robusto, duradero, adecuado para los entornos y tipos de instalaci\u00f3n m\u00e1s dif\u00edciles. Puede estar equipado con las tecnolog\u00edas m\u00e1s modernas de transmisi\u00f3n de datos a distancia.<\/p>\n","protected":false},"excerpt":{"rendered":"<p>CONTADOR VOLUM\u00c9TRICO DE PIST\u00d3N ROTATIVO<\/p>\n","protected":false},"featured_media":727,"menu_order":9,"template":"","meta":{"_acf_changed":false,"_lmt_disableupdate":"","_lmt_disable":""},"product_category":[79],"class_list":["post-18479","product","type-product","status-publish","has-post-thumbnail","hentry","product_category-mecto-es"],"acf":[],"yoast_head":"<!-- This site is optimized with the Yoast SEO plugin v27.4 - https:\/\/yoast.com\/product\/yoast-seo-wordpress\/ -->\n<title>MVM PLUS C - CONTADOR VOLUM\u00c9TRICO DE PIST\u00d3N ROTATIVO<\/title>\n<meta name=\"description\" content=\"MVM PLUS C es el contador de agua hecho de material compuesto que en las aplicaciones de servicios p\u00fablicos garantiza la m\u00e1xima precisi\u00f3n y fiabilidad a lo l\" \/>\n<meta name=\"robots\" content=\"index, follow, max-snippet:-1, max-image-preview:large, max-video-preview:-1\" \/>\n<link rel=\"canonical\" href=\"https:\/\/www.maddalena.it\/es\/producto\/mvm-plus-c\/\" \/>\n<meta property=\"og:locale\" content=\"es_ES\" \/>\n<meta property=\"og:type\" content=\"article\" \/>\n<meta property=\"og:title\" content=\"MVM PLUS C - CONTADOR VOLUM\u00c9TRICO DE PIST\u00d3N ROTATIVO\" \/>\n<meta property=\"og:description\" content=\"MVM PLUS C es el contador de agua hecho de material compuesto que en las aplicaciones de servicios p\u00fablicos garantiza la m\u00e1xima precisi\u00f3n y fiabilidad a lo l\" \/>\n<meta property=\"og:url\" content=\"https:\/\/www.maddalena.it\/es\/producto\/mvm-plus-c\/\" \/>\n<meta property=\"og:site_name\" content=\"Maddalena S.p.A.\" \/>\n<meta property=\"article:modified_time\" content=\"2025-05-26T07:01:07+00:00\" \/>\n<meta property=\"og:image\" content=\"https:\/\/www.maddalena.it\/wp-content\/uploads\/catalog-image\/mecto-mvm-plus-c-3q-long.jpg\" \/>\n\t<meta property=\"og:image:width\" content=\"1600\" \/>\n\t<meta property=\"og:image:height\" content=\"1201\" \/>\n\t<meta property=\"og:image:type\" content=\"image\/jpeg\" \/>\n<meta name=\"twitter:card\" content=\"summary_large_image\" \/>\n<meta name=\"twitter:label1\" content=\"Tiempo de lectura\" \/>\n\t<meta name=\"twitter:data1\" content=\"1 minuto\" \/>\n<script type=\"application\/ld+json\" class=\"yoast-schema-graph\">{\"@context\":\"https:\\\/\\\/schema.org\",\"@graph\":[{\"@type\":\"WebPage\",\"@id\":\"https:\\\/\\\/www.maddalena.it\\\/es\\\/producto\\\/mvm-plus-c\\\/\",\"url\":\"https:\\\/\\\/www.maddalena.it\\\/es\\\/producto\\\/mvm-plus-c\\\/\",\"name\":\"MVM PLUS C - CONTADOR VOLUM\u00c9TRICO DE PIST\u00d3N ROTATIVO\",\"isPartOf\":{\"@id\":\"https:\\\/\\\/www.maddalena.it\\\/es\\\/#website\"},\"primaryImageOfPage\":{\"@id\":\"https:\\\/\\\/www.maddalena.it\\\/es\\\/producto\\\/mvm-plus-c\\\/#primaryimage\"},\"image\":{\"@id\":\"https:\\\/\\\/www.maddalena.it\\\/es\\\/producto\\\/mvm-plus-c\\\/#primaryimage\"},\"thumbnailUrl\":\"https:\\\/\\\/www.maddalena.it\\\/wp-content\\\/uploads\\\/catalog-image\\\/mecto-mvm-plus-c-3q-long.jpg\",\"datePublished\":\"2022-08-03T12:29:16+00:00\",\"dateModified\":\"2025-05-26T07:01:07+00:00\",\"description\":\"MVM PLUS C es el contador de agua hecho de material compuesto que en las aplicaciones de servicios p\u00fablicos garantiza la m\u00e1xima precisi\u00f3n y fiabilidad a lo l\",\"breadcrumb\":{\"@id\":\"https:\\\/\\\/www.maddalena.it\\\/es\\\/producto\\\/mvm-plus-c\\\/#breadcrumb\"},\"inLanguage\":\"es\",\"potentialAction\":[{\"@type\":\"ReadAction\",\"target\":[\"https:\\\/\\\/www.maddalena.it\\\/es\\\/producto\\\/mvm-plus-c\\\/\"]}]},{\"@type\":\"ImageObject\",\"inLanguage\":\"es\",\"@id\":\"https:\\\/\\\/www.maddalena.it\\\/es\\\/producto\\\/mvm-plus-c\\\/#primaryimage\",\"url\":\"https:\\\/\\\/www.maddalena.it\\\/wp-content\\\/uploads\\\/catalog-image\\\/mecto-mvm-plus-c-3q-long.jpg\",\"contentUrl\":\"https:\\\/\\\/www.maddalena.it\\\/wp-content\\\/uploads\\\/catalog-image\\\/mecto-mvm-plus-c-3q-long.jpg\",\"width\":1600,\"height\":1201,\"caption\":\"MecTo\"},{\"@type\":\"BreadcrumbList\",\"@id\":\"https:\\\/\\\/www.maddalena.it\\\/es\\\/producto\\\/mvm-plus-c\\\/#breadcrumb\",\"itemListElement\":[{\"@type\":\"ListItem\",\"position\":1,\"name\":\"Home\",\"item\":\"https:\\\/\\\/www.maddalena.it\\\/es\\\/\"},{\"@type\":\"ListItem\",\"position\":2,\"name\":\"Productos\",\"item\":\"https:\\\/\\\/www.maddalena.it\\\/es\\\/producto\\\/\"},{\"@type\":\"ListItem\",\"position\":3,\"name\":\"Agua\",\"item\":\"https:\\\/\\\/www.maddalena.it\\\/es\\\/productos\\\/contadores-agua\\\/\"},{\"@type\":\"ListItem\",\"position\":4,\"name\":\"MecTo\",\"item\":\"https:\\\/\\\/www.maddalena.it\\\/es\\\/productos\\\/mecto-es\\\/\"},{\"@type\":\"ListItem\",\"position\":5,\"name\":\"MVM PLUS C\"}]},{\"@type\":\"WebSite\",\"@id\":\"https:\\\/\\\/www.maddalena.it\\\/es\\\/#website\",\"url\":\"https:\\\/\\\/www.maddalena.it\\\/es\\\/\",\"name\":\"Maddalena S.p.A.\",\"description\":\"Metering Expertise\",\"publisher\":{\"@id\":\"https:\\\/\\\/www.maddalena.it\\\/es\\\/#organization\"},\"potentialAction\":[{\"@type\":\"SearchAction\",\"target\":{\"@type\":\"EntryPoint\",\"urlTemplate\":\"https:\\\/\\\/www.maddalena.it\\\/es\\\/?s={search_term_string}\"},\"query-input\":{\"@type\":\"PropertyValueSpecification\",\"valueRequired\":true,\"valueName\":\"search_term_string\"}}],\"inLanguage\":\"es\"},{\"@type\":\"Organization\",\"@id\":\"https:\\\/\\\/www.maddalena.it\\\/es\\\/#organization\",\"name\":\"Maddalena S.p.A.\",\"url\":\"https:\\\/\\\/www.maddalena.it\\\/es\\\/\",\"logo\":{\"@type\":\"ImageObject\",\"inLanguage\":\"es\",\"@id\":\"https:\\\/\\\/www.maddalena.it\\\/es\\\/#\\\/schema\\\/logo\\\/image\\\/\",\"url\":\"https:\\\/\\\/www.maddalena.it\\\/wp-content\\\/uploads\\\/2022\\\/04\\\/logo.svg\",\"contentUrl\":\"https:\\\/\\\/www.maddalena.it\\\/wp-content\\\/uploads\\\/2022\\\/04\\\/logo.svg\",\"caption\":\"Maddalena S.p.A.\"},\"image\":{\"@id\":\"https:\\\/\\\/www.maddalena.it\\\/es\\\/#\\\/schema\\\/logo\\\/image\\\/\"}}]}<\/script>\n<!-- \/ Yoast SEO plugin. -->","yoast_head_json":{"title":"MVM PLUS C - CONTADOR VOLUM\u00c9TRICO DE PIST\u00d3N ROTATIVO","description":"MVM PLUS C es el contador de agua hecho de material compuesto que en las aplicaciones de servicios p\u00fablicos garantiza la m\u00e1xima precisi\u00f3n y fiabilidad a lo l","robots":{"index":"index","follow":"follow","max-snippet":"max-snippet:-1","max-image-preview":"max-image-preview:large","max-video-preview":"max-video-preview:-1"},"canonical":"https:\/\/www.maddalena.it\/es\/producto\/mvm-plus-c\/","og_locale":"es_ES","og_type":"article","og_title":"MVM PLUS C - CONTADOR VOLUM\u00c9TRICO DE PIST\u00d3N ROTATIVO","og_description":"MVM PLUS C es el contador de agua hecho de material compuesto que en las aplicaciones de servicios p\u00fablicos garantiza la m\u00e1xima precisi\u00f3n y fiabilidad a lo l","og_url":"https:\/\/www.maddalena.it\/es\/producto\/mvm-plus-c\/","og_site_name":"Maddalena S.p.A.","article_modified_time":"2025-05-26T07:01:07+00:00","og_image":[{"width":1600,"height":1201,"url":"https:\/\/www.maddalena.it\/wp-content\/uploads\/catalog-image\/mecto-mvm-plus-c-3q-long.jpg","type":"image\/jpeg"}],"twitter_card":"summary_large_image","twitter_misc":{"Tiempo de lectura":"1 minuto"},"schema":{"@context":"https:\/\/schema.org","@graph":[{"@type":"WebPage","@id":"https:\/\/www.maddalena.it\/es\/producto\/mvm-plus-c\/","url":"https:\/\/www.maddalena.it\/es\/producto\/mvm-plus-c\/","name":"MVM PLUS C - CONTADOR VOLUM\u00c9TRICO DE PIST\u00d3N ROTATIVO","isPartOf":{"@id":"https:\/\/www.maddalena.it\/es\/#website"},"primaryImageOfPage":{"@id":"https:\/\/www.maddalena.it\/es\/producto\/mvm-plus-c\/#primaryimage"},"image":{"@id":"https:\/\/www.maddalena.it\/es\/producto\/mvm-plus-c\/#primaryimage"},"thumbnailUrl":"https:\/\/www.maddalena.it\/wp-content\/uploads\/catalog-image\/mecto-mvm-plus-c-3q-long.jpg","datePublished":"2022-08-03T12:29:16+00:00","dateModified":"2025-05-26T07:01:07+00:00","description":"MVM PLUS C es el contador de agua hecho de material compuesto que en las aplicaciones de servicios p\u00fablicos garantiza la m\u00e1xima precisi\u00f3n y fiabilidad a lo l","breadcrumb":{"@id":"https:\/\/www.maddalena.it\/es\/producto\/mvm-plus-c\/#breadcrumb"},"inLanguage":"es","potentialAction":[{"@type":"ReadAction","target":["https:\/\/www.maddalena.it\/es\/producto\/mvm-plus-c\/"]}]},{"@type":"ImageObject","inLanguage":"es","@id":"https:\/\/www.maddalena.it\/es\/producto\/mvm-plus-c\/#primaryimage","url":"https:\/\/www.maddalena.it\/wp-content\/uploads\/catalog-image\/mecto-mvm-plus-c-3q-long.jpg","contentUrl":"https:\/\/www.maddalena.it\/wp-content\/uploads\/catalog-image\/mecto-mvm-plus-c-3q-long.jpg","width":1600,"height":1201,"caption":"MecTo"},{"@type":"BreadcrumbList","@id":"https:\/\/www.maddalena.it\/es\/producto\/mvm-plus-c\/#breadcrumb","itemListElement":[{"@type":"ListItem","position":1,"name":"Home","item":"https:\/\/www.maddalena.it\/es\/"},{"@type":"ListItem","position":2,"name":"Productos","item":"https:\/\/www.maddalena.it\/es\/producto\/"},{"@type":"ListItem","position":3,"name":"Agua","item":"https:\/\/www.maddalena.it\/es\/productos\/contadores-agua\/"},{"@type":"ListItem","position":4,"name":"MecTo","item":"https:\/\/www.maddalena.it\/es\/productos\/mecto-es\/"},{"@type":"ListItem","position":5,"name":"MVM PLUS C"}]},{"@type":"WebSite","@id":"https:\/\/www.maddalena.it\/es\/#website","url":"https:\/\/www.maddalena.it\/es\/","name":"Maddalena S.p.A.","description":"Metering Expertise","publisher":{"@id":"https:\/\/www.maddalena.it\/es\/#organization"},"potentialAction":[{"@type":"SearchAction","target":{"@type":"EntryPoint","urlTemplate":"https:\/\/www.maddalena.it\/es\/?s={search_term_string}"},"query-input":{"@type":"PropertyValueSpecification","valueRequired":true,"valueName":"search_term_string"}}],"inLanguage":"es"},{"@type":"Organization","@id":"https:\/\/www.maddalena.it\/es\/#organization","name":"Maddalena S.p.A.","url":"https:\/\/www.maddalena.it\/es\/","logo":{"@type":"ImageObject","inLanguage":"es","@id":"https:\/\/www.maddalena.it\/es\/#\/schema\/logo\/image\/","url":"https:\/\/www.maddalena.it\/wp-content\/uploads\/2022\/04\/logo.svg","contentUrl":"https:\/\/www.maddalena.it\/wp-content\/uploads\/2022\/04\/logo.svg","caption":"Maddalena S.p.A."},"image":{"@id":"https:\/\/www.maddalena.it\/es\/#\/schema\/logo\/image\/"}}]}},"_links":{"self":[{"href":"https:\/\/www.maddalena.it\/es\/wp-json\/wp\/v2\/product\/18479","targetHints":{"allow":["GET"]}}],"collection":[{"href":"https:\/\/www.maddalena.it\/es\/wp-json\/wp\/v2\/product"}],"about":[{"href":"https:\/\/www.maddalena.it\/es\/wp-json\/wp\/v2\/types\/product"}],"wp:featuredmedia":[{"embeddable":true,"href":"https:\/\/www.maddalena.it\/es\/wp-json\/wp\/v2\/media\/727"}],"wp:attachment":[{"href":"https:\/\/www.maddalena.it\/es\/wp-json\/wp\/v2\/media?parent=18479"}],"wp:term":[{"taxonomy":"product_category","embeddable":true,"href":"https:\/\/www.maddalena.it\/es\/wp-json\/wp\/v2\/product_category?post=18479"}],"curies":[{"name":"wp","href":"https:\/\/api.w.org\/{rel}","templated":true}]}}