{"id":18463,"date":"2022-08-03T14:29:17","date_gmt":"2022-08-03T12:29:17","guid":{"rendered":"http:\/\/www.maddalena.it\/?post_type=product&#038;p=18463"},"modified":"2025-10-02T10:01:36","modified_gmt":"2025-10-02T08:01:36","slug":"sj-one","status":"publish","type":"product","link":"https:\/\/www.maddalena.it\/es\/producto\/sj-one\/","title":{"rendered":"SJ ONE"},"content":{"rendered":"<p>SJ ONE es la m\u00e1xima expresi\u00f3n del contador de chorro \u00fanico. Gracias a la transmisi\u00f3n mec\u00e1nica ofrece altas prestaciones metrol\u00f3gicas, insensibilidad inmu a los campos magn\u00e9ticos externos y permite una perfecta legibilidad en el tiempo con la soluci\u00f3n con \u00abrodillos protegidos\u00bb desarrollada por primera vez en Maddalena. Compacto, robusto y adecuado para los entornos m\u00e1s dif\u00edciles, es compatible con todos los tipos de agua. Puede ser equipado con las tecnolog\u00edas m\u00e1s modernas de transmisi\u00f3n de datos a distancia.<\/p>\n","protected":false},"excerpt":{"rendered":"<p>CONTADOR DE CHORRO \u00daNICO CON RODILLOS PROTEGIDOS<\/p>\n","protected":false},"featured_media":13427,"menu_order":5,"template":"","meta":{"_acf_changed":false,"_lmt_disableupdate":"","_lmt_disable":""},"product_category":[79],"class_list":["post-18463","product","type-product","status-publish","has-post-thumbnail","hentry","product_category-mecto-es"],"acf":[],"yoast_head":"<!-- This site is optimized with the Yoast SEO plugin v27.5 - https:\/\/yoast.com\/product\/yoast-seo-wordpress\/ -->\n<title>SJ ONE - CONTADOR DE CHORRO \u00daNICO CON RODILLOS PROTEGIDOS<\/title>\n<meta name=\"description\" content=\"SJ ONE es la m\u00e1xima expresi\u00f3n del contador de chorro \u00fanico. Gracias a la transmisi\u00f3n mec\u00e1nica ofrece altas prestaciones metrol\u00f3gicas, insensibilidad inmu\" \/>\n<meta name=\"robots\" content=\"index, follow, max-snippet:-1, max-image-preview:large, max-video-preview:-1\" \/>\n<link rel=\"canonical\" href=\"https:\/\/www.maddalena.it\/es\/producto\/sj-one\/\" \/>\n<meta property=\"og:locale\" content=\"es_ES\" \/>\n<meta property=\"og:type\" content=\"article\" \/>\n<meta property=\"og:title\" content=\"SJ ONE - CONTADOR DE CHORRO \u00daNICO CON RODILLOS PROTEGIDOS\" \/>\n<meta property=\"og:description\" content=\"SJ ONE es la m\u00e1xima expresi\u00f3n del contador de chorro \u00fanico. Gracias a la transmisi\u00f3n mec\u00e1nica ofrece altas prestaciones metrol\u00f3gicas, insensibilidad inmu\" \/>\n<meta property=\"og:url\" content=\"https:\/\/www.maddalena.it\/es\/producto\/sj-one\/\" \/>\n<meta property=\"og:site_name\" content=\"Maddalena S.p.A.\" \/>\n<meta property=\"article:modified_time\" content=\"2025-10-02T08:01:36+00:00\" \/>\n<meta property=\"og:image\" content=\"https:\/\/www.maddalena.it\/wp-content\/uploads\/catalog-image\/mecto-sjone-3q.png\" \/>\n\t<meta property=\"og:image:width\" content=\"1600\" \/>\n\t<meta property=\"og:image:height\" content=\"1200\" \/>\n\t<meta property=\"og:image:type\" content=\"image\/png\" \/>\n<meta name=\"twitter:card\" content=\"summary_large_image\" \/>\n<script type=\"application\/ld+json\" class=\"yoast-schema-graph\">{\"@context\":\"https:\\\/\\\/schema.org\",\"@graph\":[{\"@type\":\"WebPage\",\"@id\":\"https:\\\/\\\/www.maddalena.it\\\/es\\\/producto\\\/sj-one\\\/\",\"url\":\"https:\\\/\\\/www.maddalena.it\\\/es\\\/producto\\\/sj-one\\\/\",\"name\":\"SJ ONE - CONTADOR DE CHORRO \u00daNICO CON RODILLOS PROTEGIDOS\",\"isPartOf\":{\"@id\":\"https:\\\/\\\/www.maddalena.it\\\/es\\\/#website\"},\"primaryImageOfPage\":{\"@id\":\"https:\\\/\\\/www.maddalena.it\\\/es\\\/producto\\\/sj-one\\\/#primaryimage\"},\"image\":{\"@id\":\"https:\\\/\\\/www.maddalena.it\\\/es\\\/producto\\\/sj-one\\\/#primaryimage\"},\"thumbnailUrl\":\"https:\\\/\\\/www.maddalena.it\\\/wp-content\\\/uploads\\\/catalog-image\\\/mecto-sjone-3q.png\",\"datePublished\":\"2022-08-03T12:29:17+00:00\",\"dateModified\":\"2025-10-02T08:01:36+00:00\",\"description\":\"SJ ONE es la m\u00e1xima expresi\u00f3n del contador de chorro \u00fanico. Gracias a la transmisi\u00f3n mec\u00e1nica ofrece altas prestaciones metrol\u00f3gicas, insensibilidad inmu\",\"breadcrumb\":{\"@id\":\"https:\\\/\\\/www.maddalena.it\\\/es\\\/producto\\\/sj-one\\\/#breadcrumb\"},\"inLanguage\":\"es\",\"potentialAction\":[{\"@type\":\"ReadAction\",\"target\":[\"https:\\\/\\\/www.maddalena.it\\\/es\\\/producto\\\/sj-one\\\/\"]}]},{\"@type\":\"ImageObject\",\"inLanguage\":\"es\",\"@id\":\"https:\\\/\\\/www.maddalena.it\\\/es\\\/producto\\\/sj-one\\\/#primaryimage\",\"url\":\"https:\\\/\\\/www.maddalena.it\\\/wp-content\\\/uploads\\\/catalog-image\\\/mecto-sjone-3q.png\",\"contentUrl\":\"https:\\\/\\\/www.maddalena.it\\\/wp-content\\\/uploads\\\/catalog-image\\\/mecto-sjone-3q.png\",\"width\":1600,\"height\":1200},{\"@type\":\"BreadcrumbList\",\"@id\":\"https:\\\/\\\/www.maddalena.it\\\/es\\\/producto\\\/sj-one\\\/#breadcrumb\",\"itemListElement\":[{\"@type\":\"ListItem\",\"position\":1,\"name\":\"Home\",\"item\":\"https:\\\/\\\/www.maddalena.it\\\/es\\\/\"},{\"@type\":\"ListItem\",\"position\":2,\"name\":\"Productos\",\"item\":\"https:\\\/\\\/www.maddalena.it\\\/es\\\/producto\\\/\"},{\"@type\":\"ListItem\",\"position\":3,\"name\":\"Agua\",\"item\":\"https:\\\/\\\/www.maddalena.it\\\/es\\\/productos\\\/contadores-agua\\\/\"},{\"@type\":\"ListItem\",\"position\":4,\"name\":\"MecTo\",\"item\":\"https:\\\/\\\/www.maddalena.it\\\/es\\\/productos\\\/mecto-es\\\/\"},{\"@type\":\"ListItem\",\"position\":5,\"name\":\"SJ ONE\"}]},{\"@type\":\"WebSite\",\"@id\":\"https:\\\/\\\/www.maddalena.it\\\/es\\\/#website\",\"url\":\"https:\\\/\\\/www.maddalena.it\\\/es\\\/\",\"name\":\"Maddalena S.p.A.\",\"description\":\"Metering Expertise\",\"publisher\":{\"@id\":\"https:\\\/\\\/www.maddalena.it\\\/es\\\/#organization\"},\"potentialAction\":[{\"@type\":\"SearchAction\",\"target\":{\"@type\":\"EntryPoint\",\"urlTemplate\":\"https:\\\/\\\/www.maddalena.it\\\/es\\\/?s={search_term_string}\"},\"query-input\":{\"@type\":\"PropertyValueSpecification\",\"valueRequired\":true,\"valueName\":\"search_term_string\"}}],\"inLanguage\":\"es\"},{\"@type\":\"Organization\",\"@id\":\"https:\\\/\\\/www.maddalena.it\\\/es\\\/#organization\",\"name\":\"Maddalena S.p.A.\",\"url\":\"https:\\\/\\\/www.maddalena.it\\\/es\\\/\",\"logo\":{\"@type\":\"ImageObject\",\"inLanguage\":\"es\",\"@id\":\"https:\\\/\\\/www.maddalena.it\\\/es\\\/#\\\/schema\\\/logo\\\/image\\\/\",\"url\":\"https:\\\/\\\/www.maddalena.it\\\/wp-content\\\/uploads\\\/2022\\\/04\\\/logo.svg\",\"contentUrl\":\"https:\\\/\\\/www.maddalena.it\\\/wp-content\\\/uploads\\\/2022\\\/04\\\/logo.svg\",\"caption\":\"Maddalena S.p.A.\"},\"image\":{\"@id\":\"https:\\\/\\\/www.maddalena.it\\\/es\\\/#\\\/schema\\\/logo\\\/image\\\/\"}}]}<\/script>\n<!-- \/ Yoast SEO plugin. -->","yoast_head_json":{"title":"SJ ONE - CONTADOR DE CHORRO \u00daNICO CON RODILLOS PROTEGIDOS","description":"SJ ONE es la m\u00e1xima expresi\u00f3n del contador de chorro \u00fanico. Gracias a la transmisi\u00f3n mec\u00e1nica ofrece altas prestaciones metrol\u00f3gicas, insensibilidad inmu","robots":{"index":"index","follow":"follow","max-snippet":"max-snippet:-1","max-image-preview":"max-image-preview:large","max-video-preview":"max-video-preview:-1"},"canonical":"https:\/\/www.maddalena.it\/es\/producto\/sj-one\/","og_locale":"es_ES","og_type":"article","og_title":"SJ ONE - CONTADOR DE CHORRO \u00daNICO CON RODILLOS PROTEGIDOS","og_description":"SJ ONE es la m\u00e1xima expresi\u00f3n del contador de chorro \u00fanico. Gracias a la transmisi\u00f3n mec\u00e1nica ofrece altas prestaciones metrol\u00f3gicas, insensibilidad inmu","og_url":"https:\/\/www.maddalena.it\/es\/producto\/sj-one\/","og_site_name":"Maddalena S.p.A.","article_modified_time":"2025-10-02T08:01:36+00:00","og_image":[{"width":1600,"height":1200,"url":"https:\/\/www.maddalena.it\/wp-content\/uploads\/catalog-image\/mecto-sjone-3q.png","type":"image\/png"}],"twitter_card":"summary_large_image","schema":{"@context":"https:\/\/schema.org","@graph":[{"@type":"WebPage","@id":"https:\/\/www.maddalena.it\/es\/producto\/sj-one\/","url":"https:\/\/www.maddalena.it\/es\/producto\/sj-one\/","name":"SJ ONE - CONTADOR DE CHORRO \u00daNICO CON RODILLOS PROTEGIDOS","isPartOf":{"@id":"https:\/\/www.maddalena.it\/es\/#website"},"primaryImageOfPage":{"@id":"https:\/\/www.maddalena.it\/es\/producto\/sj-one\/#primaryimage"},"image":{"@id":"https:\/\/www.maddalena.it\/es\/producto\/sj-one\/#primaryimage"},"thumbnailUrl":"https:\/\/www.maddalena.it\/wp-content\/uploads\/catalog-image\/mecto-sjone-3q.png","datePublished":"2022-08-03T12:29:17+00:00","dateModified":"2025-10-02T08:01:36+00:00","description":"SJ ONE es la m\u00e1xima expresi\u00f3n del contador de chorro \u00fanico. Gracias a la transmisi\u00f3n mec\u00e1nica ofrece altas prestaciones metrol\u00f3gicas, insensibilidad inmu","breadcrumb":{"@id":"https:\/\/www.maddalena.it\/es\/producto\/sj-one\/#breadcrumb"},"inLanguage":"es","potentialAction":[{"@type":"ReadAction","target":["https:\/\/www.maddalena.it\/es\/producto\/sj-one\/"]}]},{"@type":"ImageObject","inLanguage":"es","@id":"https:\/\/www.maddalena.it\/es\/producto\/sj-one\/#primaryimage","url":"https:\/\/www.maddalena.it\/wp-content\/uploads\/catalog-image\/mecto-sjone-3q.png","contentUrl":"https:\/\/www.maddalena.it\/wp-content\/uploads\/catalog-image\/mecto-sjone-3q.png","width":1600,"height":1200},{"@type":"BreadcrumbList","@id":"https:\/\/www.maddalena.it\/es\/producto\/sj-one\/#breadcrumb","itemListElement":[{"@type":"ListItem","position":1,"name":"Home","item":"https:\/\/www.maddalena.it\/es\/"},{"@type":"ListItem","position":2,"name":"Productos","item":"https:\/\/www.maddalena.it\/es\/producto\/"},{"@type":"ListItem","position":3,"name":"Agua","item":"https:\/\/www.maddalena.it\/es\/productos\/contadores-agua\/"},{"@type":"ListItem","position":4,"name":"MecTo","item":"https:\/\/www.maddalena.it\/es\/productos\/mecto-es\/"},{"@type":"ListItem","position":5,"name":"SJ ONE"}]},{"@type":"WebSite","@id":"https:\/\/www.maddalena.it\/es\/#website","url":"https:\/\/www.maddalena.it\/es\/","name":"Maddalena S.p.A.","description":"Metering Expertise","publisher":{"@id":"https:\/\/www.maddalena.it\/es\/#organization"},"potentialAction":[{"@type":"SearchAction","target":{"@type":"EntryPoint","urlTemplate":"https:\/\/www.maddalena.it\/es\/?s={search_term_string}"},"query-input":{"@type":"PropertyValueSpecification","valueRequired":true,"valueName":"search_term_string"}}],"inLanguage":"es"},{"@type":"Organization","@id":"https:\/\/www.maddalena.it\/es\/#organization","name":"Maddalena S.p.A.","url":"https:\/\/www.maddalena.it\/es\/","logo":{"@type":"ImageObject","inLanguage":"es","@id":"https:\/\/www.maddalena.it\/es\/#\/schema\/logo\/image\/","url":"https:\/\/www.maddalena.it\/wp-content\/uploads\/2022\/04\/logo.svg","contentUrl":"https:\/\/www.maddalena.it\/wp-content\/uploads\/2022\/04\/logo.svg","caption":"Maddalena S.p.A."},"image":{"@id":"https:\/\/www.maddalena.it\/es\/#\/schema\/logo\/image\/"}}]}},"_links":{"self":[{"href":"https:\/\/www.maddalena.it\/es\/wp-json\/wp\/v2\/product\/18463","targetHints":{"allow":["GET"]}}],"collection":[{"href":"https:\/\/www.maddalena.it\/es\/wp-json\/wp\/v2\/product"}],"about":[{"href":"https:\/\/www.maddalena.it\/es\/wp-json\/wp\/v2\/types\/product"}],"wp:featuredmedia":[{"embeddable":true,"href":"https:\/\/www.maddalena.it\/es\/wp-json\/wp\/v2\/media\/13427"}],"wp:attachment":[{"href":"https:\/\/www.maddalena.it\/es\/wp-json\/wp\/v2\/media?parent=18463"}],"wp:term":[{"taxonomy":"product_category","embeddable":true,"href":"https:\/\/www.maddalena.it\/es\/wp-json\/wp\/v2\/product_category?post=18463"}],"curies":[{"name":"wp","href":"https:\/\/api.w.org\/{rel}","templated":true}]}}