{"id":18457,"date":"2022-08-03T14:29:18","date_gmt":"2022-08-03T12:29:18","guid":{"rendered":"http:\/\/www.maddalena.it\/?post_type=product&#038;p=18457"},"modified":"2023-10-27T12:02:09","modified_gmt":"2023-10-27T10:02:09","slug":"arrow-wan-2","status":"publish","type":"product","link":"https:\/\/www.maddalena.it\/es\/producto\/arrow-wan-2\/","title":{"rendered":"ARROW WAN 2"},"content":{"rendered":"<p>M\u00f3dulo de radio compacto wM-Bus y LoRaWAN\u2122 que proporciona un alto nivel de interoperabilidad con diversos sistemas de lectura m\u00f3viles y fijos, incluidos los de otras marcas. Arrow WAN 2 tambi\u00e9n es adecuado para instalaciones dif\u00edciles de servicios p\u00fablicos (IP68). El procedimiento de activaci\u00f3n y configuraci\u00f3n de la radio multiprotocolo se realiza a trav\u00e9s de la interfaz NFC local y la aplicaci\u00f3n Android correspondiente.<\/p>\n","protected":false},"excerpt":{"rendered":"<p>M\u00d3DULO RADIO wM-BUS Y LoRaWAN\u2122<\/p>\n","protected":false},"featured_media":1799,"menu_order":22,"template":"","meta":{"_acf_changed":false,"_lmt_disableupdate":"","_lmt_disable":""},"product_category":[103],"class_list":["post-18457","product","type-product","status-publish","has-post-thumbnail","hentry","product_category-modulos-de-comunication-radio-es"],"acf":[],"yoast_head":"<!-- This site is optimized with the Yoast SEO plugin v27.4 - https:\/\/yoast.com\/product\/yoast-seo-wordpress\/ -->\n<title>ARROW WAN 2 - M\u00d3DULO RADIO wM-BUS Y LoRaWAN\u2122<\/title>\n<meta name=\"description\" content=\"M\u00f3dulo de radio compacto wM-Bus y LoRaWAN\u2122 que proporciona un alto nivel de interoperabilidad con diversos sistemas de lectura m\u00f3viles y fijos, incluidos lo\" \/>\n<meta name=\"robots\" content=\"index, follow, max-snippet:-1, max-image-preview:large, max-video-preview:-1\" \/>\n<link rel=\"canonical\" href=\"https:\/\/www.maddalena.it\/es\/producto\/arrow-wan-2\/\" \/>\n<meta property=\"og:locale\" content=\"es_ES\" \/>\n<meta property=\"og:type\" content=\"article\" \/>\n<meta property=\"og:title\" content=\"ARROW WAN 2 - M\u00d3DULO RADIO wM-BUS Y LoRaWAN\u2122\" \/>\n<meta property=\"og:description\" content=\"M\u00f3dulo de radio compacto wM-Bus y LoRaWAN\u2122 que proporciona un alto nivel de interoperabilidad con diversos sistemas de lectura m\u00f3viles y fijos, incluidos lo\" \/>\n<meta property=\"og:url\" content=\"https:\/\/www.maddalena.it\/es\/producto\/arrow-wan-2\/\" \/>\n<meta property=\"og:site_name\" content=\"Maddalena S.p.A.\" \/>\n<meta property=\"article:modified_time\" content=\"2023-10-27T10:02:09+00:00\" \/>\n<meta property=\"og:image\" content=\"https:\/\/www.maddalena.it\/wp-content\/uploads\/catalog-image\/mdc-arrowwan2-3q.png\" \/>\n\t<meta property=\"og:image:width\" content=\"1600\" \/>\n\t<meta property=\"og:image:height\" content=\"1201\" \/>\n\t<meta property=\"og:image:type\" content=\"image\/png\" \/>\n<meta name=\"twitter:card\" content=\"summary_large_image\" \/>\n<script type=\"application\/ld+json\" class=\"yoast-schema-graph\">{\"@context\":\"https:\\\/\\\/schema.org\",\"@graph\":[{\"@type\":\"WebPage\",\"@id\":\"https:\\\/\\\/www.maddalena.it\\\/es\\\/producto\\\/arrow-wan-2\\\/\",\"url\":\"https:\\\/\\\/www.maddalena.it\\\/es\\\/producto\\\/arrow-wan-2\\\/\",\"name\":\"ARROW WAN 2 - M\u00d3DULO RADIO wM-BUS Y LoRaWAN\u2122\",\"isPartOf\":{\"@id\":\"https:\\\/\\\/www.maddalena.it\\\/es\\\/#website\"},\"primaryImageOfPage\":{\"@id\":\"https:\\\/\\\/www.maddalena.it\\\/es\\\/producto\\\/arrow-wan-2\\\/#primaryimage\"},\"image\":{\"@id\":\"https:\\\/\\\/www.maddalena.it\\\/es\\\/producto\\\/arrow-wan-2\\\/#primaryimage\"},\"thumbnailUrl\":\"https:\\\/\\\/www.maddalena.it\\\/wp-content\\\/uploads\\\/catalog-image\\\/mdc-arrowwan2-3q.png\",\"datePublished\":\"2022-08-03T12:29:18+00:00\",\"dateModified\":\"2023-10-27T10:02:09+00:00\",\"description\":\"M\u00f3dulo de radio compacto wM-Bus y LoRaWAN\u2122 que proporciona un alto nivel de interoperabilidad con diversos sistemas de lectura m\u00f3viles y fijos, incluidos lo\",\"breadcrumb\":{\"@id\":\"https:\\\/\\\/www.maddalena.it\\\/es\\\/producto\\\/arrow-wan-2\\\/#breadcrumb\"},\"inLanguage\":\"es\",\"potentialAction\":[{\"@type\":\"ReadAction\",\"target\":[\"https:\\\/\\\/www.maddalena.it\\\/es\\\/producto\\\/arrow-wan-2\\\/\"]}]},{\"@type\":\"ImageObject\",\"inLanguage\":\"es\",\"@id\":\"https:\\\/\\\/www.maddalena.it\\\/es\\\/producto\\\/arrow-wan-2\\\/#primaryimage\",\"url\":\"https:\\\/\\\/www.maddalena.it\\\/wp-content\\\/uploads\\\/catalog-image\\\/mdc-arrowwan2-3q.png\",\"contentUrl\":\"https:\\\/\\\/www.maddalena.it\\\/wp-content\\\/uploads\\\/catalog-image\\\/mdc-arrowwan2-3q.png\",\"width\":1600,\"height\":1201,\"caption\":\"Radio\"},{\"@type\":\"BreadcrumbList\",\"@id\":\"https:\\\/\\\/www.maddalena.it\\\/es\\\/producto\\\/arrow-wan-2\\\/#breadcrumb\",\"itemListElement\":[{\"@type\":\"ListItem\",\"position\":1,\"name\":\"Home\",\"item\":\"https:\\\/\\\/www.maddalena.it\\\/es\\\/\"},{\"@type\":\"ListItem\",\"position\":2,\"name\":\"Productos\",\"item\":\"https:\\\/\\\/www.maddalena.it\\\/es\\\/producto\\\/\"},{\"@type\":\"ListItem\",\"position\":3,\"name\":\"M\u00f3dulos de comunicaci\u00f3n\",\"item\":\"https:\\\/\\\/www.maddalena.it\\\/es\\\/productos\\\/modulos-de-comunicacion\\\/\"},{\"@type\":\"ListItem\",\"position\":4,\"name\":\"Radio\",\"item\":\"https:\\\/\\\/www.maddalena.it\\\/es\\\/productos\\\/modulos-de-comunication-radio-es\\\/\"},{\"@type\":\"ListItem\",\"position\":5,\"name\":\"ARROW WAN 2\"}]},{\"@type\":\"WebSite\",\"@id\":\"https:\\\/\\\/www.maddalena.it\\\/es\\\/#website\",\"url\":\"https:\\\/\\\/www.maddalena.it\\\/es\\\/\",\"name\":\"Maddalena S.p.A.\",\"description\":\"Metering Expertise\",\"publisher\":{\"@id\":\"https:\\\/\\\/www.maddalena.it\\\/es\\\/#organization\"},\"potentialAction\":[{\"@type\":\"SearchAction\",\"target\":{\"@type\":\"EntryPoint\",\"urlTemplate\":\"https:\\\/\\\/www.maddalena.it\\\/es\\\/?s={search_term_string}\"},\"query-input\":{\"@type\":\"PropertyValueSpecification\",\"valueRequired\":true,\"valueName\":\"search_term_string\"}}],\"inLanguage\":\"es\"},{\"@type\":\"Organization\",\"@id\":\"https:\\\/\\\/www.maddalena.it\\\/es\\\/#organization\",\"name\":\"Maddalena S.p.A.\",\"url\":\"https:\\\/\\\/www.maddalena.it\\\/es\\\/\",\"logo\":{\"@type\":\"ImageObject\",\"inLanguage\":\"es\",\"@id\":\"https:\\\/\\\/www.maddalena.it\\\/es\\\/#\\\/schema\\\/logo\\\/image\\\/\",\"url\":\"https:\\\/\\\/www.maddalena.it\\\/wp-content\\\/uploads\\\/2022\\\/04\\\/logo.svg\",\"contentUrl\":\"https:\\\/\\\/www.maddalena.it\\\/wp-content\\\/uploads\\\/2022\\\/04\\\/logo.svg\",\"caption\":\"Maddalena S.p.A.\"},\"image\":{\"@id\":\"https:\\\/\\\/www.maddalena.it\\\/es\\\/#\\\/schema\\\/logo\\\/image\\\/\"}}]}<\/script>\n<!-- \/ Yoast SEO plugin. -->","yoast_head_json":{"title":"ARROW WAN 2 - M\u00d3DULO RADIO wM-BUS Y LoRaWAN\u2122","description":"M\u00f3dulo de radio compacto wM-Bus y LoRaWAN\u2122 que proporciona un alto nivel de interoperabilidad con diversos sistemas de lectura m\u00f3viles y fijos, incluidos lo","robots":{"index":"index","follow":"follow","max-snippet":"max-snippet:-1","max-image-preview":"max-image-preview:large","max-video-preview":"max-video-preview:-1"},"canonical":"https:\/\/www.maddalena.it\/es\/producto\/arrow-wan-2\/","og_locale":"es_ES","og_type":"article","og_title":"ARROW WAN 2 - M\u00d3DULO RADIO wM-BUS Y LoRaWAN\u2122","og_description":"M\u00f3dulo de radio compacto wM-Bus y LoRaWAN\u2122 que proporciona un alto nivel de interoperabilidad con diversos sistemas de lectura m\u00f3viles y fijos, incluidos lo","og_url":"https:\/\/www.maddalena.it\/es\/producto\/arrow-wan-2\/","og_site_name":"Maddalena S.p.A.","article_modified_time":"2023-10-27T10:02:09+00:00","og_image":[{"width":1600,"height":1201,"url":"https:\/\/www.maddalena.it\/wp-content\/uploads\/catalog-image\/mdc-arrowwan2-3q.png","type":"image\/png"}],"twitter_card":"summary_large_image","schema":{"@context":"https:\/\/schema.org","@graph":[{"@type":"WebPage","@id":"https:\/\/www.maddalena.it\/es\/producto\/arrow-wan-2\/","url":"https:\/\/www.maddalena.it\/es\/producto\/arrow-wan-2\/","name":"ARROW WAN 2 - M\u00d3DULO RADIO wM-BUS Y LoRaWAN\u2122","isPartOf":{"@id":"https:\/\/www.maddalena.it\/es\/#website"},"primaryImageOfPage":{"@id":"https:\/\/www.maddalena.it\/es\/producto\/arrow-wan-2\/#primaryimage"},"image":{"@id":"https:\/\/www.maddalena.it\/es\/producto\/arrow-wan-2\/#primaryimage"},"thumbnailUrl":"https:\/\/www.maddalena.it\/wp-content\/uploads\/catalog-image\/mdc-arrowwan2-3q.png","datePublished":"2022-08-03T12:29:18+00:00","dateModified":"2023-10-27T10:02:09+00:00","description":"M\u00f3dulo de radio compacto wM-Bus y LoRaWAN\u2122 que proporciona un alto nivel de interoperabilidad con diversos sistemas de lectura m\u00f3viles y fijos, incluidos lo","breadcrumb":{"@id":"https:\/\/www.maddalena.it\/es\/producto\/arrow-wan-2\/#breadcrumb"},"inLanguage":"es","potentialAction":[{"@type":"ReadAction","target":["https:\/\/www.maddalena.it\/es\/producto\/arrow-wan-2\/"]}]},{"@type":"ImageObject","inLanguage":"es","@id":"https:\/\/www.maddalena.it\/es\/producto\/arrow-wan-2\/#primaryimage","url":"https:\/\/www.maddalena.it\/wp-content\/uploads\/catalog-image\/mdc-arrowwan2-3q.png","contentUrl":"https:\/\/www.maddalena.it\/wp-content\/uploads\/catalog-image\/mdc-arrowwan2-3q.png","width":1600,"height":1201,"caption":"Radio"},{"@type":"BreadcrumbList","@id":"https:\/\/www.maddalena.it\/es\/producto\/arrow-wan-2\/#breadcrumb","itemListElement":[{"@type":"ListItem","position":1,"name":"Home","item":"https:\/\/www.maddalena.it\/es\/"},{"@type":"ListItem","position":2,"name":"Productos","item":"https:\/\/www.maddalena.it\/es\/producto\/"},{"@type":"ListItem","position":3,"name":"M\u00f3dulos de comunicaci\u00f3n","item":"https:\/\/www.maddalena.it\/es\/productos\/modulos-de-comunicacion\/"},{"@type":"ListItem","position":4,"name":"Radio","item":"https:\/\/www.maddalena.it\/es\/productos\/modulos-de-comunication-radio-es\/"},{"@type":"ListItem","position":5,"name":"ARROW WAN 2"}]},{"@type":"WebSite","@id":"https:\/\/www.maddalena.it\/es\/#website","url":"https:\/\/www.maddalena.it\/es\/","name":"Maddalena S.p.A.","description":"Metering Expertise","publisher":{"@id":"https:\/\/www.maddalena.it\/es\/#organization"},"potentialAction":[{"@type":"SearchAction","target":{"@type":"EntryPoint","urlTemplate":"https:\/\/www.maddalena.it\/es\/?s={search_term_string}"},"query-input":{"@type":"PropertyValueSpecification","valueRequired":true,"valueName":"search_term_string"}}],"inLanguage":"es"},{"@type":"Organization","@id":"https:\/\/www.maddalena.it\/es\/#organization","name":"Maddalena S.p.A.","url":"https:\/\/www.maddalena.it\/es\/","logo":{"@type":"ImageObject","inLanguage":"es","@id":"https:\/\/www.maddalena.it\/es\/#\/schema\/logo\/image\/","url":"https:\/\/www.maddalena.it\/wp-content\/uploads\/2022\/04\/logo.svg","contentUrl":"https:\/\/www.maddalena.it\/wp-content\/uploads\/2022\/04\/logo.svg","caption":"Maddalena S.p.A."},"image":{"@id":"https:\/\/www.maddalena.it\/es\/#\/schema\/logo\/image\/"}}]}},"_links":{"self":[{"href":"https:\/\/www.maddalena.it\/es\/wp-json\/wp\/v2\/product\/18457","targetHints":{"allow":["GET"]}}],"collection":[{"href":"https:\/\/www.maddalena.it\/es\/wp-json\/wp\/v2\/product"}],"about":[{"href":"https:\/\/www.maddalena.it\/es\/wp-json\/wp\/v2\/types\/product"}],"wp:featuredmedia":[{"embeddable":true,"href":"https:\/\/www.maddalena.it\/es\/wp-json\/wp\/v2\/media\/1799"}],"wp:attachment":[{"href":"https:\/\/www.maddalena.it\/es\/wp-json\/wp\/v2\/media?parent=18457"}],"wp:term":[{"taxonomy":"product_category","embeddable":true,"href":"https:\/\/www.maddalena.it\/es\/wp-json\/wp\/v2\/product_category?post=18457"}],"curies":[{"name":"wp","href":"https:\/\/api.w.org\/{rel}","templated":true}]}}