{"id":18453,"date":"2022-08-03T14:29:18","date_gmt":"2022-08-03T12:29:18","guid":{"rendered":"http:\/\/www.maddalena.it\/?post_type=product&#038;p=18453"},"modified":"2023-09-26T22:01:51","modified_gmt":"2023-09-26T20:01:51","slug":"gamma-1-d-m-s311","status":"publish","type":"product","link":"https:\/\/www.maddalena.it\/es\/producto\/gamma-1-d-m-s311\/","title":{"rendered":"GAMMA 1-D-M &amp; S311"},"content":{"rendered":"<p>Unidad electr\u00f3nica de dosificaci\u00f3n o visualizaci\u00f3n, combinables con todos los contadores con salida de impulsos.<br \/>\nGamma 1-D-M es el predeterminador de dosificaci\u00f3n para instalaci\u00f3n en rack con botones para la programaci\u00f3n del instrumento y el mando de la dosificaci\u00f3n.<br \/>\nGamma S311 es un indicador\/visualizador para la medici\u00f3n del caudal y del volumen.<\/p>\n<p>DOCUMENTACI\u00d3N DISPONIBLE BAJO DEMANDA<\/p>\n","protected":false},"excerpt":{"rendered":"<p>UNIDAD DE DOSIFICACI\u00d3N Y VISUALIZACI\u00d3N<\/p>\n","protected":false},"featured_media":1299,"menu_order":54,"template":"","meta":{"_acf_changed":false,"_lmt_disableupdate":"","_lmt_disable":""},"product_category":[127],"class_list":["post-18453","product","type-product","status-publish","has-post-thumbnail","hentry","product_category-industria-es"],"acf":[],"yoast_head":"<!-- This site is optimized with the Yoast SEO plugin v27.4 - https:\/\/yoast.com\/product\/yoast-seo-wordpress\/ -->\n<title>GAMMA 1-D-M &amp; S311 - UNIDAD DE DOSIFICACI\u00d3N Y VISUALIZACI\u00d3N<\/title>\n<meta name=\"description\" content=\"Unidad electr\u00f3nica de dosificaci\u00f3n o visualizaci\u00f3n, combinables con todos los contadores con salida de impulsos. Gamma 1-D-M es el predeterminador de dosifi\" \/>\n<meta name=\"robots\" content=\"index, follow, max-snippet:-1, max-image-preview:large, max-video-preview:-1\" \/>\n<link rel=\"canonical\" href=\"https:\/\/www.maddalena.it\/es\/producto\/gamma-1-d-m-s311\/\" \/>\n<meta property=\"og:locale\" content=\"es_ES\" \/>\n<meta property=\"og:type\" content=\"article\" \/>\n<meta property=\"og:title\" content=\"GAMMA 1-D-M &amp; S311 - UNIDAD DE DOSIFICACI\u00d3N Y VISUALIZACI\u00d3N\" \/>\n<meta property=\"og:description\" content=\"Unidad electr\u00f3nica de dosificaci\u00f3n o visualizaci\u00f3n, combinables con todos los contadores con salida de impulsos. Gamma 1-D-M es el predeterminador de dosifi\" \/>\n<meta property=\"og:url\" content=\"https:\/\/www.maddalena.it\/es\/producto\/gamma-1-d-m-s311\/\" \/>\n<meta property=\"og:site_name\" content=\"Maddalena S.p.A.\" \/>\n<meta property=\"article:modified_time\" content=\"2023-09-26T20:01:51+00:00\" \/>\n<meta property=\"og:image\" content=\"https:\/\/www.maddalena.it\/wp-content\/uploads\/catalog-image\/unita-dosaggio.png\" \/>\n\t<meta property=\"og:image:width\" content=\"396\" \/>\n\t<meta property=\"og:image:height\" content=\"313\" \/>\n\t<meta property=\"og:image:type\" content=\"image\/png\" \/>\n<meta name=\"twitter:card\" content=\"summary_large_image\" \/>\n<script type=\"application\/ld+json\" class=\"yoast-schema-graph\">{\"@context\":\"https:\\\/\\\/schema.org\",\"@graph\":[{\"@type\":\"WebPage\",\"@id\":\"https:\\\/\\\/www.maddalena.it\\\/es\\\/producto\\\/gamma-1-d-m-s311\\\/\",\"url\":\"https:\\\/\\\/www.maddalena.it\\\/es\\\/producto\\\/gamma-1-d-m-s311\\\/\",\"name\":\"GAMMA 1-D-M &amp; S311 - UNIDAD DE DOSIFICACI\u00d3N Y VISUALIZACI\u00d3N\",\"isPartOf\":{\"@id\":\"https:\\\/\\\/www.maddalena.it\\\/es\\\/#website\"},\"primaryImageOfPage\":{\"@id\":\"https:\\\/\\\/www.maddalena.it\\\/es\\\/producto\\\/gamma-1-d-m-s311\\\/#primaryimage\"},\"image\":{\"@id\":\"https:\\\/\\\/www.maddalena.it\\\/es\\\/producto\\\/gamma-1-d-m-s311\\\/#primaryimage\"},\"thumbnailUrl\":\"https:\\\/\\\/www.maddalena.it\\\/wp-content\\\/uploads\\\/catalog-image\\\/unita-dosaggio.png\",\"datePublished\":\"2022-08-03T12:29:18+00:00\",\"dateModified\":\"2023-09-26T20:01:51+00:00\",\"description\":\"Unidad electr\u00f3nica de dosificaci\u00f3n o visualizaci\u00f3n, combinables con todos los contadores con salida de impulsos. Gamma 1-D-M es el predeterminador de dosifi\",\"breadcrumb\":{\"@id\":\"https:\\\/\\\/www.maddalena.it\\\/es\\\/producto\\\/gamma-1-d-m-s311\\\/#breadcrumb\"},\"inLanguage\":\"es\",\"potentialAction\":[{\"@type\":\"ReadAction\",\"target\":[\"https:\\\/\\\/www.maddalena.it\\\/es\\\/producto\\\/gamma-1-d-m-s311\\\/\"]}]},{\"@type\":\"ImageObject\",\"inLanguage\":\"es\",\"@id\":\"https:\\\/\\\/www.maddalena.it\\\/es\\\/producto\\\/gamma-1-d-m-s311\\\/#primaryimage\",\"url\":\"https:\\\/\\\/www.maddalena.it\\\/wp-content\\\/uploads\\\/catalog-image\\\/unita-dosaggio.png\",\"contentUrl\":\"https:\\\/\\\/www.maddalena.it\\\/wp-content\\\/uploads\\\/catalog-image\\\/unita-dosaggio.png\",\"width\":396,\"height\":313,\"caption\":\"Industria\"},{\"@type\":\"BreadcrumbList\",\"@id\":\"https:\\\/\\\/www.maddalena.it\\\/es\\\/producto\\\/gamma-1-d-m-s311\\\/#breadcrumb\",\"itemListElement\":[{\"@type\":\"ListItem\",\"position\":1,\"name\":\"Home\",\"item\":\"https:\\\/\\\/www.maddalena.it\\\/es\\\/\"},{\"@type\":\"ListItem\",\"position\":2,\"name\":\"Productos\",\"item\":\"https:\\\/\\\/www.maddalena.it\\\/es\\\/producto\\\/\"},{\"@type\":\"ListItem\",\"position\":3,\"name\":\"Instrumentaci\u00f3n\",\"item\":\"https:\\\/\\\/www.maddalena.it\\\/es\\\/productos\\\/instrumentacion\\\/\"},{\"@type\":\"ListItem\",\"position\":4,\"name\":\"Industria\",\"item\":\"https:\\\/\\\/www.maddalena.it\\\/es\\\/productos\\\/industria-es\\\/\"},{\"@type\":\"ListItem\",\"position\":5,\"name\":\"GAMMA 1-D-M &amp; S311\"}]},{\"@type\":\"WebSite\",\"@id\":\"https:\\\/\\\/www.maddalena.it\\\/es\\\/#website\",\"url\":\"https:\\\/\\\/www.maddalena.it\\\/es\\\/\",\"name\":\"Maddalena S.p.A.\",\"description\":\"Metering Expertise\",\"publisher\":{\"@id\":\"https:\\\/\\\/www.maddalena.it\\\/es\\\/#organization\"},\"potentialAction\":[{\"@type\":\"SearchAction\",\"target\":{\"@type\":\"EntryPoint\",\"urlTemplate\":\"https:\\\/\\\/www.maddalena.it\\\/es\\\/?s={search_term_string}\"},\"query-input\":{\"@type\":\"PropertyValueSpecification\",\"valueRequired\":true,\"valueName\":\"search_term_string\"}}],\"inLanguage\":\"es\"},{\"@type\":\"Organization\",\"@id\":\"https:\\\/\\\/www.maddalena.it\\\/es\\\/#organization\",\"name\":\"Maddalena S.p.A.\",\"url\":\"https:\\\/\\\/www.maddalena.it\\\/es\\\/\",\"logo\":{\"@type\":\"ImageObject\",\"inLanguage\":\"es\",\"@id\":\"https:\\\/\\\/www.maddalena.it\\\/es\\\/#\\\/schema\\\/logo\\\/image\\\/\",\"url\":\"https:\\\/\\\/www.maddalena.it\\\/wp-content\\\/uploads\\\/2022\\\/04\\\/logo.svg\",\"contentUrl\":\"https:\\\/\\\/www.maddalena.it\\\/wp-content\\\/uploads\\\/2022\\\/04\\\/logo.svg\",\"caption\":\"Maddalena S.p.A.\"},\"image\":{\"@id\":\"https:\\\/\\\/www.maddalena.it\\\/es\\\/#\\\/schema\\\/logo\\\/image\\\/\"}}]}<\/script>\n<!-- \/ Yoast SEO plugin. -->","yoast_head_json":{"title":"GAMMA 1-D-M &amp; S311 - UNIDAD DE DOSIFICACI\u00d3N Y VISUALIZACI\u00d3N","description":"Unidad electr\u00f3nica de dosificaci\u00f3n o visualizaci\u00f3n, combinables con todos los contadores con salida de impulsos. Gamma 1-D-M es el predeterminador de dosifi","robots":{"index":"index","follow":"follow","max-snippet":"max-snippet:-1","max-image-preview":"max-image-preview:large","max-video-preview":"max-video-preview:-1"},"canonical":"https:\/\/www.maddalena.it\/es\/producto\/gamma-1-d-m-s311\/","og_locale":"es_ES","og_type":"article","og_title":"GAMMA 1-D-M &amp; S311 - UNIDAD DE DOSIFICACI\u00d3N Y VISUALIZACI\u00d3N","og_description":"Unidad electr\u00f3nica de dosificaci\u00f3n o visualizaci\u00f3n, combinables con todos los contadores con salida de impulsos. Gamma 1-D-M es el predeterminador de dosifi","og_url":"https:\/\/www.maddalena.it\/es\/producto\/gamma-1-d-m-s311\/","og_site_name":"Maddalena S.p.A.","article_modified_time":"2023-09-26T20:01:51+00:00","og_image":[{"width":396,"height":313,"url":"https:\/\/www.maddalena.it\/wp-content\/uploads\/catalog-image\/unita-dosaggio.png","type":"image\/png"}],"twitter_card":"summary_large_image","schema":{"@context":"https:\/\/schema.org","@graph":[{"@type":"WebPage","@id":"https:\/\/www.maddalena.it\/es\/producto\/gamma-1-d-m-s311\/","url":"https:\/\/www.maddalena.it\/es\/producto\/gamma-1-d-m-s311\/","name":"GAMMA 1-D-M &amp; S311 - UNIDAD DE DOSIFICACI\u00d3N Y VISUALIZACI\u00d3N","isPartOf":{"@id":"https:\/\/www.maddalena.it\/es\/#website"},"primaryImageOfPage":{"@id":"https:\/\/www.maddalena.it\/es\/producto\/gamma-1-d-m-s311\/#primaryimage"},"image":{"@id":"https:\/\/www.maddalena.it\/es\/producto\/gamma-1-d-m-s311\/#primaryimage"},"thumbnailUrl":"https:\/\/www.maddalena.it\/wp-content\/uploads\/catalog-image\/unita-dosaggio.png","datePublished":"2022-08-03T12:29:18+00:00","dateModified":"2023-09-26T20:01:51+00:00","description":"Unidad electr\u00f3nica de dosificaci\u00f3n o visualizaci\u00f3n, combinables con todos los contadores con salida de impulsos. Gamma 1-D-M es el predeterminador de dosifi","breadcrumb":{"@id":"https:\/\/www.maddalena.it\/es\/producto\/gamma-1-d-m-s311\/#breadcrumb"},"inLanguage":"es","potentialAction":[{"@type":"ReadAction","target":["https:\/\/www.maddalena.it\/es\/producto\/gamma-1-d-m-s311\/"]}]},{"@type":"ImageObject","inLanguage":"es","@id":"https:\/\/www.maddalena.it\/es\/producto\/gamma-1-d-m-s311\/#primaryimage","url":"https:\/\/www.maddalena.it\/wp-content\/uploads\/catalog-image\/unita-dosaggio.png","contentUrl":"https:\/\/www.maddalena.it\/wp-content\/uploads\/catalog-image\/unita-dosaggio.png","width":396,"height":313,"caption":"Industria"},{"@type":"BreadcrumbList","@id":"https:\/\/www.maddalena.it\/es\/producto\/gamma-1-d-m-s311\/#breadcrumb","itemListElement":[{"@type":"ListItem","position":1,"name":"Home","item":"https:\/\/www.maddalena.it\/es\/"},{"@type":"ListItem","position":2,"name":"Productos","item":"https:\/\/www.maddalena.it\/es\/producto\/"},{"@type":"ListItem","position":3,"name":"Instrumentaci\u00f3n","item":"https:\/\/www.maddalena.it\/es\/productos\/instrumentacion\/"},{"@type":"ListItem","position":4,"name":"Industria","item":"https:\/\/www.maddalena.it\/es\/productos\/industria-es\/"},{"@type":"ListItem","position":5,"name":"GAMMA 1-D-M &amp; S311"}]},{"@type":"WebSite","@id":"https:\/\/www.maddalena.it\/es\/#website","url":"https:\/\/www.maddalena.it\/es\/","name":"Maddalena S.p.A.","description":"Metering Expertise","publisher":{"@id":"https:\/\/www.maddalena.it\/es\/#organization"},"potentialAction":[{"@type":"SearchAction","target":{"@type":"EntryPoint","urlTemplate":"https:\/\/www.maddalena.it\/es\/?s={search_term_string}"},"query-input":{"@type":"PropertyValueSpecification","valueRequired":true,"valueName":"search_term_string"}}],"inLanguage":"es"},{"@type":"Organization","@id":"https:\/\/www.maddalena.it\/es\/#organization","name":"Maddalena S.p.A.","url":"https:\/\/www.maddalena.it\/es\/","logo":{"@type":"ImageObject","inLanguage":"es","@id":"https:\/\/www.maddalena.it\/es\/#\/schema\/logo\/image\/","url":"https:\/\/www.maddalena.it\/wp-content\/uploads\/2022\/04\/logo.svg","contentUrl":"https:\/\/www.maddalena.it\/wp-content\/uploads\/2022\/04\/logo.svg","caption":"Maddalena S.p.A."},"image":{"@id":"https:\/\/www.maddalena.it\/es\/#\/schema\/logo\/image\/"}}]}},"_links":{"self":[{"href":"https:\/\/www.maddalena.it\/es\/wp-json\/wp\/v2\/product\/18453","targetHints":{"allow":["GET"]}}],"collection":[{"href":"https:\/\/www.maddalena.it\/es\/wp-json\/wp\/v2\/product"}],"about":[{"href":"https:\/\/www.maddalena.it\/es\/wp-json\/wp\/v2\/types\/product"}],"wp:featuredmedia":[{"embeddable":true,"href":"https:\/\/www.maddalena.it\/es\/wp-json\/wp\/v2\/media\/1299"}],"wp:attachment":[{"href":"https:\/\/www.maddalena.it\/es\/wp-json\/wp\/v2\/media?parent=18453"}],"wp:term":[{"taxonomy":"product_category","embeddable":true,"href":"https:\/\/www.maddalena.it\/es\/wp-json\/wp\/v2\/product_category?post=18453"}],"curies":[{"name":"wp","href":"https:\/\/api.w.org\/{rel}","templated":true}]}}