{"id":18434,"date":"2022-08-03T14:29:19","date_gmt":"2022-08-03T12:29:19","guid":{"rendered":"http:\/\/www.maddalena.it\/?post_type=product&#038;p=18434"},"modified":"2024-06-19T10:00:15","modified_gmt":"2024-06-19T08:00:15","slug":"microclima-evo","status":"publish","type":"product","link":"https:\/\/www.maddalena.it\/es\/producto\/microclima-evo\/","title":{"rendered":"MICROCLIMA EVO"},"content":{"rendered":"<p>El MicroClima EVO es un instrumento compacto para la contabilizaci\u00f3n de la energ\u00eda t\u00e9rmica suministrada a los consumidores utilizando el agua como elemento de transporte de energ\u00eda. El contador de calor MicroClima EVO, teniendo en cuenta la diferencia de temperatura entre la entrada y la salida y el volumen de agua que entra, calcula, muestra y transmite la energ\u00eda utilizada por el usuario. Los calibres disponibles son de DN 15 a DN 20.<\/p>\n","protected":false},"excerpt":{"rendered":"<p>MEDIDOR COMPACTO DE ENERG\u00cdA T\u00c9RMICA \u2013 CHORRO \u00daNICO MEC\u00c1NICO<\/p>\n","protected":false},"featured_media":672,"menu_order":36,"template":"","meta":{"_acf_changed":false,"_lmt_disableupdate":"","_lmt_disable":""},"product_category":[87],"class_list":["post-18434","product","type-product","status-publish","has-post-thumbnail","hentry","product_category-medidores-compactos"],"acf":[],"yoast_head":"<!-- This site is optimized with the Yoast SEO plugin v27.3 - https:\/\/yoast.com\/product\/yoast-seo-wordpress\/ -->\n<title>MICROCLIMA EVO - MEDIDOR COMPACTO DE ENERG\u00cdA T\u00c9RMICA \u2013 CHORRO \u00daNICO MEC\u00c1NICO<\/title>\n<meta name=\"description\" content=\"El MicroClima EVO es un instrumento compacto para la contabilizaci\u00f3n de la energ\u00eda t\u00e9rmica suministrada a los consumidores utilizando el agua como elemento d\" \/>\n<meta name=\"robots\" content=\"index, follow, max-snippet:-1, max-image-preview:large, max-video-preview:-1\" \/>\n<link rel=\"canonical\" href=\"https:\/\/www.maddalena.it\/es\/producto\/microclima-evo\/\" \/>\n<meta property=\"og:locale\" content=\"es_ES\" \/>\n<meta property=\"og:type\" content=\"article\" \/>\n<meta property=\"og:title\" content=\"MICROCLIMA EVO - MEDIDOR COMPACTO DE ENERG\u00cdA T\u00c9RMICA \u2013 CHORRO \u00daNICO MEC\u00c1NICO\" \/>\n<meta property=\"og:description\" content=\"El MicroClima EVO es un instrumento compacto para la contabilizaci\u00f3n de la energ\u00eda t\u00e9rmica suministrada a los consumidores utilizando el agua como elemento d\" \/>\n<meta property=\"og:url\" content=\"https:\/\/www.maddalena.it\/es\/producto\/microclima-evo\/\" \/>\n<meta property=\"og:site_name\" content=\"Maddalena S.p.A.\" \/>\n<meta property=\"article:modified_time\" content=\"2024-06-19T08:00:15+00:00\" \/>\n<meta property=\"og:image\" content=\"https:\/\/www.maddalena.it\/wp-content\/uploads\/catalog-image\/20143-micro-evo.jpg\" \/>\n\t<meta property=\"og:image:width\" content=\"1600\" \/>\n\t<meta property=\"og:image:height\" content=\"1201\" \/>\n\t<meta property=\"og:image:type\" content=\"image\/jpeg\" \/>\n<meta name=\"twitter:card\" content=\"summary_large_image\" \/>\n<script type=\"application\/ld+json\" class=\"yoast-schema-graph\">{\"@context\":\"https:\\\/\\\/schema.org\",\"@graph\":[{\"@type\":\"WebPage\",\"@id\":\"https:\\\/\\\/www.maddalena.it\\\/es\\\/producto\\\/microclima-evo\\\/\",\"url\":\"https:\\\/\\\/www.maddalena.it\\\/es\\\/producto\\\/microclima-evo\\\/\",\"name\":\"MICROCLIMA EVO - MEDIDOR COMPACTO DE ENERG\u00cdA T\u00c9RMICA \u2013 CHORRO \u00daNICO MEC\u00c1NICO\",\"isPartOf\":{\"@id\":\"https:\\\/\\\/www.maddalena.it\\\/es\\\/#website\"},\"primaryImageOfPage\":{\"@id\":\"https:\\\/\\\/www.maddalena.it\\\/es\\\/producto\\\/microclima-evo\\\/#primaryimage\"},\"image\":{\"@id\":\"https:\\\/\\\/www.maddalena.it\\\/es\\\/producto\\\/microclima-evo\\\/#primaryimage\"},\"thumbnailUrl\":\"https:\\\/\\\/www.maddalena.it\\\/wp-content\\\/uploads\\\/catalog-image\\\/20143-micro-evo.jpg\",\"datePublished\":\"2022-08-03T12:29:19+00:00\",\"dateModified\":\"2024-06-19T08:00:15+00:00\",\"description\":\"El MicroClima EVO es un instrumento compacto para la contabilizaci\u00f3n de la energ\u00eda t\u00e9rmica suministrada a los consumidores utilizando el agua como elemento d\",\"breadcrumb\":{\"@id\":\"https:\\\/\\\/www.maddalena.it\\\/es\\\/producto\\\/microclima-evo\\\/#breadcrumb\"},\"inLanguage\":\"es\",\"potentialAction\":[{\"@type\":\"ReadAction\",\"target\":[\"https:\\\/\\\/www.maddalena.it\\\/es\\\/producto\\\/microclima-evo\\\/\"]}]},{\"@type\":\"ImageObject\",\"inLanguage\":\"es\",\"@id\":\"https:\\\/\\\/www.maddalena.it\\\/es\\\/producto\\\/microclima-evo\\\/#primaryimage\",\"url\":\"https:\\\/\\\/www.maddalena.it\\\/wp-content\\\/uploads\\\/catalog-image\\\/20143-micro-evo.jpg\",\"contentUrl\":\"https:\\\/\\\/www.maddalena.it\\\/wp-content\\\/uploads\\\/catalog-image\\\/20143-micro-evo.jpg\",\"width\":1600,\"height\":1201,\"caption\":\"Compatto\"},{\"@type\":\"BreadcrumbList\",\"@id\":\"https:\\\/\\\/www.maddalena.it\\\/es\\\/producto\\\/microclima-evo\\\/#breadcrumb\",\"itemListElement\":[{\"@type\":\"ListItem\",\"position\":1,\"name\":\"Home\",\"item\":\"https:\\\/\\\/www.maddalena.it\\\/es\\\/\"},{\"@type\":\"ListItem\",\"position\":2,\"name\":\"Productos\",\"item\":\"https:\\\/\\\/www.maddalena.it\\\/es\\\/producto\\\/\"},{\"@type\":\"ListItem\",\"position\":3,\"name\":\"Energ\u00eda t\u00e9rmica\",\"item\":\"https:\\\/\\\/www.maddalena.it\\\/es\\\/productos\\\/energia-termica-es\\\/\"},{\"@type\":\"ListItem\",\"position\":4,\"name\":\"Compacto\",\"item\":\"https:\\\/\\\/www.maddalena.it\\\/es\\\/productos\\\/medidores-compactos\\\/\"},{\"@type\":\"ListItem\",\"position\":5,\"name\":\"MICROCLIMA EVO\"}]},{\"@type\":\"WebSite\",\"@id\":\"https:\\\/\\\/www.maddalena.it\\\/es\\\/#website\",\"url\":\"https:\\\/\\\/www.maddalena.it\\\/es\\\/\",\"name\":\"Maddalena S.p.A.\",\"description\":\"Metering Expertise\",\"publisher\":{\"@id\":\"https:\\\/\\\/www.maddalena.it\\\/es\\\/#organization\"},\"potentialAction\":[{\"@type\":\"SearchAction\",\"target\":{\"@type\":\"EntryPoint\",\"urlTemplate\":\"https:\\\/\\\/www.maddalena.it\\\/es\\\/?s={search_term_string}\"},\"query-input\":{\"@type\":\"PropertyValueSpecification\",\"valueRequired\":true,\"valueName\":\"search_term_string\"}}],\"inLanguage\":\"es\"},{\"@type\":\"Organization\",\"@id\":\"https:\\\/\\\/www.maddalena.it\\\/es\\\/#organization\",\"name\":\"Maddalena S.p.A.\",\"url\":\"https:\\\/\\\/www.maddalena.it\\\/es\\\/\",\"logo\":{\"@type\":\"ImageObject\",\"inLanguage\":\"es\",\"@id\":\"https:\\\/\\\/www.maddalena.it\\\/es\\\/#\\\/schema\\\/logo\\\/image\\\/\",\"url\":\"https:\\\/\\\/www.maddalena.it\\\/wp-content\\\/uploads\\\/2022\\\/04\\\/logo.svg\",\"contentUrl\":\"https:\\\/\\\/www.maddalena.it\\\/wp-content\\\/uploads\\\/2022\\\/04\\\/logo.svg\",\"caption\":\"Maddalena S.p.A.\"},\"image\":{\"@id\":\"https:\\\/\\\/www.maddalena.it\\\/es\\\/#\\\/schema\\\/logo\\\/image\\\/\"}}]}<\/script>\n<!-- \/ Yoast SEO plugin. -->","yoast_head_json":{"title":"MICROCLIMA EVO - MEDIDOR COMPACTO DE ENERG\u00cdA T\u00c9RMICA \u2013 CHORRO \u00daNICO MEC\u00c1NICO","description":"El MicroClima EVO es un instrumento compacto para la contabilizaci\u00f3n de la energ\u00eda t\u00e9rmica suministrada a los consumidores utilizando el agua como elemento d","robots":{"index":"index","follow":"follow","max-snippet":"max-snippet:-1","max-image-preview":"max-image-preview:large","max-video-preview":"max-video-preview:-1"},"canonical":"https:\/\/www.maddalena.it\/es\/producto\/microclima-evo\/","og_locale":"es_ES","og_type":"article","og_title":"MICROCLIMA EVO - MEDIDOR COMPACTO DE ENERG\u00cdA T\u00c9RMICA \u2013 CHORRO \u00daNICO MEC\u00c1NICO","og_description":"El MicroClima EVO es un instrumento compacto para la contabilizaci\u00f3n de la energ\u00eda t\u00e9rmica suministrada a los consumidores utilizando el agua como elemento d","og_url":"https:\/\/www.maddalena.it\/es\/producto\/microclima-evo\/","og_site_name":"Maddalena S.p.A.","article_modified_time":"2024-06-19T08:00:15+00:00","og_image":[{"width":1600,"height":1201,"url":"https:\/\/www.maddalena.it\/wp-content\/uploads\/catalog-image\/20143-micro-evo.jpg","type":"image\/jpeg"}],"twitter_card":"summary_large_image","schema":{"@context":"https:\/\/schema.org","@graph":[{"@type":"WebPage","@id":"https:\/\/www.maddalena.it\/es\/producto\/microclima-evo\/","url":"https:\/\/www.maddalena.it\/es\/producto\/microclima-evo\/","name":"MICROCLIMA EVO - MEDIDOR COMPACTO DE ENERG\u00cdA T\u00c9RMICA \u2013 CHORRO \u00daNICO MEC\u00c1NICO","isPartOf":{"@id":"https:\/\/www.maddalena.it\/es\/#website"},"primaryImageOfPage":{"@id":"https:\/\/www.maddalena.it\/es\/producto\/microclima-evo\/#primaryimage"},"image":{"@id":"https:\/\/www.maddalena.it\/es\/producto\/microclima-evo\/#primaryimage"},"thumbnailUrl":"https:\/\/www.maddalena.it\/wp-content\/uploads\/catalog-image\/20143-micro-evo.jpg","datePublished":"2022-08-03T12:29:19+00:00","dateModified":"2024-06-19T08:00:15+00:00","description":"El MicroClima EVO es un instrumento compacto para la contabilizaci\u00f3n de la energ\u00eda t\u00e9rmica suministrada a los consumidores utilizando el agua como elemento d","breadcrumb":{"@id":"https:\/\/www.maddalena.it\/es\/producto\/microclima-evo\/#breadcrumb"},"inLanguage":"es","potentialAction":[{"@type":"ReadAction","target":["https:\/\/www.maddalena.it\/es\/producto\/microclima-evo\/"]}]},{"@type":"ImageObject","inLanguage":"es","@id":"https:\/\/www.maddalena.it\/es\/producto\/microclima-evo\/#primaryimage","url":"https:\/\/www.maddalena.it\/wp-content\/uploads\/catalog-image\/20143-micro-evo.jpg","contentUrl":"https:\/\/www.maddalena.it\/wp-content\/uploads\/catalog-image\/20143-micro-evo.jpg","width":1600,"height":1201,"caption":"Compatto"},{"@type":"BreadcrumbList","@id":"https:\/\/www.maddalena.it\/es\/producto\/microclima-evo\/#breadcrumb","itemListElement":[{"@type":"ListItem","position":1,"name":"Home","item":"https:\/\/www.maddalena.it\/es\/"},{"@type":"ListItem","position":2,"name":"Productos","item":"https:\/\/www.maddalena.it\/es\/producto\/"},{"@type":"ListItem","position":3,"name":"Energ\u00eda t\u00e9rmica","item":"https:\/\/www.maddalena.it\/es\/productos\/energia-termica-es\/"},{"@type":"ListItem","position":4,"name":"Compacto","item":"https:\/\/www.maddalena.it\/es\/productos\/medidores-compactos\/"},{"@type":"ListItem","position":5,"name":"MICROCLIMA EVO"}]},{"@type":"WebSite","@id":"https:\/\/www.maddalena.it\/es\/#website","url":"https:\/\/www.maddalena.it\/es\/","name":"Maddalena S.p.A.","description":"Metering Expertise","publisher":{"@id":"https:\/\/www.maddalena.it\/es\/#organization"},"potentialAction":[{"@type":"SearchAction","target":{"@type":"EntryPoint","urlTemplate":"https:\/\/www.maddalena.it\/es\/?s={search_term_string}"},"query-input":{"@type":"PropertyValueSpecification","valueRequired":true,"valueName":"search_term_string"}}],"inLanguage":"es"},{"@type":"Organization","@id":"https:\/\/www.maddalena.it\/es\/#organization","name":"Maddalena S.p.A.","url":"https:\/\/www.maddalena.it\/es\/","logo":{"@type":"ImageObject","inLanguage":"es","@id":"https:\/\/www.maddalena.it\/es\/#\/schema\/logo\/image\/","url":"https:\/\/www.maddalena.it\/wp-content\/uploads\/2022\/04\/logo.svg","contentUrl":"https:\/\/www.maddalena.it\/wp-content\/uploads\/2022\/04\/logo.svg","caption":"Maddalena S.p.A."},"image":{"@id":"https:\/\/www.maddalena.it\/es\/#\/schema\/logo\/image\/"}}]}},"_links":{"self":[{"href":"https:\/\/www.maddalena.it\/es\/wp-json\/wp\/v2\/product\/18434","targetHints":{"allow":["GET"]}}],"collection":[{"href":"https:\/\/www.maddalena.it\/es\/wp-json\/wp\/v2\/product"}],"about":[{"href":"https:\/\/www.maddalena.it\/es\/wp-json\/wp\/v2\/types\/product"}],"wp:featuredmedia":[{"embeddable":true,"href":"https:\/\/www.maddalena.it\/es\/wp-json\/wp\/v2\/media\/672"}],"wp:attachment":[{"href":"https:\/\/www.maddalena.it\/es\/wp-json\/wp\/v2\/media?parent=18434"}],"wp:term":[{"taxonomy":"product_category","embeddable":true,"href":"https:\/\/www.maddalena.it\/es\/wp-json\/wp\/v2\/product_category?post=18434"}],"curies":[{"name":"wp","href":"https:\/\/api.w.org\/{rel}","templated":true}]}}