{"id":18351,"date":"2022-08-03T14:29:24","date_gmt":"2022-08-03T12:29:24","guid":{"rendered":"http:\/\/www.maddalena.it\/?post_type=product&#038;p=18351"},"modified":"2025-11-20T16:00:26","modified_gmt":"2025-11-20T15:00:26","slug":"ds-trp","status":"publish","type":"product","link":"https:\/\/www.maddalena.it\/es\/producto\/ds-trp\/","title":{"rendered":"DS TRP"},"content":{"rendered":"<p>DS TRP representa la m\u00e1xima expresi\u00f3n del contador de chorro m\u00faltiple. Gracias a la transmisi\u00f3n mec\u00e1nica ofrece altas prestaciones metrol\u00f3gicas, inmunidad a los campos magn\u00e9ticos y una perfecta legibilidad en el tiempo con la soluci\u00f3n con \u00abrodillos protegidos\u00bb desarrollada por primera vez en Maddalena. Robusto, duradero, adecuado para los entornos m\u00e1s dif\u00edciles, es compatible con todos los tipos de agua. Puede ser equipado con las tecnolog\u00edas m\u00e1s modernas de transmisi\u00f3n de datos a distancia.<\/p>\n","protected":false},"excerpt":{"rendered":"<p>CONTADOR DE CHORRO M\u00daLTIPLE CON RODILLOS PROTEGIDOS<\/p>\n","protected":false},"featured_media":723,"menu_order":6,"template":"","meta":{"_acf_changed":false,"_lmt_disableupdate":"","_lmt_disable":""},"product_category":[79],"class_list":["post-18351","product","type-product","status-publish","has-post-thumbnail","hentry","product_category-mecto-es"],"acf":[],"yoast_head":"<!-- This site is optimized with the Yoast SEO plugin v27.3 - https:\/\/yoast.com\/product\/yoast-seo-wordpress\/ -->\n<title>DS TRP - CONTADOR DE CHORRO M\u00daLTIPLE CON RODILLOS PROTEGIDOS<\/title>\n<meta name=\"description\" content=\"DS TRP representa la m\u00e1xima expresi\u00f3n del contador de chorro m\u00faltiple. Gracias a la transmisi\u00f3n mec\u00e1nica ofrece altas prestaciones metrol\u00f3gicas, inmunidad\" \/>\n<meta name=\"robots\" content=\"index, follow, max-snippet:-1, max-image-preview:large, max-video-preview:-1\" \/>\n<link rel=\"canonical\" href=\"https:\/\/www.maddalena.it\/es\/producto\/ds-trp\/\" \/>\n<meta property=\"og:locale\" content=\"es_ES\" \/>\n<meta property=\"og:type\" content=\"article\" \/>\n<meta property=\"og:title\" content=\"DS TRP - CONTADOR DE CHORRO M\u00daLTIPLE CON RODILLOS PROTEGIDOS\" \/>\n<meta property=\"og:description\" content=\"DS TRP representa la m\u00e1xima expresi\u00f3n del contador de chorro m\u00faltiple. Gracias a la transmisi\u00f3n mec\u00e1nica ofrece altas prestaciones metrol\u00f3gicas, inmunidad\" \/>\n<meta property=\"og:url\" content=\"https:\/\/www.maddalena.it\/es\/producto\/ds-trp\/\" \/>\n<meta property=\"og:site_name\" content=\"Maddalena S.p.A.\" \/>\n<meta property=\"article:modified_time\" content=\"2025-11-20T15:00:26+00:00\" \/>\n<meta property=\"og:image\" content=\"https:\/\/www.maddalena.it\/wp-content\/uploads\/catalog-image\/mecto-ds-trp-blu-3q.png\" \/>\n\t<meta property=\"og:image:width\" content=\"1600\" \/>\n\t<meta property=\"og:image:height\" content=\"1201\" \/>\n\t<meta property=\"og:image:type\" content=\"image\/png\" \/>\n<meta name=\"twitter:card\" content=\"summary_large_image\" \/>\n<script type=\"application\/ld+json\" class=\"yoast-schema-graph\">{\"@context\":\"https:\\\/\\\/schema.org\",\"@graph\":[{\"@type\":\"WebPage\",\"@id\":\"https:\\\/\\\/www.maddalena.it\\\/es\\\/producto\\\/ds-trp\\\/\",\"url\":\"https:\\\/\\\/www.maddalena.it\\\/es\\\/producto\\\/ds-trp\\\/\",\"name\":\"DS TRP - CONTADOR DE CHORRO M\u00daLTIPLE CON RODILLOS PROTEGIDOS\",\"isPartOf\":{\"@id\":\"https:\\\/\\\/www.maddalena.it\\\/es\\\/#website\"},\"primaryImageOfPage\":{\"@id\":\"https:\\\/\\\/www.maddalena.it\\\/es\\\/producto\\\/ds-trp\\\/#primaryimage\"},\"image\":{\"@id\":\"https:\\\/\\\/www.maddalena.it\\\/es\\\/producto\\\/ds-trp\\\/#primaryimage\"},\"thumbnailUrl\":\"https:\\\/\\\/www.maddalena.it\\\/wp-content\\\/uploads\\\/catalog-image\\\/mecto-ds-trp-blu-3q.png\",\"datePublished\":\"2022-08-03T12:29:24+00:00\",\"dateModified\":\"2025-11-20T15:00:26+00:00\",\"description\":\"DS TRP representa la m\u00e1xima expresi\u00f3n del contador de chorro m\u00faltiple. Gracias a la transmisi\u00f3n mec\u00e1nica ofrece altas prestaciones metrol\u00f3gicas, inmunidad\",\"breadcrumb\":{\"@id\":\"https:\\\/\\\/www.maddalena.it\\\/es\\\/producto\\\/ds-trp\\\/#breadcrumb\"},\"inLanguage\":\"es\",\"potentialAction\":[{\"@type\":\"ReadAction\",\"target\":[\"https:\\\/\\\/www.maddalena.it\\\/es\\\/producto\\\/ds-trp\\\/\"]}]},{\"@type\":\"ImageObject\",\"inLanguage\":\"es\",\"@id\":\"https:\\\/\\\/www.maddalena.it\\\/es\\\/producto\\\/ds-trp\\\/#primaryimage\",\"url\":\"https:\\\/\\\/www.maddalena.it\\\/wp-content\\\/uploads\\\/catalog-image\\\/mecto-ds-trp-blu-3q.png\",\"contentUrl\":\"https:\\\/\\\/www.maddalena.it\\\/wp-content\\\/uploads\\\/catalog-image\\\/mecto-ds-trp-blu-3q.png\",\"width\":1600,\"height\":1201,\"caption\":\"MecTo\"},{\"@type\":\"BreadcrumbList\",\"@id\":\"https:\\\/\\\/www.maddalena.it\\\/es\\\/producto\\\/ds-trp\\\/#breadcrumb\",\"itemListElement\":[{\"@type\":\"ListItem\",\"position\":1,\"name\":\"Home\",\"item\":\"https:\\\/\\\/www.maddalena.it\\\/es\\\/\"},{\"@type\":\"ListItem\",\"position\":2,\"name\":\"Productos\",\"item\":\"https:\\\/\\\/www.maddalena.it\\\/es\\\/producto\\\/\"},{\"@type\":\"ListItem\",\"position\":3,\"name\":\"Agua\",\"item\":\"https:\\\/\\\/www.maddalena.it\\\/es\\\/productos\\\/contadores-agua\\\/\"},{\"@type\":\"ListItem\",\"position\":4,\"name\":\"MecTo\",\"item\":\"https:\\\/\\\/www.maddalena.it\\\/es\\\/productos\\\/mecto-es\\\/\"},{\"@type\":\"ListItem\",\"position\":5,\"name\":\"DS TRP\"}]},{\"@type\":\"WebSite\",\"@id\":\"https:\\\/\\\/www.maddalena.it\\\/es\\\/#website\",\"url\":\"https:\\\/\\\/www.maddalena.it\\\/es\\\/\",\"name\":\"Maddalena S.p.A.\",\"description\":\"Metering Expertise\",\"publisher\":{\"@id\":\"https:\\\/\\\/www.maddalena.it\\\/es\\\/#organization\"},\"potentialAction\":[{\"@type\":\"SearchAction\",\"target\":{\"@type\":\"EntryPoint\",\"urlTemplate\":\"https:\\\/\\\/www.maddalena.it\\\/es\\\/?s={search_term_string}\"},\"query-input\":{\"@type\":\"PropertyValueSpecification\",\"valueRequired\":true,\"valueName\":\"search_term_string\"}}],\"inLanguage\":\"es\"},{\"@type\":\"Organization\",\"@id\":\"https:\\\/\\\/www.maddalena.it\\\/es\\\/#organization\",\"name\":\"Maddalena S.p.A.\",\"url\":\"https:\\\/\\\/www.maddalena.it\\\/es\\\/\",\"logo\":{\"@type\":\"ImageObject\",\"inLanguage\":\"es\",\"@id\":\"https:\\\/\\\/www.maddalena.it\\\/es\\\/#\\\/schema\\\/logo\\\/image\\\/\",\"url\":\"https:\\\/\\\/www.maddalena.it\\\/wp-content\\\/uploads\\\/2022\\\/04\\\/logo.svg\",\"contentUrl\":\"https:\\\/\\\/www.maddalena.it\\\/wp-content\\\/uploads\\\/2022\\\/04\\\/logo.svg\",\"caption\":\"Maddalena S.p.A.\"},\"image\":{\"@id\":\"https:\\\/\\\/www.maddalena.it\\\/es\\\/#\\\/schema\\\/logo\\\/image\\\/\"}}]}<\/script>\n<!-- \/ Yoast SEO plugin. -->","yoast_head_json":{"title":"DS TRP - CONTADOR DE CHORRO M\u00daLTIPLE CON RODILLOS PROTEGIDOS","description":"DS TRP representa la m\u00e1xima expresi\u00f3n del contador de chorro m\u00faltiple. Gracias a la transmisi\u00f3n mec\u00e1nica ofrece altas prestaciones metrol\u00f3gicas, inmunidad","robots":{"index":"index","follow":"follow","max-snippet":"max-snippet:-1","max-image-preview":"max-image-preview:large","max-video-preview":"max-video-preview:-1"},"canonical":"https:\/\/www.maddalena.it\/es\/producto\/ds-trp\/","og_locale":"es_ES","og_type":"article","og_title":"DS TRP - CONTADOR DE CHORRO M\u00daLTIPLE CON RODILLOS PROTEGIDOS","og_description":"DS TRP representa la m\u00e1xima expresi\u00f3n del contador de chorro m\u00faltiple. Gracias a la transmisi\u00f3n mec\u00e1nica ofrece altas prestaciones metrol\u00f3gicas, inmunidad","og_url":"https:\/\/www.maddalena.it\/es\/producto\/ds-trp\/","og_site_name":"Maddalena S.p.A.","article_modified_time":"2025-11-20T15:00:26+00:00","og_image":[{"width":1600,"height":1201,"url":"https:\/\/www.maddalena.it\/wp-content\/uploads\/catalog-image\/mecto-ds-trp-blu-3q.png","type":"image\/png"}],"twitter_card":"summary_large_image","schema":{"@context":"https:\/\/schema.org","@graph":[{"@type":"WebPage","@id":"https:\/\/www.maddalena.it\/es\/producto\/ds-trp\/","url":"https:\/\/www.maddalena.it\/es\/producto\/ds-trp\/","name":"DS TRP - CONTADOR DE CHORRO M\u00daLTIPLE CON RODILLOS PROTEGIDOS","isPartOf":{"@id":"https:\/\/www.maddalena.it\/es\/#website"},"primaryImageOfPage":{"@id":"https:\/\/www.maddalena.it\/es\/producto\/ds-trp\/#primaryimage"},"image":{"@id":"https:\/\/www.maddalena.it\/es\/producto\/ds-trp\/#primaryimage"},"thumbnailUrl":"https:\/\/www.maddalena.it\/wp-content\/uploads\/catalog-image\/mecto-ds-trp-blu-3q.png","datePublished":"2022-08-03T12:29:24+00:00","dateModified":"2025-11-20T15:00:26+00:00","description":"DS TRP representa la m\u00e1xima expresi\u00f3n del contador de chorro m\u00faltiple. Gracias a la transmisi\u00f3n mec\u00e1nica ofrece altas prestaciones metrol\u00f3gicas, inmunidad","breadcrumb":{"@id":"https:\/\/www.maddalena.it\/es\/producto\/ds-trp\/#breadcrumb"},"inLanguage":"es","potentialAction":[{"@type":"ReadAction","target":["https:\/\/www.maddalena.it\/es\/producto\/ds-trp\/"]}]},{"@type":"ImageObject","inLanguage":"es","@id":"https:\/\/www.maddalena.it\/es\/producto\/ds-trp\/#primaryimage","url":"https:\/\/www.maddalena.it\/wp-content\/uploads\/catalog-image\/mecto-ds-trp-blu-3q.png","contentUrl":"https:\/\/www.maddalena.it\/wp-content\/uploads\/catalog-image\/mecto-ds-trp-blu-3q.png","width":1600,"height":1201,"caption":"MecTo"},{"@type":"BreadcrumbList","@id":"https:\/\/www.maddalena.it\/es\/producto\/ds-trp\/#breadcrumb","itemListElement":[{"@type":"ListItem","position":1,"name":"Home","item":"https:\/\/www.maddalena.it\/es\/"},{"@type":"ListItem","position":2,"name":"Productos","item":"https:\/\/www.maddalena.it\/es\/producto\/"},{"@type":"ListItem","position":3,"name":"Agua","item":"https:\/\/www.maddalena.it\/es\/productos\/contadores-agua\/"},{"@type":"ListItem","position":4,"name":"MecTo","item":"https:\/\/www.maddalena.it\/es\/productos\/mecto-es\/"},{"@type":"ListItem","position":5,"name":"DS TRP"}]},{"@type":"WebSite","@id":"https:\/\/www.maddalena.it\/es\/#website","url":"https:\/\/www.maddalena.it\/es\/","name":"Maddalena S.p.A.","description":"Metering Expertise","publisher":{"@id":"https:\/\/www.maddalena.it\/es\/#organization"},"potentialAction":[{"@type":"SearchAction","target":{"@type":"EntryPoint","urlTemplate":"https:\/\/www.maddalena.it\/es\/?s={search_term_string}"},"query-input":{"@type":"PropertyValueSpecification","valueRequired":true,"valueName":"search_term_string"}}],"inLanguage":"es"},{"@type":"Organization","@id":"https:\/\/www.maddalena.it\/es\/#organization","name":"Maddalena S.p.A.","url":"https:\/\/www.maddalena.it\/es\/","logo":{"@type":"ImageObject","inLanguage":"es","@id":"https:\/\/www.maddalena.it\/es\/#\/schema\/logo\/image\/","url":"https:\/\/www.maddalena.it\/wp-content\/uploads\/2022\/04\/logo.svg","contentUrl":"https:\/\/www.maddalena.it\/wp-content\/uploads\/2022\/04\/logo.svg","caption":"Maddalena S.p.A."},"image":{"@id":"https:\/\/www.maddalena.it\/es\/#\/schema\/logo\/image\/"}}]}},"_links":{"self":[{"href":"https:\/\/www.maddalena.it\/es\/wp-json\/wp\/v2\/product\/18351","targetHints":{"allow":["GET"]}}],"collection":[{"href":"https:\/\/www.maddalena.it\/es\/wp-json\/wp\/v2\/product"}],"about":[{"href":"https:\/\/www.maddalena.it\/es\/wp-json\/wp\/v2\/types\/product"}],"wp:featuredmedia":[{"embeddable":true,"href":"https:\/\/www.maddalena.it\/es\/wp-json\/wp\/v2\/media\/723"}],"wp:attachment":[{"href":"https:\/\/www.maddalena.it\/es\/wp-json\/wp\/v2\/media?parent=18351"}],"wp:term":[{"taxonomy":"product_category","embeddable":true,"href":"https:\/\/www.maddalena.it\/es\/wp-json\/wp\/v2\/product_category?post=18351"}],"curies":[{"name":"wp","href":"https:\/\/api.w.org\/{rel}","templated":true}]}}