{"id":33528,"date":"2026-03-30T09:36:12","date_gmt":"2026-03-30T07:36:12","guid":{"rendered":"https:\/\/www.maddalena.it\/?page_id=33528"},"modified":"2026-03-30T12:37:32","modified_gmt":"2026-03-30T10:37:32","slug":"quienes-somos","status":"publish","type":"page","link":"https:\/\/www.maddalena.it\/es\/quienes-somos\/","title":{"rendered":"Qui\u00e9nes somos"},"content":{"rendered":"\n<p><p><strong>Maddalena S.p.A. es una de las principales realidades internacionales en el sector de los instrumentos de medici\u00f3n del agua y de la energ\u00eda t\u00e9rmica.<\/strong> Fundada en 1919, ha evolucionado constantemente su estructura empresarial y su oferta de contadores para uso dom\u00e9stico y grandes usuarios. Hoy en d\u00eda, los productos de Maddalena satisfacen las necesidades de las principales utilities en todo el mundo.<\/p><\/p>\n\n<p><p>La planta de Povoletto (UD) cuenta con la mayor capacidad productiva en Europa bajo un mismo techo y produce m\u00e1s de 3 millones de instrumentos cada a\u00f1o.<\/p><\/p>\n\n<p><p>Siempre orientada a la innovaci\u00f3n, Maddalena S.p.A. ofrece una gama completa de contadores inteligentes, con tecnolog\u00eda mec\u00e1nica y electr\u00f3nica, en conformidad con los requisitos de la Directiva Europea sobre eficiencia energ\u00e9tica.<\/p><\/p>\n","protected":false},"excerpt":{"rendered":"<p>Maddalena S.p.A. es una de las principales realidades internacionales en el sector de los instrumentos de medici\u00f3n del agua y de la energ\u00eda t\u00e9rmica. Fundada en 1919, ha evolucionado constantemente su estructura empresarial y su oferta de contadores para uso dom\u00e9stico y grandes usuarios. Hoy en d\u00eda, los productos de Maddalena satisfacen las necesidades de [&hellip;]<\/p>\n","protected":false},"author":2,"featured_media":0,"parent":0,"menu_order":20,"comment_status":"closed","ping_status":"closed","template":"","meta":{"_acf_changed":false,"_lmt_disableupdate":"","_lmt_disable":"","footnotes":""},"class_list":["post-33528","page","type-page","status-publish","hentry"],"acf":[],"yoast_head":"<!-- This site is optimized with the Yoast SEO plugin v27.3 - https:\/\/yoast.com\/product\/yoast-seo-wordpress\/ -->\n<title>Qui\u00e9nes somos - Maddalena S.p.A.<\/title>\n<meta name=\"description\" content=\"Desde 1919, Maddalena S.p.A. se distingue por su atenci\u00f3n a la innovaci\u00f3n, la fiabilidad y la precisi\u00f3n. La tradici\u00f3n inteligente es nuestro pensamiento.\" \/>\n<meta name=\"robots\" content=\"index, follow, max-snippet:-1, max-image-preview:large, max-video-preview:-1\" \/>\n<link rel=\"canonical\" href=\"https:\/\/www.maddalena.it\/es\/quienes-somos\/\" \/>\n<meta property=\"og:locale\" content=\"es_ES\" \/>\n<meta property=\"og:type\" content=\"article\" \/>\n<meta property=\"og:title\" content=\"Qui\u00e9nes somos - Maddalena S.p.A.\" \/>\n<meta property=\"og:description\" content=\"Desde 1919, Maddalena S.p.A. se distingue por su atenci\u00f3n a la innovaci\u00f3n, la fiabilidad y la precisi\u00f3n. La tradici\u00f3n inteligente es nuestro pensamiento.\" \/>\n<meta property=\"og:url\" content=\"https:\/\/www.maddalena.it\/es\/quienes-somos\/\" \/>\n<meta property=\"og:site_name\" content=\"Maddalena S.p.A.\" \/>\n<meta property=\"article:modified_time\" content=\"2026-03-30T10:37:32+00:00\" \/>\n<meta name=\"twitter:card\" content=\"summary_large_image\" \/>\n<meta name=\"twitter:label1\" content=\"Tiempo de lectura\" \/>\n\t<meta name=\"twitter:data1\" content=\"1 minuto\" \/>\n<script type=\"application\/ld+json\" class=\"yoast-schema-graph\">{\"@context\":\"https:\\\/\\\/schema.org\",\"@graph\":[{\"@type\":\"WebPage\",\"@id\":\"https:\\\/\\\/www.maddalena.it\\\/es\\\/quienes-somos\\\/\",\"url\":\"https:\\\/\\\/www.maddalena.it\\\/es\\\/quienes-somos\\\/\",\"name\":\"Qui\u00e9nes somos - Maddalena S.p.A.\",\"isPartOf\":{\"@id\":\"https:\\\/\\\/www.maddalena.it\\\/es\\\/#website\"},\"datePublished\":\"2026-03-30T07:36:12+00:00\",\"dateModified\":\"2026-03-30T10:37:32+00:00\",\"description\":\"Desde 1919, Maddalena S.p.A. se distingue por su atenci\u00f3n a la innovaci\u00f3n, la fiabilidad y la precisi\u00f3n. La tradici\u00f3n inteligente es nuestro pensamiento.\",\"breadcrumb\":{\"@id\":\"https:\\\/\\\/www.maddalena.it\\\/es\\\/quienes-somos\\\/#breadcrumb\"},\"inLanguage\":\"es\",\"potentialAction\":[{\"@type\":\"ReadAction\",\"target\":[\"https:\\\/\\\/www.maddalena.it\\\/es\\\/quienes-somos\\\/\"]}]},{\"@type\":\"BreadcrumbList\",\"@id\":\"https:\\\/\\\/www.maddalena.it\\\/es\\\/quienes-somos\\\/#breadcrumb\",\"itemListElement\":[{\"@type\":\"ListItem\",\"position\":1,\"name\":\"Home\",\"item\":\"https:\\\/\\\/www.maddalena.it\\\/es\\\/\"},{\"@type\":\"ListItem\",\"position\":2,\"name\":\"Qui\u00e9nes somos\"}]},{\"@type\":\"WebSite\",\"@id\":\"https:\\\/\\\/www.maddalena.it\\\/es\\\/#website\",\"url\":\"https:\\\/\\\/www.maddalena.it\\\/es\\\/\",\"name\":\"Maddalena S.p.A.\",\"description\":\"Metering Expertise\",\"publisher\":{\"@id\":\"https:\\\/\\\/www.maddalena.it\\\/es\\\/#organization\"},\"potentialAction\":[{\"@type\":\"SearchAction\",\"target\":{\"@type\":\"EntryPoint\",\"urlTemplate\":\"https:\\\/\\\/www.maddalena.it\\\/es\\\/?s={search_term_string}\"},\"query-input\":{\"@type\":\"PropertyValueSpecification\",\"valueRequired\":true,\"valueName\":\"search_term_string\"}}],\"inLanguage\":\"es\"},{\"@type\":\"Organization\",\"@id\":\"https:\\\/\\\/www.maddalena.it\\\/es\\\/#organization\",\"name\":\"Maddalena S.p.A.\",\"url\":\"https:\\\/\\\/www.maddalena.it\\\/es\\\/\",\"logo\":{\"@type\":\"ImageObject\",\"inLanguage\":\"es\",\"@id\":\"https:\\\/\\\/www.maddalena.it\\\/es\\\/#\\\/schema\\\/logo\\\/image\\\/\",\"url\":\"https:\\\/\\\/www.maddalena.it\\\/wp-content\\\/uploads\\\/2022\\\/04\\\/logo.svg\",\"contentUrl\":\"https:\\\/\\\/www.maddalena.it\\\/wp-content\\\/uploads\\\/2022\\\/04\\\/logo.svg\",\"caption\":\"Maddalena S.p.A.\"},\"image\":{\"@id\":\"https:\\\/\\\/www.maddalena.it\\\/es\\\/#\\\/schema\\\/logo\\\/image\\\/\"}}]}<\/script>\n<!-- \/ Yoast SEO plugin. -->","yoast_head_json":{"title":"Qui\u00e9nes somos - Maddalena S.p.A.","description":"Desde 1919, Maddalena S.p.A. se distingue por su atenci\u00f3n a la innovaci\u00f3n, la fiabilidad y la precisi\u00f3n. La tradici\u00f3n inteligente es nuestro pensamiento.","robots":{"index":"index","follow":"follow","max-snippet":"max-snippet:-1","max-image-preview":"max-image-preview:large","max-video-preview":"max-video-preview:-1"},"canonical":"https:\/\/www.maddalena.it\/es\/quienes-somos\/","og_locale":"es_ES","og_type":"article","og_title":"Qui\u00e9nes somos - Maddalena S.p.A.","og_description":"Desde 1919, Maddalena S.p.A. se distingue por su atenci\u00f3n a la innovaci\u00f3n, la fiabilidad y la precisi\u00f3n. La tradici\u00f3n inteligente es nuestro pensamiento.","og_url":"https:\/\/www.maddalena.it\/es\/quienes-somos\/","og_site_name":"Maddalena S.p.A.","article_modified_time":"2026-03-30T10:37:32+00:00","twitter_card":"summary_large_image","twitter_misc":{"Tiempo de lectura":"1 minuto"},"schema":{"@context":"https:\/\/schema.org","@graph":[{"@type":"WebPage","@id":"https:\/\/www.maddalena.it\/es\/quienes-somos\/","url":"https:\/\/www.maddalena.it\/es\/quienes-somos\/","name":"Qui\u00e9nes somos - Maddalena S.p.A.","isPartOf":{"@id":"https:\/\/www.maddalena.it\/es\/#website"},"datePublished":"2026-03-30T07:36:12+00:00","dateModified":"2026-03-30T10:37:32+00:00","description":"Desde 1919, Maddalena S.p.A. se distingue por su atenci\u00f3n a la innovaci\u00f3n, la fiabilidad y la precisi\u00f3n. La tradici\u00f3n inteligente es nuestro pensamiento.","breadcrumb":{"@id":"https:\/\/www.maddalena.it\/es\/quienes-somos\/#breadcrumb"},"inLanguage":"es","potentialAction":[{"@type":"ReadAction","target":["https:\/\/www.maddalena.it\/es\/quienes-somos\/"]}]},{"@type":"BreadcrumbList","@id":"https:\/\/www.maddalena.it\/es\/quienes-somos\/#breadcrumb","itemListElement":[{"@type":"ListItem","position":1,"name":"Home","item":"https:\/\/www.maddalena.it\/es\/"},{"@type":"ListItem","position":2,"name":"Qui\u00e9nes somos"}]},{"@type":"WebSite","@id":"https:\/\/www.maddalena.it\/es\/#website","url":"https:\/\/www.maddalena.it\/es\/","name":"Maddalena S.p.A.","description":"Metering Expertise","publisher":{"@id":"https:\/\/www.maddalena.it\/es\/#organization"},"potentialAction":[{"@type":"SearchAction","target":{"@type":"EntryPoint","urlTemplate":"https:\/\/www.maddalena.it\/es\/?s={search_term_string}"},"query-input":{"@type":"PropertyValueSpecification","valueRequired":true,"valueName":"search_term_string"}}],"inLanguage":"es"},{"@type":"Organization","@id":"https:\/\/www.maddalena.it\/es\/#organization","name":"Maddalena S.p.A.","url":"https:\/\/www.maddalena.it\/es\/","logo":{"@type":"ImageObject","inLanguage":"es","@id":"https:\/\/www.maddalena.it\/es\/#\/schema\/logo\/image\/","url":"https:\/\/www.maddalena.it\/wp-content\/uploads\/2022\/04\/logo.svg","contentUrl":"https:\/\/www.maddalena.it\/wp-content\/uploads\/2022\/04\/logo.svg","caption":"Maddalena S.p.A."},"image":{"@id":"https:\/\/www.maddalena.it\/es\/#\/schema\/logo\/image\/"}}]}},"_links":{"self":[{"href":"https:\/\/www.maddalena.it\/es\/wp-json\/wp\/v2\/pages\/33528","targetHints":{"allow":["GET"]}}],"collection":[{"href":"https:\/\/www.maddalena.it\/es\/wp-json\/wp\/v2\/pages"}],"about":[{"href":"https:\/\/www.maddalena.it\/es\/wp-json\/wp\/v2\/types\/page"}],"author":[{"embeddable":true,"href":"https:\/\/www.maddalena.it\/es\/wp-json\/wp\/v2\/users\/2"}],"replies":[{"embeddable":true,"href":"https:\/\/www.maddalena.it\/es\/wp-json\/wp\/v2\/comments?post=33528"}],"version-history":[{"count":5,"href":"https:\/\/www.maddalena.it\/es\/wp-json\/wp\/v2\/pages\/33528\/revisions"}],"predecessor-version":[{"id":33615,"href":"https:\/\/www.maddalena.it\/es\/wp-json\/wp\/v2\/pages\/33528\/revisions\/33615"}],"wp:attachment":[{"href":"https:\/\/www.maddalena.it\/es\/wp-json\/wp\/v2\/media?parent=33528"}],"curies":[{"name":"wp","href":"https:\/\/api.w.org\/{rel}","templated":true}]}}