{"id":20513,"date":"2022-07-08T09:50:38","date_gmt":"2022-07-08T07:50:38","guid":{"rendered":"http:\/\/www.maddalena.it\/sostenibilidad-nuestro-camino\/agenda-2030\/"},"modified":"2023-02-15T14:46:44","modified_gmt":"2023-02-15T13:46:44","slug":"agenda-2030","status":"publish","type":"page","link":"https:\/\/www.maddalena.it\/es\/sostenibilidad\/agenda-2030\/","title":{"rendered":"Agenda 2030"},"content":{"rendered":"\n<p><strong>La Agenda 2030 es un programa de acci\u00f3n en favor de las personas, el planeta y la prosperidad <\/strong>firmado el 25 de septiembre de 2015 por los gobiernos de los 193 pa\u00edses miembros de la ONU.<\/p>\n\n<p>Las empresas est\u00e1n llamadas a contribuir, con sus acciones, de forma concreta a la consecuci\u00f3n de los <strong><a href=\"https:\/\/www.un.org\/sustainabledevelopment\/es\/objetivos-de-desarrollo-sostenible\/\">17 Objetivos de Desarrollo Sostenible<\/a> \u2013Sustainable Development Goals, SDGs\u2013 <\/strong> y de los 169 objetivos espec\u00edficos para 2030.<\/p>\n\n<p>La Agenda 2030 hace hincapi\u00e9 en la <strong>insostenibilidad del actual modelo de desarrollo<\/strong>, no s\u00f3lo desde una perspectiva medioambiental, sino tambi\u00e9n econ\u00f3mica y social,\u00a0afirmando finalmente una <strong>visi\u00f3n integrada <\/strong> de las diferentes dimensiones de la sostenibilidad.<\/p>\n","protected":false},"excerpt":{"rendered":"<p>La Agenda 2030 es un programa de acci\u00f3n en favor de las personas, el planeta y la prosperidad firmado el 25 de septiembre de 2015 por los gobiernos de los 193 pa\u00edses miembros de la ONU. Las empresas est\u00e1n llamadas a contribuir, con sus acciones, de forma concreta a la consecuci\u00f3n de los 17 Objetivos [&hellip;]<\/p>\n","protected":false},"author":2,"featured_media":0,"parent":20174,"menu_order":48,"comment_status":"closed","ping_status":"closed","template":"","meta":{"_acf_changed":false,"_lmt_disableupdate":"","_lmt_disable":"","footnotes":""},"class_list":["post-20513","page","type-page","status-publish","hentry"],"acf":[],"yoast_head":"<!-- This site is optimized with the Yoast SEO plugin v27.5 - https:\/\/yoast.com\/product\/yoast-seo-wordpress\/ -->\n<title>Agenda 2030 - Maddalena S.p.A.<\/title>\n<meta name=\"description\" content=\"Maddalena S.p.A. trabaja en nada menos que 12 de los 17 Objetivos de Desarrollo Sostenible de la Agenda 2030 a trav\u00e9s de numerosas actividades.\" \/>\n<meta name=\"robots\" content=\"index, follow, max-snippet:-1, max-image-preview:large, max-video-preview:-1\" \/>\n<link rel=\"canonical\" href=\"https:\/\/www.maddalena.it\/es\/sostenibilidad\/agenda-2030\/\" \/>\n<meta property=\"og:locale\" content=\"es_ES\" \/>\n<meta property=\"og:type\" content=\"article\" \/>\n<meta property=\"og:title\" content=\"Agenda 2030 - Maddalena S.p.A.\" \/>\n<meta property=\"og:description\" content=\"Maddalena S.p.A. trabaja en nada menos que 12 de los 17 Objetivos de Desarrollo Sostenible de la Agenda 2030 a trav\u00e9s de numerosas actividades.\" \/>\n<meta property=\"og:url\" content=\"https:\/\/www.maddalena.it\/es\/sostenibilidad\/agenda-2030\/\" \/>\n<meta property=\"og:site_name\" content=\"Maddalena S.p.A.\" \/>\n<meta property=\"article:modified_time\" content=\"2023-02-15T13:46:44+00:00\" \/>\n<meta name=\"twitter:card\" content=\"summary_large_image\" \/>\n<meta name=\"twitter:label1\" content=\"Tiempo de lectura\" \/>\n\t<meta name=\"twitter:data1\" content=\"1 minuto\" \/>\n<script type=\"application\/ld+json\" class=\"yoast-schema-graph\">{\"@context\":\"https:\\\/\\\/schema.org\",\"@graph\":[{\"@type\":\"WebPage\",\"@id\":\"https:\\\/\\\/www.maddalena.it\\\/es\\\/sostenibilidad\\\/agenda-2030\\\/\",\"url\":\"https:\\\/\\\/www.maddalena.it\\\/es\\\/sostenibilidad\\\/agenda-2030\\\/\",\"name\":\"Agenda 2030 - Maddalena S.p.A.\",\"isPartOf\":{\"@id\":\"https:\\\/\\\/www.maddalena.it\\\/es\\\/#website\"},\"datePublished\":\"2022-07-08T07:50:38+00:00\",\"dateModified\":\"2023-02-15T13:46:44+00:00\",\"description\":\"Maddalena S.p.A. trabaja en nada menos que 12 de los 17 Objetivos de Desarrollo Sostenible de la Agenda 2030 a trav\u00e9s de numerosas actividades.\",\"breadcrumb\":{\"@id\":\"https:\\\/\\\/www.maddalena.it\\\/es\\\/sostenibilidad\\\/agenda-2030\\\/#breadcrumb\"},\"inLanguage\":\"es\",\"potentialAction\":[{\"@type\":\"ReadAction\",\"target\":[\"https:\\\/\\\/www.maddalena.it\\\/es\\\/sostenibilidad\\\/agenda-2030\\\/\"]}]},{\"@type\":\"BreadcrumbList\",\"@id\":\"https:\\\/\\\/www.maddalena.it\\\/es\\\/sostenibilidad\\\/agenda-2030\\\/#breadcrumb\",\"itemListElement\":[{\"@type\":\"ListItem\",\"position\":1,\"name\":\"Home\",\"item\":\"https:\\\/\\\/www.maddalena.it\\\/es\\\/\"},{\"@type\":\"ListItem\",\"position\":2,\"name\":\"Sostenibilidad: nuestro camino\",\"item\":\"https:\\\/\\\/www.maddalena.it\\\/es\\\/?page_id=20174\"},{\"@type\":\"ListItem\",\"position\":3,\"name\":\"Agenda 2030\"}]},{\"@type\":\"WebSite\",\"@id\":\"https:\\\/\\\/www.maddalena.it\\\/es\\\/#website\",\"url\":\"https:\\\/\\\/www.maddalena.it\\\/es\\\/\",\"name\":\"Maddalena S.p.A.\",\"description\":\"Metering Expertise\",\"publisher\":{\"@id\":\"https:\\\/\\\/www.maddalena.it\\\/es\\\/#organization\"},\"potentialAction\":[{\"@type\":\"SearchAction\",\"target\":{\"@type\":\"EntryPoint\",\"urlTemplate\":\"https:\\\/\\\/www.maddalena.it\\\/es\\\/?s={search_term_string}\"},\"query-input\":{\"@type\":\"PropertyValueSpecification\",\"valueRequired\":true,\"valueName\":\"search_term_string\"}}],\"inLanguage\":\"es\"},{\"@type\":\"Organization\",\"@id\":\"https:\\\/\\\/www.maddalena.it\\\/es\\\/#organization\",\"name\":\"Maddalena S.p.A.\",\"url\":\"https:\\\/\\\/www.maddalena.it\\\/es\\\/\",\"logo\":{\"@type\":\"ImageObject\",\"inLanguage\":\"es\",\"@id\":\"https:\\\/\\\/www.maddalena.it\\\/es\\\/#\\\/schema\\\/logo\\\/image\\\/\",\"url\":\"https:\\\/\\\/www.maddalena.it\\\/wp-content\\\/uploads\\\/2022\\\/04\\\/logo.svg\",\"contentUrl\":\"https:\\\/\\\/www.maddalena.it\\\/wp-content\\\/uploads\\\/2022\\\/04\\\/logo.svg\",\"caption\":\"Maddalena S.p.A.\"},\"image\":{\"@id\":\"https:\\\/\\\/www.maddalena.it\\\/es\\\/#\\\/schema\\\/logo\\\/image\\\/\"}}]}<\/script>\n<!-- \/ Yoast SEO plugin. -->","yoast_head_json":{"title":"Agenda 2030 - Maddalena S.p.A.","description":"Maddalena S.p.A. trabaja en nada menos que 12 de los 17 Objetivos de Desarrollo Sostenible de la Agenda 2030 a trav\u00e9s de numerosas actividades.","robots":{"index":"index","follow":"follow","max-snippet":"max-snippet:-1","max-image-preview":"max-image-preview:large","max-video-preview":"max-video-preview:-1"},"canonical":"https:\/\/www.maddalena.it\/es\/sostenibilidad\/agenda-2030\/","og_locale":"es_ES","og_type":"article","og_title":"Agenda 2030 - Maddalena S.p.A.","og_description":"Maddalena S.p.A. trabaja en nada menos que 12 de los 17 Objetivos de Desarrollo Sostenible de la Agenda 2030 a trav\u00e9s de numerosas actividades.","og_url":"https:\/\/www.maddalena.it\/es\/sostenibilidad\/agenda-2030\/","og_site_name":"Maddalena S.p.A.","article_modified_time":"2023-02-15T13:46:44+00:00","twitter_card":"summary_large_image","twitter_misc":{"Tiempo de lectura":"1 minuto"},"schema":{"@context":"https:\/\/schema.org","@graph":[{"@type":"WebPage","@id":"https:\/\/www.maddalena.it\/es\/sostenibilidad\/agenda-2030\/","url":"https:\/\/www.maddalena.it\/es\/sostenibilidad\/agenda-2030\/","name":"Agenda 2030 - Maddalena S.p.A.","isPartOf":{"@id":"https:\/\/www.maddalena.it\/es\/#website"},"datePublished":"2022-07-08T07:50:38+00:00","dateModified":"2023-02-15T13:46:44+00:00","description":"Maddalena S.p.A. trabaja en nada menos que 12 de los 17 Objetivos de Desarrollo Sostenible de la Agenda 2030 a trav\u00e9s de numerosas actividades.","breadcrumb":{"@id":"https:\/\/www.maddalena.it\/es\/sostenibilidad\/agenda-2030\/#breadcrumb"},"inLanguage":"es","potentialAction":[{"@type":"ReadAction","target":["https:\/\/www.maddalena.it\/es\/sostenibilidad\/agenda-2030\/"]}]},{"@type":"BreadcrumbList","@id":"https:\/\/www.maddalena.it\/es\/sostenibilidad\/agenda-2030\/#breadcrumb","itemListElement":[{"@type":"ListItem","position":1,"name":"Home","item":"https:\/\/www.maddalena.it\/es\/"},{"@type":"ListItem","position":2,"name":"Sostenibilidad: nuestro camino","item":"https:\/\/www.maddalena.it\/es\/?page_id=20174"},{"@type":"ListItem","position":3,"name":"Agenda 2030"}]},{"@type":"WebSite","@id":"https:\/\/www.maddalena.it\/es\/#website","url":"https:\/\/www.maddalena.it\/es\/","name":"Maddalena S.p.A.","description":"Metering Expertise","publisher":{"@id":"https:\/\/www.maddalena.it\/es\/#organization"},"potentialAction":[{"@type":"SearchAction","target":{"@type":"EntryPoint","urlTemplate":"https:\/\/www.maddalena.it\/es\/?s={search_term_string}"},"query-input":{"@type":"PropertyValueSpecification","valueRequired":true,"valueName":"search_term_string"}}],"inLanguage":"es"},{"@type":"Organization","@id":"https:\/\/www.maddalena.it\/es\/#organization","name":"Maddalena S.p.A.","url":"https:\/\/www.maddalena.it\/es\/","logo":{"@type":"ImageObject","inLanguage":"es","@id":"https:\/\/www.maddalena.it\/es\/#\/schema\/logo\/image\/","url":"https:\/\/www.maddalena.it\/wp-content\/uploads\/2022\/04\/logo.svg","contentUrl":"https:\/\/www.maddalena.it\/wp-content\/uploads\/2022\/04\/logo.svg","caption":"Maddalena S.p.A."},"image":{"@id":"https:\/\/www.maddalena.it\/es\/#\/schema\/logo\/image\/"}}]}},"_links":{"self":[{"href":"https:\/\/www.maddalena.it\/es\/wp-json\/wp\/v2\/pages\/20513","targetHints":{"allow":["GET"]}}],"collection":[{"href":"https:\/\/www.maddalena.it\/es\/wp-json\/wp\/v2\/pages"}],"about":[{"href":"https:\/\/www.maddalena.it\/es\/wp-json\/wp\/v2\/types\/page"}],"author":[{"embeddable":true,"href":"https:\/\/www.maddalena.it\/es\/wp-json\/wp\/v2\/users\/2"}],"replies":[{"embeddable":true,"href":"https:\/\/www.maddalena.it\/es\/wp-json\/wp\/v2\/comments?post=20513"}],"version-history":[{"count":5,"href":"https:\/\/www.maddalena.it\/es\/wp-json\/wp\/v2\/pages\/20513\/revisions"}],"predecessor-version":[{"id":21840,"href":"https:\/\/www.maddalena.it\/es\/wp-json\/wp\/v2\/pages\/20513\/revisions\/21840"}],"up":[{"embeddable":true,"href":"https:\/\/www.maddalena.it\/es\/wp-json\/wp\/v2\/pages\/20174"}],"wp:attachment":[{"href":"https:\/\/www.maddalena.it\/es\/wp-json\/wp\/v2\/media?parent=20513"}],"curies":[{"name":"wp","href":"https:\/\/api.w.org\/{rel}","templated":true}]}}