{"id":16332,"date":"2022-06-23T15:49:16","date_gmt":"2022-06-23T13:49:16","guid":{"rendered":"http:\/\/www.maddalena.it\/laboratorio-acreditado\/"},"modified":"2025-02-21T12:08:34","modified_gmt":"2025-02-21T11:08:34","slug":"laboratorio-acreditado","status":"publish","type":"page","link":"https:\/\/www.maddalena.it\/es\/laboratorio-acreditado\/","title":{"rendered":"Laboratorio acreditado"},"content":{"rendered":"","protected":false},"excerpt":{"rendered":"","protected":false},"author":2,"featured_media":0,"parent":0,"menu_order":38,"comment_status":"closed","ping_status":"closed","template":"","meta":{"_acf_changed":false,"_lmt_disableupdate":"","_lmt_disable":"","footnotes":""},"class_list":["post-16332","page","type-page","status-publish","hentry"],"acf":[],"yoast_head":"<!-- This site is optimized with the Yoast SEO plugin v27.5 - https:\/\/yoast.com\/product\/yoast-seo-wordpress\/ -->\n<title>Laboratorio acreditado - Maddalena S.p.A.<\/title>\n<meta name=\"description\" content=\"El Laboratorio Maddalena es desde 2016 un Laboratorio de Calibraci\u00f3n acreditado por Accredia con el n\u00famero de acreditaci\u00f3n 250T.\" \/>\n<meta name=\"robots\" content=\"index, follow, max-snippet:-1, max-image-preview:large, max-video-preview:-1\" \/>\n<link rel=\"canonical\" href=\"https:\/\/www.maddalena.it\/es\/laboratorio-acreditado\/\" \/>\n<meta property=\"og:locale\" content=\"es_ES\" \/>\n<meta property=\"og:type\" content=\"article\" \/>\n<meta property=\"og:title\" content=\"Laboratorio acreditado - Maddalena S.p.A.\" \/>\n<meta property=\"og:description\" content=\"El Laboratorio Maddalena es desde 2016 un Laboratorio de Calibraci\u00f3n acreditado por Accredia con el n\u00famero de acreditaci\u00f3n 250T.\" \/>\n<meta property=\"og:url\" content=\"https:\/\/www.maddalena.it\/es\/laboratorio-acreditado\/\" \/>\n<meta property=\"og:site_name\" content=\"Maddalena S.p.A.\" \/>\n<meta property=\"article:modified_time\" content=\"2025-02-21T11:08:34+00:00\" \/>\n<meta name=\"twitter:card\" content=\"summary_large_image\" \/>\n<script type=\"application\/ld+json\" class=\"yoast-schema-graph\">{\"@context\":\"https:\\\/\\\/schema.org\",\"@graph\":[{\"@type\":\"WebPage\",\"@id\":\"https:\\\/\\\/www.maddalena.it\\\/es\\\/laboratorio-acreditado\\\/\",\"url\":\"https:\\\/\\\/www.maddalena.it\\\/es\\\/laboratorio-acreditado\\\/\",\"name\":\"Laboratorio acreditado - Maddalena S.p.A.\",\"isPartOf\":{\"@id\":\"https:\\\/\\\/www.maddalena.it\\\/es\\\/#website\"},\"datePublished\":\"2022-06-23T13:49:16+00:00\",\"dateModified\":\"2025-02-21T11:08:34+00:00\",\"description\":\"El Laboratorio Maddalena es desde 2016 un Laboratorio de Calibraci\u00f3n acreditado por Accredia con el n\u00famero de acreditaci\u00f3n 250T.\",\"breadcrumb\":{\"@id\":\"https:\\\/\\\/www.maddalena.it\\\/es\\\/laboratorio-acreditado\\\/#breadcrumb\"},\"inLanguage\":\"es\",\"potentialAction\":[{\"@type\":\"ReadAction\",\"target\":[\"https:\\\/\\\/www.maddalena.it\\\/es\\\/laboratorio-acreditado\\\/\"]}]},{\"@type\":\"BreadcrumbList\",\"@id\":\"https:\\\/\\\/www.maddalena.it\\\/es\\\/laboratorio-acreditado\\\/#breadcrumb\",\"itemListElement\":[{\"@type\":\"ListItem\",\"position\":1,\"name\":\"Home\",\"item\":\"https:\\\/\\\/www.maddalena.it\\\/es\\\/\"},{\"@type\":\"ListItem\",\"position\":2,\"name\":\"Laboratorio acreditado\"}]},{\"@type\":\"WebSite\",\"@id\":\"https:\\\/\\\/www.maddalena.it\\\/es\\\/#website\",\"url\":\"https:\\\/\\\/www.maddalena.it\\\/es\\\/\",\"name\":\"Maddalena S.p.A.\",\"description\":\"Metering Expertise\",\"publisher\":{\"@id\":\"https:\\\/\\\/www.maddalena.it\\\/es\\\/#organization\"},\"potentialAction\":[{\"@type\":\"SearchAction\",\"target\":{\"@type\":\"EntryPoint\",\"urlTemplate\":\"https:\\\/\\\/www.maddalena.it\\\/es\\\/?s={search_term_string}\"},\"query-input\":{\"@type\":\"PropertyValueSpecification\",\"valueRequired\":true,\"valueName\":\"search_term_string\"}}],\"inLanguage\":\"es\"},{\"@type\":\"Organization\",\"@id\":\"https:\\\/\\\/www.maddalena.it\\\/es\\\/#organization\",\"name\":\"Maddalena S.p.A.\",\"url\":\"https:\\\/\\\/www.maddalena.it\\\/es\\\/\",\"logo\":{\"@type\":\"ImageObject\",\"inLanguage\":\"es\",\"@id\":\"https:\\\/\\\/www.maddalena.it\\\/es\\\/#\\\/schema\\\/logo\\\/image\\\/\",\"url\":\"https:\\\/\\\/www.maddalena.it\\\/wp-content\\\/uploads\\\/2022\\\/04\\\/logo.svg\",\"contentUrl\":\"https:\\\/\\\/www.maddalena.it\\\/wp-content\\\/uploads\\\/2022\\\/04\\\/logo.svg\",\"caption\":\"Maddalena S.p.A.\"},\"image\":{\"@id\":\"https:\\\/\\\/www.maddalena.it\\\/es\\\/#\\\/schema\\\/logo\\\/image\\\/\"}}]}<\/script>\n<!-- \/ Yoast SEO plugin. -->","yoast_head_json":{"title":"Laboratorio acreditado - Maddalena S.p.A.","description":"El Laboratorio Maddalena es desde 2016 un Laboratorio de Calibraci\u00f3n acreditado por Accredia con el n\u00famero de acreditaci\u00f3n 250T.","robots":{"index":"index","follow":"follow","max-snippet":"max-snippet:-1","max-image-preview":"max-image-preview:large","max-video-preview":"max-video-preview:-1"},"canonical":"https:\/\/www.maddalena.it\/es\/laboratorio-acreditado\/","og_locale":"es_ES","og_type":"article","og_title":"Laboratorio acreditado - Maddalena S.p.A.","og_description":"El Laboratorio Maddalena es desde 2016 un Laboratorio de Calibraci\u00f3n acreditado por Accredia con el n\u00famero de acreditaci\u00f3n 250T.","og_url":"https:\/\/www.maddalena.it\/es\/laboratorio-acreditado\/","og_site_name":"Maddalena S.p.A.","article_modified_time":"2025-02-21T11:08:34+00:00","twitter_card":"summary_large_image","schema":{"@context":"https:\/\/schema.org","@graph":[{"@type":"WebPage","@id":"https:\/\/www.maddalena.it\/es\/laboratorio-acreditado\/","url":"https:\/\/www.maddalena.it\/es\/laboratorio-acreditado\/","name":"Laboratorio acreditado - Maddalena S.p.A.","isPartOf":{"@id":"https:\/\/www.maddalena.it\/es\/#website"},"datePublished":"2022-06-23T13:49:16+00:00","dateModified":"2025-02-21T11:08:34+00:00","description":"El Laboratorio Maddalena es desde 2016 un Laboratorio de Calibraci\u00f3n acreditado por Accredia con el n\u00famero de acreditaci\u00f3n 250T.","breadcrumb":{"@id":"https:\/\/www.maddalena.it\/es\/laboratorio-acreditado\/#breadcrumb"},"inLanguage":"es","potentialAction":[{"@type":"ReadAction","target":["https:\/\/www.maddalena.it\/es\/laboratorio-acreditado\/"]}]},{"@type":"BreadcrumbList","@id":"https:\/\/www.maddalena.it\/es\/laboratorio-acreditado\/#breadcrumb","itemListElement":[{"@type":"ListItem","position":1,"name":"Home","item":"https:\/\/www.maddalena.it\/es\/"},{"@type":"ListItem","position":2,"name":"Laboratorio acreditado"}]},{"@type":"WebSite","@id":"https:\/\/www.maddalena.it\/es\/#website","url":"https:\/\/www.maddalena.it\/es\/","name":"Maddalena S.p.A.","description":"Metering Expertise","publisher":{"@id":"https:\/\/www.maddalena.it\/es\/#organization"},"potentialAction":[{"@type":"SearchAction","target":{"@type":"EntryPoint","urlTemplate":"https:\/\/www.maddalena.it\/es\/?s={search_term_string}"},"query-input":{"@type":"PropertyValueSpecification","valueRequired":true,"valueName":"search_term_string"}}],"inLanguage":"es"},{"@type":"Organization","@id":"https:\/\/www.maddalena.it\/es\/#organization","name":"Maddalena S.p.A.","url":"https:\/\/www.maddalena.it\/es\/","logo":{"@type":"ImageObject","inLanguage":"es","@id":"https:\/\/www.maddalena.it\/es\/#\/schema\/logo\/image\/","url":"https:\/\/www.maddalena.it\/wp-content\/uploads\/2022\/04\/logo.svg","contentUrl":"https:\/\/www.maddalena.it\/wp-content\/uploads\/2022\/04\/logo.svg","caption":"Maddalena S.p.A."},"image":{"@id":"https:\/\/www.maddalena.it\/es\/#\/schema\/logo\/image\/"}}]}},"_links":{"self":[{"href":"https:\/\/www.maddalena.it\/es\/wp-json\/wp\/v2\/pages\/16332","targetHints":{"allow":["GET"]}}],"collection":[{"href":"https:\/\/www.maddalena.it\/es\/wp-json\/wp\/v2\/pages"}],"about":[{"href":"https:\/\/www.maddalena.it\/es\/wp-json\/wp\/v2\/types\/page"}],"author":[{"embeddable":true,"href":"https:\/\/www.maddalena.it\/es\/wp-json\/wp\/v2\/users\/2"}],"replies":[{"embeddable":true,"href":"https:\/\/www.maddalena.it\/es\/wp-json\/wp\/v2\/comments?post=16332"}],"version-history":[{"count":4,"href":"https:\/\/www.maddalena.it\/es\/wp-json\/wp\/v2\/pages\/16332\/revisions"}],"predecessor-version":[{"id":21529,"href":"https:\/\/www.maddalena.it\/es\/wp-json\/wp\/v2\/pages\/16332\/revisions\/21529"}],"wp:attachment":[{"href":"https:\/\/www.maddalena.it\/es\/wp-json\/wp\/v2\/media?parent=16332"}],"curies":[{"name":"wp","href":"https:\/\/api.w.org\/{rel}","templated":true}]}}