{"id":13536,"date":"2022-04-21T15:17:09","date_gmt":"2022-04-21T13:17:09","guid":{"rendered":"http:\/\/www.maddalena.it\/terminos-y-condiciones-my-maddalena\/"},"modified":"2022-09-21T11:35:57","modified_gmt":"2022-09-21T09:35:57","slug":"terminos-y-condiciones-my-maddalena","status":"publish","type":"page","link":"https:\/\/www.maddalena.it\/es\/terminos-y-condiciones-my-maddalena\/","title":{"rendered":"T\u00e9rminos y condiciones My Maddalena"},"content":{"rendered":"\n<p><\/p>\n\n<h2 class=\"has-text-align-center wp-block-heading\"><strong>CONDICIONES DE USO DEL SITIO<\/strong><\/h2>\n\n<p><\/p>\n\n<p>Te damos la bienvenida a <a href=\"http:\/\/www.maddalena.it\">www.maddalena.it<\/a> (\u00abSitio\u00bb), gestionado por Maddalena S.p.A., con domicilio social en via G.B. Maddalena, 2\/4 &#8211; 33040 Povoletto (Udine), n\u00famero de identificaci\u00f3n fiscal 80008170302, n\u00famero de IVA IT00617140306 y Repertorio Econ\u00f3mico Administrativo UD-128629. Las presentes Condiciones regulan el acceso y el uso del Sitio. Por lo tanto, la navegaci\u00f3n por el Sitio presupone el conocimiento y la aceptaci\u00f3n de estas Condiciones y, en el caso de acceso a \u00e1reas reservadas, de los T\u00e9rminos y Condiciones correspondientes.<\/p>\n\n<p>Todos los contenidos del Sitio (a modo de ejemplo: im\u00e1genes, textos, m\u00fasicas y sonidos, dibujos y representaciones gr\u00e1ficas, maquetaci\u00f3n) son propiedad de Maddalena S.p.A. y est\u00e1n protegidos por los derechos de propiedad intelectual de Maddalena S.p.A.; por lo tanto, est\u00e1 prohibida su reproducci\u00f3n, incluso parcial o temporal, en cualquier forma o por cualquier medio.<\/p>\n\n<p>Todos los signos distintivos de los productos expuestos o descritos en el Sitio est\u00e1n registrados y son propiedad exclusiva de Maddalena S.p.A.<\/p>\n\n<p>Las im\u00e1genes y descripciones que aparecen en el Sitio tienen un car\u00e1cter meramente representativo y no son vinculantes, ni siquiera teniendo en cuenta los cambios que puedan afectar a los productos. Las representaciones y descripciones de los productos ser\u00e1n exclusivamente las indicadas en el momento de la compra.<\/p>\n\n<p>Estas condiciones de uso se rigen por la legislaci\u00f3n italiana.<\/p>\n\n<p><\/p>\n\n<p><\/p>\n\n<h2 class=\"has-text-align-center wp-block-heading\"><strong>T\u00c9RMINOS Y CONDICIONES<\/strong><\/h2>\n\n<p class=\"has-text-align-center\"><em>para el uso de la plataforma My Maddalena<\/em><\/p>\n\n<p><\/p>\n\n<p>Maddalena S.p.A. proporciona, a trav\u00e9s del acceso al \u00e1rea reservada de la plataforma My Maddalena, una serie de servicios y herramientas de soporte para la instalaci\u00f3n, uso y mantenimiento de sus productos. La solicitud de credenciales y el acceso al \u00e1rea reservada implica la aceptaci\u00f3n de estas disposiciones.<\/p>\n\n<p><mark class=\"has-inline-color has-vivid-red-color\" style=\"background-color: rgba(0, 0, 0, 0);\"><strong>CREDENCIALES DE ACCESO<\/strong><\/mark><\/p>\n\n<p>1.1\u00a0\u00a0\u00a0\u00a0\u00a0\u00a0 Las credenciales de acceso se solicitan a trav\u00e9s de la funci\u00f3n de la p\u00e1gina My Maddalena del sitio web <a href=\"http:\/\/www.maddalena.it\">www.maddalena.it<\/a>.<\/p>\n\n<p>1.2\u00a0\u00a0\u00a0\u00a0\u00a0\u00a0 Maddalena S.p.A. se reserva la facultad de conceder o denegar las credenciales de acceso y de habilitar, seg\u00fan el tipo de usuario, s\u00f3lo una parte <\/p>\n\n<p>de los servicios de la plataforma.<\/p>\n\n<p>1.3\u00a0\u00a0\u00a0\u00a0\u00a0\u00a0 Una vez suministradas, las credenciales de acceso son personales y no pueden ser compartidas o comunicadas a terceros. En el caso de que el punto de uso est\u00e9 habilitado para una empresa o entidad comercial, se deber\u00e1n solicitar credenciales para cada uno de los empleados que acceder\u00e1n a la plataforma, y dichas credenciales se considerar\u00e1n personales para el respectivo empleado. En cualquier caso, el uso de la plataforma implica la aceptaci\u00f3n de estos t\u00e9rminos y condiciones no s\u00f3lo por parte de la compa\u00f1\u00eda\/empresa, sino tambi\u00e9n por parte de la persona f\u00edsica a la que se le asignan las credenciales y que realiza materialmente el acceso.<\/p>\n\n<p>1.4\u00a0\u00a0\u00a0\u00a0\u00a0\u00a0 Las credenciales se desactivar\u00e1n en caso de no acceder durante 24 meses.<\/p>\n\n<p>1.5\u00a0\u00a0\u00a0\u00a0\u00a0\u00a0 Las credenciales podr\u00e1n ser desactivadas por el usuario a trav\u00e9s de la funci\u00f3n presente en la propia plataforma.<\/p>\n\n<p><mark class=\"has-inline-color has-vivid-red-color\" style=\"background-color: rgba(0, 0, 0, 0);\"><strong>NATURALEZA DE LOS SERVICIOS OFRECIDOS<\/strong><\/mark><\/p>\n\n<p>2.1\u00a0\u00a0\u00a0\u00a0\u00a0\u00a0 Maddalena S.p.A. pone a disposici\u00f3n los recursos presentes en la plataforma con el fin de dar soporte a sus clientes, y no suponen la asunci\u00f3n de ninguna obligaci\u00f3n por parte de Maddalena S.p.A., mientras que las respectivas obligaciones de las partes siguen siendo aquellas establecidas en el contrato de venta de los productos con el cliente. Los servicios y la asistencia prestados, incluso a trav\u00e9s del Servicio de atenci\u00f3n al cliente, no sustituyen a la documentaci\u00f3n t\u00e9cnica entregada con los productos, a la que el cliente deber\u00e1 remitirse en todo caso, ni tampoco implican la asunci\u00f3n de obligaciones por servicios o prestaciones no incluidos en las condiciones de venta.<\/p>\n\n<p>2.2\u00a0\u00a0\u00a0\u00a0\u00a0\u00a0 No surgen obligaciones para Maddalena S.p.A., ni siquiera en caso de uso de los servicios por parte de sujetos que no sean los clientes de los productos de Maddalena S.p.A. (por ejemplo, instaladores, constructores, proveedores de servicios de suministro de agua o energ\u00eda), dado que dichos sujetos utilizan los servicios (incluido el software, tambi\u00e9n descargado de la tienda de aplicaciones, los manuales t\u00e9cnicos y otras herramientas de activaci\u00f3n de los productos) por cuenta y en beneficio de los clientes de Maddalena S.p.A. en el \u00e1mbito de la relaci\u00f3n entre Maddalena S.p.A. y estos \u00faltimos.<\/p>\n\n<p>2.3\u00a0\u00a0\u00a0\u00a0\u00a0\u00a0 A su vez, siguen siendo v\u00e1lidas y vinculantes las indicaciones sobre el uso de los productos y sobre los relativos l\u00edmites y capacidades proporcionadas en el contexto de la entrega del hardware correspondiente, debi\u00e9ndose en todo caso interpretar a la luz de la informaci\u00f3n recibida y\/o de las lecturas realizadas a trav\u00e9s de los servicios de My Maddalena.<\/p>\n\n<p>2.4\u00a0\u00a0\u00a0\u00a0\u00a0\u00a0 Maddalena S.p.A. puede realizar cambios en los servicios prestados (incluyendo el software, los manuales y otras herramientas) en cualquier momento, y el usuario de la plataforma se compromete a comprobar las actualizaciones, utilizando siempre la \u00faltima versi\u00f3n puesta a disposici\u00f3n a trav\u00e9s de My Maddalena.<\/p>\n\n<p><mark class=\"has-inline-color has-vivid-red-color\" style=\"background-color: rgba(0, 0, 0, 0);\"><strong>PROPIEDAD INTELECTUAL<\/strong><\/mark><\/p>\n\n<p>3.1\u00a0\u00a0\u00a0\u00a0\u00a0\u00a0 Maddalena S.p.A. pone a disposici\u00f3n el material consultable, estrictamente dentro de los l\u00edmites de lo necesario para realizar las actividades en los productos para los que se activan los servicios.<\/p>\n\n<p>3.2\u00a0\u00a0\u00a0\u00a0\u00a0\u00a0 Por lo tanto, el usuario no est\u00e1 autorizado a extraer, conservar copias o utilizar dicho material por un tiempo o finalidades diferentes respecto a las actividades en los ejemplares espec\u00edficos del producto para los que se presta el servicio.<\/p>\n\n<p>3.3\u00a0\u00a0\u00a0\u00a0\u00a0\u00a0 En todo caso est\u00e1 prohibida la difusi\u00f3n o comunicaci\u00f3n del material a terceros.<\/p>\n","protected":false},"excerpt":{"rendered":"<p>CONDICIONES DE USO DEL SITIO Te damos la bienvenida a www.maddalena.it (\u00abSitio\u00bb), gestionado por Maddalena S.p.A., con domicilio social en via G.B. Maddalena, 2\/4 &#8211; 33040 Povoletto (Udine), n\u00famero de identificaci\u00f3n fiscal 80008170302, n\u00famero de IVA IT00617140306 y Repertorio Econ\u00f3mico Administrativo UD-128629. Las presentes Condiciones regulan el acceso y el uso del Sitio. Por lo [&hellip;]<\/p>\n","protected":false},"author":1,"featured_media":0,"parent":0,"menu_order":102,"comment_status":"closed","ping_status":"closed","template":"","meta":{"_acf_changed":false,"_lmt_disableupdate":"","_lmt_disable":"","footnotes":""},"class_list":["post-13536","page","type-page","status-publish","hentry"],"acf":[],"yoast_head":"<!-- This site is optimized with the Yoast SEO plugin v27.5 - https:\/\/yoast.com\/product\/yoast-seo-wordpress\/ -->\n<title>T\u00e9rminos y condiciones My Maddalena - Maddalena S.p.A.<\/title>\n<meta name=\"robots\" content=\"index, follow, max-snippet:-1, max-image-preview:large, max-video-preview:-1\" \/>\n<link rel=\"canonical\" href=\"https:\/\/www.maddalena.it\/es\/terminos-y-condiciones-my-maddalena\/\" \/>\n<meta property=\"og:locale\" content=\"es_ES\" \/>\n<meta property=\"og:type\" content=\"article\" \/>\n<meta property=\"og:title\" content=\"T\u00e9rminos y condiciones My Maddalena - Maddalena S.p.A.\" \/>\n<meta property=\"og:description\" content=\"CONDICIONES DE USO DEL SITIO Te damos la bienvenida a www.maddalena.it (\u00abSitio\u00bb), gestionado por Maddalena S.p.A., con domicilio social en via G.B. Maddalena, 2\/4 &#8211; 33040 Povoletto (Udine), n\u00famero de identificaci\u00f3n fiscal 80008170302, n\u00famero de IVA IT00617140306 y Repertorio Econ\u00f3mico Administrativo UD-128629. Las presentes Condiciones regulan el acceso y el uso del Sitio. Por lo [&hellip;]\" \/>\n<meta property=\"og:url\" content=\"https:\/\/www.maddalena.it\/es\/terminos-y-condiciones-my-maddalena\/\" \/>\n<meta property=\"og:site_name\" content=\"Maddalena S.p.A.\" \/>\n<meta property=\"article:modified_time\" content=\"2022-09-21T09:35:57+00:00\" \/>\n<meta name=\"twitter:card\" content=\"summary_large_image\" \/>\n<meta name=\"twitter:label1\" content=\"Tiempo de lectura\" \/>\n\t<meta name=\"twitter:data1\" content=\"5 minutos\" \/>\n<script type=\"application\/ld+json\" class=\"yoast-schema-graph\">{\"@context\":\"https:\\\/\\\/schema.org\",\"@graph\":[{\"@type\":\"WebPage\",\"@id\":\"https:\\\/\\\/www.maddalena.it\\\/es\\\/terminos-y-condiciones-my-maddalena\\\/\",\"url\":\"https:\\\/\\\/www.maddalena.it\\\/es\\\/terminos-y-condiciones-my-maddalena\\\/\",\"name\":\"T\u00e9rminos y condiciones My Maddalena - Maddalena S.p.A.\",\"isPartOf\":{\"@id\":\"https:\\\/\\\/www.maddalena.it\\\/es\\\/#website\"},\"datePublished\":\"2022-04-21T13:17:09+00:00\",\"dateModified\":\"2022-09-21T09:35:57+00:00\",\"breadcrumb\":{\"@id\":\"https:\\\/\\\/www.maddalena.it\\\/es\\\/terminos-y-condiciones-my-maddalena\\\/#breadcrumb\"},\"inLanguage\":\"es\",\"potentialAction\":[{\"@type\":\"ReadAction\",\"target\":[\"https:\\\/\\\/www.maddalena.it\\\/es\\\/terminos-y-condiciones-my-maddalena\\\/\"]}]},{\"@type\":\"BreadcrumbList\",\"@id\":\"https:\\\/\\\/www.maddalena.it\\\/es\\\/terminos-y-condiciones-my-maddalena\\\/#breadcrumb\",\"itemListElement\":[{\"@type\":\"ListItem\",\"position\":1,\"name\":\"Home\",\"item\":\"https:\\\/\\\/www.maddalena.it\\\/es\\\/\"},{\"@type\":\"ListItem\",\"position\":2,\"name\":\"T\u00e9rminos y condiciones My Maddalena\"}]},{\"@type\":\"WebSite\",\"@id\":\"https:\\\/\\\/www.maddalena.it\\\/es\\\/#website\",\"url\":\"https:\\\/\\\/www.maddalena.it\\\/es\\\/\",\"name\":\"Maddalena S.p.A.\",\"description\":\"Metering Expertise\",\"publisher\":{\"@id\":\"https:\\\/\\\/www.maddalena.it\\\/es\\\/#organization\"},\"potentialAction\":[{\"@type\":\"SearchAction\",\"target\":{\"@type\":\"EntryPoint\",\"urlTemplate\":\"https:\\\/\\\/www.maddalena.it\\\/es\\\/?s={search_term_string}\"},\"query-input\":{\"@type\":\"PropertyValueSpecification\",\"valueRequired\":true,\"valueName\":\"search_term_string\"}}],\"inLanguage\":\"es\"},{\"@type\":\"Organization\",\"@id\":\"https:\\\/\\\/www.maddalena.it\\\/es\\\/#organization\",\"name\":\"Maddalena S.p.A.\",\"url\":\"https:\\\/\\\/www.maddalena.it\\\/es\\\/\",\"logo\":{\"@type\":\"ImageObject\",\"inLanguage\":\"es\",\"@id\":\"https:\\\/\\\/www.maddalena.it\\\/es\\\/#\\\/schema\\\/logo\\\/image\\\/\",\"url\":\"https:\\\/\\\/www.maddalena.it\\\/wp-content\\\/uploads\\\/2022\\\/04\\\/logo.svg\",\"contentUrl\":\"https:\\\/\\\/www.maddalena.it\\\/wp-content\\\/uploads\\\/2022\\\/04\\\/logo.svg\",\"caption\":\"Maddalena S.p.A.\"},\"image\":{\"@id\":\"https:\\\/\\\/www.maddalena.it\\\/es\\\/#\\\/schema\\\/logo\\\/image\\\/\"}}]}<\/script>\n<!-- \/ Yoast SEO plugin. -->","yoast_head_json":{"title":"T\u00e9rminos y condiciones My Maddalena - Maddalena S.p.A.","robots":{"index":"index","follow":"follow","max-snippet":"max-snippet:-1","max-image-preview":"max-image-preview:large","max-video-preview":"max-video-preview:-1"},"canonical":"https:\/\/www.maddalena.it\/es\/terminos-y-condiciones-my-maddalena\/","og_locale":"es_ES","og_type":"article","og_title":"T\u00e9rminos y condiciones My Maddalena - Maddalena S.p.A.","og_description":"CONDICIONES DE USO DEL SITIO Te damos la bienvenida a www.maddalena.it (\u00abSitio\u00bb), gestionado por Maddalena S.p.A., con domicilio social en via G.B. Maddalena, 2\/4 &#8211; 33040 Povoletto (Udine), n\u00famero de identificaci\u00f3n fiscal 80008170302, n\u00famero de IVA IT00617140306 y Repertorio Econ\u00f3mico Administrativo UD-128629. Las presentes Condiciones regulan el acceso y el uso del Sitio. Por lo [&hellip;]","og_url":"https:\/\/www.maddalena.it\/es\/terminos-y-condiciones-my-maddalena\/","og_site_name":"Maddalena S.p.A.","article_modified_time":"2022-09-21T09:35:57+00:00","twitter_card":"summary_large_image","twitter_misc":{"Tiempo de lectura":"5 minutos"},"schema":{"@context":"https:\/\/schema.org","@graph":[{"@type":"WebPage","@id":"https:\/\/www.maddalena.it\/es\/terminos-y-condiciones-my-maddalena\/","url":"https:\/\/www.maddalena.it\/es\/terminos-y-condiciones-my-maddalena\/","name":"T\u00e9rminos y condiciones My Maddalena - Maddalena S.p.A.","isPartOf":{"@id":"https:\/\/www.maddalena.it\/es\/#website"},"datePublished":"2022-04-21T13:17:09+00:00","dateModified":"2022-09-21T09:35:57+00:00","breadcrumb":{"@id":"https:\/\/www.maddalena.it\/es\/terminos-y-condiciones-my-maddalena\/#breadcrumb"},"inLanguage":"es","potentialAction":[{"@type":"ReadAction","target":["https:\/\/www.maddalena.it\/es\/terminos-y-condiciones-my-maddalena\/"]}]},{"@type":"BreadcrumbList","@id":"https:\/\/www.maddalena.it\/es\/terminos-y-condiciones-my-maddalena\/#breadcrumb","itemListElement":[{"@type":"ListItem","position":1,"name":"Home","item":"https:\/\/www.maddalena.it\/es\/"},{"@type":"ListItem","position":2,"name":"T\u00e9rminos y condiciones My Maddalena"}]},{"@type":"WebSite","@id":"https:\/\/www.maddalena.it\/es\/#website","url":"https:\/\/www.maddalena.it\/es\/","name":"Maddalena S.p.A.","description":"Metering Expertise","publisher":{"@id":"https:\/\/www.maddalena.it\/es\/#organization"},"potentialAction":[{"@type":"SearchAction","target":{"@type":"EntryPoint","urlTemplate":"https:\/\/www.maddalena.it\/es\/?s={search_term_string}"},"query-input":{"@type":"PropertyValueSpecification","valueRequired":true,"valueName":"search_term_string"}}],"inLanguage":"es"},{"@type":"Organization","@id":"https:\/\/www.maddalena.it\/es\/#organization","name":"Maddalena S.p.A.","url":"https:\/\/www.maddalena.it\/es\/","logo":{"@type":"ImageObject","inLanguage":"es","@id":"https:\/\/www.maddalena.it\/es\/#\/schema\/logo\/image\/","url":"https:\/\/www.maddalena.it\/wp-content\/uploads\/2022\/04\/logo.svg","contentUrl":"https:\/\/www.maddalena.it\/wp-content\/uploads\/2022\/04\/logo.svg","caption":"Maddalena S.p.A."},"image":{"@id":"https:\/\/www.maddalena.it\/es\/#\/schema\/logo\/image\/"}}]}},"_links":{"self":[{"href":"https:\/\/www.maddalena.it\/es\/wp-json\/wp\/v2\/pages\/13536","targetHints":{"allow":["GET"]}}],"collection":[{"href":"https:\/\/www.maddalena.it\/es\/wp-json\/wp\/v2\/pages"}],"about":[{"href":"https:\/\/www.maddalena.it\/es\/wp-json\/wp\/v2\/types\/page"}],"author":[{"embeddable":true,"href":"https:\/\/www.maddalena.it\/es\/wp-json\/wp\/v2\/users\/1"}],"replies":[{"embeddable":true,"href":"https:\/\/www.maddalena.it\/es\/wp-json\/wp\/v2\/comments?post=13536"}],"version-history":[{"count":2,"href":"https:\/\/www.maddalena.it\/es\/wp-json\/wp\/v2\/pages\/13536\/revisions"}],"predecessor-version":[{"id":21362,"href":"https:\/\/www.maddalena.it\/es\/wp-json\/wp\/v2\/pages\/13536\/revisions\/21362"}],"wp:attachment":[{"href":"https:\/\/www.maddalena.it\/es\/wp-json\/wp\/v2\/media?parent=13536"}],"curies":[{"name":"wp","href":"https:\/\/api.w.org\/{rel}","templated":true}]}}