{"id":29809,"date":"2024-10-24T09:40:17","date_gmt":"2024-10-24T07:40:17","guid":{"rendered":"https:\/\/www.maddalena.it\/?post_type=product&#038;p=29809"},"modified":"2025-07-07T15:00:56","modified_gmt":"2025-07-07T13:00:56","slug":"electo-sj-2","status":"publish","type":"product","link":"https:\/\/www.maddalena.it\/de\/produkt\/electo-sj-2\/","title":{"rendered":"ELECTO SJ"},"content":{"rendered":"<p>ElecTo SJ ist ein Einstrahlz\u00e4hler mit integrierter Datenkommunikation dank eines innovativen elektronischen Z\u00e4hlwerks mit Multiprotokoll-Fernsteuerung. Diese Variante wurde f\u00fcr Anwendungen in Wohnungen f\u00fcr Innen- wie auch f\u00fcr Au\u00dfenr\u00e4ume entwickelt und ist f\u00fcr Kalt- und Warmwasser erh\u00e4ltlich. Ein LCD-Display vereinfacht die Datenablesung und stellt zus\u00e4tzliche Informationen f\u00fcr Nutzer und Versorgungsunternehmen zur Verf\u00fcgung. Dank doppelter Kommunikation \u00fcber wM-Bus und LoRaWan wird eine \u00e4u\u00dferst flexible Datenkommunikation auf kurze und lange Entfernungen erreicht, wobei mobile und station\u00e4re Auslesesysteme m\u00f6glich sind.<\/p>\n","protected":false},"excerpt":{"rendered":"<p>MULTIPROTOKOLL ELEKTRONISCHER EINSTRAHLZ\u00c4HLER<\/p>\n","protected":false},"featured_media":28999,"menu_order":2,"template":"","meta":{"_acf_changed":false,"_lmt_disableupdate":"no","_lmt_disable":""},"product_category":[74],"class_list":["post-29809","product","type-product","status-publish","has-post-thumbnail","hentry","product_category-electo-de"],"acf":[],"yoast_head":"<!-- This site is optimized with the Yoast SEO plugin v27.5 - https:\/\/yoast.com\/product\/yoast-seo-wordpress\/ -->\n<title>ELECTO SJ - MULTIPROTOKOLL ELEKTRONISCHER EINSTRAHLZ\u00c4HLER<\/title>\n<meta name=\"description\" content=\"ElecTo SJ ist ein Einstrahlz\u00e4hler mit integrierter Datenkommunikation dank eines innovativen elektronischen Z\u00e4hlwerks mit Multiprotokoll-Fernsteu\" \/>\n<meta name=\"robots\" content=\"index, follow, max-snippet:-1, max-image-preview:large, max-video-preview:-1\" \/>\n<link rel=\"canonical\" href=\"https:\/\/www.maddalena.it\/de\/produkt\/electo-sj-2\/\" \/>\n<meta property=\"og:locale\" content=\"de_DE\" \/>\n<meta property=\"og:type\" content=\"article\" \/>\n<meta property=\"og:title\" content=\"ELECTO SJ - MULTIPROTOKOLL ELEKTRONISCHER EINSTRAHLZ\u00c4HLER\" \/>\n<meta property=\"og:description\" content=\"ElecTo SJ ist ein Einstrahlz\u00e4hler mit integrierter Datenkommunikation dank eines innovativen elektronischen Z\u00e4hlwerks mit Multiprotokoll-Fernsteu\" \/>\n<meta property=\"og:url\" content=\"https:\/\/www.maddalena.it\/de\/produkt\/electo-sj-2\/\" \/>\n<meta property=\"og:site_name\" content=\"Maddalena S.p.A.\" \/>\n<meta property=\"article:modified_time\" content=\"2025-07-07T13:00:56+00:00\" \/>\n<meta property=\"og:image\" content=\"https:\/\/www.maddalena.it\/wp-content\/uploads\/catalog-image\/electo-sj-multi-3q.png\" \/>\n\t<meta property=\"og:image:width\" content=\"1600\" \/>\n\t<meta property=\"og:image:height\" content=\"1200\" \/>\n\t<meta property=\"og:image:type\" content=\"image\/png\" \/>\n<meta name=\"twitter:card\" content=\"summary_large_image\" \/>\n<script type=\"application\/ld+json\" class=\"yoast-schema-graph\">{\"@context\":\"https:\\\/\\\/schema.org\",\"@graph\":[{\"@type\":\"WebPage\",\"@id\":\"https:\\\/\\\/www.maddalena.it\\\/de\\\/produkt\\\/electo-sj-2\\\/\",\"url\":\"https:\\\/\\\/www.maddalena.it\\\/de\\\/produkt\\\/electo-sj-2\\\/\",\"name\":\"ELECTO SJ - MULTIPROTOKOLL ELEKTRONISCHER EINSTRAHLZ\u00c4HLER\",\"isPartOf\":{\"@id\":\"https:\\\/\\\/www.maddalena.it\\\/de\\\/#website\"},\"primaryImageOfPage\":{\"@id\":\"https:\\\/\\\/www.maddalena.it\\\/de\\\/produkt\\\/electo-sj-2\\\/#primaryimage\"},\"image\":{\"@id\":\"https:\\\/\\\/www.maddalena.it\\\/de\\\/produkt\\\/electo-sj-2\\\/#primaryimage\"},\"thumbnailUrl\":\"https:\\\/\\\/www.maddalena.it\\\/wp-content\\\/uploads\\\/catalog-image\\\/electo-sj-multi-3q.png\",\"datePublished\":\"2024-10-24T07:40:17+00:00\",\"dateModified\":\"2025-07-07T13:00:56+00:00\",\"description\":\"ElecTo SJ ist ein Einstrahlz\u00e4hler mit integrierter Datenkommunikation dank eines innovativen elektronischen Z\u00e4hlwerks mit Multiprotokoll-Fernsteu\",\"breadcrumb\":{\"@id\":\"https:\\\/\\\/www.maddalena.it\\\/de\\\/produkt\\\/electo-sj-2\\\/#breadcrumb\"},\"inLanguage\":\"de\",\"potentialAction\":[{\"@type\":\"ReadAction\",\"target\":[\"https:\\\/\\\/www.maddalena.it\\\/de\\\/produkt\\\/electo-sj-2\\\/\"]}]},{\"@type\":\"ImageObject\",\"inLanguage\":\"de\",\"@id\":\"https:\\\/\\\/www.maddalena.it\\\/de\\\/produkt\\\/electo-sj-2\\\/#primaryimage\",\"url\":\"https:\\\/\\\/www.maddalena.it\\\/wp-content\\\/uploads\\\/catalog-image\\\/electo-sj-multi-3q.png\",\"contentUrl\":\"https:\\\/\\\/www.maddalena.it\\\/wp-content\\\/uploads\\\/catalog-image\\\/electo-sj-multi-3q.png\",\"width\":1600,\"height\":1200,\"caption\":\"ElecTo\"},{\"@type\":\"BreadcrumbList\",\"@id\":\"https:\\\/\\\/www.maddalena.it\\\/de\\\/produkt\\\/electo-sj-2\\\/#breadcrumb\",\"itemListElement\":[{\"@type\":\"ListItem\",\"position\":1,\"name\":\"Home\",\"item\":\"https:\\\/\\\/www.maddalena.it\\\/de\\\/\"},{\"@type\":\"ListItem\",\"position\":2,\"name\":\"Produkte\",\"item\":\"https:\\\/\\\/www.maddalena.it\\\/de\\\/produkt\\\/\"},{\"@type\":\"ListItem\",\"position\":3,\"name\":\"Wasser\",\"item\":\"https:\\\/\\\/www.maddalena.it\\\/de\\\/produkte\\\/wasserzaehler\\\/\"},{\"@type\":\"ListItem\",\"position\":4,\"name\":\"ElecTo\",\"item\":\"https:\\\/\\\/www.maddalena.it\\\/de\\\/produkte\\\/electo-de\\\/\"},{\"@type\":\"ListItem\",\"position\":5,\"name\":\"ELECTO SJ\"}]},{\"@type\":\"WebSite\",\"@id\":\"https:\\\/\\\/www.maddalena.it\\\/de\\\/#website\",\"url\":\"https:\\\/\\\/www.maddalena.it\\\/de\\\/\",\"name\":\"Maddalena S.p.A.\",\"description\":\"Metering Expertise\",\"publisher\":{\"@id\":\"https:\\\/\\\/www.maddalena.it\\\/de\\\/#organization\"},\"potentialAction\":[{\"@type\":\"SearchAction\",\"target\":{\"@type\":\"EntryPoint\",\"urlTemplate\":\"https:\\\/\\\/www.maddalena.it\\\/de\\\/?s={search_term_string}\"},\"query-input\":{\"@type\":\"PropertyValueSpecification\",\"valueRequired\":true,\"valueName\":\"search_term_string\"}}],\"inLanguage\":\"de\"},{\"@type\":\"Organization\",\"@id\":\"https:\\\/\\\/www.maddalena.it\\\/de\\\/#organization\",\"name\":\"Maddalena S.p.A.\",\"url\":\"https:\\\/\\\/www.maddalena.it\\\/de\\\/\",\"logo\":{\"@type\":\"ImageObject\",\"inLanguage\":\"de\",\"@id\":\"https:\\\/\\\/www.maddalena.it\\\/de\\\/#\\\/schema\\\/logo\\\/image\\\/\",\"url\":\"https:\\\/\\\/www.maddalena.it\\\/wp-content\\\/uploads\\\/2022\\\/04\\\/logo.svg\",\"contentUrl\":\"https:\\\/\\\/www.maddalena.it\\\/wp-content\\\/uploads\\\/2022\\\/04\\\/logo.svg\",\"caption\":\"Maddalena S.p.A.\"},\"image\":{\"@id\":\"https:\\\/\\\/www.maddalena.it\\\/de\\\/#\\\/schema\\\/logo\\\/image\\\/\"}}]}<\/script>\n<!-- \/ Yoast SEO plugin. -->","yoast_head_json":{"title":"ELECTO SJ - MULTIPROTOKOLL ELEKTRONISCHER EINSTRAHLZ\u00c4HLER","description":"ElecTo SJ ist ein Einstrahlz\u00e4hler mit integrierter Datenkommunikation dank eines innovativen elektronischen Z\u00e4hlwerks mit Multiprotokoll-Fernsteu","robots":{"index":"index","follow":"follow","max-snippet":"max-snippet:-1","max-image-preview":"max-image-preview:large","max-video-preview":"max-video-preview:-1"},"canonical":"https:\/\/www.maddalena.it\/de\/produkt\/electo-sj-2\/","og_locale":"de_DE","og_type":"article","og_title":"ELECTO SJ - MULTIPROTOKOLL ELEKTRONISCHER EINSTRAHLZ\u00c4HLER","og_description":"ElecTo SJ ist ein Einstrahlz\u00e4hler mit integrierter Datenkommunikation dank eines innovativen elektronischen Z\u00e4hlwerks mit Multiprotokoll-Fernsteu","og_url":"https:\/\/www.maddalena.it\/de\/produkt\/electo-sj-2\/","og_site_name":"Maddalena S.p.A.","article_modified_time":"2025-07-07T13:00:56+00:00","og_image":[{"width":1600,"height":1200,"url":"https:\/\/www.maddalena.it\/wp-content\/uploads\/catalog-image\/electo-sj-multi-3q.png","type":"image\/png"}],"twitter_card":"summary_large_image","schema":{"@context":"https:\/\/schema.org","@graph":[{"@type":"WebPage","@id":"https:\/\/www.maddalena.it\/de\/produkt\/electo-sj-2\/","url":"https:\/\/www.maddalena.it\/de\/produkt\/electo-sj-2\/","name":"ELECTO SJ - MULTIPROTOKOLL ELEKTRONISCHER EINSTRAHLZ\u00c4HLER","isPartOf":{"@id":"https:\/\/www.maddalena.it\/de\/#website"},"primaryImageOfPage":{"@id":"https:\/\/www.maddalena.it\/de\/produkt\/electo-sj-2\/#primaryimage"},"image":{"@id":"https:\/\/www.maddalena.it\/de\/produkt\/electo-sj-2\/#primaryimage"},"thumbnailUrl":"https:\/\/www.maddalena.it\/wp-content\/uploads\/catalog-image\/electo-sj-multi-3q.png","datePublished":"2024-10-24T07:40:17+00:00","dateModified":"2025-07-07T13:00:56+00:00","description":"ElecTo SJ ist ein Einstrahlz\u00e4hler mit integrierter Datenkommunikation dank eines innovativen elektronischen Z\u00e4hlwerks mit Multiprotokoll-Fernsteu","breadcrumb":{"@id":"https:\/\/www.maddalena.it\/de\/produkt\/electo-sj-2\/#breadcrumb"},"inLanguage":"de","potentialAction":[{"@type":"ReadAction","target":["https:\/\/www.maddalena.it\/de\/produkt\/electo-sj-2\/"]}]},{"@type":"ImageObject","inLanguage":"de","@id":"https:\/\/www.maddalena.it\/de\/produkt\/electo-sj-2\/#primaryimage","url":"https:\/\/www.maddalena.it\/wp-content\/uploads\/catalog-image\/electo-sj-multi-3q.png","contentUrl":"https:\/\/www.maddalena.it\/wp-content\/uploads\/catalog-image\/electo-sj-multi-3q.png","width":1600,"height":1200,"caption":"ElecTo"},{"@type":"BreadcrumbList","@id":"https:\/\/www.maddalena.it\/de\/produkt\/electo-sj-2\/#breadcrumb","itemListElement":[{"@type":"ListItem","position":1,"name":"Home","item":"https:\/\/www.maddalena.it\/de\/"},{"@type":"ListItem","position":2,"name":"Produkte","item":"https:\/\/www.maddalena.it\/de\/produkt\/"},{"@type":"ListItem","position":3,"name":"Wasser","item":"https:\/\/www.maddalena.it\/de\/produkte\/wasserzaehler\/"},{"@type":"ListItem","position":4,"name":"ElecTo","item":"https:\/\/www.maddalena.it\/de\/produkte\/electo-de\/"},{"@type":"ListItem","position":5,"name":"ELECTO SJ"}]},{"@type":"WebSite","@id":"https:\/\/www.maddalena.it\/de\/#website","url":"https:\/\/www.maddalena.it\/de\/","name":"Maddalena S.p.A.","description":"Metering Expertise","publisher":{"@id":"https:\/\/www.maddalena.it\/de\/#organization"},"potentialAction":[{"@type":"SearchAction","target":{"@type":"EntryPoint","urlTemplate":"https:\/\/www.maddalena.it\/de\/?s={search_term_string}"},"query-input":{"@type":"PropertyValueSpecification","valueRequired":true,"valueName":"search_term_string"}}],"inLanguage":"de"},{"@type":"Organization","@id":"https:\/\/www.maddalena.it\/de\/#organization","name":"Maddalena S.p.A.","url":"https:\/\/www.maddalena.it\/de\/","logo":{"@type":"ImageObject","inLanguage":"de","@id":"https:\/\/www.maddalena.it\/de\/#\/schema\/logo\/image\/","url":"https:\/\/www.maddalena.it\/wp-content\/uploads\/2022\/04\/logo.svg","contentUrl":"https:\/\/www.maddalena.it\/wp-content\/uploads\/2022\/04\/logo.svg","caption":"Maddalena S.p.A."},"image":{"@id":"https:\/\/www.maddalena.it\/de\/#\/schema\/logo\/image\/"}}]}},"_links":{"self":[{"href":"https:\/\/www.maddalena.it\/de\/wp-json\/wp\/v2\/product\/29809","targetHints":{"allow":["GET"]}}],"collection":[{"href":"https:\/\/www.maddalena.it\/de\/wp-json\/wp\/v2\/product"}],"about":[{"href":"https:\/\/www.maddalena.it\/de\/wp-json\/wp\/v2\/types\/product"}],"wp:featuredmedia":[{"embeddable":true,"href":"https:\/\/www.maddalena.it\/de\/wp-json\/wp\/v2\/media\/28999"}],"wp:attachment":[{"href":"https:\/\/www.maddalena.it\/de\/wp-json\/wp\/v2\/media?parent=29809"}],"wp:term":[{"taxonomy":"product_category","embeddable":true,"href":"https:\/\/www.maddalena.it\/de\/wp-json\/wp\/v2\/product_category?post=29809"}],"curies":[{"name":"wp","href":"https:\/\/api.w.org\/{rel}","templated":true}]}}