{"id":25623,"date":"2023-05-30T12:00:48","date_gmt":"2023-05-30T10:00:48","guid":{"rendered":"https:\/\/www.maddalena.it\/?post_type=product&#038;p=25623"},"modified":"2025-07-07T15:01:29","modified_gmt":"2025-07-07T13:01:29","slug":"electo-mvm","status":"publish","type":"product","link":"https:\/\/www.maddalena.it\/de\/produkt\/electo-mvm\/","title":{"rendered":"ELECTO MVM"},"content":{"rendered":"<p>ElecTo MVM ist ein Drehkolbenz\u00e4hler f\u00fcr  Sanit\u00e4rwasser, ausgestattet mit einem innovativen elektronischen Multiprotokoll-Funk-Z\u00e4hlwerk. Robust, langlebig, geeignet f\u00fcr komplizierte Umgebungen und Installationsbedingungen. Niedrige Anlaufmenge und gro\u00dfer Messbereich erm\u00f6glichen eine sehr gute Verbrauchsverrechnung. Das gro\u00dfe LCD Display vereinfacht das Auslesen und macht zus\u00e4tzliche Informationen f\u00fcr Verbraucher und Betreiber zug\u00e4nglich. ElecTo MVM ist \u00e4u\u00dferst flexibel in der Datenkommunikation auf kurze und lange Entfernungen, mit der M\u00f6glichkeit von mobilen und station\u00e4ren Auslesesystemen.<\/p>\n","protected":false},"excerpt":{"rendered":"<p>ELEKTRONISCHER VOLUMETRISCHER Z\u00c4HLER<\/p>\n","protected":false},"featured_media":25639,"menu_order":7,"template":"","meta":{"_acf_changed":false,"_lmt_disableupdate":"no","_lmt_disable":""},"product_category":[74],"class_list":["post-25623","product","type-product","status-publish","has-post-thumbnail","hentry","product_category-electo-de"],"acf":[],"yoast_head":"<!-- This site is optimized with the Yoast SEO plugin v27.5 - https:\/\/yoast.com\/product\/yoast-seo-wordpress\/ -->\n<title>ELECTO MVM - ELEKTRONISCHER VOLUMETRISCHER Z\u00c4HLER<\/title>\n<meta name=\"description\" content=\"ElecTo MVM ist ein Drehkolbenz\u00e4hler f\u00fcr Sanit\u00e4rwasser, ausgestattet mit einem innovativen elektronischen Multiprotokoll-Funk-Z\u00e4hlwerk. Robust,\" \/>\n<meta name=\"robots\" content=\"index, follow, max-snippet:-1, max-image-preview:large, max-video-preview:-1\" \/>\n<link rel=\"canonical\" href=\"https:\/\/www.maddalena.it\/de\/produkt\/electo-mvm\/\" \/>\n<meta property=\"og:locale\" content=\"de_DE\" \/>\n<meta property=\"og:type\" content=\"article\" \/>\n<meta property=\"og:title\" content=\"ELECTO MVM - ELEKTRONISCHER VOLUMETRISCHER Z\u00c4HLER\" \/>\n<meta property=\"og:description\" content=\"ElecTo MVM ist ein Drehkolbenz\u00e4hler f\u00fcr Sanit\u00e4rwasser, ausgestattet mit einem innovativen elektronischen Multiprotokoll-Funk-Z\u00e4hlwerk. Robust,\" \/>\n<meta property=\"og:url\" content=\"https:\/\/www.maddalena.it\/de\/produkt\/electo-mvm\/\" \/>\n<meta property=\"og:site_name\" content=\"Maddalena S.p.A.\" \/>\n<meta property=\"article:modified_time\" content=\"2025-07-07T13:01:29+00:00\" \/>\n<meta property=\"og:image\" content=\"https:\/\/www.maddalena.it\/wp-content\/uploads\/catalog-image\/23355-electo-mvm-3q.jpg\" \/>\n\t<meta property=\"og:image:width\" content=\"1600\" \/>\n\t<meta property=\"og:image:height\" content=\"1200\" \/>\n\t<meta property=\"og:image:type\" content=\"image\/jpeg\" \/>\n<meta name=\"twitter:card\" content=\"summary_large_image\" \/>\n<script type=\"application\/ld+json\" class=\"yoast-schema-graph\">{\"@context\":\"https:\\\/\\\/schema.org\",\"@graph\":[{\"@type\":\"WebPage\",\"@id\":\"https:\\\/\\\/www.maddalena.it\\\/de\\\/produkt\\\/electo-mvm\\\/\",\"url\":\"https:\\\/\\\/www.maddalena.it\\\/de\\\/produkt\\\/electo-mvm\\\/\",\"name\":\"ELECTO MVM - ELEKTRONISCHER VOLUMETRISCHER Z\u00c4HLER\",\"isPartOf\":{\"@id\":\"https:\\\/\\\/www.maddalena.it\\\/de\\\/#website\"},\"primaryImageOfPage\":{\"@id\":\"https:\\\/\\\/www.maddalena.it\\\/de\\\/produkt\\\/electo-mvm\\\/#primaryimage\"},\"image\":{\"@id\":\"https:\\\/\\\/www.maddalena.it\\\/de\\\/produkt\\\/electo-mvm\\\/#primaryimage\"},\"thumbnailUrl\":\"https:\\\/\\\/www.maddalena.it\\\/wp-content\\\/uploads\\\/catalog-image\\\/23355-electo-mvm-3q.jpg\",\"datePublished\":\"2023-05-30T10:00:48+00:00\",\"dateModified\":\"2025-07-07T13:01:29+00:00\",\"description\":\"ElecTo MVM ist ein Drehkolbenz\u00e4hler f\u00fcr Sanit\u00e4rwasser, ausgestattet mit einem innovativen elektronischen Multiprotokoll-Funk-Z\u00e4hlwerk. Robust,\",\"breadcrumb\":{\"@id\":\"https:\\\/\\\/www.maddalena.it\\\/de\\\/produkt\\\/electo-mvm\\\/#breadcrumb\"},\"inLanguage\":\"de\",\"potentialAction\":[{\"@type\":\"ReadAction\",\"target\":[\"https:\\\/\\\/www.maddalena.it\\\/de\\\/produkt\\\/electo-mvm\\\/\"]}]},{\"@type\":\"ImageObject\",\"inLanguage\":\"de\",\"@id\":\"https:\\\/\\\/www.maddalena.it\\\/de\\\/produkt\\\/electo-mvm\\\/#primaryimage\",\"url\":\"https:\\\/\\\/www.maddalena.it\\\/wp-content\\\/uploads\\\/catalog-image\\\/23355-electo-mvm-3q.jpg\",\"contentUrl\":\"https:\\\/\\\/www.maddalena.it\\\/wp-content\\\/uploads\\\/catalog-image\\\/23355-electo-mvm-3q.jpg\",\"width\":1600,\"height\":1200,\"caption\":\"ElecTo\"},{\"@type\":\"BreadcrumbList\",\"@id\":\"https:\\\/\\\/www.maddalena.it\\\/de\\\/produkt\\\/electo-mvm\\\/#breadcrumb\",\"itemListElement\":[{\"@type\":\"ListItem\",\"position\":1,\"name\":\"Home\",\"item\":\"https:\\\/\\\/www.maddalena.it\\\/de\\\/\"},{\"@type\":\"ListItem\",\"position\":2,\"name\":\"Produkte\",\"item\":\"https:\\\/\\\/www.maddalena.it\\\/de\\\/produkt\\\/\"},{\"@type\":\"ListItem\",\"position\":3,\"name\":\"Wasser\",\"item\":\"https:\\\/\\\/www.maddalena.it\\\/de\\\/produkte\\\/wasserzaehler\\\/\"},{\"@type\":\"ListItem\",\"position\":4,\"name\":\"ElecTo\",\"item\":\"https:\\\/\\\/www.maddalena.it\\\/de\\\/produkte\\\/electo-de\\\/\"},{\"@type\":\"ListItem\",\"position\":5,\"name\":\"ELECTO MVM\"}]},{\"@type\":\"WebSite\",\"@id\":\"https:\\\/\\\/www.maddalena.it\\\/de\\\/#website\",\"url\":\"https:\\\/\\\/www.maddalena.it\\\/de\\\/\",\"name\":\"Maddalena S.p.A.\",\"description\":\"Metering Expertise\",\"publisher\":{\"@id\":\"https:\\\/\\\/www.maddalena.it\\\/de\\\/#organization\"},\"potentialAction\":[{\"@type\":\"SearchAction\",\"target\":{\"@type\":\"EntryPoint\",\"urlTemplate\":\"https:\\\/\\\/www.maddalena.it\\\/de\\\/?s={search_term_string}\"},\"query-input\":{\"@type\":\"PropertyValueSpecification\",\"valueRequired\":true,\"valueName\":\"search_term_string\"}}],\"inLanguage\":\"de\"},{\"@type\":\"Organization\",\"@id\":\"https:\\\/\\\/www.maddalena.it\\\/de\\\/#organization\",\"name\":\"Maddalena S.p.A.\",\"url\":\"https:\\\/\\\/www.maddalena.it\\\/de\\\/\",\"logo\":{\"@type\":\"ImageObject\",\"inLanguage\":\"de\",\"@id\":\"https:\\\/\\\/www.maddalena.it\\\/de\\\/#\\\/schema\\\/logo\\\/image\\\/\",\"url\":\"https:\\\/\\\/www.maddalena.it\\\/wp-content\\\/uploads\\\/2022\\\/04\\\/logo.svg\",\"contentUrl\":\"https:\\\/\\\/www.maddalena.it\\\/wp-content\\\/uploads\\\/2022\\\/04\\\/logo.svg\",\"caption\":\"Maddalena S.p.A.\"},\"image\":{\"@id\":\"https:\\\/\\\/www.maddalena.it\\\/de\\\/#\\\/schema\\\/logo\\\/image\\\/\"}}]}<\/script>\n<!-- \/ Yoast SEO plugin. -->","yoast_head_json":{"title":"ELECTO MVM - ELEKTRONISCHER VOLUMETRISCHER Z\u00c4HLER","description":"ElecTo MVM ist ein Drehkolbenz\u00e4hler f\u00fcr Sanit\u00e4rwasser, ausgestattet mit einem innovativen elektronischen Multiprotokoll-Funk-Z\u00e4hlwerk. Robust,","robots":{"index":"index","follow":"follow","max-snippet":"max-snippet:-1","max-image-preview":"max-image-preview:large","max-video-preview":"max-video-preview:-1"},"canonical":"https:\/\/www.maddalena.it\/de\/produkt\/electo-mvm\/","og_locale":"de_DE","og_type":"article","og_title":"ELECTO MVM - ELEKTRONISCHER VOLUMETRISCHER Z\u00c4HLER","og_description":"ElecTo MVM ist ein Drehkolbenz\u00e4hler f\u00fcr Sanit\u00e4rwasser, ausgestattet mit einem innovativen elektronischen Multiprotokoll-Funk-Z\u00e4hlwerk. Robust,","og_url":"https:\/\/www.maddalena.it\/de\/produkt\/electo-mvm\/","og_site_name":"Maddalena S.p.A.","article_modified_time":"2025-07-07T13:01:29+00:00","og_image":[{"width":1600,"height":1200,"url":"https:\/\/www.maddalena.it\/wp-content\/uploads\/catalog-image\/23355-electo-mvm-3q.jpg","type":"image\/jpeg"}],"twitter_card":"summary_large_image","schema":{"@context":"https:\/\/schema.org","@graph":[{"@type":"WebPage","@id":"https:\/\/www.maddalena.it\/de\/produkt\/electo-mvm\/","url":"https:\/\/www.maddalena.it\/de\/produkt\/electo-mvm\/","name":"ELECTO MVM - ELEKTRONISCHER VOLUMETRISCHER Z\u00c4HLER","isPartOf":{"@id":"https:\/\/www.maddalena.it\/de\/#website"},"primaryImageOfPage":{"@id":"https:\/\/www.maddalena.it\/de\/produkt\/electo-mvm\/#primaryimage"},"image":{"@id":"https:\/\/www.maddalena.it\/de\/produkt\/electo-mvm\/#primaryimage"},"thumbnailUrl":"https:\/\/www.maddalena.it\/wp-content\/uploads\/catalog-image\/23355-electo-mvm-3q.jpg","datePublished":"2023-05-30T10:00:48+00:00","dateModified":"2025-07-07T13:01:29+00:00","description":"ElecTo MVM ist ein Drehkolbenz\u00e4hler f\u00fcr Sanit\u00e4rwasser, ausgestattet mit einem innovativen elektronischen Multiprotokoll-Funk-Z\u00e4hlwerk. Robust,","breadcrumb":{"@id":"https:\/\/www.maddalena.it\/de\/produkt\/electo-mvm\/#breadcrumb"},"inLanguage":"de","potentialAction":[{"@type":"ReadAction","target":["https:\/\/www.maddalena.it\/de\/produkt\/electo-mvm\/"]}]},{"@type":"ImageObject","inLanguage":"de","@id":"https:\/\/www.maddalena.it\/de\/produkt\/electo-mvm\/#primaryimage","url":"https:\/\/www.maddalena.it\/wp-content\/uploads\/catalog-image\/23355-electo-mvm-3q.jpg","contentUrl":"https:\/\/www.maddalena.it\/wp-content\/uploads\/catalog-image\/23355-electo-mvm-3q.jpg","width":1600,"height":1200,"caption":"ElecTo"},{"@type":"BreadcrumbList","@id":"https:\/\/www.maddalena.it\/de\/produkt\/electo-mvm\/#breadcrumb","itemListElement":[{"@type":"ListItem","position":1,"name":"Home","item":"https:\/\/www.maddalena.it\/de\/"},{"@type":"ListItem","position":2,"name":"Produkte","item":"https:\/\/www.maddalena.it\/de\/produkt\/"},{"@type":"ListItem","position":3,"name":"Wasser","item":"https:\/\/www.maddalena.it\/de\/produkte\/wasserzaehler\/"},{"@type":"ListItem","position":4,"name":"ElecTo","item":"https:\/\/www.maddalena.it\/de\/produkte\/electo-de\/"},{"@type":"ListItem","position":5,"name":"ELECTO MVM"}]},{"@type":"WebSite","@id":"https:\/\/www.maddalena.it\/de\/#website","url":"https:\/\/www.maddalena.it\/de\/","name":"Maddalena S.p.A.","description":"Metering Expertise","publisher":{"@id":"https:\/\/www.maddalena.it\/de\/#organization"},"potentialAction":[{"@type":"SearchAction","target":{"@type":"EntryPoint","urlTemplate":"https:\/\/www.maddalena.it\/de\/?s={search_term_string}"},"query-input":{"@type":"PropertyValueSpecification","valueRequired":true,"valueName":"search_term_string"}}],"inLanguage":"de"},{"@type":"Organization","@id":"https:\/\/www.maddalena.it\/de\/#organization","name":"Maddalena S.p.A.","url":"https:\/\/www.maddalena.it\/de\/","logo":{"@type":"ImageObject","inLanguage":"de","@id":"https:\/\/www.maddalena.it\/de\/#\/schema\/logo\/image\/","url":"https:\/\/www.maddalena.it\/wp-content\/uploads\/2022\/04\/logo.svg","contentUrl":"https:\/\/www.maddalena.it\/wp-content\/uploads\/2022\/04\/logo.svg","caption":"Maddalena S.p.A."},"image":{"@id":"https:\/\/www.maddalena.it\/de\/#\/schema\/logo\/image\/"}}]}},"_links":{"self":[{"href":"https:\/\/www.maddalena.it\/de\/wp-json\/wp\/v2\/product\/25623","targetHints":{"allow":["GET"]}}],"collection":[{"href":"https:\/\/www.maddalena.it\/de\/wp-json\/wp\/v2\/product"}],"about":[{"href":"https:\/\/www.maddalena.it\/de\/wp-json\/wp\/v2\/types\/product"}],"wp:featuredmedia":[{"embeddable":true,"href":"https:\/\/www.maddalena.it\/de\/wp-json\/wp\/v2\/media\/25639"}],"wp:attachment":[{"href":"https:\/\/www.maddalena.it\/de\/wp-json\/wp\/v2\/media?parent=25623"}],"wp:term":[{"taxonomy":"product_category","embeddable":true,"href":"https:\/\/www.maddalena.it\/de\/wp-json\/wp\/v2\/product_category?post=25623"}],"curies":[{"name":"wp","href":"https:\/\/api.w.org\/{rel}","templated":true}]}}