{"id":22352,"date":"2022-11-07T09:58:15","date_gmt":"2022-11-07T08:58:15","guid":{"rendered":"https:\/\/www.maddalena.it\/?post_type=product&#038;p=22352"},"modified":"2025-07-07T15:01:16","modified_gmt":"2025-07-07T13:01:16","slug":"electo-mvm-c","status":"publish","type":"product","link":"https:\/\/www.maddalena.it\/de\/produkt\/electo-mvm-c\/","title":{"rendered":"ELECTO MVM + C"},"content":{"rendered":"<p>ElecTo MVM + C ist ein Drehkolbenz\u00e4hler f\u00fcr Sanit\u00e4rwasser, ausgestattet mit einem innovativen elektronischen Multiprotokoll-Funk-Z\u00e4hlwerk. Das robuste, langlebige Geh\u00e4use aus Verbundwerkstoff eignet sich f\u00fcr die typischen Bedingungen und Installierungen in Versorgungsbetrieben. Niedrige Anlaufmenge und gro\u00dfer Messbereich erm\u00f6glichen eine sehr gute Verbrauchsverrechnung. Das gro\u00dfe LCD Display vereinfacht das Auslesen und macht zus\u00e4tzliche Informationen f\u00fcr Verbraucher und Betreiber zug\u00e4nglich. ElecTo MVM + C ist \u00e4u\u00dferst flexibel in der Datenkommunikation auf kurze und lange Entfernungen, mit der M\u00f6glichkeit von mobilen und station\u00e4ren Auslesesystemen.<\/p>\n","protected":false},"excerpt":{"rendered":"<p>ELEKTRONISCHER VOLUMENZ\u00c4HLER<\/p>\n","protected":false},"featured_media":22173,"menu_order":8,"template":"","meta":{"_acf_changed":false,"_lmt_disableupdate":"","_lmt_disable":""},"product_category":[74],"class_list":["post-22352","product","type-product","status-publish","has-post-thumbnail","hentry","product_category-electo-de"],"acf":[],"yoast_head":"<!-- This site is optimized with the Yoast SEO plugin v27.5 - https:\/\/yoast.com\/product\/yoast-seo-wordpress\/ -->\n<title>ELECTO MVM + C - ELEKTRONISCHER VOLUMENZ\u00c4HLER<\/title>\n<meta name=\"description\" content=\"ElecTo MVM + C ist ein Drehkolbenz\u00e4hler f\u00fcr Sanit\u00e4rwasser, ausgestattet mit einem innovativen elektronischen Multiprotokoll-Funk-Z\u00e4hlwerk. Das\" \/>\n<meta name=\"robots\" content=\"index, follow, max-snippet:-1, max-image-preview:large, max-video-preview:-1\" \/>\n<link rel=\"canonical\" href=\"https:\/\/www.maddalena.it\/de\/produkt\/electo-mvm-c\/\" \/>\n<meta property=\"og:locale\" content=\"de_DE\" \/>\n<meta property=\"og:type\" content=\"article\" \/>\n<meta property=\"og:title\" content=\"ELECTO MVM + C - ELEKTRONISCHER VOLUMENZ\u00c4HLER\" \/>\n<meta property=\"og:description\" content=\"ElecTo MVM + C ist ein Drehkolbenz\u00e4hler f\u00fcr Sanit\u00e4rwasser, ausgestattet mit einem innovativen elektronischen Multiprotokoll-Funk-Z\u00e4hlwerk. Das\" \/>\n<meta property=\"og:url\" content=\"https:\/\/www.maddalena.it\/de\/produkt\/electo-mvm-c\/\" \/>\n<meta property=\"og:site_name\" content=\"Maddalena S.p.A.\" \/>\n<meta property=\"article:modified_time\" content=\"2025-07-07T13:01:16+00:00\" \/>\n<meta property=\"og:image\" content=\"https:\/\/www.maddalena.it\/wp-content\/uploads\/catalog-image\/electo-mvm-plusc-3q.jpg\" \/>\n\t<meta property=\"og:image:width\" content=\"1600\" \/>\n\t<meta property=\"og:image:height\" content=\"1200\" \/>\n\t<meta property=\"og:image:type\" content=\"image\/jpeg\" \/>\n<meta name=\"twitter:card\" content=\"summary_large_image\" \/>\n<meta name=\"twitter:label1\" content=\"Gesch\u00e4tzte Lesezeit\" \/>\n\t<meta name=\"twitter:data1\" content=\"1\u00a0Minute\" \/>\n<script type=\"application\/ld+json\" class=\"yoast-schema-graph\">{\"@context\":\"https:\\\/\\\/schema.org\",\"@graph\":[{\"@type\":\"WebPage\",\"@id\":\"https:\\\/\\\/www.maddalena.it\\\/de\\\/produkt\\\/electo-mvm-c\\\/\",\"url\":\"https:\\\/\\\/www.maddalena.it\\\/de\\\/produkt\\\/electo-mvm-c\\\/\",\"name\":\"ELECTO MVM + C - ELEKTRONISCHER VOLUMENZ\u00c4HLER\",\"isPartOf\":{\"@id\":\"https:\\\/\\\/www.maddalena.it\\\/de\\\/#website\"},\"primaryImageOfPage\":{\"@id\":\"https:\\\/\\\/www.maddalena.it\\\/de\\\/produkt\\\/electo-mvm-c\\\/#primaryimage\"},\"image\":{\"@id\":\"https:\\\/\\\/www.maddalena.it\\\/de\\\/produkt\\\/electo-mvm-c\\\/#primaryimage\"},\"thumbnailUrl\":\"https:\\\/\\\/www.maddalena.it\\\/wp-content\\\/uploads\\\/catalog-image\\\/electo-mvm-plusc-3q.jpg\",\"datePublished\":\"2022-11-07T08:58:15+00:00\",\"dateModified\":\"2025-07-07T13:01:16+00:00\",\"description\":\"ElecTo MVM + C ist ein Drehkolbenz\u00e4hler f\u00fcr Sanit\u00e4rwasser, ausgestattet mit einem innovativen elektronischen Multiprotokoll-Funk-Z\u00e4hlwerk. Das\",\"breadcrumb\":{\"@id\":\"https:\\\/\\\/www.maddalena.it\\\/de\\\/produkt\\\/electo-mvm-c\\\/#breadcrumb\"},\"inLanguage\":\"de\",\"potentialAction\":[{\"@type\":\"ReadAction\",\"target\":[\"https:\\\/\\\/www.maddalena.it\\\/de\\\/produkt\\\/electo-mvm-c\\\/\"]}]},{\"@type\":\"ImageObject\",\"inLanguage\":\"de\",\"@id\":\"https:\\\/\\\/www.maddalena.it\\\/de\\\/produkt\\\/electo-mvm-c\\\/#primaryimage\",\"url\":\"https:\\\/\\\/www.maddalena.it\\\/wp-content\\\/uploads\\\/catalog-image\\\/electo-mvm-plusc-3q.jpg\",\"contentUrl\":\"https:\\\/\\\/www.maddalena.it\\\/wp-content\\\/uploads\\\/catalog-image\\\/electo-mvm-plusc-3q.jpg\",\"width\":1600,\"height\":1200,\"caption\":\"ElecTo\"},{\"@type\":\"BreadcrumbList\",\"@id\":\"https:\\\/\\\/www.maddalena.it\\\/de\\\/produkt\\\/electo-mvm-c\\\/#breadcrumb\",\"itemListElement\":[{\"@type\":\"ListItem\",\"position\":1,\"name\":\"Home\",\"item\":\"https:\\\/\\\/www.maddalena.it\\\/de\\\/\"},{\"@type\":\"ListItem\",\"position\":2,\"name\":\"Produkte\",\"item\":\"https:\\\/\\\/www.maddalena.it\\\/de\\\/produkt\\\/\"},{\"@type\":\"ListItem\",\"position\":3,\"name\":\"ELECTO MVM + C\"}]},{\"@type\":\"WebSite\",\"@id\":\"https:\\\/\\\/www.maddalena.it\\\/de\\\/#website\",\"url\":\"https:\\\/\\\/www.maddalena.it\\\/de\\\/\",\"name\":\"Maddalena S.p.A.\",\"description\":\"Metering Expertise\",\"publisher\":{\"@id\":\"https:\\\/\\\/www.maddalena.it\\\/de\\\/#organization\"},\"potentialAction\":[{\"@type\":\"SearchAction\",\"target\":{\"@type\":\"EntryPoint\",\"urlTemplate\":\"https:\\\/\\\/www.maddalena.it\\\/de\\\/?s={search_term_string}\"},\"query-input\":{\"@type\":\"PropertyValueSpecification\",\"valueRequired\":true,\"valueName\":\"search_term_string\"}}],\"inLanguage\":\"de\"},{\"@type\":\"Organization\",\"@id\":\"https:\\\/\\\/www.maddalena.it\\\/de\\\/#organization\",\"name\":\"Maddalena S.p.A.\",\"url\":\"https:\\\/\\\/www.maddalena.it\\\/de\\\/\",\"logo\":{\"@type\":\"ImageObject\",\"inLanguage\":\"de\",\"@id\":\"https:\\\/\\\/www.maddalena.it\\\/de\\\/#\\\/schema\\\/logo\\\/image\\\/\",\"url\":\"https:\\\/\\\/www.maddalena.it\\\/wp-content\\\/uploads\\\/2022\\\/04\\\/logo.svg\",\"contentUrl\":\"https:\\\/\\\/www.maddalena.it\\\/wp-content\\\/uploads\\\/2022\\\/04\\\/logo.svg\",\"caption\":\"Maddalena S.p.A.\"},\"image\":{\"@id\":\"https:\\\/\\\/www.maddalena.it\\\/de\\\/#\\\/schema\\\/logo\\\/image\\\/\"}}]}<\/script>\n<!-- \/ Yoast SEO plugin. -->","yoast_head_json":{"title":"ELECTO MVM + C - ELEKTRONISCHER VOLUMENZ\u00c4HLER","description":"ElecTo MVM + C ist ein Drehkolbenz\u00e4hler f\u00fcr Sanit\u00e4rwasser, ausgestattet mit einem innovativen elektronischen Multiprotokoll-Funk-Z\u00e4hlwerk. Das","robots":{"index":"index","follow":"follow","max-snippet":"max-snippet:-1","max-image-preview":"max-image-preview:large","max-video-preview":"max-video-preview:-1"},"canonical":"https:\/\/www.maddalena.it\/de\/produkt\/electo-mvm-c\/","og_locale":"de_DE","og_type":"article","og_title":"ELECTO MVM + C - ELEKTRONISCHER VOLUMENZ\u00c4HLER","og_description":"ElecTo MVM + C ist ein Drehkolbenz\u00e4hler f\u00fcr Sanit\u00e4rwasser, ausgestattet mit einem innovativen elektronischen Multiprotokoll-Funk-Z\u00e4hlwerk. Das","og_url":"https:\/\/www.maddalena.it\/de\/produkt\/electo-mvm-c\/","og_site_name":"Maddalena S.p.A.","article_modified_time":"2025-07-07T13:01:16+00:00","og_image":[{"width":1600,"height":1200,"url":"https:\/\/www.maddalena.it\/wp-content\/uploads\/catalog-image\/electo-mvm-plusc-3q.jpg","type":"image\/jpeg"}],"twitter_card":"summary_large_image","twitter_misc":{"Gesch\u00e4tzte Lesezeit":"1\u00a0Minute"},"schema":{"@context":"https:\/\/schema.org","@graph":[{"@type":"WebPage","@id":"https:\/\/www.maddalena.it\/de\/produkt\/electo-mvm-c\/","url":"https:\/\/www.maddalena.it\/de\/produkt\/electo-mvm-c\/","name":"ELECTO MVM + C - ELEKTRONISCHER VOLUMENZ\u00c4HLER","isPartOf":{"@id":"https:\/\/www.maddalena.it\/de\/#website"},"primaryImageOfPage":{"@id":"https:\/\/www.maddalena.it\/de\/produkt\/electo-mvm-c\/#primaryimage"},"image":{"@id":"https:\/\/www.maddalena.it\/de\/produkt\/electo-mvm-c\/#primaryimage"},"thumbnailUrl":"https:\/\/www.maddalena.it\/wp-content\/uploads\/catalog-image\/electo-mvm-plusc-3q.jpg","datePublished":"2022-11-07T08:58:15+00:00","dateModified":"2025-07-07T13:01:16+00:00","description":"ElecTo MVM + C ist ein Drehkolbenz\u00e4hler f\u00fcr Sanit\u00e4rwasser, ausgestattet mit einem innovativen elektronischen Multiprotokoll-Funk-Z\u00e4hlwerk. Das","breadcrumb":{"@id":"https:\/\/www.maddalena.it\/de\/produkt\/electo-mvm-c\/#breadcrumb"},"inLanguage":"de","potentialAction":[{"@type":"ReadAction","target":["https:\/\/www.maddalena.it\/de\/produkt\/electo-mvm-c\/"]}]},{"@type":"ImageObject","inLanguage":"de","@id":"https:\/\/www.maddalena.it\/de\/produkt\/electo-mvm-c\/#primaryimage","url":"https:\/\/www.maddalena.it\/wp-content\/uploads\/catalog-image\/electo-mvm-plusc-3q.jpg","contentUrl":"https:\/\/www.maddalena.it\/wp-content\/uploads\/catalog-image\/electo-mvm-plusc-3q.jpg","width":1600,"height":1200,"caption":"ElecTo"},{"@type":"BreadcrumbList","@id":"https:\/\/www.maddalena.it\/de\/produkt\/electo-mvm-c\/#breadcrumb","itemListElement":[{"@type":"ListItem","position":1,"name":"Home","item":"https:\/\/www.maddalena.it\/de\/"},{"@type":"ListItem","position":2,"name":"Produkte","item":"https:\/\/www.maddalena.it\/de\/produkt\/"},{"@type":"ListItem","position":3,"name":"ELECTO MVM + C"}]},{"@type":"WebSite","@id":"https:\/\/www.maddalena.it\/de\/#website","url":"https:\/\/www.maddalena.it\/de\/","name":"Maddalena S.p.A.","description":"Metering Expertise","publisher":{"@id":"https:\/\/www.maddalena.it\/de\/#organization"},"potentialAction":[{"@type":"SearchAction","target":{"@type":"EntryPoint","urlTemplate":"https:\/\/www.maddalena.it\/de\/?s={search_term_string}"},"query-input":{"@type":"PropertyValueSpecification","valueRequired":true,"valueName":"search_term_string"}}],"inLanguage":"de"},{"@type":"Organization","@id":"https:\/\/www.maddalena.it\/de\/#organization","name":"Maddalena S.p.A.","url":"https:\/\/www.maddalena.it\/de\/","logo":{"@type":"ImageObject","inLanguage":"de","@id":"https:\/\/www.maddalena.it\/de\/#\/schema\/logo\/image\/","url":"https:\/\/www.maddalena.it\/wp-content\/uploads\/2022\/04\/logo.svg","contentUrl":"https:\/\/www.maddalena.it\/wp-content\/uploads\/2022\/04\/logo.svg","caption":"Maddalena S.p.A."},"image":{"@id":"https:\/\/www.maddalena.it\/de\/#\/schema\/logo\/image\/"}}]}},"_links":{"self":[{"href":"https:\/\/www.maddalena.it\/de\/wp-json\/wp\/v2\/product\/22352","targetHints":{"allow":["GET"]}}],"collection":[{"href":"https:\/\/www.maddalena.it\/de\/wp-json\/wp\/v2\/product"}],"about":[{"href":"https:\/\/www.maddalena.it\/de\/wp-json\/wp\/v2\/types\/product"}],"wp:featuredmedia":[{"embeddable":true,"href":"https:\/\/www.maddalena.it\/de\/wp-json\/wp\/v2\/media\/22173"}],"wp:attachment":[{"href":"https:\/\/www.maddalena.it\/de\/wp-json\/wp\/v2\/media?parent=22352"}],"wp:term":[{"taxonomy":"product_category","embeddable":true,"href":"https:\/\/www.maddalena.it\/de\/wp-json\/wp\/v2\/product_category?post=22352"}],"curies":[{"name":"wp","href":"https:\/\/api.w.org\/{rel}","templated":true}]}}