{"id":22345,"date":"2022-11-07T08:56:10","date_gmt":"2022-11-07T07:56:10","guid":{"rendered":"https:\/\/www.maddalena.it\/?post_type=product&#038;p=22345"},"modified":"2025-09-10T17:02:17","modified_gmt":"2025-09-10T15:02:17","slug":"electo-sonic","status":"publish","type":"product","link":"https:\/\/www.maddalena.it\/de\/produkt\/electo-sonic\/","title":{"rendered":"ELECTO SONIC"},"content":{"rendered":"<p>ElecTo SONIC ist ein Ultraschallz\u00e4hler mit integrierter Datenkommunikation dank eines innovativen elektronischen Z\u00e4hlwerks mit Funk-Multiprotokoll. Garantiert optimale Leistung unter allen Einbaubedingungen und Unempfindlichkeit gegen physikalisch-chemische Eigenschaften des Wassers. Er ist daher die ideale L\u00f6sung f\u00fcr den Einbau bei Versorgungsunternehmen. Das gro\u00dfe 9-Digit-Display und Symbole vereinfachen das Auslesen und machen zus\u00e4tzliche Informationen f\u00fcr Verbraucher und Betreiber zug\u00e4nglich. ElecTo SONIC gibt die M\u00f6glichkeit der Fernauslesung der Daten mit mobilen oder fixen Systemen bei maximaler Interoperabilit\u00e4t.<\/p>\n","protected":false},"excerpt":{"rendered":"<p>ELEKTRONISCHER ULTRASCHALLZ\u00c4HLER<\/p>\n","protected":false},"featured_media":22193,"menu_order":9,"template":"","meta":{"_acf_changed":false,"_lmt_disableupdate":"","_lmt_disable":""},"product_category":[74],"class_list":["post-22345","product","type-product","status-publish","has-post-thumbnail","hentry","product_category-electo-de"],"acf":[],"yoast_head":"<!-- This site is optimized with the Yoast SEO plugin v27.5 - https:\/\/yoast.com\/product\/yoast-seo-wordpress\/ -->\n<title>ELECTO SONIC - ELEKTRONISCHER ULTRASCHALLZ\u00c4HLER<\/title>\n<meta name=\"description\" content=\"ElecTo SONIC ist ein Ultraschallz\u00e4hler mit integrierter Datenkommunikation dank eines innovativen elektronischen Z\u00e4hlwerks mit Funk-Multiprotokol\" \/>\n<meta name=\"robots\" content=\"index, follow, max-snippet:-1, max-image-preview:large, max-video-preview:-1\" \/>\n<link rel=\"canonical\" href=\"https:\/\/www.maddalena.it\/de\/produkt\/electo-sonic\/\" \/>\n<meta property=\"og:locale\" content=\"de_DE\" \/>\n<meta property=\"og:type\" content=\"article\" \/>\n<meta property=\"og:title\" content=\"ELECTO SONIC - ELEKTRONISCHER ULTRASCHALLZ\u00c4HLER\" \/>\n<meta property=\"og:description\" content=\"ElecTo SONIC ist ein Ultraschallz\u00e4hler mit integrierter Datenkommunikation dank eines innovativen elektronischen Z\u00e4hlwerks mit Funk-Multiprotokol\" \/>\n<meta property=\"og:url\" content=\"https:\/\/www.maddalena.it\/de\/produkt\/electo-sonic\/\" \/>\n<meta property=\"og:site_name\" content=\"Maddalena S.p.A.\" \/>\n<meta property=\"article:modified_time\" content=\"2025-09-10T15:02:17+00:00\" \/>\n<meta property=\"og:image\" content=\"https:\/\/www.maddalena.it\/wp-content\/uploads\/catalog-image\/electo-sonic-3q.png\" \/>\n\t<meta property=\"og:image:width\" content=\"1600\" \/>\n\t<meta property=\"og:image:height\" content=\"1200\" \/>\n\t<meta property=\"og:image:type\" content=\"image\/png\" \/>\n<meta name=\"twitter:card\" content=\"summary_large_image\" \/>\n<meta name=\"twitter:label1\" content=\"Gesch\u00e4tzte Lesezeit\" \/>\n\t<meta name=\"twitter:data1\" content=\"1\u00a0Minute\" \/>\n<script type=\"application\/ld+json\" class=\"yoast-schema-graph\">{\"@context\":\"https:\\\/\\\/schema.org\",\"@graph\":[{\"@type\":\"WebPage\",\"@id\":\"https:\\\/\\\/www.maddalena.it\\\/de\\\/produkt\\\/electo-sonic\\\/\",\"url\":\"https:\\\/\\\/www.maddalena.it\\\/de\\\/produkt\\\/electo-sonic\\\/\",\"name\":\"ELECTO SONIC - ELEKTRONISCHER ULTRASCHALLZ\u00c4HLER\",\"isPartOf\":{\"@id\":\"https:\\\/\\\/www.maddalena.it\\\/de\\\/#website\"},\"primaryImageOfPage\":{\"@id\":\"https:\\\/\\\/www.maddalena.it\\\/de\\\/produkt\\\/electo-sonic\\\/#primaryimage\"},\"image\":{\"@id\":\"https:\\\/\\\/www.maddalena.it\\\/de\\\/produkt\\\/electo-sonic\\\/#primaryimage\"},\"thumbnailUrl\":\"https:\\\/\\\/www.maddalena.it\\\/wp-content\\\/uploads\\\/catalog-image\\\/electo-sonic-3q.png\",\"datePublished\":\"2022-11-07T07:56:10+00:00\",\"dateModified\":\"2025-09-10T15:02:17+00:00\",\"description\":\"ElecTo SONIC ist ein Ultraschallz\u00e4hler mit integrierter Datenkommunikation dank eines innovativen elektronischen Z\u00e4hlwerks mit Funk-Multiprotokol\",\"breadcrumb\":{\"@id\":\"https:\\\/\\\/www.maddalena.it\\\/de\\\/produkt\\\/electo-sonic\\\/#breadcrumb\"},\"inLanguage\":\"de\",\"potentialAction\":[{\"@type\":\"ReadAction\",\"target\":[\"https:\\\/\\\/www.maddalena.it\\\/de\\\/produkt\\\/electo-sonic\\\/\"]}]},{\"@type\":\"ImageObject\",\"inLanguage\":\"de\",\"@id\":\"https:\\\/\\\/www.maddalena.it\\\/de\\\/produkt\\\/electo-sonic\\\/#primaryimage\",\"url\":\"https:\\\/\\\/www.maddalena.it\\\/wp-content\\\/uploads\\\/catalog-image\\\/electo-sonic-3q.png\",\"contentUrl\":\"https:\\\/\\\/www.maddalena.it\\\/wp-content\\\/uploads\\\/catalog-image\\\/electo-sonic-3q.png\",\"width\":640,\"height\":480,\"caption\":\"ElecTo\"},{\"@type\":\"BreadcrumbList\",\"@id\":\"https:\\\/\\\/www.maddalena.it\\\/de\\\/produkt\\\/electo-sonic\\\/#breadcrumb\",\"itemListElement\":[{\"@type\":\"ListItem\",\"position\":1,\"name\":\"Home\",\"item\":\"https:\\\/\\\/www.maddalena.it\\\/de\\\/\"},{\"@type\":\"ListItem\",\"position\":2,\"name\":\"Produkte\",\"item\":\"https:\\\/\\\/www.maddalena.it\\\/de\\\/produkt\\\/\"},{\"@type\":\"ListItem\",\"position\":3,\"name\":\"Wasser\",\"item\":\"https:\\\/\\\/www.maddalena.it\\\/de\\\/produkte\\\/wasserzaehler\\\/\"},{\"@type\":\"ListItem\",\"position\":4,\"name\":\"ElecTo\",\"item\":\"https:\\\/\\\/www.maddalena.it\\\/de\\\/produkte\\\/electo-de\\\/\"},{\"@type\":\"ListItem\",\"position\":5,\"name\":\"ELECTO SONIC\"}]},{\"@type\":\"WebSite\",\"@id\":\"https:\\\/\\\/www.maddalena.it\\\/de\\\/#website\",\"url\":\"https:\\\/\\\/www.maddalena.it\\\/de\\\/\",\"name\":\"Maddalena S.p.A.\",\"description\":\"Metering Expertise\",\"publisher\":{\"@id\":\"https:\\\/\\\/www.maddalena.it\\\/de\\\/#organization\"},\"potentialAction\":[{\"@type\":\"SearchAction\",\"target\":{\"@type\":\"EntryPoint\",\"urlTemplate\":\"https:\\\/\\\/www.maddalena.it\\\/de\\\/?s={search_term_string}\"},\"query-input\":{\"@type\":\"PropertyValueSpecification\",\"valueRequired\":true,\"valueName\":\"search_term_string\"}}],\"inLanguage\":\"de\"},{\"@type\":\"Organization\",\"@id\":\"https:\\\/\\\/www.maddalena.it\\\/de\\\/#organization\",\"name\":\"Maddalena S.p.A.\",\"url\":\"https:\\\/\\\/www.maddalena.it\\\/de\\\/\",\"logo\":{\"@type\":\"ImageObject\",\"inLanguage\":\"de\",\"@id\":\"https:\\\/\\\/www.maddalena.it\\\/de\\\/#\\\/schema\\\/logo\\\/image\\\/\",\"url\":\"https:\\\/\\\/www.maddalena.it\\\/wp-content\\\/uploads\\\/2022\\\/04\\\/logo.svg\",\"contentUrl\":\"https:\\\/\\\/www.maddalena.it\\\/wp-content\\\/uploads\\\/2022\\\/04\\\/logo.svg\",\"caption\":\"Maddalena S.p.A.\"},\"image\":{\"@id\":\"https:\\\/\\\/www.maddalena.it\\\/de\\\/#\\\/schema\\\/logo\\\/image\\\/\"}}]}<\/script>\n<!-- \/ Yoast SEO plugin. -->","yoast_head_json":{"title":"ELECTO SONIC - ELEKTRONISCHER ULTRASCHALLZ\u00c4HLER","description":"ElecTo SONIC ist ein Ultraschallz\u00e4hler mit integrierter Datenkommunikation dank eines innovativen elektronischen Z\u00e4hlwerks mit Funk-Multiprotokol","robots":{"index":"index","follow":"follow","max-snippet":"max-snippet:-1","max-image-preview":"max-image-preview:large","max-video-preview":"max-video-preview:-1"},"canonical":"https:\/\/www.maddalena.it\/de\/produkt\/electo-sonic\/","og_locale":"de_DE","og_type":"article","og_title":"ELECTO SONIC - ELEKTRONISCHER ULTRASCHALLZ\u00c4HLER","og_description":"ElecTo SONIC ist ein Ultraschallz\u00e4hler mit integrierter Datenkommunikation dank eines innovativen elektronischen Z\u00e4hlwerks mit Funk-Multiprotokol","og_url":"https:\/\/www.maddalena.it\/de\/produkt\/electo-sonic\/","og_site_name":"Maddalena S.p.A.","article_modified_time":"2025-09-10T15:02:17+00:00","og_image":[{"width":1600,"height":1200,"url":"https:\/\/www.maddalena.it\/wp-content\/uploads\/catalog-image\/electo-sonic-3q.png","type":"image\/png"}],"twitter_card":"summary_large_image","twitter_misc":{"Gesch\u00e4tzte Lesezeit":"1\u00a0Minute"},"schema":{"@context":"https:\/\/schema.org","@graph":[{"@type":"WebPage","@id":"https:\/\/www.maddalena.it\/de\/produkt\/electo-sonic\/","url":"https:\/\/www.maddalena.it\/de\/produkt\/electo-sonic\/","name":"ELECTO SONIC - ELEKTRONISCHER ULTRASCHALLZ\u00c4HLER","isPartOf":{"@id":"https:\/\/www.maddalena.it\/de\/#website"},"primaryImageOfPage":{"@id":"https:\/\/www.maddalena.it\/de\/produkt\/electo-sonic\/#primaryimage"},"image":{"@id":"https:\/\/www.maddalena.it\/de\/produkt\/electo-sonic\/#primaryimage"},"thumbnailUrl":"https:\/\/www.maddalena.it\/wp-content\/uploads\/catalog-image\/electo-sonic-3q.png","datePublished":"2022-11-07T07:56:10+00:00","dateModified":"2025-09-10T15:02:17+00:00","description":"ElecTo SONIC ist ein Ultraschallz\u00e4hler mit integrierter Datenkommunikation dank eines innovativen elektronischen Z\u00e4hlwerks mit Funk-Multiprotokol","breadcrumb":{"@id":"https:\/\/www.maddalena.it\/de\/produkt\/electo-sonic\/#breadcrumb"},"inLanguage":"de","potentialAction":[{"@type":"ReadAction","target":["https:\/\/www.maddalena.it\/de\/produkt\/electo-sonic\/"]}]},{"@type":"ImageObject","inLanguage":"de","@id":"https:\/\/www.maddalena.it\/de\/produkt\/electo-sonic\/#primaryimage","url":"https:\/\/www.maddalena.it\/wp-content\/uploads\/catalog-image\/electo-sonic-3q.png","contentUrl":"https:\/\/www.maddalena.it\/wp-content\/uploads\/catalog-image\/electo-sonic-3q.png","width":640,"height":480,"caption":"ElecTo"},{"@type":"BreadcrumbList","@id":"https:\/\/www.maddalena.it\/de\/produkt\/electo-sonic\/#breadcrumb","itemListElement":[{"@type":"ListItem","position":1,"name":"Home","item":"https:\/\/www.maddalena.it\/de\/"},{"@type":"ListItem","position":2,"name":"Produkte","item":"https:\/\/www.maddalena.it\/de\/produkt\/"},{"@type":"ListItem","position":3,"name":"Wasser","item":"https:\/\/www.maddalena.it\/de\/produkte\/wasserzaehler\/"},{"@type":"ListItem","position":4,"name":"ElecTo","item":"https:\/\/www.maddalena.it\/de\/produkte\/electo-de\/"},{"@type":"ListItem","position":5,"name":"ELECTO SONIC"}]},{"@type":"WebSite","@id":"https:\/\/www.maddalena.it\/de\/#website","url":"https:\/\/www.maddalena.it\/de\/","name":"Maddalena S.p.A.","description":"Metering Expertise","publisher":{"@id":"https:\/\/www.maddalena.it\/de\/#organization"},"potentialAction":[{"@type":"SearchAction","target":{"@type":"EntryPoint","urlTemplate":"https:\/\/www.maddalena.it\/de\/?s={search_term_string}"},"query-input":{"@type":"PropertyValueSpecification","valueRequired":true,"valueName":"search_term_string"}}],"inLanguage":"de"},{"@type":"Organization","@id":"https:\/\/www.maddalena.it\/de\/#organization","name":"Maddalena S.p.A.","url":"https:\/\/www.maddalena.it\/de\/","logo":{"@type":"ImageObject","inLanguage":"de","@id":"https:\/\/www.maddalena.it\/de\/#\/schema\/logo\/image\/","url":"https:\/\/www.maddalena.it\/wp-content\/uploads\/2022\/04\/logo.svg","contentUrl":"https:\/\/www.maddalena.it\/wp-content\/uploads\/2022\/04\/logo.svg","caption":"Maddalena S.p.A."},"image":{"@id":"https:\/\/www.maddalena.it\/de\/#\/schema\/logo\/image\/"}}]}},"_links":{"self":[{"href":"https:\/\/www.maddalena.it\/de\/wp-json\/wp\/v2\/product\/22345","targetHints":{"allow":["GET"]}}],"collection":[{"href":"https:\/\/www.maddalena.it\/de\/wp-json\/wp\/v2\/product"}],"about":[{"href":"https:\/\/www.maddalena.it\/de\/wp-json\/wp\/v2\/types\/product"}],"wp:featuredmedia":[{"embeddable":true,"href":"https:\/\/www.maddalena.it\/de\/wp-json\/wp\/v2\/media\/22193"}],"wp:attachment":[{"href":"https:\/\/www.maddalena.it\/de\/wp-json\/wp\/v2\/media?parent=22345"}],"wp:term":[{"taxonomy":"product_category","embeddable":true,"href":"https:\/\/www.maddalena.it\/de\/wp-json\/wp\/v2\/product_category?post=22345"}],"curies":[{"name":"wp","href":"https:\/\/api.w.org\/{rel}","templated":true}]}}