{"id":19476,"date":"2022-08-03T14:29:14","date_gmt":"2022-08-03T12:29:14","guid":{"rendered":"http:\/\/www.maddalena.it\/?post_type=product&#038;p=19476"},"modified":"2024-02-20T08:00:21","modified_gmt":"2024-02-20T07:00:21","slug":"wmap-evo","status":"publish","type":"product","link":"https:\/\/www.maddalena.it\/de\/produkt\/wmap-evo\/","title":{"rendered":"WMAP EVO"},"content":{"rendered":"<p>WMAP Evo ist eine ausgezeichnete L\u00f6sung f\u00fcr die Messung gro\u00dfer Volumen f\u00fcr Versorger und industrielle und kommerzielle Anwendungen. Bietet gute messtechnische Leistungen und gro\u00dfen Messbereich, sowie perfekte Auslesung auf Dauer dank Z\u00e4hlwerk aus Kupfer-Glas IP68. Robust, langlebig, geeignet f\u00fcr schwierigste Umgebungen, kompatibel mit jeder Art von Wasser. Kann mit modernsten Technologien f\u00fcr die Fernauslesung der Daten ausgestattet werden.<\/p>\n","protected":false},"excerpt":{"rendered":"<p>AXIALER WOLTMANN-TURBINENZ\u00c4HLER<\/p>\n","protected":false},"featured_media":366,"menu_order":11,"template":"","meta":{"_acf_changed":false,"_lmt_disableupdate":"","_lmt_disable":""},"product_category":[78],"class_list":["post-19476","product","type-product","status-publish","has-post-thumbnail","hentry","product_category-mecto-de"],"acf":[],"yoast_head":"<!-- This site is optimized with the Yoast SEO plugin v27.5 - https:\/\/yoast.com\/product\/yoast-seo-wordpress\/ -->\n<title>WMAP EVO - AXIALER WOLTMANN-TURBINENZ\u00c4HLER<\/title>\n<meta name=\"description\" content=\"WMAP Evo ist eine ausgezeichnete L\u00f6sung f\u00fcr die Messung gro\u00dfer Volumen f\u00fcr Versorger und industrielle und kommerzielle Anwendungen. Bietet gute\" \/>\n<meta name=\"robots\" content=\"index, follow, max-snippet:-1, max-image-preview:large, max-video-preview:-1\" \/>\n<link rel=\"canonical\" href=\"https:\/\/www.maddalena.it\/de\/produkt\/wmap-evo\/\" \/>\n<meta property=\"og:locale\" content=\"de_DE\" \/>\n<meta property=\"og:type\" content=\"article\" \/>\n<meta property=\"og:title\" content=\"WMAP EVO - AXIALER WOLTMANN-TURBINENZ\u00c4HLER\" \/>\n<meta property=\"og:description\" content=\"WMAP Evo ist eine ausgezeichnete L\u00f6sung f\u00fcr die Messung gro\u00dfer Volumen f\u00fcr Versorger und industrielle und kommerzielle Anwendungen. Bietet gute\" \/>\n<meta property=\"og:url\" content=\"https:\/\/www.maddalena.it\/de\/produkt\/wmap-evo\/\" \/>\n<meta property=\"og:site_name\" content=\"Maddalena S.p.A.\" \/>\n<meta property=\"article:modified_time\" content=\"2024-02-20T07:00:21+00:00\" \/>\n<meta property=\"og:image\" content=\"https:\/\/www.maddalena.it\/wp-content\/uploads\/catalog-image\/wmap-evo.jpg\" \/>\n\t<meta property=\"og:image:width\" content=\"1600\" \/>\n\t<meta property=\"og:image:height\" content=\"1153\" \/>\n\t<meta property=\"og:image:type\" content=\"image\/jpeg\" \/>\n<meta name=\"twitter:card\" content=\"summary_large_image\" \/>\n<script type=\"application\/ld+json\" class=\"yoast-schema-graph\">{\"@context\":\"https:\\\/\\\/schema.org\",\"@graph\":[{\"@type\":\"WebPage\",\"@id\":\"https:\\\/\\\/www.maddalena.it\\\/de\\\/produkt\\\/wmap-evo\\\/\",\"url\":\"https:\\\/\\\/www.maddalena.it\\\/de\\\/produkt\\\/wmap-evo\\\/\",\"name\":\"WMAP EVO - AXIALER WOLTMANN-TURBINENZ\u00c4HLER\",\"isPartOf\":{\"@id\":\"https:\\\/\\\/www.maddalena.it\\\/de\\\/#website\"},\"primaryImageOfPage\":{\"@id\":\"https:\\\/\\\/www.maddalena.it\\\/de\\\/produkt\\\/wmap-evo\\\/#primaryimage\"},\"image\":{\"@id\":\"https:\\\/\\\/www.maddalena.it\\\/de\\\/produkt\\\/wmap-evo\\\/#primaryimage\"},\"thumbnailUrl\":\"https:\\\/\\\/www.maddalena.it\\\/wp-content\\\/uploads\\\/catalog-image\\\/wmap-evo.jpg\",\"datePublished\":\"2022-08-03T12:29:14+00:00\",\"dateModified\":\"2024-02-20T07:00:21+00:00\",\"description\":\"WMAP Evo ist eine ausgezeichnete L\u00f6sung f\u00fcr die Messung gro\u00dfer Volumen f\u00fcr Versorger und industrielle und kommerzielle Anwendungen. Bietet gute\",\"breadcrumb\":{\"@id\":\"https:\\\/\\\/www.maddalena.it\\\/de\\\/produkt\\\/wmap-evo\\\/#breadcrumb\"},\"inLanguage\":\"de\",\"potentialAction\":[{\"@type\":\"ReadAction\",\"target\":[\"https:\\\/\\\/www.maddalena.it\\\/de\\\/produkt\\\/wmap-evo\\\/\"]}]},{\"@type\":\"ImageObject\",\"inLanguage\":\"de\",\"@id\":\"https:\\\/\\\/www.maddalena.it\\\/de\\\/produkt\\\/wmap-evo\\\/#primaryimage\",\"url\":\"https:\\\/\\\/www.maddalena.it\\\/wp-content\\\/uploads\\\/catalog-image\\\/wmap-evo.jpg\",\"contentUrl\":\"https:\\\/\\\/www.maddalena.it\\\/wp-content\\\/uploads\\\/catalog-image\\\/wmap-evo.jpg\",\"width\":1600,\"height\":1153,\"caption\":\"Mecto\"},{\"@type\":\"BreadcrumbList\",\"@id\":\"https:\\\/\\\/www.maddalena.it\\\/de\\\/produkt\\\/wmap-evo\\\/#breadcrumb\",\"itemListElement\":[{\"@type\":\"ListItem\",\"position\":1,\"name\":\"Home\",\"item\":\"https:\\\/\\\/www.maddalena.it\\\/de\\\/\"},{\"@type\":\"ListItem\",\"position\":2,\"name\":\"Produkte\",\"item\":\"https:\\\/\\\/www.maddalena.it\\\/de\\\/produkt\\\/\"},{\"@type\":\"ListItem\",\"position\":3,\"name\":\"Wasser\",\"item\":\"https:\\\/\\\/www.maddalena.it\\\/de\\\/produkte\\\/wasserzaehler\\\/\"},{\"@type\":\"ListItem\",\"position\":4,\"name\":\"MecTo\",\"item\":\"https:\\\/\\\/www.maddalena.it\\\/de\\\/produkte\\\/mecto-de\\\/\"},{\"@type\":\"ListItem\",\"position\":5,\"name\":\"WMAP EVO\"}]},{\"@type\":\"WebSite\",\"@id\":\"https:\\\/\\\/www.maddalena.it\\\/de\\\/#website\",\"url\":\"https:\\\/\\\/www.maddalena.it\\\/de\\\/\",\"name\":\"Maddalena S.p.A.\",\"description\":\"Metering Expertise\",\"publisher\":{\"@id\":\"https:\\\/\\\/www.maddalena.it\\\/de\\\/#organization\"},\"potentialAction\":[{\"@type\":\"SearchAction\",\"target\":{\"@type\":\"EntryPoint\",\"urlTemplate\":\"https:\\\/\\\/www.maddalena.it\\\/de\\\/?s={search_term_string}\"},\"query-input\":{\"@type\":\"PropertyValueSpecification\",\"valueRequired\":true,\"valueName\":\"search_term_string\"}}],\"inLanguage\":\"de\"},{\"@type\":\"Organization\",\"@id\":\"https:\\\/\\\/www.maddalena.it\\\/de\\\/#organization\",\"name\":\"Maddalena S.p.A.\",\"url\":\"https:\\\/\\\/www.maddalena.it\\\/de\\\/\",\"logo\":{\"@type\":\"ImageObject\",\"inLanguage\":\"de\",\"@id\":\"https:\\\/\\\/www.maddalena.it\\\/de\\\/#\\\/schema\\\/logo\\\/image\\\/\",\"url\":\"https:\\\/\\\/www.maddalena.it\\\/wp-content\\\/uploads\\\/2022\\\/04\\\/logo.svg\",\"contentUrl\":\"https:\\\/\\\/www.maddalena.it\\\/wp-content\\\/uploads\\\/2022\\\/04\\\/logo.svg\",\"caption\":\"Maddalena S.p.A.\"},\"image\":{\"@id\":\"https:\\\/\\\/www.maddalena.it\\\/de\\\/#\\\/schema\\\/logo\\\/image\\\/\"}}]}<\/script>\n<!-- \/ Yoast SEO plugin. -->","yoast_head_json":{"title":"WMAP EVO - AXIALER WOLTMANN-TURBINENZ\u00c4HLER","description":"WMAP Evo ist eine ausgezeichnete L\u00f6sung f\u00fcr die Messung gro\u00dfer Volumen f\u00fcr Versorger und industrielle und kommerzielle Anwendungen. Bietet gute","robots":{"index":"index","follow":"follow","max-snippet":"max-snippet:-1","max-image-preview":"max-image-preview:large","max-video-preview":"max-video-preview:-1"},"canonical":"https:\/\/www.maddalena.it\/de\/produkt\/wmap-evo\/","og_locale":"de_DE","og_type":"article","og_title":"WMAP EVO - AXIALER WOLTMANN-TURBINENZ\u00c4HLER","og_description":"WMAP Evo ist eine ausgezeichnete L\u00f6sung f\u00fcr die Messung gro\u00dfer Volumen f\u00fcr Versorger und industrielle und kommerzielle Anwendungen. Bietet gute","og_url":"https:\/\/www.maddalena.it\/de\/produkt\/wmap-evo\/","og_site_name":"Maddalena S.p.A.","article_modified_time":"2024-02-20T07:00:21+00:00","og_image":[{"width":1600,"height":1153,"url":"https:\/\/www.maddalena.it\/wp-content\/uploads\/catalog-image\/wmap-evo.jpg","type":"image\/jpeg"}],"twitter_card":"summary_large_image","schema":{"@context":"https:\/\/schema.org","@graph":[{"@type":"WebPage","@id":"https:\/\/www.maddalena.it\/de\/produkt\/wmap-evo\/","url":"https:\/\/www.maddalena.it\/de\/produkt\/wmap-evo\/","name":"WMAP EVO - AXIALER WOLTMANN-TURBINENZ\u00c4HLER","isPartOf":{"@id":"https:\/\/www.maddalena.it\/de\/#website"},"primaryImageOfPage":{"@id":"https:\/\/www.maddalena.it\/de\/produkt\/wmap-evo\/#primaryimage"},"image":{"@id":"https:\/\/www.maddalena.it\/de\/produkt\/wmap-evo\/#primaryimage"},"thumbnailUrl":"https:\/\/www.maddalena.it\/wp-content\/uploads\/catalog-image\/wmap-evo.jpg","datePublished":"2022-08-03T12:29:14+00:00","dateModified":"2024-02-20T07:00:21+00:00","description":"WMAP Evo ist eine ausgezeichnete L\u00f6sung f\u00fcr die Messung gro\u00dfer Volumen f\u00fcr Versorger und industrielle und kommerzielle Anwendungen. Bietet gute","breadcrumb":{"@id":"https:\/\/www.maddalena.it\/de\/produkt\/wmap-evo\/#breadcrumb"},"inLanguage":"de","potentialAction":[{"@type":"ReadAction","target":["https:\/\/www.maddalena.it\/de\/produkt\/wmap-evo\/"]}]},{"@type":"ImageObject","inLanguage":"de","@id":"https:\/\/www.maddalena.it\/de\/produkt\/wmap-evo\/#primaryimage","url":"https:\/\/www.maddalena.it\/wp-content\/uploads\/catalog-image\/wmap-evo.jpg","contentUrl":"https:\/\/www.maddalena.it\/wp-content\/uploads\/catalog-image\/wmap-evo.jpg","width":1600,"height":1153,"caption":"Mecto"},{"@type":"BreadcrumbList","@id":"https:\/\/www.maddalena.it\/de\/produkt\/wmap-evo\/#breadcrumb","itemListElement":[{"@type":"ListItem","position":1,"name":"Home","item":"https:\/\/www.maddalena.it\/de\/"},{"@type":"ListItem","position":2,"name":"Produkte","item":"https:\/\/www.maddalena.it\/de\/produkt\/"},{"@type":"ListItem","position":3,"name":"Wasser","item":"https:\/\/www.maddalena.it\/de\/produkte\/wasserzaehler\/"},{"@type":"ListItem","position":4,"name":"MecTo","item":"https:\/\/www.maddalena.it\/de\/produkte\/mecto-de\/"},{"@type":"ListItem","position":5,"name":"WMAP EVO"}]},{"@type":"WebSite","@id":"https:\/\/www.maddalena.it\/de\/#website","url":"https:\/\/www.maddalena.it\/de\/","name":"Maddalena S.p.A.","description":"Metering Expertise","publisher":{"@id":"https:\/\/www.maddalena.it\/de\/#organization"},"potentialAction":[{"@type":"SearchAction","target":{"@type":"EntryPoint","urlTemplate":"https:\/\/www.maddalena.it\/de\/?s={search_term_string}"},"query-input":{"@type":"PropertyValueSpecification","valueRequired":true,"valueName":"search_term_string"}}],"inLanguage":"de"},{"@type":"Organization","@id":"https:\/\/www.maddalena.it\/de\/#organization","name":"Maddalena S.p.A.","url":"https:\/\/www.maddalena.it\/de\/","logo":{"@type":"ImageObject","inLanguage":"de","@id":"https:\/\/www.maddalena.it\/de\/#\/schema\/logo\/image\/","url":"https:\/\/www.maddalena.it\/wp-content\/uploads\/2022\/04\/logo.svg","contentUrl":"https:\/\/www.maddalena.it\/wp-content\/uploads\/2022\/04\/logo.svg","caption":"Maddalena S.p.A."},"image":{"@id":"https:\/\/www.maddalena.it\/de\/#\/schema\/logo\/image\/"}}]}},"_links":{"self":[{"href":"https:\/\/www.maddalena.it\/de\/wp-json\/wp\/v2\/product\/19476","targetHints":{"allow":["GET"]}}],"collection":[{"href":"https:\/\/www.maddalena.it\/de\/wp-json\/wp\/v2\/product"}],"about":[{"href":"https:\/\/www.maddalena.it\/de\/wp-json\/wp\/v2\/types\/product"}],"wp:featuredmedia":[{"embeddable":true,"href":"https:\/\/www.maddalena.it\/de\/wp-json\/wp\/v2\/media\/366"}],"wp:attachment":[{"href":"https:\/\/www.maddalena.it\/de\/wp-json\/wp\/v2\/media?parent=19476"}],"wp:term":[{"taxonomy":"product_category","embeddable":true,"href":"https:\/\/www.maddalena.it\/de\/wp-json\/wp\/v2\/product_category?post=19476"}],"curies":[{"name":"wp","href":"https:\/\/api.w.org\/{rel}","templated":true}]}}