{"id":19473,"date":"2022-08-03T14:29:16","date_gmt":"2022-08-03T12:29:16","guid":{"rendered":"http:\/\/www.maddalena.it\/?post_type=product&#038;p=19473"},"modified":"2025-05-26T09:01:33","modified_gmt":"2025-05-26T07:01:33","slug":"mvm","status":"publish","type":"product","link":"https:\/\/www.maddalena.it\/de\/produkt\/mvm\/","title":{"rendered":"MVM"},"content":{"rendered":"<p>MVM ist ein Wasserz\u00e4hler, der in Versorgerbetrieben auf Dauer maximale Genauigkeit und Zuverl\u00e4ssigkeit unter allen Einbaubedingungen garantiert. Die \u00e4u\u00dferst geringe Durchflussmenge f\u00fcr seinen Anlauf und der gro\u00dfe Messbereich erm\u00f6glichen die Erfassung des Gesamtverbrauchs und erleichtern die Ermittlung etwaiger Leckagen. Dies dank Drehkolbentechnik verbunden mit einem innovativen Z\u00e4hlwerk IP68. Robust, langlebig, geeignet f\u00fcr schwierigste Umgebungen und Einbaubedingungen. Kann mit modernsten Technologien f\u00fcr die Fernauslesung der Daten ausgestattet werden.<\/p>\n","protected":false},"excerpt":{"rendered":"<p>RINGKOLBEN-HAUSWASSERZ\u00c4HLER<\/p>\n","protected":false},"featured_media":609,"menu_order":5,"template":"","meta":{"_acf_changed":false,"_lmt_disableupdate":"","_lmt_disable":""},"product_category":[78],"class_list":["post-19473","product","type-product","status-publish","has-post-thumbnail","hentry","product_category-mecto-de"],"acf":[],"yoast_head":"<!-- This site is optimized with the Yoast SEO plugin v27.5 - https:\/\/yoast.com\/product\/yoast-seo-wordpress\/ -->\n<title>MVM - RINGKOLBEN-HAUSWASSERZ\u00c4HLER<\/title>\n<meta name=\"description\" content=\"MVM ist ein Wasserz\u00e4hler, der in Versorgerbetrieben auf Dauer maximale Genauigkeit und Zuverl\u00e4ssigkeit unter allen Einbaubedingungen garantiert.\" \/>\n<meta name=\"robots\" content=\"index, follow, max-snippet:-1, max-image-preview:large, max-video-preview:-1\" \/>\n<link rel=\"canonical\" href=\"https:\/\/www.maddalena.it\/de\/produkt\/mvm\/\" \/>\n<meta property=\"og:locale\" content=\"de_DE\" \/>\n<meta property=\"og:type\" content=\"article\" \/>\n<meta property=\"og:title\" content=\"MVM - RINGKOLBEN-HAUSWASSERZ\u00c4HLER\" \/>\n<meta property=\"og:description\" content=\"MVM ist ein Wasserz\u00e4hler, der in Versorgerbetrieben auf Dauer maximale Genauigkeit und Zuverl\u00e4ssigkeit unter allen Einbaubedingungen garantiert.\" \/>\n<meta property=\"og:url\" content=\"https:\/\/www.maddalena.it\/de\/produkt\/mvm\/\" \/>\n<meta property=\"og:site_name\" content=\"Maddalena S.p.A.\" \/>\n<meta property=\"article:modified_time\" content=\"2025-05-26T07:01:33+00:00\" \/>\n<meta property=\"og:image\" content=\"https:\/\/www.maddalena.it\/wp-content\/uploads\/catalog-image\/gmbh-mvm-1.jpg\" \/>\n\t<meta property=\"og:image:width\" content=\"1558\" \/>\n\t<meta property=\"og:image:height\" content=\"1169\" \/>\n\t<meta property=\"og:image:type\" content=\"image\/jpeg\" \/>\n<meta name=\"twitter:card\" content=\"summary_large_image\" \/>\n<script type=\"application\/ld+json\" class=\"yoast-schema-graph\">{\"@context\":\"https:\\\/\\\/schema.org\",\"@graph\":[{\"@type\":\"WebPage\",\"@id\":\"https:\\\/\\\/www.maddalena.it\\\/de\\\/produkt\\\/mvm\\\/\",\"url\":\"https:\\\/\\\/www.maddalena.it\\\/de\\\/produkt\\\/mvm\\\/\",\"name\":\"MVM - RINGKOLBEN-HAUSWASSERZ\u00c4HLER\",\"isPartOf\":{\"@id\":\"https:\\\/\\\/www.maddalena.it\\\/de\\\/#website\"},\"primaryImageOfPage\":{\"@id\":\"https:\\\/\\\/www.maddalena.it\\\/de\\\/produkt\\\/mvm\\\/#primaryimage\"},\"image\":{\"@id\":\"https:\\\/\\\/www.maddalena.it\\\/de\\\/produkt\\\/mvm\\\/#primaryimage\"},\"thumbnailUrl\":\"https:\\\/\\\/www.maddalena.it\\\/wp-content\\\/uploads\\\/catalog-image\\\/gmbh-mvm-1.jpg\",\"datePublished\":\"2022-08-03T12:29:16+00:00\",\"dateModified\":\"2025-05-26T07:01:33+00:00\",\"description\":\"MVM ist ein Wasserz\u00e4hler, der in Versorgerbetrieben auf Dauer maximale Genauigkeit und Zuverl\u00e4ssigkeit unter allen Einbaubedingungen garantiert.\",\"breadcrumb\":{\"@id\":\"https:\\\/\\\/www.maddalena.it\\\/de\\\/produkt\\\/mvm\\\/#breadcrumb\"},\"inLanguage\":\"de\",\"potentialAction\":[{\"@type\":\"ReadAction\",\"target\":[\"https:\\\/\\\/www.maddalena.it\\\/de\\\/produkt\\\/mvm\\\/\"]}]},{\"@type\":\"ImageObject\",\"inLanguage\":\"de\",\"@id\":\"https:\\\/\\\/www.maddalena.it\\\/de\\\/produkt\\\/mvm\\\/#primaryimage\",\"url\":\"https:\\\/\\\/www.maddalena.it\\\/wp-content\\\/uploads\\\/catalog-image\\\/gmbh-mvm-1.jpg\",\"contentUrl\":\"https:\\\/\\\/www.maddalena.it\\\/wp-content\\\/uploads\\\/catalog-image\\\/gmbh-mvm-1.jpg\",\"width\":1558,\"height\":1169,\"caption\":\"Mecto\"},{\"@type\":\"BreadcrumbList\",\"@id\":\"https:\\\/\\\/www.maddalena.it\\\/de\\\/produkt\\\/mvm\\\/#breadcrumb\",\"itemListElement\":[{\"@type\":\"ListItem\",\"position\":1,\"name\":\"Home\",\"item\":\"https:\\\/\\\/www.maddalena.it\\\/de\\\/\"},{\"@type\":\"ListItem\",\"position\":2,\"name\":\"Produkte\",\"item\":\"https:\\\/\\\/www.maddalena.it\\\/de\\\/produkt\\\/\"},{\"@type\":\"ListItem\",\"position\":3,\"name\":\"Wasser\",\"item\":\"https:\\\/\\\/www.maddalena.it\\\/de\\\/produkte\\\/wasserzaehler\\\/\"},{\"@type\":\"ListItem\",\"position\":4,\"name\":\"MecTo\",\"item\":\"https:\\\/\\\/www.maddalena.it\\\/de\\\/produkte\\\/mecto-de\\\/\"},{\"@type\":\"ListItem\",\"position\":5,\"name\":\"MVM\"}]},{\"@type\":\"WebSite\",\"@id\":\"https:\\\/\\\/www.maddalena.it\\\/de\\\/#website\",\"url\":\"https:\\\/\\\/www.maddalena.it\\\/de\\\/\",\"name\":\"Maddalena S.p.A.\",\"description\":\"Metering Expertise\",\"publisher\":{\"@id\":\"https:\\\/\\\/www.maddalena.it\\\/de\\\/#organization\"},\"potentialAction\":[{\"@type\":\"SearchAction\",\"target\":{\"@type\":\"EntryPoint\",\"urlTemplate\":\"https:\\\/\\\/www.maddalena.it\\\/de\\\/?s={search_term_string}\"},\"query-input\":{\"@type\":\"PropertyValueSpecification\",\"valueRequired\":true,\"valueName\":\"search_term_string\"}}],\"inLanguage\":\"de\"},{\"@type\":\"Organization\",\"@id\":\"https:\\\/\\\/www.maddalena.it\\\/de\\\/#organization\",\"name\":\"Maddalena S.p.A.\",\"url\":\"https:\\\/\\\/www.maddalena.it\\\/de\\\/\",\"logo\":{\"@type\":\"ImageObject\",\"inLanguage\":\"de\",\"@id\":\"https:\\\/\\\/www.maddalena.it\\\/de\\\/#\\\/schema\\\/logo\\\/image\\\/\",\"url\":\"https:\\\/\\\/www.maddalena.it\\\/wp-content\\\/uploads\\\/2022\\\/04\\\/logo.svg\",\"contentUrl\":\"https:\\\/\\\/www.maddalena.it\\\/wp-content\\\/uploads\\\/2022\\\/04\\\/logo.svg\",\"caption\":\"Maddalena S.p.A.\"},\"image\":{\"@id\":\"https:\\\/\\\/www.maddalena.it\\\/de\\\/#\\\/schema\\\/logo\\\/image\\\/\"}}]}<\/script>\n<!-- \/ Yoast SEO plugin. -->","yoast_head_json":{"title":"MVM - RINGKOLBEN-HAUSWASSERZ\u00c4HLER","description":"MVM ist ein Wasserz\u00e4hler, der in Versorgerbetrieben auf Dauer maximale Genauigkeit und Zuverl\u00e4ssigkeit unter allen Einbaubedingungen garantiert.","robots":{"index":"index","follow":"follow","max-snippet":"max-snippet:-1","max-image-preview":"max-image-preview:large","max-video-preview":"max-video-preview:-1"},"canonical":"https:\/\/www.maddalena.it\/de\/produkt\/mvm\/","og_locale":"de_DE","og_type":"article","og_title":"MVM - RINGKOLBEN-HAUSWASSERZ\u00c4HLER","og_description":"MVM ist ein Wasserz\u00e4hler, der in Versorgerbetrieben auf Dauer maximale Genauigkeit und Zuverl\u00e4ssigkeit unter allen Einbaubedingungen garantiert.","og_url":"https:\/\/www.maddalena.it\/de\/produkt\/mvm\/","og_site_name":"Maddalena S.p.A.","article_modified_time":"2025-05-26T07:01:33+00:00","og_image":[{"width":1558,"height":1169,"url":"https:\/\/www.maddalena.it\/wp-content\/uploads\/catalog-image\/gmbh-mvm-1.jpg","type":"image\/jpeg"}],"twitter_card":"summary_large_image","schema":{"@context":"https:\/\/schema.org","@graph":[{"@type":"WebPage","@id":"https:\/\/www.maddalena.it\/de\/produkt\/mvm\/","url":"https:\/\/www.maddalena.it\/de\/produkt\/mvm\/","name":"MVM - RINGKOLBEN-HAUSWASSERZ\u00c4HLER","isPartOf":{"@id":"https:\/\/www.maddalena.it\/de\/#website"},"primaryImageOfPage":{"@id":"https:\/\/www.maddalena.it\/de\/produkt\/mvm\/#primaryimage"},"image":{"@id":"https:\/\/www.maddalena.it\/de\/produkt\/mvm\/#primaryimage"},"thumbnailUrl":"https:\/\/www.maddalena.it\/wp-content\/uploads\/catalog-image\/gmbh-mvm-1.jpg","datePublished":"2022-08-03T12:29:16+00:00","dateModified":"2025-05-26T07:01:33+00:00","description":"MVM ist ein Wasserz\u00e4hler, der in Versorgerbetrieben auf Dauer maximale Genauigkeit und Zuverl\u00e4ssigkeit unter allen Einbaubedingungen garantiert.","breadcrumb":{"@id":"https:\/\/www.maddalena.it\/de\/produkt\/mvm\/#breadcrumb"},"inLanguage":"de","potentialAction":[{"@type":"ReadAction","target":["https:\/\/www.maddalena.it\/de\/produkt\/mvm\/"]}]},{"@type":"ImageObject","inLanguage":"de","@id":"https:\/\/www.maddalena.it\/de\/produkt\/mvm\/#primaryimage","url":"https:\/\/www.maddalena.it\/wp-content\/uploads\/catalog-image\/gmbh-mvm-1.jpg","contentUrl":"https:\/\/www.maddalena.it\/wp-content\/uploads\/catalog-image\/gmbh-mvm-1.jpg","width":1558,"height":1169,"caption":"Mecto"},{"@type":"BreadcrumbList","@id":"https:\/\/www.maddalena.it\/de\/produkt\/mvm\/#breadcrumb","itemListElement":[{"@type":"ListItem","position":1,"name":"Home","item":"https:\/\/www.maddalena.it\/de\/"},{"@type":"ListItem","position":2,"name":"Produkte","item":"https:\/\/www.maddalena.it\/de\/produkt\/"},{"@type":"ListItem","position":3,"name":"Wasser","item":"https:\/\/www.maddalena.it\/de\/produkte\/wasserzaehler\/"},{"@type":"ListItem","position":4,"name":"MecTo","item":"https:\/\/www.maddalena.it\/de\/produkte\/mecto-de\/"},{"@type":"ListItem","position":5,"name":"MVM"}]},{"@type":"WebSite","@id":"https:\/\/www.maddalena.it\/de\/#website","url":"https:\/\/www.maddalena.it\/de\/","name":"Maddalena S.p.A.","description":"Metering Expertise","publisher":{"@id":"https:\/\/www.maddalena.it\/de\/#organization"},"potentialAction":[{"@type":"SearchAction","target":{"@type":"EntryPoint","urlTemplate":"https:\/\/www.maddalena.it\/de\/?s={search_term_string}"},"query-input":{"@type":"PropertyValueSpecification","valueRequired":true,"valueName":"search_term_string"}}],"inLanguage":"de"},{"@type":"Organization","@id":"https:\/\/www.maddalena.it\/de\/#organization","name":"Maddalena S.p.A.","url":"https:\/\/www.maddalena.it\/de\/","logo":{"@type":"ImageObject","inLanguage":"de","@id":"https:\/\/www.maddalena.it\/de\/#\/schema\/logo\/image\/","url":"https:\/\/www.maddalena.it\/wp-content\/uploads\/2022\/04\/logo.svg","contentUrl":"https:\/\/www.maddalena.it\/wp-content\/uploads\/2022\/04\/logo.svg","caption":"Maddalena S.p.A."},"image":{"@id":"https:\/\/www.maddalena.it\/de\/#\/schema\/logo\/image\/"}}]}},"_links":{"self":[{"href":"https:\/\/www.maddalena.it\/de\/wp-json\/wp\/v2\/product\/19473","targetHints":{"allow":["GET"]}}],"collection":[{"href":"https:\/\/www.maddalena.it\/de\/wp-json\/wp\/v2\/product"}],"about":[{"href":"https:\/\/www.maddalena.it\/de\/wp-json\/wp\/v2\/types\/product"}],"wp:featuredmedia":[{"embeddable":true,"href":"https:\/\/www.maddalena.it\/de\/wp-json\/wp\/v2\/media\/609"}],"wp:attachment":[{"href":"https:\/\/www.maddalena.it\/de\/wp-json\/wp\/v2\/media?parent=19473"}],"wp:term":[{"taxonomy":"product_category","embeddable":true,"href":"https:\/\/www.maddalena.it\/de\/wp-json\/wp\/v2\/product_category?post=19473"}],"curies":[{"name":"wp","href":"https:\/\/api.w.org\/{rel}","templated":true}]}}