{"id":19472,"date":"2022-08-03T14:29:16","date_gmt":"2022-08-03T12:29:16","guid":{"rendered":"http:\/\/www.maddalena.it\/?post_type=product&#038;p=19472"},"modified":"2025-05-26T09:01:49","modified_gmt":"2025-05-26T07:01:49","slug":"mvm-plus-c","status":"publish","type":"product","link":"https:\/\/www.maddalena.it\/de\/produkt\/mvm-plus-c\/","title":{"rendered":"MVM PLUS C"},"content":{"rendered":"<p>MVM PLUS C ist ein Wasserz\u00e4hler aus Verbundwerkstoff, der in Versorgerbetrieben auf Dauer maximale Genauigkeit und Zuverl\u00e4ssigkeit unter allen Einbaubedingungen garantiert. Die \u00e4u\u00dferst geringe Durchflussmenge f\u00fcr seinen Anlauf und der gro\u00dfe Messbereich erm\u00f6glichen die Erfassung des Gesamtverbrauchs und erleichtern die Ermittlung etwaiger Leckagen. Dies dank Drehkolbentechnik verbunden mit einem innovativen Z\u00e4hlwerk IP68. Robust, langlebig, geeignet f\u00fcr schwierigste Umgebungen und Einbaubedingungen. Kann mit modernsten Technologien f\u00fcr die Fernauslesung der Daten ausgestattet werden.<\/p>\n","protected":false},"excerpt":{"rendered":"<p>VOLUMETRISCHER Z\u00c4HLER MIT MAGNETKUPPLUNG<\/p>\n","protected":false},"featured_media":428,"menu_order":6,"template":"","meta":{"_acf_changed":false,"_lmt_disableupdate":"","_lmt_disable":""},"product_category":[78],"class_list":["post-19472","product","type-product","status-publish","has-post-thumbnail","hentry","product_category-mecto-de"],"acf":[],"yoast_head":"<!-- This site is optimized with the Yoast SEO plugin v27.4 - https:\/\/yoast.com\/product\/yoast-seo-wordpress\/ -->\n<title>MVM PLUS C - VOLUMETRISCHER Z\u00c4HLER MIT MAGNETKUPPLUNG<\/title>\n<meta name=\"description\" content=\"MVM PLUS C ist ein Wasserz\u00e4hler aus Verbundwerkstoff, der in Versorgerbetrieben auf Dauer maximale Genauigkeit und Zuverl\u00e4ssigkeit unter allen Ei\" \/>\n<meta name=\"robots\" content=\"index, follow, max-snippet:-1, max-image-preview:large, max-video-preview:-1\" \/>\n<link rel=\"canonical\" href=\"https:\/\/www.maddalena.it\/de\/produkt\/mvm-plus-c\/\" \/>\n<meta property=\"og:locale\" content=\"de_DE\" \/>\n<meta property=\"og:type\" content=\"article\" \/>\n<meta property=\"og:title\" content=\"MVM PLUS C - VOLUMETRISCHER Z\u00c4HLER MIT MAGNETKUPPLUNG\" \/>\n<meta property=\"og:description\" content=\"MVM PLUS C ist ein Wasserz\u00e4hler aus Verbundwerkstoff, der in Versorgerbetrieben auf Dauer maximale Genauigkeit und Zuverl\u00e4ssigkeit unter allen Ei\" \/>\n<meta property=\"og:url\" content=\"https:\/\/www.maddalena.it\/de\/produkt\/mvm-plus-c\/\" \/>\n<meta property=\"og:site_name\" content=\"Maddalena S.p.A.\" \/>\n<meta property=\"article:modified_time\" content=\"2025-05-26T07:01:49+00:00\" \/>\n<meta property=\"og:image\" content=\"https:\/\/www.maddalena.it\/wp-content\/uploads\/catalog-image\/mecto-mvm-plus-c-3q-long.jpg\" \/>\n\t<meta property=\"og:image:width\" content=\"1600\" \/>\n\t<meta property=\"og:image:height\" content=\"1201\" \/>\n\t<meta property=\"og:image:type\" content=\"image\/jpeg\" \/>\n<meta name=\"twitter:card\" content=\"summary_large_image\" \/>\n<script type=\"application\/ld+json\" class=\"yoast-schema-graph\">{\"@context\":\"https:\\\/\\\/schema.org\",\"@graph\":[{\"@type\":\"WebPage\",\"@id\":\"https:\\\/\\\/www.maddalena.it\\\/de\\\/produkt\\\/mvm-plus-c\\\/\",\"url\":\"https:\\\/\\\/www.maddalena.it\\\/de\\\/produkt\\\/mvm-plus-c\\\/\",\"name\":\"MVM PLUS C - VOLUMETRISCHER Z\u00c4HLER MIT MAGNETKUPPLUNG\",\"isPartOf\":{\"@id\":\"https:\\\/\\\/www.maddalena.it\\\/de\\\/#website\"},\"primaryImageOfPage\":{\"@id\":\"https:\\\/\\\/www.maddalena.it\\\/de\\\/produkt\\\/mvm-plus-c\\\/#primaryimage\"},\"image\":{\"@id\":\"https:\\\/\\\/www.maddalena.it\\\/de\\\/produkt\\\/mvm-plus-c\\\/#primaryimage\"},\"thumbnailUrl\":\"https:\\\/\\\/www.maddalena.it\\\/wp-content\\\/uploads\\\/catalog-image\\\/mecto-mvm-plus-c-3q-long.jpg\",\"datePublished\":\"2022-08-03T12:29:16+00:00\",\"dateModified\":\"2025-05-26T07:01:49+00:00\",\"description\":\"MVM PLUS C ist ein Wasserz\u00e4hler aus Verbundwerkstoff, der in Versorgerbetrieben auf Dauer maximale Genauigkeit und Zuverl\u00e4ssigkeit unter allen Ei\",\"breadcrumb\":{\"@id\":\"https:\\\/\\\/www.maddalena.it\\\/de\\\/produkt\\\/mvm-plus-c\\\/#breadcrumb\"},\"inLanguage\":\"de\",\"potentialAction\":[{\"@type\":\"ReadAction\",\"target\":[\"https:\\\/\\\/www.maddalena.it\\\/de\\\/produkt\\\/mvm-plus-c\\\/\"]}]},{\"@type\":\"ImageObject\",\"inLanguage\":\"de\",\"@id\":\"https:\\\/\\\/www.maddalena.it\\\/de\\\/produkt\\\/mvm-plus-c\\\/#primaryimage\",\"url\":\"https:\\\/\\\/www.maddalena.it\\\/wp-content\\\/uploads\\\/catalog-image\\\/mecto-mvm-plus-c-3q-long.jpg\",\"contentUrl\":\"https:\\\/\\\/www.maddalena.it\\\/wp-content\\\/uploads\\\/catalog-image\\\/mecto-mvm-plus-c-3q-long.jpg\",\"width\":1600,\"height\":1201,\"caption\":\"MecTo\"},{\"@type\":\"BreadcrumbList\",\"@id\":\"https:\\\/\\\/www.maddalena.it\\\/de\\\/produkt\\\/mvm-plus-c\\\/#breadcrumb\",\"itemListElement\":[{\"@type\":\"ListItem\",\"position\":1,\"name\":\"Home\",\"item\":\"https:\\\/\\\/www.maddalena.it\\\/de\\\/\"},{\"@type\":\"ListItem\",\"position\":2,\"name\":\"Produkte\",\"item\":\"https:\\\/\\\/www.maddalena.it\\\/de\\\/produkt\\\/\"},{\"@type\":\"ListItem\",\"position\":3,\"name\":\"Wasser\",\"item\":\"https:\\\/\\\/www.maddalena.it\\\/de\\\/produkte\\\/wasserzaehler\\\/\"},{\"@type\":\"ListItem\",\"position\":4,\"name\":\"MecTo\",\"item\":\"https:\\\/\\\/www.maddalena.it\\\/de\\\/produkte\\\/mecto-de\\\/\"},{\"@type\":\"ListItem\",\"position\":5,\"name\":\"MVM PLUS C\"}]},{\"@type\":\"WebSite\",\"@id\":\"https:\\\/\\\/www.maddalena.it\\\/de\\\/#website\",\"url\":\"https:\\\/\\\/www.maddalena.it\\\/de\\\/\",\"name\":\"Maddalena S.p.A.\",\"description\":\"Metering Expertise\",\"publisher\":{\"@id\":\"https:\\\/\\\/www.maddalena.it\\\/de\\\/#organization\"},\"potentialAction\":[{\"@type\":\"SearchAction\",\"target\":{\"@type\":\"EntryPoint\",\"urlTemplate\":\"https:\\\/\\\/www.maddalena.it\\\/de\\\/?s={search_term_string}\"},\"query-input\":{\"@type\":\"PropertyValueSpecification\",\"valueRequired\":true,\"valueName\":\"search_term_string\"}}],\"inLanguage\":\"de\"},{\"@type\":\"Organization\",\"@id\":\"https:\\\/\\\/www.maddalena.it\\\/de\\\/#organization\",\"name\":\"Maddalena S.p.A.\",\"url\":\"https:\\\/\\\/www.maddalena.it\\\/de\\\/\",\"logo\":{\"@type\":\"ImageObject\",\"inLanguage\":\"de\",\"@id\":\"https:\\\/\\\/www.maddalena.it\\\/de\\\/#\\\/schema\\\/logo\\\/image\\\/\",\"url\":\"https:\\\/\\\/www.maddalena.it\\\/wp-content\\\/uploads\\\/2022\\\/04\\\/logo.svg\",\"contentUrl\":\"https:\\\/\\\/www.maddalena.it\\\/wp-content\\\/uploads\\\/2022\\\/04\\\/logo.svg\",\"caption\":\"Maddalena S.p.A.\"},\"image\":{\"@id\":\"https:\\\/\\\/www.maddalena.it\\\/de\\\/#\\\/schema\\\/logo\\\/image\\\/\"}}]}<\/script>\n<!-- \/ Yoast SEO plugin. -->","yoast_head_json":{"title":"MVM PLUS C - VOLUMETRISCHER Z\u00c4HLER MIT MAGNETKUPPLUNG","description":"MVM PLUS C ist ein Wasserz\u00e4hler aus Verbundwerkstoff, der in Versorgerbetrieben auf Dauer maximale Genauigkeit und Zuverl\u00e4ssigkeit unter allen Ei","robots":{"index":"index","follow":"follow","max-snippet":"max-snippet:-1","max-image-preview":"max-image-preview:large","max-video-preview":"max-video-preview:-1"},"canonical":"https:\/\/www.maddalena.it\/de\/produkt\/mvm-plus-c\/","og_locale":"de_DE","og_type":"article","og_title":"MVM PLUS C - VOLUMETRISCHER Z\u00c4HLER MIT MAGNETKUPPLUNG","og_description":"MVM PLUS C ist ein Wasserz\u00e4hler aus Verbundwerkstoff, der in Versorgerbetrieben auf Dauer maximale Genauigkeit und Zuverl\u00e4ssigkeit unter allen Ei","og_url":"https:\/\/www.maddalena.it\/de\/produkt\/mvm-plus-c\/","og_site_name":"Maddalena S.p.A.","article_modified_time":"2025-05-26T07:01:49+00:00","og_image":[{"width":1600,"height":1201,"url":"https:\/\/www.maddalena.it\/wp-content\/uploads\/catalog-image\/mecto-mvm-plus-c-3q-long.jpg","type":"image\/jpeg"}],"twitter_card":"summary_large_image","schema":{"@context":"https:\/\/schema.org","@graph":[{"@type":"WebPage","@id":"https:\/\/www.maddalena.it\/de\/produkt\/mvm-plus-c\/","url":"https:\/\/www.maddalena.it\/de\/produkt\/mvm-plus-c\/","name":"MVM PLUS C - VOLUMETRISCHER Z\u00c4HLER MIT MAGNETKUPPLUNG","isPartOf":{"@id":"https:\/\/www.maddalena.it\/de\/#website"},"primaryImageOfPage":{"@id":"https:\/\/www.maddalena.it\/de\/produkt\/mvm-plus-c\/#primaryimage"},"image":{"@id":"https:\/\/www.maddalena.it\/de\/produkt\/mvm-plus-c\/#primaryimage"},"thumbnailUrl":"https:\/\/www.maddalena.it\/wp-content\/uploads\/catalog-image\/mecto-mvm-plus-c-3q-long.jpg","datePublished":"2022-08-03T12:29:16+00:00","dateModified":"2025-05-26T07:01:49+00:00","description":"MVM PLUS C ist ein Wasserz\u00e4hler aus Verbundwerkstoff, der in Versorgerbetrieben auf Dauer maximale Genauigkeit und Zuverl\u00e4ssigkeit unter allen Ei","breadcrumb":{"@id":"https:\/\/www.maddalena.it\/de\/produkt\/mvm-plus-c\/#breadcrumb"},"inLanguage":"de","potentialAction":[{"@type":"ReadAction","target":["https:\/\/www.maddalena.it\/de\/produkt\/mvm-plus-c\/"]}]},{"@type":"ImageObject","inLanguage":"de","@id":"https:\/\/www.maddalena.it\/de\/produkt\/mvm-plus-c\/#primaryimage","url":"https:\/\/www.maddalena.it\/wp-content\/uploads\/catalog-image\/mecto-mvm-plus-c-3q-long.jpg","contentUrl":"https:\/\/www.maddalena.it\/wp-content\/uploads\/catalog-image\/mecto-mvm-plus-c-3q-long.jpg","width":1600,"height":1201,"caption":"MecTo"},{"@type":"BreadcrumbList","@id":"https:\/\/www.maddalena.it\/de\/produkt\/mvm-plus-c\/#breadcrumb","itemListElement":[{"@type":"ListItem","position":1,"name":"Home","item":"https:\/\/www.maddalena.it\/de\/"},{"@type":"ListItem","position":2,"name":"Produkte","item":"https:\/\/www.maddalena.it\/de\/produkt\/"},{"@type":"ListItem","position":3,"name":"Wasser","item":"https:\/\/www.maddalena.it\/de\/produkte\/wasserzaehler\/"},{"@type":"ListItem","position":4,"name":"MecTo","item":"https:\/\/www.maddalena.it\/de\/produkte\/mecto-de\/"},{"@type":"ListItem","position":5,"name":"MVM PLUS C"}]},{"@type":"WebSite","@id":"https:\/\/www.maddalena.it\/de\/#website","url":"https:\/\/www.maddalena.it\/de\/","name":"Maddalena S.p.A.","description":"Metering Expertise","publisher":{"@id":"https:\/\/www.maddalena.it\/de\/#organization"},"potentialAction":[{"@type":"SearchAction","target":{"@type":"EntryPoint","urlTemplate":"https:\/\/www.maddalena.it\/de\/?s={search_term_string}"},"query-input":{"@type":"PropertyValueSpecification","valueRequired":true,"valueName":"search_term_string"}}],"inLanguage":"de"},{"@type":"Organization","@id":"https:\/\/www.maddalena.it\/de\/#organization","name":"Maddalena S.p.A.","url":"https:\/\/www.maddalena.it\/de\/","logo":{"@type":"ImageObject","inLanguage":"de","@id":"https:\/\/www.maddalena.it\/de\/#\/schema\/logo\/image\/","url":"https:\/\/www.maddalena.it\/wp-content\/uploads\/2022\/04\/logo.svg","contentUrl":"https:\/\/www.maddalena.it\/wp-content\/uploads\/2022\/04\/logo.svg","caption":"Maddalena S.p.A."},"image":{"@id":"https:\/\/www.maddalena.it\/de\/#\/schema\/logo\/image\/"}}]}},"_links":{"self":[{"href":"https:\/\/www.maddalena.it\/de\/wp-json\/wp\/v2\/product\/19472","targetHints":{"allow":["GET"]}}],"collection":[{"href":"https:\/\/www.maddalena.it\/de\/wp-json\/wp\/v2\/product"}],"about":[{"href":"https:\/\/www.maddalena.it\/de\/wp-json\/wp\/v2\/types\/product"}],"wp:featuredmedia":[{"embeddable":true,"href":"https:\/\/www.maddalena.it\/de\/wp-json\/wp\/v2\/media\/428"}],"wp:attachment":[{"href":"https:\/\/www.maddalena.it\/de\/wp-json\/wp\/v2\/media?parent=19472"}],"wp:term":[{"taxonomy":"product_category","embeddable":true,"href":"https:\/\/www.maddalena.it\/de\/wp-json\/wp\/v2\/product_category?post=19472"}],"curies":[{"name":"wp","href":"https:\/\/api.w.org\/{rel}","templated":true}]}}