{"id":19470,"date":"2022-08-03T14:29:17","date_gmt":"2022-08-03T12:29:17","guid":{"rendered":"http:\/\/www.maddalena.it\/?post_type=product&#038;p=19470"},"modified":"2023-10-27T12:01:11","modified_gmt":"2023-10-27T10:01:11","slug":"arrow-evo-split","status":"publish","type":"product","link":"https:\/\/www.maddalena.it\/de\/produkt\/arrow-evo-split\/","title":{"rendered":"ARROW EVO SPLIT"},"content":{"rendered":"<p>Das separate Funkmodul wM-Bus erm\u00f6glicht die Datenauslesung im station\u00e4ren und mobilen Modus. Arrow EVO Split eignet sich auch f\u00fcr komplizierte Utility-Installationen (IP68). Die Konfiguration des Funkmoduls kann mit dem Konfigurationszubeh\u00f6r (optional) und entsprechender Android-App ge\u00e4ndert werden. Kompatibel mit allen Impulsgeber-Modellen von Maddalena.<\/p>\n","protected":false},"excerpt":{"rendered":"<p>FUNKMODUL wM-BUS 868 MHz<\/p>\n","protected":false},"featured_media":1596,"menu_order":17,"template":"","meta":{"_acf_changed":false,"_lmt_disableupdate":"","_lmt_disable":""},"product_category":[102],"class_list":["post-19470","product","type-product","status-publish","has-post-thumbnail","hentry","product_category-funkmodule"],"acf":[],"yoast_head":"<!-- This site is optimized with the Yoast SEO plugin v27.4 - https:\/\/yoast.com\/product\/yoast-seo-wordpress\/ -->\n<title>ARROW EVO SPLIT - FUNKMODUL wM-BUS 868 MHz<\/title>\n<meta name=\"description\" content=\"Das separate Funkmodul wM-Bus erm\u00f6glicht die Datenauslesung im station\u00e4ren und mobilen Modus. Arrow EVO Split eignet sich auch f\u00fcr komplizierte\" \/>\n<meta name=\"robots\" content=\"index, follow, max-snippet:-1, max-image-preview:large, max-video-preview:-1\" \/>\n<link rel=\"canonical\" href=\"https:\/\/www.maddalena.it\/de\/produkt\/arrow-evo-split\/\" \/>\n<meta property=\"og:locale\" content=\"de_DE\" \/>\n<meta property=\"og:type\" content=\"article\" \/>\n<meta property=\"og:title\" content=\"ARROW EVO SPLIT - FUNKMODUL wM-BUS 868 MHz\" \/>\n<meta property=\"og:description\" content=\"Das separate Funkmodul wM-Bus erm\u00f6glicht die Datenauslesung im station\u00e4ren und mobilen Modus. Arrow EVO Split eignet sich auch f\u00fcr komplizierte\" \/>\n<meta property=\"og:url\" content=\"https:\/\/www.maddalena.it\/de\/produkt\/arrow-evo-split\/\" \/>\n<meta property=\"og:site_name\" content=\"Maddalena S.p.A.\" \/>\n<meta property=\"article:modified_time\" content=\"2023-10-27T10:01:11+00:00\" \/>\n<meta property=\"og:image\" content=\"https:\/\/www.maddalena.it\/wp-content\/uploads\/catalog-image\/mdc-arrowevo-868-915-split.jpg\" \/>\n\t<meta property=\"og:image:width\" content=\"1600\" \/>\n\t<meta property=\"og:image:height\" content=\"1179\" \/>\n\t<meta property=\"og:image:type\" content=\"image\/jpeg\" \/>\n<meta name=\"twitter:card\" content=\"summary_large_image\" \/>\n<script type=\"application\/ld+json\" class=\"yoast-schema-graph\">{\"@context\":\"https:\\\/\\\/schema.org\",\"@graph\":[{\"@type\":\"WebPage\",\"@id\":\"https:\\\/\\\/www.maddalena.it\\\/de\\\/produkt\\\/arrow-evo-split\\\/\",\"url\":\"https:\\\/\\\/www.maddalena.it\\\/de\\\/produkt\\\/arrow-evo-split\\\/\",\"name\":\"ARROW EVO SPLIT - FUNKMODUL wM-BUS 868 MHz\",\"isPartOf\":{\"@id\":\"https:\\\/\\\/www.maddalena.it\\\/de\\\/#website\"},\"primaryImageOfPage\":{\"@id\":\"https:\\\/\\\/www.maddalena.it\\\/de\\\/produkt\\\/arrow-evo-split\\\/#primaryimage\"},\"image\":{\"@id\":\"https:\\\/\\\/www.maddalena.it\\\/de\\\/produkt\\\/arrow-evo-split\\\/#primaryimage\"},\"thumbnailUrl\":\"https:\\\/\\\/www.maddalena.it\\\/wp-content\\\/uploads\\\/catalog-image\\\/mdc-arrowevo-868-915-split.jpg\",\"datePublished\":\"2022-08-03T12:29:17+00:00\",\"dateModified\":\"2023-10-27T10:01:11+00:00\",\"description\":\"Das separate Funkmodul wM-Bus erm\u00f6glicht die Datenauslesung im station\u00e4ren und mobilen Modus. Arrow EVO Split eignet sich auch f\u00fcr komplizierte\",\"breadcrumb\":{\"@id\":\"https:\\\/\\\/www.maddalena.it\\\/de\\\/produkt\\\/arrow-evo-split\\\/#breadcrumb\"},\"inLanguage\":\"de\",\"potentialAction\":[{\"@type\":\"ReadAction\",\"target\":[\"https:\\\/\\\/www.maddalena.it\\\/de\\\/produkt\\\/arrow-evo-split\\\/\"]}]},{\"@type\":\"ImageObject\",\"inLanguage\":\"de\",\"@id\":\"https:\\\/\\\/www.maddalena.it\\\/de\\\/produkt\\\/arrow-evo-split\\\/#primaryimage\",\"url\":\"https:\\\/\\\/www.maddalena.it\\\/wp-content\\\/uploads\\\/catalog-image\\\/mdc-arrowevo-868-915-split.jpg\",\"contentUrl\":\"https:\\\/\\\/www.maddalena.it\\\/wp-content\\\/uploads\\\/catalog-image\\\/mdc-arrowevo-868-915-split.jpg\",\"width\":1600,\"height\":1179},{\"@type\":\"BreadcrumbList\",\"@id\":\"https:\\\/\\\/www.maddalena.it\\\/de\\\/produkt\\\/arrow-evo-split\\\/#breadcrumb\",\"itemListElement\":[{\"@type\":\"ListItem\",\"position\":1,\"name\":\"Home\",\"item\":\"https:\\\/\\\/www.maddalena.it\\\/de\\\/\"},{\"@type\":\"ListItem\",\"position\":2,\"name\":\"Produkte\",\"item\":\"https:\\\/\\\/www.maddalena.it\\\/de\\\/produkt\\\/\"},{\"@type\":\"ListItem\",\"position\":3,\"name\":\"Kommunikationsmodule\",\"item\":\"https:\\\/\\\/www.maddalena.it\\\/de\\\/produkte\\\/kommunikationsmodule\\\/\"},{\"@type\":\"ListItem\",\"position\":4,\"name\":\"Funkmodule\",\"item\":\"https:\\\/\\\/www.maddalena.it\\\/de\\\/produkte\\\/funkmodule\\\/\"},{\"@type\":\"ListItem\",\"position\":5,\"name\":\"ARROW EVO SPLIT\"}]},{\"@type\":\"WebSite\",\"@id\":\"https:\\\/\\\/www.maddalena.it\\\/de\\\/#website\",\"url\":\"https:\\\/\\\/www.maddalena.it\\\/de\\\/\",\"name\":\"Maddalena S.p.A.\",\"description\":\"Metering Expertise\",\"publisher\":{\"@id\":\"https:\\\/\\\/www.maddalena.it\\\/de\\\/#organization\"},\"potentialAction\":[{\"@type\":\"SearchAction\",\"target\":{\"@type\":\"EntryPoint\",\"urlTemplate\":\"https:\\\/\\\/www.maddalena.it\\\/de\\\/?s={search_term_string}\"},\"query-input\":{\"@type\":\"PropertyValueSpecification\",\"valueRequired\":true,\"valueName\":\"search_term_string\"}}],\"inLanguage\":\"de\"},{\"@type\":\"Organization\",\"@id\":\"https:\\\/\\\/www.maddalena.it\\\/de\\\/#organization\",\"name\":\"Maddalena S.p.A.\",\"url\":\"https:\\\/\\\/www.maddalena.it\\\/de\\\/\",\"logo\":{\"@type\":\"ImageObject\",\"inLanguage\":\"de\",\"@id\":\"https:\\\/\\\/www.maddalena.it\\\/de\\\/#\\\/schema\\\/logo\\\/image\\\/\",\"url\":\"https:\\\/\\\/www.maddalena.it\\\/wp-content\\\/uploads\\\/2022\\\/04\\\/logo.svg\",\"contentUrl\":\"https:\\\/\\\/www.maddalena.it\\\/wp-content\\\/uploads\\\/2022\\\/04\\\/logo.svg\",\"caption\":\"Maddalena S.p.A.\"},\"image\":{\"@id\":\"https:\\\/\\\/www.maddalena.it\\\/de\\\/#\\\/schema\\\/logo\\\/image\\\/\"}}]}<\/script>\n<!-- \/ Yoast SEO plugin. -->","yoast_head_json":{"title":"ARROW EVO SPLIT - FUNKMODUL wM-BUS 868 MHz","description":"Das separate Funkmodul wM-Bus erm\u00f6glicht die Datenauslesung im station\u00e4ren und mobilen Modus. Arrow EVO Split eignet sich auch f\u00fcr komplizierte","robots":{"index":"index","follow":"follow","max-snippet":"max-snippet:-1","max-image-preview":"max-image-preview:large","max-video-preview":"max-video-preview:-1"},"canonical":"https:\/\/www.maddalena.it\/de\/produkt\/arrow-evo-split\/","og_locale":"de_DE","og_type":"article","og_title":"ARROW EVO SPLIT - FUNKMODUL wM-BUS 868 MHz","og_description":"Das separate Funkmodul wM-Bus erm\u00f6glicht die Datenauslesung im station\u00e4ren und mobilen Modus. Arrow EVO Split eignet sich auch f\u00fcr komplizierte","og_url":"https:\/\/www.maddalena.it\/de\/produkt\/arrow-evo-split\/","og_site_name":"Maddalena S.p.A.","article_modified_time":"2023-10-27T10:01:11+00:00","og_image":[{"width":1600,"height":1179,"url":"https:\/\/www.maddalena.it\/wp-content\/uploads\/catalog-image\/mdc-arrowevo-868-915-split.jpg","type":"image\/jpeg"}],"twitter_card":"summary_large_image","schema":{"@context":"https:\/\/schema.org","@graph":[{"@type":"WebPage","@id":"https:\/\/www.maddalena.it\/de\/produkt\/arrow-evo-split\/","url":"https:\/\/www.maddalena.it\/de\/produkt\/arrow-evo-split\/","name":"ARROW EVO SPLIT - FUNKMODUL wM-BUS 868 MHz","isPartOf":{"@id":"https:\/\/www.maddalena.it\/de\/#website"},"primaryImageOfPage":{"@id":"https:\/\/www.maddalena.it\/de\/produkt\/arrow-evo-split\/#primaryimage"},"image":{"@id":"https:\/\/www.maddalena.it\/de\/produkt\/arrow-evo-split\/#primaryimage"},"thumbnailUrl":"https:\/\/www.maddalena.it\/wp-content\/uploads\/catalog-image\/mdc-arrowevo-868-915-split.jpg","datePublished":"2022-08-03T12:29:17+00:00","dateModified":"2023-10-27T10:01:11+00:00","description":"Das separate Funkmodul wM-Bus erm\u00f6glicht die Datenauslesung im station\u00e4ren und mobilen Modus. Arrow EVO Split eignet sich auch f\u00fcr komplizierte","breadcrumb":{"@id":"https:\/\/www.maddalena.it\/de\/produkt\/arrow-evo-split\/#breadcrumb"},"inLanguage":"de","potentialAction":[{"@type":"ReadAction","target":["https:\/\/www.maddalena.it\/de\/produkt\/arrow-evo-split\/"]}]},{"@type":"ImageObject","inLanguage":"de","@id":"https:\/\/www.maddalena.it\/de\/produkt\/arrow-evo-split\/#primaryimage","url":"https:\/\/www.maddalena.it\/wp-content\/uploads\/catalog-image\/mdc-arrowevo-868-915-split.jpg","contentUrl":"https:\/\/www.maddalena.it\/wp-content\/uploads\/catalog-image\/mdc-arrowevo-868-915-split.jpg","width":1600,"height":1179},{"@type":"BreadcrumbList","@id":"https:\/\/www.maddalena.it\/de\/produkt\/arrow-evo-split\/#breadcrumb","itemListElement":[{"@type":"ListItem","position":1,"name":"Home","item":"https:\/\/www.maddalena.it\/de\/"},{"@type":"ListItem","position":2,"name":"Produkte","item":"https:\/\/www.maddalena.it\/de\/produkt\/"},{"@type":"ListItem","position":3,"name":"Kommunikationsmodule","item":"https:\/\/www.maddalena.it\/de\/produkte\/kommunikationsmodule\/"},{"@type":"ListItem","position":4,"name":"Funkmodule","item":"https:\/\/www.maddalena.it\/de\/produkte\/funkmodule\/"},{"@type":"ListItem","position":5,"name":"ARROW EVO SPLIT"}]},{"@type":"WebSite","@id":"https:\/\/www.maddalena.it\/de\/#website","url":"https:\/\/www.maddalena.it\/de\/","name":"Maddalena S.p.A.","description":"Metering Expertise","publisher":{"@id":"https:\/\/www.maddalena.it\/de\/#organization"},"potentialAction":[{"@type":"SearchAction","target":{"@type":"EntryPoint","urlTemplate":"https:\/\/www.maddalena.it\/de\/?s={search_term_string}"},"query-input":{"@type":"PropertyValueSpecification","valueRequired":true,"valueName":"search_term_string"}}],"inLanguage":"de"},{"@type":"Organization","@id":"https:\/\/www.maddalena.it\/de\/#organization","name":"Maddalena S.p.A.","url":"https:\/\/www.maddalena.it\/de\/","logo":{"@type":"ImageObject","inLanguage":"de","@id":"https:\/\/www.maddalena.it\/de\/#\/schema\/logo\/image\/","url":"https:\/\/www.maddalena.it\/wp-content\/uploads\/2022\/04\/logo.svg","contentUrl":"https:\/\/www.maddalena.it\/wp-content\/uploads\/2022\/04\/logo.svg","caption":"Maddalena S.p.A."},"image":{"@id":"https:\/\/www.maddalena.it\/de\/#\/schema\/logo\/image\/"}}]}},"_links":{"self":[{"href":"https:\/\/www.maddalena.it\/de\/wp-json\/wp\/v2\/product\/19470","targetHints":{"allow":["GET"]}}],"collection":[{"href":"https:\/\/www.maddalena.it\/de\/wp-json\/wp\/v2\/product"}],"about":[{"href":"https:\/\/www.maddalena.it\/de\/wp-json\/wp\/v2\/types\/product"}],"wp:featuredmedia":[{"embeddable":true,"href":"https:\/\/www.maddalena.it\/de\/wp-json\/wp\/v2\/media\/1596"}],"wp:attachment":[{"href":"https:\/\/www.maddalena.it\/de\/wp-json\/wp\/v2\/media?parent=19470"}],"wp:term":[{"taxonomy":"product_category","embeddable":true,"href":"https:\/\/www.maddalena.it\/de\/wp-json\/wp\/v2\/product_category?post=19470"}],"curies":[{"name":"wp","href":"https:\/\/api.w.org\/{rel}","templated":true}]}}