{"id":19454,"date":"2022-08-03T14:29:24","date_gmt":"2022-08-03T12:29:24","guid":{"rendered":"http:\/\/www.maddalena.it\/?post_type=product&#038;p=19454"},"modified":"2023-10-05T11:00:12","modified_gmt":"2023-10-05T09:00:12","slug":"upz-evo-ist","status":"publish","type":"product","link":"https:\/\/www.maddalena.it\/de\/produkt\/upz-evo-ist\/","title":{"rendered":"UPZ EVO"},"content":{"rendered":"<p>Mehrstrahl-Trockenl\u00e4ufer mit Magnetkupplung, Der Unterputzz\u00e4hler mit 2 Zoll Gewindeanschluss und Modularis-Z\u00e4hlwerk ist der ideale Ersatz f\u00fcr Einbausituationen auf Basis der 2\u201c ISTA-Schnittstelle. Der MecTo UPZ ist die ideale L\u00f6sung f\u00fcr Innenanwendungen in Haushalten (Submetering) in Installationen mit Steigleitungen<\/p>\n","protected":false},"excerpt":{"rendered":"<p>MECHANISCHER MESSKAPSELZ\u00c4HLER MODULARIS<\/p>\n","protected":false},"featured_media":2506,"menu_order":3,"template":"","meta":{"_acf_changed":false,"_lmt_disableupdate":"","_lmt_disable":""},"product_category":[78],"class_list":["post-19454","product","type-product","status-publish","has-post-thumbnail","hentry","product_category-mecto-de"],"acf":[],"yoast_head":"<!-- This site is optimized with the Yoast SEO plugin v27.5 - https:\/\/yoast.com\/product\/yoast-seo-wordpress\/ -->\n<title>UPZ EVO - MECHANISCHER MESSKAPSELZ\u00c4HLER MODULARIS<\/title>\n<meta name=\"description\" content=\"Mehrstrahl-Trockenl\u00e4ufer mit Magnetkupplung, Der Unterputzz\u00e4hler mit 2 Zoll Gewindeanschluss und Modularis-Z\u00e4hlwerk ist der ideale Ersatz f\u00fcr E\" \/>\n<meta name=\"robots\" content=\"index, follow, max-snippet:-1, max-image-preview:large, max-video-preview:-1\" \/>\n<link rel=\"canonical\" href=\"https:\/\/www.maddalena.it\/de\/produkt\/upz-evo-ist\/\" \/>\n<meta property=\"og:locale\" content=\"de_DE\" \/>\n<meta property=\"og:type\" content=\"article\" \/>\n<meta property=\"og:title\" content=\"UPZ EVO - MECHANISCHER MESSKAPSELZ\u00c4HLER MODULARIS\" \/>\n<meta property=\"og:description\" content=\"Mehrstrahl-Trockenl\u00e4ufer mit Magnetkupplung, Der Unterputzz\u00e4hler mit 2 Zoll Gewindeanschluss und Modularis-Z\u00e4hlwerk ist der ideale Ersatz f\u00fcr E\" \/>\n<meta property=\"og:url\" content=\"https:\/\/www.maddalena.it\/de\/produkt\/upz-evo-ist\/\" \/>\n<meta property=\"og:site_name\" content=\"Maddalena S.p.A.\" \/>\n<meta property=\"article:modified_time\" content=\"2023-10-05T09:00:12+00:00\" \/>\n<meta property=\"og:image\" content=\"https:\/\/www.maddalena.it\/wp-content\/uploads\/catalog-image\/mecto-upz-evo-blu-3q.png\" \/>\n\t<meta property=\"og:image:width\" content=\"1600\" \/>\n\t<meta property=\"og:image:height\" content=\"1200\" \/>\n\t<meta property=\"og:image:type\" content=\"image\/png\" \/>\n<meta name=\"twitter:card\" content=\"summary_large_image\" \/>\n<script type=\"application\/ld+json\" class=\"yoast-schema-graph\">{\"@context\":\"https:\\\/\\\/schema.org\",\"@graph\":[{\"@type\":\"WebPage\",\"@id\":\"https:\\\/\\\/www.maddalena.it\\\/de\\\/produkt\\\/upz-evo-ist\\\/\",\"url\":\"https:\\\/\\\/www.maddalena.it\\\/de\\\/produkt\\\/upz-evo-ist\\\/\",\"name\":\"UPZ EVO - MECHANISCHER MESSKAPSELZ\u00c4HLER MODULARIS\",\"isPartOf\":{\"@id\":\"https:\\\/\\\/www.maddalena.it\\\/de\\\/#website\"},\"primaryImageOfPage\":{\"@id\":\"https:\\\/\\\/www.maddalena.it\\\/de\\\/produkt\\\/upz-evo-ist\\\/#primaryimage\"},\"image\":{\"@id\":\"https:\\\/\\\/www.maddalena.it\\\/de\\\/produkt\\\/upz-evo-ist\\\/#primaryimage\"},\"thumbnailUrl\":\"https:\\\/\\\/www.maddalena.it\\\/wp-content\\\/uploads\\\/catalog-image\\\/mecto-upz-evo-blu-3q.png\",\"datePublished\":\"2022-08-03T12:29:24+00:00\",\"dateModified\":\"2023-10-05T09:00:12+00:00\",\"description\":\"Mehrstrahl-Trockenl\u00e4ufer mit Magnetkupplung, Der Unterputzz\u00e4hler mit 2 Zoll Gewindeanschluss und Modularis-Z\u00e4hlwerk ist der ideale Ersatz f\u00fcr E\",\"breadcrumb\":{\"@id\":\"https:\\\/\\\/www.maddalena.it\\\/de\\\/produkt\\\/upz-evo-ist\\\/#breadcrumb\"},\"inLanguage\":\"de\",\"potentialAction\":[{\"@type\":\"ReadAction\",\"target\":[\"https:\\\/\\\/www.maddalena.it\\\/de\\\/produkt\\\/upz-evo-ist\\\/\"]}]},{\"@type\":\"ImageObject\",\"inLanguage\":\"de\",\"@id\":\"https:\\\/\\\/www.maddalena.it\\\/de\\\/produkt\\\/upz-evo-ist\\\/#primaryimage\",\"url\":\"https:\\\/\\\/www.maddalena.it\\\/wp-content\\\/uploads\\\/catalog-image\\\/mecto-upz-evo-blu-3q.png\",\"contentUrl\":\"https:\\\/\\\/www.maddalena.it\\\/wp-content\\\/uploads\\\/catalog-image\\\/mecto-upz-evo-blu-3q.png\",\"width\":1600,\"height\":1200,\"caption\":\"MecTo\"},{\"@type\":\"BreadcrumbList\",\"@id\":\"https:\\\/\\\/www.maddalena.it\\\/de\\\/produkt\\\/upz-evo-ist\\\/#breadcrumb\",\"itemListElement\":[{\"@type\":\"ListItem\",\"position\":1,\"name\":\"Home\",\"item\":\"https:\\\/\\\/www.maddalena.it\\\/de\\\/\"},{\"@type\":\"ListItem\",\"position\":2,\"name\":\"Produkte\",\"item\":\"https:\\\/\\\/www.maddalena.it\\\/de\\\/produkt\\\/\"},{\"@type\":\"ListItem\",\"position\":3,\"name\":\"Wasser\",\"item\":\"https:\\\/\\\/www.maddalena.it\\\/de\\\/produkte\\\/wasserzaehler\\\/\"},{\"@type\":\"ListItem\",\"position\":4,\"name\":\"MecTo\",\"item\":\"https:\\\/\\\/www.maddalena.it\\\/de\\\/produkte\\\/mecto-de\\\/\"},{\"@type\":\"ListItem\",\"position\":5,\"name\":\"UPZ EVO\"}]},{\"@type\":\"WebSite\",\"@id\":\"https:\\\/\\\/www.maddalena.it\\\/de\\\/#website\",\"url\":\"https:\\\/\\\/www.maddalena.it\\\/de\\\/\",\"name\":\"Maddalena S.p.A.\",\"description\":\"Metering Expertise\",\"publisher\":{\"@id\":\"https:\\\/\\\/www.maddalena.it\\\/de\\\/#organization\"},\"potentialAction\":[{\"@type\":\"SearchAction\",\"target\":{\"@type\":\"EntryPoint\",\"urlTemplate\":\"https:\\\/\\\/www.maddalena.it\\\/de\\\/?s={search_term_string}\"},\"query-input\":{\"@type\":\"PropertyValueSpecification\",\"valueRequired\":true,\"valueName\":\"search_term_string\"}}],\"inLanguage\":\"de\"},{\"@type\":\"Organization\",\"@id\":\"https:\\\/\\\/www.maddalena.it\\\/de\\\/#organization\",\"name\":\"Maddalena S.p.A.\",\"url\":\"https:\\\/\\\/www.maddalena.it\\\/de\\\/\",\"logo\":{\"@type\":\"ImageObject\",\"inLanguage\":\"de\",\"@id\":\"https:\\\/\\\/www.maddalena.it\\\/de\\\/#\\\/schema\\\/logo\\\/image\\\/\",\"url\":\"https:\\\/\\\/www.maddalena.it\\\/wp-content\\\/uploads\\\/2022\\\/04\\\/logo.svg\",\"contentUrl\":\"https:\\\/\\\/www.maddalena.it\\\/wp-content\\\/uploads\\\/2022\\\/04\\\/logo.svg\",\"caption\":\"Maddalena S.p.A.\"},\"image\":{\"@id\":\"https:\\\/\\\/www.maddalena.it\\\/de\\\/#\\\/schema\\\/logo\\\/image\\\/\"}}]}<\/script>\n<!-- \/ Yoast SEO plugin. -->","yoast_head_json":{"title":"UPZ EVO - MECHANISCHER MESSKAPSELZ\u00c4HLER MODULARIS","description":"Mehrstrahl-Trockenl\u00e4ufer mit Magnetkupplung, Der Unterputzz\u00e4hler mit 2 Zoll Gewindeanschluss und Modularis-Z\u00e4hlwerk ist der ideale Ersatz f\u00fcr E","robots":{"index":"index","follow":"follow","max-snippet":"max-snippet:-1","max-image-preview":"max-image-preview:large","max-video-preview":"max-video-preview:-1"},"canonical":"https:\/\/www.maddalena.it\/de\/produkt\/upz-evo-ist\/","og_locale":"de_DE","og_type":"article","og_title":"UPZ EVO - MECHANISCHER MESSKAPSELZ\u00c4HLER MODULARIS","og_description":"Mehrstrahl-Trockenl\u00e4ufer mit Magnetkupplung, Der Unterputzz\u00e4hler mit 2 Zoll Gewindeanschluss und Modularis-Z\u00e4hlwerk ist der ideale Ersatz f\u00fcr E","og_url":"https:\/\/www.maddalena.it\/de\/produkt\/upz-evo-ist\/","og_site_name":"Maddalena S.p.A.","article_modified_time":"2023-10-05T09:00:12+00:00","og_image":[{"width":1600,"height":1200,"url":"https:\/\/www.maddalena.it\/wp-content\/uploads\/catalog-image\/mecto-upz-evo-blu-3q.png","type":"image\/png"}],"twitter_card":"summary_large_image","schema":{"@context":"https:\/\/schema.org","@graph":[{"@type":"WebPage","@id":"https:\/\/www.maddalena.it\/de\/produkt\/upz-evo-ist\/","url":"https:\/\/www.maddalena.it\/de\/produkt\/upz-evo-ist\/","name":"UPZ EVO - MECHANISCHER MESSKAPSELZ\u00c4HLER MODULARIS","isPartOf":{"@id":"https:\/\/www.maddalena.it\/de\/#website"},"primaryImageOfPage":{"@id":"https:\/\/www.maddalena.it\/de\/produkt\/upz-evo-ist\/#primaryimage"},"image":{"@id":"https:\/\/www.maddalena.it\/de\/produkt\/upz-evo-ist\/#primaryimage"},"thumbnailUrl":"https:\/\/www.maddalena.it\/wp-content\/uploads\/catalog-image\/mecto-upz-evo-blu-3q.png","datePublished":"2022-08-03T12:29:24+00:00","dateModified":"2023-10-05T09:00:12+00:00","description":"Mehrstrahl-Trockenl\u00e4ufer mit Magnetkupplung, Der Unterputzz\u00e4hler mit 2 Zoll Gewindeanschluss und Modularis-Z\u00e4hlwerk ist der ideale Ersatz f\u00fcr E","breadcrumb":{"@id":"https:\/\/www.maddalena.it\/de\/produkt\/upz-evo-ist\/#breadcrumb"},"inLanguage":"de","potentialAction":[{"@type":"ReadAction","target":["https:\/\/www.maddalena.it\/de\/produkt\/upz-evo-ist\/"]}]},{"@type":"ImageObject","inLanguage":"de","@id":"https:\/\/www.maddalena.it\/de\/produkt\/upz-evo-ist\/#primaryimage","url":"https:\/\/www.maddalena.it\/wp-content\/uploads\/catalog-image\/mecto-upz-evo-blu-3q.png","contentUrl":"https:\/\/www.maddalena.it\/wp-content\/uploads\/catalog-image\/mecto-upz-evo-blu-3q.png","width":1600,"height":1200,"caption":"MecTo"},{"@type":"BreadcrumbList","@id":"https:\/\/www.maddalena.it\/de\/produkt\/upz-evo-ist\/#breadcrumb","itemListElement":[{"@type":"ListItem","position":1,"name":"Home","item":"https:\/\/www.maddalena.it\/de\/"},{"@type":"ListItem","position":2,"name":"Produkte","item":"https:\/\/www.maddalena.it\/de\/produkt\/"},{"@type":"ListItem","position":3,"name":"Wasser","item":"https:\/\/www.maddalena.it\/de\/produkte\/wasserzaehler\/"},{"@type":"ListItem","position":4,"name":"MecTo","item":"https:\/\/www.maddalena.it\/de\/produkte\/mecto-de\/"},{"@type":"ListItem","position":5,"name":"UPZ EVO"}]},{"@type":"WebSite","@id":"https:\/\/www.maddalena.it\/de\/#website","url":"https:\/\/www.maddalena.it\/de\/","name":"Maddalena S.p.A.","description":"Metering Expertise","publisher":{"@id":"https:\/\/www.maddalena.it\/de\/#organization"},"potentialAction":[{"@type":"SearchAction","target":{"@type":"EntryPoint","urlTemplate":"https:\/\/www.maddalena.it\/de\/?s={search_term_string}"},"query-input":{"@type":"PropertyValueSpecification","valueRequired":true,"valueName":"search_term_string"}}],"inLanguage":"de"},{"@type":"Organization","@id":"https:\/\/www.maddalena.it\/de\/#organization","name":"Maddalena S.p.A.","url":"https:\/\/www.maddalena.it\/de\/","logo":{"@type":"ImageObject","inLanguage":"de","@id":"https:\/\/www.maddalena.it\/de\/#\/schema\/logo\/image\/","url":"https:\/\/www.maddalena.it\/wp-content\/uploads\/2022\/04\/logo.svg","contentUrl":"https:\/\/www.maddalena.it\/wp-content\/uploads\/2022\/04\/logo.svg","caption":"Maddalena S.p.A."},"image":{"@id":"https:\/\/www.maddalena.it\/de\/#\/schema\/logo\/image\/"}}]}},"_links":{"self":[{"href":"https:\/\/www.maddalena.it\/de\/wp-json\/wp\/v2\/product\/19454","targetHints":{"allow":["GET"]}}],"collection":[{"href":"https:\/\/www.maddalena.it\/de\/wp-json\/wp\/v2\/product"}],"about":[{"href":"https:\/\/www.maddalena.it\/de\/wp-json\/wp\/v2\/types\/product"}],"wp:featuredmedia":[{"embeddable":true,"href":"https:\/\/www.maddalena.it\/de\/wp-json\/wp\/v2\/media\/2506"}],"wp:attachment":[{"href":"https:\/\/www.maddalena.it\/de\/wp-json\/wp\/v2\/media?parent=19454"}],"wp:term":[{"taxonomy":"product_category","embeddable":true,"href":"https:\/\/www.maddalena.it\/de\/wp-json\/wp\/v2\/product_category?post=19454"}],"curies":[{"name":"wp","href":"https:\/\/api.w.org\/{rel}","templated":true}]}}