{"id":19450,"date":"2022-08-03T14:29:15","date_gmt":"2022-08-03T12:29:15","guid":{"rendered":"http:\/\/www.maddalena.it\/?post_type=product&#038;p=19450"},"modified":"2025-05-12T10:00:12","modified_gmt":"2025-05-12T08:00:12","slug":"usb-collect","status":"publish","type":"product","link":"https:\/\/www.maddalena.it\/de\/produkt\/usb-collect\/","title":{"rendered":"USB COLLECT"},"content":{"rendered":"<p>Funk-Transceiver wM-Bus, kompatibel mit Z\u00e4hlern und Funkmodulen Maddalena und anderen wM-Bus-Einrichtungen. Der Transceiver verf\u00fcgt \u00fcber einen Stecker vom Typ USB-A und wird zum Senden und Empfangen von Daten aus PC\/Smartphone\/Tablet verwendet.<\/p>\n","protected":false},"excerpt":{"rendered":"<p>USB STICK 868 \/ 169 MHz<\/p>\n","protected":false},"featured_media":1023,"menu_order":35,"template":"","meta":{"_acf_changed":false,"_lmt_disableupdate":"","_lmt_disable":""},"product_category":[118,291],"class_list":["post-19450","product","type-product","status-publish","has-post-thumbnail","hentry","product_category-mobile-fernauslesung","product_category-aufbau"],"acf":[],"yoast_head":"<!-- This site is optimized with the Yoast SEO plugin v27.5 - https:\/\/yoast.com\/product\/yoast-seo-wordpress\/ -->\n<title>USB COLLECT - USB STICK 868 \/ 169 MHz<\/title>\n<meta name=\"description\" content=\"Funk-Transceiver wM-Bus, kompatibel mit Z\u00e4hlern und Funkmodulen Maddalena und anderen wM-Bus-Einrichtungen. Der Transceiver verf\u00fcgt \u00fcber einen S\" \/>\n<meta name=\"robots\" content=\"index, follow, max-snippet:-1, max-image-preview:large, max-video-preview:-1\" \/>\n<link rel=\"canonical\" href=\"https:\/\/www.maddalena.it\/de\/produkt\/usb-collect\/\" \/>\n<meta property=\"og:locale\" content=\"de_DE\" \/>\n<meta property=\"og:type\" content=\"article\" \/>\n<meta property=\"og:title\" content=\"USB COLLECT - USB STICK 868 \/ 169 MHz\" \/>\n<meta property=\"og:description\" content=\"Funk-Transceiver wM-Bus, kompatibel mit Z\u00e4hlern und Funkmodulen Maddalena und anderen wM-Bus-Einrichtungen. Der Transceiver verf\u00fcgt \u00fcber einen S\" \/>\n<meta property=\"og:url\" content=\"https:\/\/www.maddalena.it\/de\/produkt\/usb-collect\/\" \/>\n<meta property=\"og:site_name\" content=\"Maddalena S.p.A.\" \/>\n<meta property=\"article:modified_time\" content=\"2025-05-12T08:00:12+00:00\" \/>\n<meta property=\"og:image\" content=\"https:\/\/www.maddalena.it\/wp-content\/uploads\/catalog-image\/usbkey-3q.png\" \/>\n\t<meta property=\"og:image:width\" content=\"1600\" \/>\n\t<meta property=\"og:image:height\" content=\"1199\" \/>\n\t<meta property=\"og:image:type\" content=\"image\/png\" \/>\n<meta name=\"twitter:card\" content=\"summary_large_image\" \/>\n<script type=\"application\/ld+json\" class=\"yoast-schema-graph\">{\"@context\":\"https:\\\/\\\/schema.org\",\"@graph\":[{\"@type\":\"WebPage\",\"@id\":\"https:\\\/\\\/www.maddalena.it\\\/de\\\/produkt\\\/usb-collect\\\/\",\"url\":\"https:\\\/\\\/www.maddalena.it\\\/de\\\/produkt\\\/usb-collect\\\/\",\"name\":\"USB COLLECT - USB STICK 868 \\\/ 169 MHz\",\"isPartOf\":{\"@id\":\"https:\\\/\\\/www.maddalena.it\\\/de\\\/#website\"},\"primaryImageOfPage\":{\"@id\":\"https:\\\/\\\/www.maddalena.it\\\/de\\\/produkt\\\/usb-collect\\\/#primaryimage\"},\"image\":{\"@id\":\"https:\\\/\\\/www.maddalena.it\\\/de\\\/produkt\\\/usb-collect\\\/#primaryimage\"},\"thumbnailUrl\":\"https:\\\/\\\/www.maddalena.it\\\/wp-content\\\/uploads\\\/catalog-image\\\/usbkey-3q.png\",\"datePublished\":\"2022-08-03T12:29:15+00:00\",\"dateModified\":\"2025-05-12T08:00:12+00:00\",\"description\":\"Funk-Transceiver wM-Bus, kompatibel mit Z\u00e4hlern und Funkmodulen Maddalena und anderen wM-Bus-Einrichtungen. Der Transceiver verf\u00fcgt \u00fcber einen S\",\"breadcrumb\":{\"@id\":\"https:\\\/\\\/www.maddalena.it\\\/de\\\/produkt\\\/usb-collect\\\/#breadcrumb\"},\"inLanguage\":\"de\",\"potentialAction\":[{\"@type\":\"ReadAction\",\"target\":[\"https:\\\/\\\/www.maddalena.it\\\/de\\\/produkt\\\/usb-collect\\\/\"]}]},{\"@type\":\"ImageObject\",\"inLanguage\":\"de\",\"@id\":\"https:\\\/\\\/www.maddalena.it\\\/de\\\/produkt\\\/usb-collect\\\/#primaryimage\",\"url\":\"https:\\\/\\\/www.maddalena.it\\\/wp-content\\\/uploads\\\/catalog-image\\\/usbkey-3q.png\",\"contentUrl\":\"https:\\\/\\\/www.maddalena.it\\\/wp-content\\\/uploads\\\/catalog-image\\\/usbkey-3q.png\",\"width\":1600,\"height\":1199,\"caption\":\"Lettura mobile\"},{\"@type\":\"BreadcrumbList\",\"@id\":\"https:\\\/\\\/www.maddalena.it\\\/de\\\/produkt\\\/usb-collect\\\/#breadcrumb\",\"itemListElement\":[{\"@type\":\"ListItem\",\"position\":1,\"name\":\"Home\",\"item\":\"https:\\\/\\\/www.maddalena.it\\\/de\\\/\"},{\"@type\":\"ListItem\",\"position\":2,\"name\":\"Produkte\",\"item\":\"https:\\\/\\\/www.maddalena.it\\\/de\\\/produkt\\\/\"},{\"@type\":\"ListItem\",\"position\":3,\"name\":\"Systeme\",\"item\":\"https:\\\/\\\/www.maddalena.it\\\/de\\\/produkte\\\/systeme\\\/\"},{\"@type\":\"ListItem\",\"position\":4,\"name\":\"Mobile Fernauslesung\",\"item\":\"https:\\\/\\\/www.maddalena.it\\\/de\\\/produkte\\\/mobile-fernauslesung\\\/\"},{\"@type\":\"ListItem\",\"position\":5,\"name\":\"USB COLLECT\"}]},{\"@type\":\"WebSite\",\"@id\":\"https:\\\/\\\/www.maddalena.it\\\/de\\\/#website\",\"url\":\"https:\\\/\\\/www.maddalena.it\\\/de\\\/\",\"name\":\"Maddalena S.p.A.\",\"description\":\"Metering Expertise\",\"publisher\":{\"@id\":\"https:\\\/\\\/www.maddalena.it\\\/de\\\/#organization\"},\"potentialAction\":[{\"@type\":\"SearchAction\",\"target\":{\"@type\":\"EntryPoint\",\"urlTemplate\":\"https:\\\/\\\/www.maddalena.it\\\/de\\\/?s={search_term_string}\"},\"query-input\":{\"@type\":\"PropertyValueSpecification\",\"valueRequired\":true,\"valueName\":\"search_term_string\"}}],\"inLanguage\":\"de\"},{\"@type\":\"Organization\",\"@id\":\"https:\\\/\\\/www.maddalena.it\\\/de\\\/#organization\",\"name\":\"Maddalena S.p.A.\",\"url\":\"https:\\\/\\\/www.maddalena.it\\\/de\\\/\",\"logo\":{\"@type\":\"ImageObject\",\"inLanguage\":\"de\",\"@id\":\"https:\\\/\\\/www.maddalena.it\\\/de\\\/#\\\/schema\\\/logo\\\/image\\\/\",\"url\":\"https:\\\/\\\/www.maddalena.it\\\/wp-content\\\/uploads\\\/2022\\\/04\\\/logo.svg\",\"contentUrl\":\"https:\\\/\\\/www.maddalena.it\\\/wp-content\\\/uploads\\\/2022\\\/04\\\/logo.svg\",\"caption\":\"Maddalena S.p.A.\"},\"image\":{\"@id\":\"https:\\\/\\\/www.maddalena.it\\\/de\\\/#\\\/schema\\\/logo\\\/image\\\/\"}}]}<\/script>\n<!-- \/ Yoast SEO plugin. -->","yoast_head_json":{"title":"USB COLLECT - USB STICK 868 \/ 169 MHz","description":"Funk-Transceiver wM-Bus, kompatibel mit Z\u00e4hlern und Funkmodulen Maddalena und anderen wM-Bus-Einrichtungen. Der Transceiver verf\u00fcgt \u00fcber einen S","robots":{"index":"index","follow":"follow","max-snippet":"max-snippet:-1","max-image-preview":"max-image-preview:large","max-video-preview":"max-video-preview:-1"},"canonical":"https:\/\/www.maddalena.it\/de\/produkt\/usb-collect\/","og_locale":"de_DE","og_type":"article","og_title":"USB COLLECT - USB STICK 868 \/ 169 MHz","og_description":"Funk-Transceiver wM-Bus, kompatibel mit Z\u00e4hlern und Funkmodulen Maddalena und anderen wM-Bus-Einrichtungen. Der Transceiver verf\u00fcgt \u00fcber einen S","og_url":"https:\/\/www.maddalena.it\/de\/produkt\/usb-collect\/","og_site_name":"Maddalena S.p.A.","article_modified_time":"2025-05-12T08:00:12+00:00","og_image":[{"width":1600,"height":1199,"url":"https:\/\/www.maddalena.it\/wp-content\/uploads\/catalog-image\/usbkey-3q.png","type":"image\/png"}],"twitter_card":"summary_large_image","schema":{"@context":"https:\/\/schema.org","@graph":[{"@type":"WebPage","@id":"https:\/\/www.maddalena.it\/de\/produkt\/usb-collect\/","url":"https:\/\/www.maddalena.it\/de\/produkt\/usb-collect\/","name":"USB COLLECT - USB STICK 868 \/ 169 MHz","isPartOf":{"@id":"https:\/\/www.maddalena.it\/de\/#website"},"primaryImageOfPage":{"@id":"https:\/\/www.maddalena.it\/de\/produkt\/usb-collect\/#primaryimage"},"image":{"@id":"https:\/\/www.maddalena.it\/de\/produkt\/usb-collect\/#primaryimage"},"thumbnailUrl":"https:\/\/www.maddalena.it\/wp-content\/uploads\/catalog-image\/usbkey-3q.png","datePublished":"2022-08-03T12:29:15+00:00","dateModified":"2025-05-12T08:00:12+00:00","description":"Funk-Transceiver wM-Bus, kompatibel mit Z\u00e4hlern und Funkmodulen Maddalena und anderen wM-Bus-Einrichtungen. Der Transceiver verf\u00fcgt \u00fcber einen S","breadcrumb":{"@id":"https:\/\/www.maddalena.it\/de\/produkt\/usb-collect\/#breadcrumb"},"inLanguage":"de","potentialAction":[{"@type":"ReadAction","target":["https:\/\/www.maddalena.it\/de\/produkt\/usb-collect\/"]}]},{"@type":"ImageObject","inLanguage":"de","@id":"https:\/\/www.maddalena.it\/de\/produkt\/usb-collect\/#primaryimage","url":"https:\/\/www.maddalena.it\/wp-content\/uploads\/catalog-image\/usbkey-3q.png","contentUrl":"https:\/\/www.maddalena.it\/wp-content\/uploads\/catalog-image\/usbkey-3q.png","width":1600,"height":1199,"caption":"Lettura mobile"},{"@type":"BreadcrumbList","@id":"https:\/\/www.maddalena.it\/de\/produkt\/usb-collect\/#breadcrumb","itemListElement":[{"@type":"ListItem","position":1,"name":"Home","item":"https:\/\/www.maddalena.it\/de\/"},{"@type":"ListItem","position":2,"name":"Produkte","item":"https:\/\/www.maddalena.it\/de\/produkt\/"},{"@type":"ListItem","position":3,"name":"Systeme","item":"https:\/\/www.maddalena.it\/de\/produkte\/systeme\/"},{"@type":"ListItem","position":4,"name":"Mobile Fernauslesung","item":"https:\/\/www.maddalena.it\/de\/produkte\/mobile-fernauslesung\/"},{"@type":"ListItem","position":5,"name":"USB COLLECT"}]},{"@type":"WebSite","@id":"https:\/\/www.maddalena.it\/de\/#website","url":"https:\/\/www.maddalena.it\/de\/","name":"Maddalena S.p.A.","description":"Metering Expertise","publisher":{"@id":"https:\/\/www.maddalena.it\/de\/#organization"},"potentialAction":[{"@type":"SearchAction","target":{"@type":"EntryPoint","urlTemplate":"https:\/\/www.maddalena.it\/de\/?s={search_term_string}"},"query-input":{"@type":"PropertyValueSpecification","valueRequired":true,"valueName":"search_term_string"}}],"inLanguage":"de"},{"@type":"Organization","@id":"https:\/\/www.maddalena.it\/de\/#organization","name":"Maddalena S.p.A.","url":"https:\/\/www.maddalena.it\/de\/","logo":{"@type":"ImageObject","inLanguage":"de","@id":"https:\/\/www.maddalena.it\/de\/#\/schema\/logo\/image\/","url":"https:\/\/www.maddalena.it\/wp-content\/uploads\/2022\/04\/logo.svg","contentUrl":"https:\/\/www.maddalena.it\/wp-content\/uploads\/2022\/04\/logo.svg","caption":"Maddalena S.p.A."},"image":{"@id":"https:\/\/www.maddalena.it\/de\/#\/schema\/logo\/image\/"}}]}},"_links":{"self":[{"href":"https:\/\/www.maddalena.it\/de\/wp-json\/wp\/v2\/product\/19450","targetHints":{"allow":["GET"]}}],"collection":[{"href":"https:\/\/www.maddalena.it\/de\/wp-json\/wp\/v2\/product"}],"about":[{"href":"https:\/\/www.maddalena.it\/de\/wp-json\/wp\/v2\/types\/product"}],"wp:featuredmedia":[{"embeddable":true,"href":"https:\/\/www.maddalena.it\/de\/wp-json\/wp\/v2\/media\/1023"}],"wp:attachment":[{"href":"https:\/\/www.maddalena.it\/de\/wp-json\/wp\/v2\/media?parent=19450"}],"wp:term":[{"taxonomy":"product_category","embeddable":true,"href":"https:\/\/www.maddalena.it\/de\/wp-json\/wp\/v2\/product_category?post=19450"}],"curies":[{"name":"wp","href":"https:\/\/api.w.org\/{rel}","templated":true}]}}